{"id":1491,"date":"2019-03-12T13:50:41","date_gmt":"2019-03-12T12:50:41","guid":{"rendered":"http:\/\/wp.unil.ch\/ms3\/?page_id=1491"},"modified":"2019-08-15T15:00:32","modified_gmt":"2019-08-15T13:00:32","slug":"cas-sante-medecine-et-spiritualite","status":"publish","type":"page","link":"https:\/\/wp.unil.ch\/ms3\/medias\/cas-sante-medecine-et-spiritualite\/","title":{"rendered":"CAS \u00ab\u00a0Sant\u00e9, m\u00e9decine et spiritualit\u00e9 : pour une approche bio-psycho-sociale et spirituelle int\u00e9gr\u00e9e\u00a0\u00bb"},"content":{"rendered":"<p>Pionnier en la mati\u00e8re, le CHUV s&rsquo;associe \u00e0 l&rsquo;UNIL pour proposer un CAS \u00abSant\u00e9, m\u00e9decine et spiritualit\u00e9\u00bb afin d&rsquo;appr\u00e9hender celle-ci comme une aide aux soins m\u00e9dicaux.<\/p>\n<p><a href=\"https:\/\/www.formation-continue-unil-epfl.ch\/formation\/sante-medecine-spiritualite\/\" target=\"_blank\" rel=\"noopener noreferrer\"><img alt=\"\" loading=\"lazy\" decoding=\"async\" class=\"alignnone wp-image-1489\" src=\"https:\/\/wp.unil.ch\/ms3\/files\/2019\/03\/CAS_SMS_bandeau1-300x125.jpg\" alt=\"\" width=\"300\" height=\"125\" srcset=\"https:\/\/wp.unil.ch\/ms3\/files\/2019\/03\/CAS_SMS_bandeau1-300x125.jpg 300w, https:\/\/wp.unil.ch\/ms3\/files\/2019\/03\/CAS_SMS_bandeau1-768x321.jpg 768w, https:\/\/wp.unil.ch\/ms3\/files\/2019\/03\/CAS_SMS_bandeau1-1024x428.jpg 1024w, https:\/\/wp.unil.ch\/ms3\/files\/2019\/03\/CAS_SMS_bandeau1-720x300.jpg 720w, https:\/\/wp.unil.ch\/ms3\/files\/2019\/03\/CAS_SMS_bandeau1.jpg 1100w\" sizes=\"auto, (max-width: 300px) 100vw, 300px\" \/><\/a><strong><br \/>\n<a href=\"https:\/\/www.formation-continue-unil-epfl.ch\/formation\/sante-medecine-spiritualite\/\" target=\"_blank\" rel=\"noopener noreferrer\">Informations et inscriptions au CAS<\/a><\/strong><\/p>\n<p>&nbsp;<\/p>\n<p>La presse parle du CAS \u00abSant\u00e9, m\u00e9decine et spiritualit\u00e9 \u00bb<\/p>\n<p><a href=\"https:\/\/wp.unil.ch\/ms3\/files\/2019\/08\/Article_24H_CAS_SMS_05-08-2019.pdf\" target=\"_blank\" rel=\"noopener noreferrer\"><img alt=\"\" loading=\"lazy\" decoding=\"async\" class=\"alignnone wp-image-1613\" src=\"https:\/\/wp.unil.ch\/ms3\/files\/2019\/08\/Article_24H_CAS_SMS_05-08-2019-300x217.jpg\" alt=\"\" width=\"281\" height=\"203\" srcset=\"https:\/\/wp.unil.ch\/ms3\/files\/2019\/08\/Article_24H_CAS_SMS_05-08-2019-300x217.jpg 300w, https:\/\/wp.unil.ch\/ms3\/files\/2019\/08\/Article_24H_CAS_SMS_05-08-2019-768x555.jpg 768w, https:\/\/wp.unil.ch\/ms3\/files\/2019\/08\/Article_24H_CAS_SMS_05-08-2019.jpg 821w\" sizes=\"auto, (max-width: 281px) 100vw, 281px\" \/><\/a><br \/>\n<strong><a href=\"https:\/\/wp.unil.ch\/ms3\/files\/2019\/08\/Article_24H_CAS_SMS_05-08-2019.pdf\" target=\"_blank\" rel=\"noopener noreferrer\">Article paru dans le 24 Heures du 5 ao\u00fbt 2019<\/a><\/strong><\/p>\n<p><a href=\"https:\/\/wp.unil.ch\/ms3\/medias\/cas-sante-medecine-et-spiritualite\/cas-sms_cath-ch_05-08-2019\/\" rel=\"attachment wp-att-1621\"><img alt=\"\" loading=\"lazy\" decoding=\"async\" class=\"alignnone size-medium wp-image-1621\" src=\"https:\/\/wp.unil.ch\/ms3\/files\/2019\/08\/CAS-SMS_cath.ch_05-08-2019-300x204.jpg\" alt=\"\" width=\"300\" height=\"204\" srcset=\"https:\/\/wp.unil.ch\/ms3\/files\/2019\/08\/CAS-SMS_cath.ch_05-08-2019-300x204.jpg 300w, https:\/\/wp.unil.ch\/ms3\/files\/2019\/08\/CAS-SMS_cath.ch_05-08-2019.jpg 686w\" sizes=\"auto, (max-width: 300px) 100vw, 300px\" \/><\/a><br \/>\n<strong><a href=\"https:\/\/www.cath.ch\/newsf\/lausanne-la-faculte-de-medecine-souvre-a-la-spiritualite\/\" target=\"_blank\" rel=\"noopener noreferrer\">Article paru sur le site Internet cath.ch le 5 ao\u00fbt 2019<\/a><\/strong><\/p>\n<p><a href=\"https:\/\/wp.unil.ch\/ms3\/files\/2019\/08\/Article_24H_CAS_SMS_12-03-2019.pdf\" target=\"_blank\" rel=\"noopener noreferrer\"><img alt=\"\" loading=\"lazy\" decoding=\"async\" class=\"alignnone wp-image-1492 size-medium\" src=\"https:\/\/wp.unil.ch\/ms3\/files\/2019\/03\/Article_24H_CAS_SMS_12-03-2019-300x261.jpg\" alt=\"\" width=\"300\" height=\"261\" \/><\/a><br \/>\n<a href=\"https:\/\/wp.unil.ch\/ms3\/files\/2019\/08\/Article_24H_CAS_SMS_12-03-2019.pdf\" target=\"_blank\" rel=\"noopener noreferrer\"><strong>Article paru dans le 24 Heures du 12 mars 2019<\/strong><\/a><\/p>\n<p>&nbsp;<\/p>\n<p>&nbsp;<\/p>\n<p>&nbsp;<\/p>\n<p>&nbsp;<\/p>\n","protected":false},"excerpt":{"rendered":"<p>Pionnier en la mati\u00e8re, le CHUV s&rsquo;associe \u00e0 l&rsquo;UNIL pour proposer un CAS \u00abSant\u00e9, m\u00e9decine et spiritualit\u00e9\u00bb afin d&rsquo;appr\u00e9hender celle-ci comme une aide aux soins m\u00e9dicaux. Informations et inscriptions au CAS &nbsp; La presse parle du CAS \u00abSant\u00e9, m\u00e9decine et<\/p>\n","protected":false},"author":1001410,"featured_media":0,"parent":439,"menu_order":0,"comment_status":"closed","ping_status":"closed","template":"","meta":{"_seopress_robots_primary_cat":"","_seopress_titles_title":"","_seopress_titles_desc":"","_seopress_robots_index":"","footnotes":""},"class_list":["post-1491","page","type-page","status-publish"],"_links":{"self":[{"href":"https:\/\/wp.unil.ch\/ms3\/wp-json\/wp\/v2\/pages\/1491","targetHints":{"allow":["GET"]}}],"collection":[{"href":"https:\/\/wp.unil.ch\/ms3\/wp-json\/wp\/v2\/pages"}],"about":[{"href":"https:\/\/wp.unil.ch\/ms3\/wp-json\/wp\/v2\/types\/page"}],"author":[{"embeddable":true,"href":"https:\/\/wp.unil.ch\/ms3\/wp-json\/wp\/v2\/users\/1001410"}],"replies":[{"embeddable":true,"href":"https:\/\/wp.unil.ch\/ms3\/wp-json\/wp\/v2\/comments?post=1491"}],"version-history":[{"count":0,"href":"https:\/\/wp.unil.ch\/ms3\/wp-json\/wp\/v2\/pages\/1491\/revisions"}],"up":[{"embeddable":true,"href":"https:\/\/wp.unil.ch\/ms3\/wp-json\/wp\/v2\/pages\/439"}],"wp:attachment":[{"href":"https:\/\/wp.unil.ch\/ms3\/wp-json\/wp\/v2\/media?parent=1491"}],"curies":[{"name":"wp","href":"https:\/\/api.w.org\/{rel}","templated":true}]}}