{"id":1385,"date":"2018-12-20T14:05:21","date_gmt":"2018-12-20T13:05:21","guid":{"rendered":"http:\/\/wp.unil.ch\/ms3\/?page_id=1385"},"modified":"2018-12-20T15:32:26","modified_gmt":"2018-12-20T14:32:26","slug":"colloque-soins-et-spiritualite-18-novembre-2016-chuv-lausanne","status":"publish","type":"page","link":"https:\/\/wp.unil.ch\/ms3\/actualite\/colloque-soins-et-spiritualite-18-novembre-2016-chuv-lausanne\/","title":{"rendered":"Colloque \u00ab Soins et spiritualit\u00e9 \u00bb"},"content":{"rendered":"<p>Colloque organis\u00e9 \u00e0 l\u2019occasion du d\u00e9part \u00e0 la retraite de Mme Cosette Odier, responsable de la formation \u00e0 l\u2019Aum\u00f4nerie \u0153cum\u00e9nique du CHUV de 2000 \u00e0 2016.<br \/>\nInauguration de la Plateforme MS3<br \/>\nVendredi 18 novembre 2016, CHUV<\/p>\n<p><a href=\"https:\/\/vimeo.com\/user32213068\/review\/191943813\/7aac492c31\" target=\"_blank\" rel=\"noopener\"><strong>Message du Doyen de la Facult\u00e9 de biologie et de m\u00e9decine de l&rsquo;UNIL<\/strong><\/a><strong><br \/>\n<\/strong>Prof. Jean-Daniel Tissot<\/p>\n<h4><strong>Inauguration de la Plateforme MS3<\/strong><\/h4>\n<p><a href=\"https:\/\/vimeo.com\/user32213068\/review\/193025321\/ba4aba0325\" target=\"_blank\" rel=\"noopener\">Prof. Dr Pierre-Fran\u00e7ois Leyvraz, <\/a>Directeur g\u00e9n\u00e9ral du CHUV<br \/>\n<a href=\"https:\/\/vimeo.com\/user32213068\/review\/193025106\/99197ed124\" target=\"_blank\" rel=\"noopener\">M. Peter Brey<\/a>, Directeur de la Fondation Leenaards<br \/>\n<a href=\"https:\/\/vimeo.com\/user32213068\/review\/193025828\/3b4ab5ab2e\" target=\"_blank\" rel=\"noopener\">Prof. Dr Manuel Pascual<\/a>, Vice-Doyen de la Facult\u00e9 de biologie et de m\u00e9decine<br \/>\n<a href=\"https:\/\/vimeo.com\/user32213068\/review\/193026114\/7285e40056\" target=\"_blank\" rel=\"noopener\">Dr Etienne Rochat<\/a>, Responsable de la Plateforme MS3, CHUV<\/p>\n<h4><strong>Spiritual Care : pr\u00e9parer l&rsquo;avenir<\/strong><\/h4>\n<p><strong><a href=\"https:\/\/vimeo.com\/user32213068\/review\/193020675\/667f219316\" target=\"_blank\" rel=\"noopener\">Ouverture et accueil<\/a><br \/>\n<\/strong>Mme Isabelle Lehn, Directrice des soins du CHUV<\/p>\n<p><strong><a href=\"https:\/\/vimeo.com\/user32213068\/review\/193021067\/443aa50301\" target=\"_blank\" rel=\"noopener\">Quelle anthropologie pour inclure la dimension spirituelle aux soins\u00a0?<\/a><br \/>\n<\/strong>Prof. Guy Jobin, titulaire de la Chaire Religion, spiritualit\u00e9 et sant\u00e9 de l\u2019Universit\u00e9 de Laval<\/p>\n<p><strong><a href=\"https:\/\/vimeo.com\/user32213068\/review\/193022370\/87e19968db\" target=\"_blank\" rel=\"noopener\">La place du spirituel dans la sant\u00e9 publique<\/a><br \/>\n<\/strong>Dre St\u00e9fanie Monod, Cheffe du Service de la sant\u00e9 publique du canton de Vaud<\/p>\n<p><strong><a href=\"https:\/\/vimeo.com\/user32213068\/review\/193023675\/6aef905238\" target=\"_blank\" rel=\"noopener\">Formation des m\u00e9decins et des soignants \u00e0 l\u2019int\u00e9gration de la spiritualit\u00e9<\/a><br \/>\n<\/strong>Prof. Dr Eckhard Frick, Professur f\u00fcr Spiritual Care, Universit\u00e9 de Munich<\/p>\n<p><strong><a href=\"https:\/\/vimeo.com\/user32213068\/review\/193032299\/aea655f833\" target=\"_blank\" rel=\"noopener\">Le regard des professionnels de demain<\/a><br \/>\n<\/strong>Table ronde anim\u00e9e par le Prof. Peter Vollenweider, M\u00e9decin chef du Service de m\u00e9decine interne du CHUV, professeur ordinaire de l\u2019UNIL<br \/>\nAvec\u00a0:\u00a0 Claudia Lecoultre, infirmi\u00e8re clinicienne sp\u00e9cialis\u00e9e<br \/>\nMuriel Avanthay, physioth\u00e9rapeute<br \/>\nClara Vienna, th\u00e9ologienne<br \/>\nMarc-Antoine Bornet, m\u00e9decin assistant<\/p>\n<p><strong><a href=\"https:\/\/vimeo.com\/user32213068\/review\/193026694\/db34d5507d\" target=\"_blank\" rel=\"noopener\">Soins et spiritualit\u00e9\u00a0: paysage actuel et \u00e9volutions<\/a><br \/>\n<\/strong>Conf\u00e9rence de Mme Cosette Odier, responsable de la formation et de l\u2019enseignement \u00e0 l\u2019Aum\u00f4nerie du CHUV de 2000 \u00e0 2016.<\/p>\n","protected":false},"excerpt":{"rendered":"<p>Colloque organis\u00e9 \u00e0 l\u2019occasion du d\u00e9part \u00e0 la retraite de Mme Cosette Odier, responsable de la formation \u00e0 l\u2019Aum\u00f4nerie \u0153cum\u00e9nique du CHUV de 2000 \u00e0 2016. Inauguration de la Plateforme MS3 Vendredi 18 novembre 2016, CHUV Message du Doyen de<\/p>\n","protected":false},"author":1001410,"featured_media":0,"parent":626,"menu_order":0,"comment_status":"closed","ping_status":"closed","template":"","meta":{"_seopress_robots_primary_cat":"","_seopress_titles_title":"","_seopress_titles_desc":"","_seopress_robots_index":"","footnotes":""},"class_list":["post-1385","page","type-page","status-publish"],"_links":{"self":[{"href":"https:\/\/wp.unil.ch\/ms3\/wp-json\/wp\/v2\/pages\/1385","targetHints":{"allow":["GET"]}}],"collection":[{"href":"https:\/\/wp.unil.ch\/ms3\/wp-json\/wp\/v2\/pages"}],"about":[{"href":"https:\/\/wp.unil.ch\/ms3\/wp-json\/wp\/v2\/types\/page"}],"author":[{"embeddable":true,"href":"https:\/\/wp.unil.ch\/ms3\/wp-json\/wp\/v2\/users\/1001410"}],"replies":[{"embeddable":true,"href":"https:\/\/wp.unil.ch\/ms3\/wp-json\/wp\/v2\/comments?post=1385"}],"version-history":[{"count":0,"href":"https:\/\/wp.unil.ch\/ms3\/wp-json\/wp\/v2\/pages\/1385\/revisions"}],"up":[{"embeddable":true,"href":"https:\/\/wp.unil.ch\/ms3\/wp-json\/wp\/v2\/pages\/626"}],"wp:attachment":[{"href":"https:\/\/wp.unil.ch\/ms3\/wp-json\/wp\/v2\/media?parent=1385"}],"curies":[{"name":"wp","href":"https:\/\/api.w.org\/{rel}","templated":true}]}}