{"id":1375,"date":"2018-12-20T13:52:07","date_gmt":"2018-12-20T12:52:07","guid":{"rendered":"http:\/\/wp.unil.ch\/ms3\/?page_id=1375"},"modified":"2019-01-17T16:13:24","modified_gmt":"2019-01-17T15:13:24","slug":"retombees-medias-du-symposium-interdisciplinaire","status":"publish","type":"page","link":"https:\/\/wp.unil.ch\/ms3\/medias\/retombees-medias-du-symposium-interdisciplinaire\/","title":{"rendered":"Retomb\u00e9es m\u00e9dias des \u00e9v\u00e9nements d&rsquo;octobre 2018"},"content":{"rendered":"<p><strong><a href=\"https:\/\/www.rts.ch\/play\/radio\/emission\/hautes-frequences?id=1423851&amp;station=a9e7621504c6959e35c3ecbe7f6bed0446cdf8da\" target=\"_blank\" rel=\"noopener\">Soins et spiritualit\u00e9, un duo gagnant\u00a0?<\/a><br \/>\n<\/strong>Echos du colloque \u00ab\u00a0Spiritual Care\u00a0: enjeux disciplinaires, interprofessionnels et \u00e9thiques\u00a0\u00bb, par Evelyne Oberson<strong><br \/>\n<\/strong><em>Hautes Fr\u00e9quences, \u00e9mission sur la Premi\u00e8re de\u00a0la RTS, le 2 d\u00e9cembre 2018<\/em><\/p>\n<p><strong><a href=\"https:\/\/news.unil.ch\/display\/1540905048639\" target=\"_blank\" rel=\"noopener\">Symposium Sant\u00e9 et Spiritualit\u00e9 au CHUV : un succ\u00e8s annon\u00e7ant un \u00ab apr\u00e8s Lausanne \u00bb<\/a><\/strong><br \/>\nActualit\u00e9 par\u00a0Elena Martinez<br \/>\n<em>Site de la FBM, le 30 octobre 2018<\/em><\/p>\n<p><strong><a href=\"https:\/\/www.reformes.ch\/ethique\/2018\/10\/laumonier-remplace-par-un-specialiste-en-soins-spirituels-chuv-medecine-lausanne\" target=\"_blank\" rel=\"noopener\">L\u2019aum\u00f4nier remplac\u00e9 par un sp\u00e9cialiste en soins spirituels\u00a0?<\/a><br \/>\n<\/strong>Interviews d\u2019Etienne Rochat et Guy Jobin par Jo\u00ebl Burri<br \/>\n<em>Protestinfo.ch du 17 octobre 2018<\/em><\/p>\n<p><strong>Article \u00abLes m\u00e9decins ne doivent pas \u00eatre juste des Dr House\u00bb<br \/>\n<\/strong>Interview d\u2019Etienne Rochat par Caroline Zuercher<br \/>\n<em>24 Heures du 16 octobre 2018<\/em><\/p>\n","protected":false},"excerpt":{"rendered":"<p>Soins et spiritualit\u00e9, un duo gagnant\u00a0? Echos du colloque \u00ab\u00a0Spiritual Care\u00a0: enjeux disciplinaires, interprofessionnels et \u00e9thiques\u00a0\u00bb, par Evelyne Oberson Hautes Fr\u00e9quences, \u00e9mission sur la Premi\u00e8re de\u00a0la RTS, le 2 d\u00e9cembre 2018 Symposium Sant\u00e9 et Spiritualit\u00e9 au CHUV : un succ\u00e8s<\/p>\n","protected":false},"author":1001410,"featured_media":0,"parent":439,"menu_order":0,"comment_status":"closed","ping_status":"closed","template":"","meta":{"_seopress_robots_primary_cat":"","_seopress_titles_title":"","_seopress_titles_desc":"","_seopress_robots_index":"","footnotes":""},"class_list":["post-1375","page","type-page","status-publish"],"_links":{"self":[{"href":"https:\/\/wp.unil.ch\/ms3\/wp-json\/wp\/v2\/pages\/1375","targetHints":{"allow":["GET"]}}],"collection":[{"href":"https:\/\/wp.unil.ch\/ms3\/wp-json\/wp\/v2\/pages"}],"about":[{"href":"https:\/\/wp.unil.ch\/ms3\/wp-json\/wp\/v2\/types\/page"}],"author":[{"embeddable":true,"href":"https:\/\/wp.unil.ch\/ms3\/wp-json\/wp\/v2\/users\/1001410"}],"replies":[{"embeddable":true,"href":"https:\/\/wp.unil.ch\/ms3\/wp-json\/wp\/v2\/comments?post=1375"}],"version-history":[{"count":0,"href":"https:\/\/wp.unil.ch\/ms3\/wp-json\/wp\/v2\/pages\/1375\/revisions"}],"up":[{"embeddable":true,"href":"https:\/\/wp.unil.ch\/ms3\/wp-json\/wp\/v2\/pages\/439"}],"wp:attachment":[{"href":"https:\/\/wp.unil.ch\/ms3\/wp-json\/wp\/v2\/media?parent=1375"}],"curies":[{"name":"wp","href":"https:\/\/api.w.org\/{rel}","templated":true}]}}