{"id":1373,"date":"2018-12-20T13:51:05","date_gmt":"2018-12-20T12:51:05","guid":{"rendered":"http:\/\/wp.unil.ch\/ms3\/?page_id=1373"},"modified":"2018-12-20T14:32:07","modified_gmt":"2018-12-20T13:32:07","slug":"spiritual-care-enjeux-disciplinaires-interprofessionnels-et-ethiques-jeudi-18-et-vendredi-19-octobre-2018-chuv-lausanne","status":"publish","type":"page","link":"https:\/\/wp.unil.ch\/ms3\/actualite\/spiritual-care-enjeux-disciplinaires-interprofessionnels-et-ethiques-jeudi-18-et-vendredi-19-octobre-2018-chuv-lausanne\/","title":{"rendered":"Spiritual Care : enjeux disciplinaires, interprofessionnels et \u00e9thiques"},"content":{"rendered":"<p>Symposium interdisciplinaire de la Plateforme MS3 soutenu par la Facult\u00e9 de biologie et de m\u00e9decine de l\u2019UNIL, le D\u00e9partement de formation et recherche du CHUV, la Fondation Leenaards et le R\u00e9seau RESSPIR<\/p>\n<p>Jeudi 18 et vendredi 19 octobre 2018, CHUV<\/p>\n<h4>\n<u>18.10.2018 &#8211; Quatre visions disciplinaires de la spiritualit\u00e9<\/u><\/h4>\n<p><strong>Bienvenue<br \/>\n<\/strong>Dr Etienne Rochat, th\u00e9ologien, responsable de la Plateforme MS3<\/p>\n<p><strong><a href=\"https:\/\/player.vimeo.com\/external\/301826106.hd.mp4?s=45662bf8c81b6857f60d4902435b37964dd59b94&amp;profile_id=175\" target=\"_blank\" rel=\"noopener\">Typologie et \u00e9tat des lieux de la litt\u00e9rature m\u00e9dicale<\/a><br \/>\n<\/strong>Prof. Marie-Denise Schaller, m\u00e9decin, professeure honoraire de l\u2019UNIL<\/p>\n<p><strong><a href=\"https:\/\/player.vimeo.com\/external\/301826120.hd.mp4?s=aef822ceb020f995991590ff0b41d1f642290298&amp;profile_id=175\" target=\"_blank\" rel=\"noopener\">Typologie et \u00e9tat des lieux de la litt\u00e9rature psychiatrique et psychologique<\/a><br \/>\n<\/strong>Prof. Jacques Besson, psychiatre, professeur honoraire de l\u2019UNIL<br \/>\nDr Nicolas Pujol, psychologue clinicien \u00e0 la Maison m\u00e9dicale Jeanne Garnier, Paris, et enseignant-chercheur \u00e0 l\u2019Unit\u00e9 de recherche ETHICS, Universit\u00e9 catholique de Lille<br \/>\nMme Naomi Edelmann, psychologue, collaboratrice de recherche \u00e0 la Plateforme MS3<\/p>\n<p><strong><a href=\"https:\/\/player.vimeo.com\/external\/301826969.hd.mp4?s=a554f37e039b44b1c8e468c4e57c05de7447bdb3&amp;profile_id=175\" target=\"_blank\" rel=\"noopener\">Typologie et \u00e9tat des lieux de la litt\u00e9rature en sciences infirmi\u00e8res<\/a><br \/>\n<\/strong>Prof. Maya Zumstein-Shaha, docteure en sciences infirmi\u00e8res, D\u00e9partement sant\u00e9, Haute \u00e9cole sp\u00e9cialis\u00e9e, Berne<\/p>\n<p><strong><a href=\"https:\/\/player.vimeo.com\/external\/301827602.hd.mp4?s=6a40915657e76278665765dde25bc80e5bd4555b&amp;profile_id=175\" target=\"_blank\" rel=\"noopener\">Typologie et \u00e9tat des lieux de la litt\u00e9rature en aum\u00f4nerie<\/a><br \/>\n<\/strong>M. Fran\u00e7ois Rouiller, th\u00e9ologien, responsable de l\u2019aum\u00f4nerie du CHUV<br \/>\nDr Emmanuelle Poncin, docteure en \u00e9conomie et sciences politiques, collaboratrice de recherche mandat\u00e9e par l\u2019Aum\u00f4nerie<br \/>\nProf. Pierre-Yves Brandt, docteur en psychologie et en th\u00e9ologie, Facult\u00e9 de th\u00e9ologie et de sciences des religions, Universit\u00e9 de Lausanne<\/p>\n<p><strong>Ateliers<br \/>\n<\/strong>Exemples d\u2019int\u00e9gration de la spiritualit\u00e9 dans la clinique m\u00e9dicale, psychologique, infirmi\u00e8re et en aum\u00f4nerie<\/p>\n<h4><u>19.10.2018 &#8211; Spiritualit\u00e9 et interprofessionnalit\u00e9<\/u><\/h4>\n<p><strong><a href=\"https:\/\/player.vimeo.com\/external\/301828171.hd.mp4?s=fb144a88cf9d84a99064cc24b6943487692119f2&amp;profile_id=175\" target=\"_blank\" rel=\"noopener\">Les nouveaux m\u00e9tiers de l\u2019h\u00f4pital<\/a><br \/>\n<\/strong>Dr Micha\u00ebl Saraga, m\u00e9decin, Service de psychiatrie de liaison, CHUV<\/p>\n<p><strong><a href=\"https:\/\/player.vimeo.com\/external\/301828926.hd.mp4?s=5d84d2b14975f06759cc267b5dc53f4ad408ff50&amp;profile_id=175\" target=\"_blank\" rel=\"noopener\">Existe-t-il un spirituel g\u00e9n\u00e9r\u00e9 par le monde biom\u00e9dical\u00a0? Le regard d\u2019un th\u00e9ologien<\/a><br \/>\n<\/strong>Prof. Guy Jobin, th\u00e9ologien, Facult\u00e9 de th\u00e9ologie et de sciences des religions, titulaire de la <a href=\"https:\/\/www.crss.ulaval.ca\/\">Chaire Religion, spiritualit\u00e9 et sant\u00e9<\/a>, Universit\u00e9 Laval<\/p>\n<p><strong><a href=\"https:\/\/player.vimeo.com\/external\/301829752.hd.mp4?s=b2c6938afb8a09845852f5f1efae9e15fa044da5&amp;profile_id=175\" target=\"_blank\" rel=\"noopener\">Int\u00e9grer la spiritualit\u00e9 dans la prise en charge des patients, conditions pour une interprofessionnalit\u00e9 effective<\/a><br \/>\n<\/strong>Dr Etienne Rochat, th\u00e9ologien, responsable de la Plateforme MS3<br \/>\nProf. Pierre-Yves Brandt, docteur en psychologie et en th\u00e9ologie, Facult\u00e9 de th\u00e9ologie et de sciences des religions, Universit\u00e9 de Lausanne<\/p>\n<p><strong><a href=\"https:\/\/player.vimeo.com\/external\/301831194.hd.mp4?s=ec96152820e9be79021588f1ca4131faa1f3ffa7&amp;profile_id=175\" target=\"_blank\" rel=\"noopener\">Lancement du R\u00e9seau Sant\u00e9, Soins et Spiritualit\u00e9s (RESSPIR)<\/a><br \/>\n<\/strong>Mme Serena Butcher, infirmi\u00e8re et coordinatrice du R\u00e9seau Sant\u00e9, Soins et Spiritualit\u00e9s (RESSPIR), Universit\u00e9 catholique de Louvain, Louvain-la-Neuve<br \/>\nProf. Dominique Jacquemin, infirmier, pr\u00eatre, th\u00e9ologien, Centre d\u2019\u00e9thique m\u00e9dicale, Universit\u00e9 de Lille<\/p>\n<p><strong>Ateliers<br \/>\n<\/strong>Exemples d\u2019int\u00e9gration de la spiritualit\u00e9 dans la prise en charge interdisciplinaires<\/p>\n<p><strong>Synth\u00e8se et cl\u00f4ture<br \/>\n<\/strong>Mme Serena Butcher, infirmi\u00e8re et coordinatrice du R\u00e9seau Sant\u00e9, Soins et Spiritualit\u00e9s (RESSPIR), Universit\u00e9 catholique de Louvain, Louvain-la-Neuve<br \/>\nProf. Dominique Jacquemin, infirmier, pr\u00eatre, th\u00e9ologien, Centre d\u2019\u00e9thique m\u00e9dicale, Universit\u00e9 de Lille<\/p>\n","protected":false},"excerpt":{"rendered":"<p>Symposium interdisciplinaire de la Plateforme MS3 soutenu par la Facult\u00e9 de biologie et de m\u00e9decine de l\u2019UNIL, le D\u00e9partement de formation et recherche du CHUV, la Fondation Leenaards et le R\u00e9seau RESSPIR Jeudi 18 et vendredi 19 octobre 2018, CHUV<\/p>\n","protected":false},"author":1001410,"featured_media":0,"parent":626,"menu_order":0,"comment_status":"closed","ping_status":"closed","template":"","meta":{"_seopress_robots_primary_cat":"","_seopress_titles_title":"","_seopress_titles_desc":"","_seopress_robots_index":"","footnotes":""},"class_list":["post-1373","page","type-page","status-publish"],"_links":{"self":[{"href":"https:\/\/wp.unil.ch\/ms3\/wp-json\/wp\/v2\/pages\/1373","targetHints":{"allow":["GET"]}}],"collection":[{"href":"https:\/\/wp.unil.ch\/ms3\/wp-json\/wp\/v2\/pages"}],"about":[{"href":"https:\/\/wp.unil.ch\/ms3\/wp-json\/wp\/v2\/types\/page"}],"author":[{"embeddable":true,"href":"https:\/\/wp.unil.ch\/ms3\/wp-json\/wp\/v2\/users\/1001410"}],"replies":[{"embeddable":true,"href":"https:\/\/wp.unil.ch\/ms3\/wp-json\/wp\/v2\/comments?post=1373"}],"version-history":[{"count":0,"href":"https:\/\/wp.unil.ch\/ms3\/wp-json\/wp\/v2\/pages\/1373\/revisions"}],"up":[{"embeddable":true,"href":"https:\/\/wp.unil.ch\/ms3\/wp-json\/wp\/v2\/pages\/626"}],"wp:attachment":[{"href":"https:\/\/wp.unil.ch\/ms3\/wp-json\/wp\/v2\/media?parent=1373"}],"curies":[{"name":"wp","href":"https:\/\/api.w.org\/{rel}","templated":true}]}}