{"id":1371,"date":"2018-12-20T13:49:37","date_gmt":"2018-12-20T12:49:37","guid":{"rendered":"http:\/\/wp.unil.ch\/ms3\/?page_id=1371"},"modified":"2018-12-20T14:22:30","modified_gmt":"2018-12-20T13:22:30","slug":"sante-et-spiritualite-a-lere-de-la-medecine-de-precision-mercredi-17-octobre-2018-chuv-lausanne","status":"publish","type":"page","link":"https:\/\/wp.unil.ch\/ms3\/actualite\/sante-et-spiritualite-a-lere-de-la-medecine-de-precision-mercredi-17-octobre-2018-chuv-lausanne\/","title":{"rendered":"Sant\u00e9 et spiritualit\u00e9 \u00e0 l\u2019\u00e8re de la m\u00e9decine de pr\u00e9cision"},"content":{"rendered":"<p>Soir\u00e9e publique organis\u00e9e par la Plateforme MS3 avec le soutien de la Fondation Leenaards et de la Clinique de La Source<br \/>\nMercredi 17 octobre 2018, auditoire C\u00e9sar Roux, CHUV<\/p>\n<h4><u>Quelle place pour la spiritualit\u00e9 dans le champ de la sant\u00e9 aujourd\u2019hui\u00a0?<\/u><\/h4>\n<p><strong>Bienvenue<br \/>\n<\/strong>Mme Elena Martinez, directrice op\u00e9rationnelle de la Plateforme MS3<\/p>\n<p><strong><a href=\"https:\/\/player.vimeo.com\/external\/301823822.hd.mp4?s=860ccd89a00cd244475fa2ee7bca34e29e36ac51&amp;profile_id=175\" target=\"_blank\" rel=\"noopener\">Spiritualit\u00e9\u00a0: les enjeux pour la m\u00e9decine d\u2019aujourd\u2019hui et de demain<\/a><br \/>\n<\/strong>Dr Bertrand Kiefer, m\u00e9decin et th\u00e9ologien, directeur de la Revue m\u00e9dicale suisse<\/p>\n<p><a href=\"https:\/\/player.vimeo.com\/external\/301824323.hd.mp4?s=55293f7781a9fab1ad7a02373ac9d61060212fbd&amp;profile_id=175\" target=\"_blank\" rel=\"noopener\"><strong>Sant\u00e9 et spiritualit\u00e9\u00a0: un champ d\u2019\u00e9tudes en expansion<\/strong><\/a><br \/>\nDr Etienne Rochat, th\u00e9ologien, responsable de la Plateforme MS3<\/p>\n<h4><u>Spiritualit\u00e9\u00a0: la parole aux patients<\/u><\/h4>\n<p><a href=\"https:\/\/player.vimeo.com\/external\/301824702.hd.mp4?s=07754648f3f3a02ff3b5af81d8a87e7d173b1556&amp;profile_id=175\" target=\"_blank\" rel=\"noopener\"><strong>Allocutions officielles<\/strong><\/a><br \/>\nProf. Jean-Daniel Tissot, Doyen de la Facult\u00e9 de biologie et de m\u00e9decine de l\u2019UNIL<br \/>\nMme Fran\u00e7oise Ninane, Directrice adjointe des soins du CHUV pour Mme Isabelle Lehn, Directrice des soins du CHUV<br \/>\nM. Peter Brey, Directeur de la Fondation Leenaards<\/p>\n<p><a href=\"https:\/\/player.vimeo.com\/external\/301825188.hd.mp4?s=ba416e64f6630761cdcde4f2b481955cff52fa89&amp;profile_id=175\" target=\"_blank\" rel=\"noopener\"><strong>T\u00e9moignages de patient-e-s et table ronde<\/strong><\/a> mod\u00e9r\u00e9e par le Dr Bertrand Kiefer<\/p>\n<p><a href=\"https:\/\/player.vimeo.com\/external\/301825954.hd.mp4?s=5bb3d1ac352bc939a58022d0475253a16ef6be7e&amp;profile_id=175\" target=\"_blank\" rel=\"noopener\"><strong>And so what\u00a0?<\/strong><\/a><br \/>\nM. Oliver Peters, Directeur g\u00e9n\u00e9ral adjoint du CHUV<\/p>\n","protected":false},"excerpt":{"rendered":"<p>Soir\u00e9e publique organis\u00e9e par la Plateforme MS3 avec le soutien de la Fondation Leenaards et de la Clinique de La Source Mercredi 17 octobre 2018, auditoire C\u00e9sar Roux, CHUV Quelle place pour la spiritualit\u00e9 dans le champ de la sant\u00e9<\/p>\n","protected":false},"author":1001410,"featured_media":0,"parent":626,"menu_order":0,"comment_status":"closed","ping_status":"closed","template":"","meta":{"_seopress_robots_primary_cat":"","_seopress_titles_title":"","_seopress_titles_desc":"","_seopress_robots_index":"","footnotes":""},"class_list":["post-1371","page","type-page","status-publish"],"_links":{"self":[{"href":"https:\/\/wp.unil.ch\/ms3\/wp-json\/wp\/v2\/pages\/1371","targetHints":{"allow":["GET"]}}],"collection":[{"href":"https:\/\/wp.unil.ch\/ms3\/wp-json\/wp\/v2\/pages"}],"about":[{"href":"https:\/\/wp.unil.ch\/ms3\/wp-json\/wp\/v2\/types\/page"}],"author":[{"embeddable":true,"href":"https:\/\/wp.unil.ch\/ms3\/wp-json\/wp\/v2\/users\/1001410"}],"replies":[{"embeddable":true,"href":"https:\/\/wp.unil.ch\/ms3\/wp-json\/wp\/v2\/comments?post=1371"}],"version-history":[{"count":0,"href":"https:\/\/wp.unil.ch\/ms3\/wp-json\/wp\/v2\/pages\/1371\/revisions"}],"up":[{"embeddable":true,"href":"https:\/\/wp.unil.ch\/ms3\/wp-json\/wp\/v2\/pages\/626"}],"wp:attachment":[{"href":"https:\/\/wp.unil.ch\/ms3\/wp-json\/wp\/v2\/media?parent=1371"}],"curies":[{"name":"wp","href":"https:\/\/api.w.org\/{rel}","templated":true}]}}