{"id":137,"date":"2016-11-17T14:30:47","date_gmt":"2016-11-17T13:30:47","guid":{"rendered":"http:\/\/wp.unil.ch\/ms3\/?p=137"},"modified":"2020-12-28T16:55:11","modified_gmt":"2020-12-28T15:55:11","slug":"lequipe","status":"publish","type":"page","link":"https:\/\/wp.unil.ch\/ms3\/qui-sommes-nous\/lequipe\/","title":{"rendered":"L&rsquo;\u00e9quipe"},"content":{"rendered":"<p><img alt=\"\" loading=\"lazy\" decoding=\"async\" class=\"wp-image-191 size-medium alignnone\" src=\"https:\/\/wp.unil.ch\/ms3\/files\/2016\/11\/Photo-portrait-ER-214x300.jpg\" width=\"214\" height=\"300\" srcset=\"https:\/\/wp.unil.ch\/ms3\/files\/2016\/11\/Photo-portrait-ER-214x300.jpg 214w, https:\/\/wp.unil.ch\/ms3\/files\/2016\/11\/Photo-portrait-ER.jpg 571w\" sizes=\"auto, (max-width: 214px) 100vw, 214px\" \/><br \/>\n<strong>Etienne Rochat\u00a0\u00a0\u00a0\u00a0\u00a0\u00a0\u00a0\u00a0\u00a0\u00a0\u00a0\u00a0\u00a0\u00a0\u00a0\u00a0\u00a0\u00a0\u00a0\u00a0\u00a0\u00a0\u00a0\u00a0\u00a0\u00a0\u00a0\u00a0\u00a0\u00a0\u00a0\u00a0\u00a0\u00a0\u00a0\u00a0\u00a0\u00a0\u00a0\u00a0\u00a0\u00a0<\/strong><br \/>\nTh\u00e9ologien et accompagnant spirituel<br \/>\nResponsable de la Plateforme MS3<\/p>\n<p><a href=\"https:\/\/wp.unil.ch\/ms3\/photo-em\/\"><img alt=\"\" loading=\"lazy\" decoding=\"async\" class=\"alignnone size-medium wp-image-769\" src=\"https:\/\/wp.unil.ch\/ms3\/files\/2018\/02\/Photo-EM-225x300.jpg\" alt=\"\" width=\"225\" height=\"300\" srcset=\"https:\/\/wp.unil.ch\/ms3\/files\/2018\/02\/Photo-EM-225x300.jpg 225w, https:\/\/wp.unil.ch\/ms3\/files\/2018\/02\/Photo-EM-768x1024.jpg 768w, https:\/\/wp.unil.ch\/ms3\/files\/2018\/02\/Photo-EM.jpg 900w\" sizes=\"auto, (max-width: 225px) 100vw, 225px\" \/><br \/>\n<\/a><strong>Elena Martinez<br \/>\n<\/strong>Adjointe aux Humanit\u00e9s, D\u00e9canat FBM<strong><br \/>\n<\/strong>Pr\u00e9sidente du COPIL et Directrice op\u00e9rationnelle de la Plateforme MS3<\/p>\n<p><img alt=\"\" loading=\"lazy\" decoding=\"async\" class=\"alignnone wp-image-754\" src=\"https:\/\/wp.unil.ch\/ms3\/files\/2018\/02\/Photo-NE-225x300.jpg\" alt=\"\" width=\"218\" height=\"291\" \/><br \/>\n<strong>Naomi Edelmann<br \/>\n<\/strong>Psychologue<br \/>\nCollaboratrice de recherche pour la Plateforme MS3<\/p>\n<p><a href=\"https:\/\/wp.unil.ch\/ms3\/qui-sommes-nous\/lequipe\/favre-ysaline-std-2346bis\/\" rel=\"attachment wp-att-1453\"><img alt=\"\" loading=\"lazy\" decoding=\"async\" class=\"alignnone size-medium wp-image-1453\" src=\"https:\/\/wp.unil.ch\/ms3\/files\/2019\/02\/FAVRE-Ysaline-STD-2346bis-225x300.jpg\" alt=\"\" width=\"225\" height=\"300\" srcset=\"https:\/\/wp.unil.ch\/ms3\/files\/2019\/02\/FAVRE-Ysaline-STD-2346bis-225x300.jpg 225w, https:\/\/wp.unil.ch\/ms3\/files\/2019\/02\/FAVRE-Ysaline-STD-2346bis-768x1024.jpg 768w, https:\/\/wp.unil.ch\/ms3\/files\/2019\/02\/FAVRE-Ysaline-STD-2346bis.jpg 900w\" sizes=\"auto, (max-width: 225px) 100vw, 225px\" \/><\/a><br \/>\n<strong>Ysaline Favre<br \/>\n<\/strong>Psychologue<br \/>\nCharg\u00e9e de recherche pour la Plateforme MS3<\/p>\n","protected":false},"excerpt":{"rendered":"<p>Etienne Rochat\u00a0\u00a0\u00a0\u00a0\u00a0\u00a0\u00a0\u00a0\u00a0\u00a0\u00a0\u00a0\u00a0\u00a0\u00a0\u00a0\u00a0\u00a0\u00a0\u00a0\u00a0\u00a0\u00a0\u00a0\u00a0\u00a0\u00a0\u00a0\u00a0\u00a0\u00a0\u00a0\u00a0\u00a0\u00a0\u00a0\u00a0\u00a0\u00a0\u00a0\u00a0\u00a0 Th\u00e9ologien et accompagnant spirituel Responsable de la Plateforme MS3 Elena Martinez Adjointe aux Humanit\u00e9s, D\u00e9canat FBM Pr\u00e9sidente du COPIL et Directrice op\u00e9rationnelle de la Plateforme MS3 Naomi Edelmann Psychologue Collaboratrice de recherche pour la Plateforme MS3 Ysaline Favre<\/p>\n","protected":false},"author":1001410,"featured_media":0,"parent":7,"menu_order":0,"comment_status":"closed","ping_status":"closed","template":"","meta":{"_seopress_robots_primary_cat":"","_seopress_titles_title":"","_seopress_titles_desc":"","_seopress_robots_index":"","footnotes":""},"class_list":["post-137","page","type-page","status-publish"],"_links":{"self":[{"href":"https:\/\/wp.unil.ch\/ms3\/wp-json\/wp\/v2\/pages\/137","targetHints":{"allow":["GET"]}}],"collection":[{"href":"https:\/\/wp.unil.ch\/ms3\/wp-json\/wp\/v2\/pages"}],"about":[{"href":"https:\/\/wp.unil.ch\/ms3\/wp-json\/wp\/v2\/types\/page"}],"author":[{"embeddable":true,"href":"https:\/\/wp.unil.ch\/ms3\/wp-json\/wp\/v2\/users\/1001410"}],"replies":[{"embeddable":true,"href":"https:\/\/wp.unil.ch\/ms3\/wp-json\/wp\/v2\/comments?post=137"}],"version-history":[{"count":0,"href":"https:\/\/wp.unil.ch\/ms3\/wp-json\/wp\/v2\/pages\/137\/revisions"}],"up":[{"embeddable":true,"href":"https:\/\/wp.unil.ch\/ms3\/wp-json\/wp\/v2\/pages\/7"}],"wp:attachment":[{"href":"https:\/\/wp.unil.ch\/ms3\/wp-json\/wp\/v2\/media?parent=137"}],"curies":[{"name":"wp","href":"https:\/\/api.w.org\/{rel}","templated":true}]}}