{"id":1356,"date":"2018-12-07T08:23:29","date_gmt":"2018-12-07T07:23:29","guid":{"rendered":"http:\/\/wp.unil.ch\/ms3\/?page_id=1356"},"modified":"2019-02-05T16:18:42","modified_gmt":"2019-02-05T15:18:42","slug":"emission-radio-vacarme-de-la-rts","status":"publish","type":"page","link":"https:\/\/wp.unil.ch\/ms3\/medias\/emission-radio-vacarme-de-la-rts\/","title":{"rendered":"Emission radio \u00ab Vacarme \u00bb de la RTS"},"content":{"rendered":"<p><strong>Emission radio\u00a0\u00ab\u00a0Vacarme\u00a0\u00bb de la RTS<br \/>\n<\/strong><br \/>\nL&rsquo;\u00e9mission \u00ab\u00a0Vacarme\u00a0\u00bb de la RTS pose son regard sur le m\u00e9tier d&rsquo;aum\u00f4nier en pleine mutation en 5 \u00e9missions.<\/p>\n<p><strong><a href=\"https:\/\/www.rts.ch\/play\/radio\/vacarme\/audio\/aumoniers-15-pas-de-confessionnel?id=9987090\" target=\"_blank\" rel=\"attachment noopener wp-att-1348\"><img alt=\"\" loading=\"lazy\" decoding=\"async\" class=\"alignnone size-medium wp-image-1348\" src=\"https:\/\/wp.unil.ch\/ms3\/files\/2018\/12\/Vacarme_RTS_1-300x169.jpg\" alt=\"\" width=\"300\" height=\"169\" srcset=\"https:\/\/wp.unil.ch\/ms3\/files\/2018\/12\/Vacarme_RTS_1-300x169.jpg 300w, https:\/\/wp.unil.ch\/ms3\/files\/2018\/12\/Vacarme_RTS_1.jpg 640w\" sizes=\"auto, (max-width: 300px) 100vw, 300px\" \/><\/a>\u00a0 AUM\u00d4NIERS 1\/5 &#8211; \u00ab\u00a0Pas de confessionnel !\u00a0\u00bb\u00a0\u00a0&#8211;\u00a0 26.11.2018<br \/>\n<\/strong><\/p>\n<p>En lien avec le CHUV, une nouvelle formation universitaire propose une sp\u00e9cialisation en accompagnement spirituel avec un certificat \u00e0 la cl\u00e9.<br \/>\nSon but: que le professionnel gagne du recul par rapport \u00e0 sa pratique religieuse.<br \/>\nSt\u00e9phane Zagarrio de la C\u00f4te-aux-F\u00e9es (NE) explique quels sont les premiers b\u00e9n\u00e9fices de l?exercice dans son lieu d?accueil pour toxicod\u00e9pendants.<\/p>\n<p>Reportage: Gabrielle Desarzens<br \/>\nR\u00e9alisation: Jean-Daniel Mottet<br \/>\nProduction: V\u00e9ronique Marti<\/p>\n<p><a href=\"https:\/\/www.rts.ch\/play\/radio\/vacarme\/audio\/aumoniers-15-pas-de-confessionnel?id=9987090\" target=\"_blank\" rel=\"noopener\">https:\/\/www.rts.ch\/play\/radio\/vacarme\/audio\/aumoniers-15-pas-de-confessionnel?id=9987090<\/a><\/p>\n<p>&nbsp;<\/p>\n<p><strong><a href=\"https:\/\/www.rts.ch\/play\/radio\/vacarme\/audio\/aumoniers-25-le-chien-du-berger?id=9990660\" target=\"_blank\" rel=\"attachment noopener wp-att-1349\"><img alt=\"\" loading=\"lazy\" decoding=\"async\" class=\"alignnone size-medium wp-image-1349\" src=\"https:\/\/wp.unil.ch\/ms3\/files\/2018\/12\/Vacarme_RTS_2-300x169.jpg\" alt=\"\" width=\"300\" height=\"169\" srcset=\"https:\/\/wp.unil.ch\/ms3\/files\/2018\/12\/Vacarme_RTS_2-300x169.jpg 300w, https:\/\/wp.unil.ch\/ms3\/files\/2018\/12\/Vacarme_RTS_2.jpg 640w\" sizes=\"auto, (max-width: 300px) 100vw, 300px\" \/><\/a>\u00a0 AUM\u00d4NIERS 2\/5 &#8211; \u00ab\u00a0Le chien du berger\u00a0\u00bb\u00a0\u00a0&#8211;\u00a0 27.11.2018<\/strong><\/p>\n<p>L?\u00c9tablissement m\u00e9dico-social neuch\u00e2telois Les Charmettes a engag\u00e9 \u00e0 l?interne et aux c\u00f4t\u00e9s de ses aum\u00f4niers catholique et protestant son propre accompagnant spirituel.<br \/>\nPas de culte, de messe ou de bible dans les bagages de Christian Reichen, qui aime se consid\u00e9rer comme \u00a0\u00bb e chien du berger\u00a0\u00bb et se placer, au contraire des hommes d?\u00c9glise, derri\u00e8re le troupeau.<\/p>\n<p>Reportage: Gabrielle Desarzens<br \/>\nR\u00e9alisation: Jean-Daniel Mottet<br \/>\nProduction: V\u00e9ronique Marti<\/p>\n<p><a href=\"https:\/\/www.rts.ch\/play\/radio\/vacarme\/audio\/aumoniers-25-le-chien-du-berger?id=9990660\" target=\"_blank\" rel=\"noopener\">https:\/\/www.rts.ch\/play\/radio\/vacarme\/audio\/aumoniers-25-le-chien-du-berger?id=9990660<\/a><\/p>\n<p>&nbsp;<\/p>\n<p><strong><a href=\"https:\/\/www.rts.ch\/play\/radio\/vacarme\/audio\/aumoniers-35-le-sabre-et-le-goupillon?id=9993756\" target=\"_blank\" rel=\"attachment noopener wp-att-1350\"><img alt=\"\" loading=\"lazy\" decoding=\"async\" class=\"alignnone size-medium wp-image-1350\" src=\"https:\/\/wp.unil.ch\/ms3\/files\/2018\/12\/Vacarme_RTS_3-300x169.jpg\" alt=\"\" width=\"300\" height=\"169\" srcset=\"https:\/\/wp.unil.ch\/ms3\/files\/2018\/12\/Vacarme_RTS_3-300x169.jpg 300w, https:\/\/wp.unil.ch\/ms3\/files\/2018\/12\/Vacarme_RTS_3.jpg 640w\" sizes=\"auto, (max-width: 300px) 100vw, 300px\" \/><\/a>\u00a0 AUM\u00d4NIERS 3\/5 &#8211; \u00ab\u00a0Le sabre et le goupillon\u00a0\u00bb\u00a0\u00a0&#8211;\u00a0 28.11.2018<\/strong><\/p>\n<p>Devant la maison que Marguerite Bays &#8211; une bienheureuse catholique &#8211; a habit\u00e9e au 19e si\u00e8cle, de jeunes recrues entendent parler de solidarit\u00e9 et d?entraide.<br \/>\nC?est une visite propos\u00e9e par l?aum\u00f4nier de la section.<br \/>\nL?arm\u00e9e suisse est en pleine r\u00e9flexion sur le r\u00f4le de son aum\u00f4nerie, dont le \u00ab\u00a0mod\u00e8le pastoral est mort\u00a0\u00bb, selon les propos du capitaine No\u00ebl Pedreira.<\/p>\n<p>Reportage: Gabrielle Desarzens<br \/>\nR\u00e9alisation: Jean-Daniel Mottet<br \/>\nProduction: V\u00e9ronique Marti<\/p>\n<p><a href=\"https:\/\/www.rts.ch\/play\/radio\/vacarme\/audio\/aumoniers-35-le-sabre-et-le-goupillon?id=9993756\" target=\"_blank\" rel=\"noopener\">https:\/\/www.rts.ch\/play\/radio\/vacarme\/audio\/aumoniers-35-le-sabre-et-le-goupillon?id=9993756<\/a><\/p>\n<p>&nbsp;<\/p>\n<p><strong><a href=\"https:\/\/www.rts.ch\/play\/radio\/vacarme\/audio\/aumoniers-45-au-nom-de-la-lacite?id=9996021\" target=\"_blank\" rel=\"attachment noopener wp-att-1351\"><img alt=\"\" loading=\"lazy\" decoding=\"async\" class=\"alignnone size-medium wp-image-1351\" src=\"https:\/\/wp.unil.ch\/ms3\/files\/2018\/12\/Vacarme_RTS_4-300x169.jpg\" alt=\"\" width=\"300\" height=\"169\" srcset=\"https:\/\/wp.unil.ch\/ms3\/files\/2018\/12\/Vacarme_RTS_4-300x169.jpg 300w, https:\/\/wp.unil.ch\/ms3\/files\/2018\/12\/Vacarme_RTS_4.jpg 640w\" sizes=\"auto, (max-width: 300px) 100vw, 300px\" \/><\/a>\u00a0\u00a0AUM\u00d4NIERS 4\/5 &#8211; \u00ab\u00a0Au nom de la la\u00efcit\u00e9\u00a0\u00bb\u00a0\u00a0&#8211;\u00a0 29.11.2018<\/strong><\/p>\n<p>Dans les institutions pour mineurs, l?aum\u00f4nerie n?a plus la cote.<br \/>\nAssoci\u00e9e intimement \u00e0 la religion, elle voit sa place remise en question par bon nombre d?\u00e9ducateurs d?institutions la\u00efques.<br \/>\nL?\u00e9quipe \u00e9ducative de La Maison des Jeunes \u00e0 Lausanne s?en explique, alors que Nathan, 18 ans, qui a b\u00e9n\u00e9fici\u00e9 de s\u00e9ances d?aum\u00f4nerie en foyer, t\u00e9moigne: ces moments lui ont apport\u00e9 une grande confiance en lui.<\/p>\n<p>Reportage: Gabrielle Desarzens<br \/>\nR\u00e9alisation: Jean-Daniel Mottet<br \/>\nProduction: V\u00e9ronique Marti<\/p>\n<p><a href=\"https:\/\/www.rts.ch\/play\/radio\/vacarme\/audio\/aumoniers-45-au-nom-de-la-lacite?id=9996021\" target=\"_blank\" rel=\"noopener\">https:\/\/www.rts.ch\/play\/radio\/vacarme\/audio\/aumoniers-45-au-nom-de-la-lacite?id=9996021<\/a><\/p>\n<p>&nbsp;<\/p>\n<p><strong><a href=\"https:\/\/www.rts.ch\/play\/radio\/vacarme\/audio\/aumoniers-55-une-chapelle-dans-la-rue?id=9998899\" target=\"_blank\" rel=\"attachment noopener wp-att-1353\"><img alt=\"\" loading=\"lazy\" decoding=\"async\" class=\"alignnone size-medium wp-image-1353\" src=\"https:\/\/wp.unil.ch\/ms3\/files\/2018\/12\/Vacarme_RTS_5-1-300x169.jpg\" alt=\"\" width=\"300\" height=\"169\" srcset=\"https:\/\/wp.unil.ch\/ms3\/files\/2018\/12\/Vacarme_RTS_5-1-300x169.jpg 300w, https:\/\/wp.unil.ch\/ms3\/files\/2018\/12\/Vacarme_RTS_5-1.jpg 624w\" sizes=\"auto, (max-width: 300px) 100vw, 300px\" \/><\/a>\u00a0 AUM\u00d4NIERS 5\/5 &#8211; \u00ab\u00a0Une chapelle dans la rue\u00a0\u00bb\u00a0\u00a0&#8211;\u00a0 30.11.2018<\/strong><\/p>\n<p>Pour les marginaux et sans domicile fixe, la Pastorale de la Rue \u00e0 Lausanne reste une oasis de fraternit\u00e9.<br \/>\nDes b\u00e9n\u00e9ficiaires nous font la visite de deux lieux embl\u00e9matiques de cette aum\u00f4nerie de base qui a la particularit\u00e9 de rassembler beaucoup de dons et de b\u00e9n\u00e9voles,<br \/>\net qui peut rendre compte de l?histoire des uns et des autres sur la dur\u00e9e.<\/p>\n<p>Reportage: Gabrielle Desarzens<br \/>\nR\u00e9alisation: Jean-Daniel Mottet<br \/>\nProduction: V\u00e9ronique Marti<\/p>\n<p><a href=\"https:\/\/www.rts.ch\/play\/radio\/vacarme\/audio\/aumoniers-55-une-chapelle-dans-la-rue?id=9998899\" target=\"_blank\" rel=\"noopener\">https:\/\/www.rts.ch\/play\/radio\/vacarme\/audio\/aumoniers-55-une-chapelle-dans-la-rue?id=9998899<\/a><\/p>\n<p>&nbsp;<\/p>\n<p><strong><a href=\"https:\/\/wp.unil.ch\/ms3\/medias\/vacarme_rts_5\/\" rel=\"attachment wp-att-1352\"><img alt=\"\" loading=\"lazy\" decoding=\"async\" class=\"alignnone size-medium wp-image-1352\" src=\"https:\/\/wp.unil.ch\/ms3\/files\/2018\/12\/Vacarme_RTS_5-300x169.jpg\" alt=\"\" width=\"300\" height=\"169\" srcset=\"https:\/\/wp.unil.ch\/ms3\/files\/2018\/12\/Vacarme_RTS_5-300x169.jpg 300w, https:\/\/wp.unil.ch\/ms3\/files\/2018\/12\/Vacarme_RTS_5.jpg 640w\" sizes=\"auto, (max-width: 300px) 100vw, 300px\" \/><\/a>\u00a0\u00a0LES ECHOS DE VACARME &#8211; L?aum\u00f4nerie fait sa mue<\/strong><\/p>\n<p>Que ce soit \u00e0 l?h\u00f4pital, \u00e0 l?arm\u00e9e ou aupr\u00e8s des jeunes, l?aum\u00f4nerie est actuellement un chantier ouvert avec plusieurs remises en question en termes d?objectifs et de formation.<br \/>\nDans une soci\u00e9t\u00e9 toujours plus s\u00e9cularis\u00e9e, est-il pertinent que l?aum\u00f4nier soit encore une personne employ\u00e9e par une \u00c9glise?<br \/>\nLe professionnel dispose-t-il des outils n\u00e9cessaires?<br \/>\nComment appr\u00e9hende-t-il les nouvelles diversit\u00e9s religieuses?<br \/>\nA quoi servent encore les aum\u00f4niers?<\/p>\n<p>Reportage: Gabrielle Desarzens<br \/>\nR\u00e9alisation: Jean-Daniel Mottet<br \/>\nProduction: V\u00e9ronique Marti<\/p>\n<p>INVITES:<br \/>\nRochat Etienne<br \/>\nResponsable Plateforme M\u00e9decine, Spiritualit\u00e9, Soins et Soci\u00e9t\u00e9 au Centre hospitalier universitaire vaudois et accompagnant spirituel.<br \/>\n&amp;<br \/>\nIr\u00e8ne Becci<br \/>\nSociologue et anthropologue, professeure \u00e0 l?Institut de sciences sociales des religions \u00e0 l?Universit\u00e9 de Lausanne.<\/p>\n<p><a href=\"https:\/\/www.rts.ch\/play\/radio\/vacarme\/audio\/les-echos-de-vacarme-laumonerie-fait-sa-mue?id=10003019\" target=\"_blank\" rel=\"noopener\">https:\/\/www.rts.ch\/play\/radio\/vacarme\/audio\/les-echos-de-vacarme-laumonerie-fait-sa-mue?id=10003019<\/a><\/p>\n<p>&nbsp;<\/p>\n<p>&nbsp;<\/p>\n","protected":false},"excerpt":{"rendered":"<p>Emission radio\u00a0\u00ab\u00a0Vacarme\u00a0\u00bb de la RTS L&rsquo;\u00e9mission \u00ab\u00a0Vacarme\u00a0\u00bb de la RTS pose son regard sur le m\u00e9tier d&rsquo;aum\u00f4nier en pleine mutation en 5 \u00e9missions. \u00a0 AUM\u00d4NIERS 1\/5 &#8211; \u00ab\u00a0Pas de confessionnel !\u00a0\u00bb\u00a0\u00a0&#8211;\u00a0 26.11.2018 En lien avec le CHUV, une nouvelle formation<\/p>\n","protected":false},"author":1001410,"featured_media":1352,"parent":439,"menu_order":0,"comment_status":"closed","ping_status":"closed","template":"","meta":{"_seopress_robots_primary_cat":"","_seopress_titles_title":"","_seopress_titles_desc":"","_seopress_robots_index":"","footnotes":""},"class_list":["post-1356","page","type-page","status-publish","has-post-thumbnail"],"_links":{"self":[{"href":"https:\/\/wp.unil.ch\/ms3\/wp-json\/wp\/v2\/pages\/1356","targetHints":{"allow":["GET"]}}],"collection":[{"href":"https:\/\/wp.unil.ch\/ms3\/wp-json\/wp\/v2\/pages"}],"about":[{"href":"https:\/\/wp.unil.ch\/ms3\/wp-json\/wp\/v2\/types\/page"}],"author":[{"embeddable":true,"href":"https:\/\/wp.unil.ch\/ms3\/wp-json\/wp\/v2\/users\/1001410"}],"replies":[{"embeddable":true,"href":"https:\/\/wp.unil.ch\/ms3\/wp-json\/wp\/v2\/comments?post=1356"}],"version-history":[{"count":0,"href":"https:\/\/wp.unil.ch\/ms3\/wp-json\/wp\/v2\/pages\/1356\/revisions"}],"up":[{"embeddable":true,"href":"https:\/\/wp.unil.ch\/ms3\/wp-json\/wp\/v2\/pages\/439"}],"wp:featuredmedia":[{"embeddable":true,"href":"https:\/\/wp.unil.ch\/ms3\/wp-json\/wp\/v2\/media\/1352"}],"wp:attachment":[{"href":"https:\/\/wp.unil.ch\/ms3\/wp-json\/wp\/v2\/media?parent=1356"}],"curies":[{"name":"wp","href":"https:\/\/api.w.org\/{rel}","templated":true}]}}