{"id":1316,"date":"2018-10-12T11:54:51","date_gmt":"2018-10-12T09:54:51","guid":{"rendered":"http:\/\/wp.unil.ch\/ms3\/?page_id=1316"},"modified":"2018-12-20T16:21:56","modified_gmt":"2018-12-20T15:21:56","slug":"collaborations","status":"publish","type":"page","link":"https:\/\/wp.unil.ch\/ms3\/prestations-services\/collaborations\/","title":{"rendered":"Collaborations"},"content":{"rendered":"<p><strong>Projet dans lesquels le responsable et\/ou des collaborateurs de la Plateforme sont engag\u00e9s en tant qu\u2019expert-e-s<\/strong><\/p>\n<p><strong>Communication interculturelle en soins palliatifs<\/strong><br \/>\nProf. Pascal Singy, CHUV-FBM<br \/>\nParticipation du responsable de la Plateforme en tant qu\u2019expert \u00e0 un projet du Service de psychiatrie de liaison du CHUV.<\/p>\n<p><u><br \/>\n<\/u><strong>Options and preferences concerning the ressuscitation code. Communication during patient-physician encounters<\/strong><br \/>\nProf. Ralf Jox, CHUV-FBM<br \/>\nParticipation d\u2019Etienne Rochat et de Naomi Edelmann en tant qu\u2019experts \u00e0 un projet de la Chaire de soins palliatifs g\u00e9riatriques<br \/>\nContribution \u00e0 la pr\u00e9sentation lors du congr\u00e8s de Soins Palliatifs 2018 \u00e0 Montr\u00e9al<br \/>\nArticle en pr\u00e9paration d\u2019Etienne Rochat et Naomi Edelmann.<\/p>\n<p><strong><br \/>\nEnqu\u00eate en oncologie p\u00e9diatrique<\/strong><br \/>\nDr Pierre-Yves Rodondi, CHUV<br \/>\nParticipation du responsable de la Plateforme en tant qu\u2019expert \u00e0 un projet du CEMIC-Centre de m\u00e9decine int\u00e9grative et compl\u00e9mentaire.<\/p>\n<p><u><br \/>\n<\/u><strong>CAS sur l\u2019accompagnement spirituel en milieu de sant\u00e9<\/strong><br \/>\nProf. Pierre-Yves Brandt, FTSR-UNIL<br \/>\nParticipation du responsable de la Plateforme en tant que membre du comit\u00e9 scientifique du CAS.<\/p>\n<p>&nbsp;<\/p>\n","protected":false},"excerpt":{"rendered":"<p>Projet dans lesquels le responsable et\/ou des collaborateurs de la Plateforme sont engag\u00e9s en tant qu\u2019expert-e-s Communication interculturelle en soins palliatifs Prof. Pascal Singy, CHUV-FBM Participation du responsable de la Plateforme en tant qu\u2019expert \u00e0 un projet du Service de<\/p>\n","protected":false},"author":1001410,"featured_media":0,"parent":17,"menu_order":0,"comment_status":"closed","ping_status":"closed","template":"","meta":{"_seopress_robots_primary_cat":"","_seopress_titles_title":"","_seopress_titles_desc":"","_seopress_robots_index":"","footnotes":""},"class_list":["post-1316","page","type-page","status-publish"],"_links":{"self":[{"href":"https:\/\/wp.unil.ch\/ms3\/wp-json\/wp\/v2\/pages\/1316","targetHints":{"allow":["GET"]}}],"collection":[{"href":"https:\/\/wp.unil.ch\/ms3\/wp-json\/wp\/v2\/pages"}],"about":[{"href":"https:\/\/wp.unil.ch\/ms3\/wp-json\/wp\/v2\/types\/page"}],"author":[{"embeddable":true,"href":"https:\/\/wp.unil.ch\/ms3\/wp-json\/wp\/v2\/users\/1001410"}],"replies":[{"embeddable":true,"href":"https:\/\/wp.unil.ch\/ms3\/wp-json\/wp\/v2\/comments?post=1316"}],"version-history":[{"count":0,"href":"https:\/\/wp.unil.ch\/ms3\/wp-json\/wp\/v2\/pages\/1316\/revisions"}],"up":[{"embeddable":true,"href":"https:\/\/wp.unil.ch\/ms3\/wp-json\/wp\/v2\/pages\/17"}],"wp:attachment":[{"href":"https:\/\/wp.unil.ch\/ms3\/wp-json\/wp\/v2\/media?parent=1316"}],"curies":[{"name":"wp","href":"https:\/\/api.w.org\/{rel}","templated":true}]}}