{"id":13,"date":"2016-10-20T09:53:52","date_gmt":"2016-10-20T07:53:52","guid":{"rendered":"http:\/\/wp.unil.ch\/ms3\/?page_id=13"},"modified":"2019-01-17T16:06:54","modified_gmt":"2019-01-17T15:06:54","slug":"enseignement","status":"publish","type":"page","link":"https:\/\/wp.unil.ch\/ms3\/prestations-services\/enseignement\/","title":{"rendered":"Enseignement"},"content":{"rendered":"<p>La Plateforme MS3 d\u00e9veloppe ou collabore \u00e0 des projets de formation\u00a0et d\u2019enseignement sur la spiritualit\u00e9, la m\u00e9decine et les soins.<\/p>\n<p>Actuellement les projets de formation ou d\u2019enseignement visent \u00e0 sensibiliser les m\u00e9decins et les soignants tant dans les cursus de formation pr\u00e9-gradu\u00e9s que post-gradu\u00e9s, en d\u00e9veloppant des contenus sp\u00e9cifiques et adapt\u00e9s.<\/p>\n<p>Un investissement important est aussi consenti pour le d\u00e9veloppement de CAS, en partenariat avec d\u2019autres entit\u00e9s du CHUV.<\/p>\n<p><strong><br \/>\nCAS M\u00e9decine, sant\u00e9 et spiritualit\u00e9<\/strong><strong><em>\u00a0<\/em><\/strong><\/p>\n<p>Collaboration entre la FTSR-Facult\u00e9 de th\u00e9ologie et de sciences des religions de l\u2019UNIL, la FBM-Facult\u00e9 de biologie et de m\u00e9decine de l\u2019UNIL et la Plateforme MS3.<br \/>\nLes publics concern\u00e9s sont des professionnels impliqu\u00e9s dans la prise en soin souhaitant r\u00e9fl\u00e9chir et int\u00e9grer la dimension spirituelle dans leur pratique\u00a0clinique ou mener une r\u00e9flexion autour des enjeux entre spiritualit\u00e9 et sant\u00e9.<br \/>\nAujourd\u2019hui, les communaut\u00e9s m\u00e9dicales, soignantes et religieuses, l\u2019ensemble des directions des institutions sociales et de soins, ainsi que les divers mouvements philosophiques et spirituels, prennent conscience de l\u2019importance de la spiritualit\u00e9 dans l\u2019ensemble des situations o\u00f9 des personnes vuln\u00e9rables sont prises en charge. Les enjeux induits par la diversit\u00e9 des professions impliqu\u00e9es et potentiellement concern\u00e9es par la prise en compte de la spiritualit\u00e9 dans la prise en soin sont nombreux et complexes notamment en termes d\u2019interdisciplinarit\u00e9.<br \/>\nCette formation est le premier CAS suisse \u00e0 \u00eatre port\u00e9 et \u00e9labor\u00e9 par deux facult\u00e9s au regard compl\u00e9mentaire\u00a0: la FBM et la FTSR. Il ouvre un nouvel axe de collaboration entre les approches m\u00e9dicales, notamment psychiatrique, et les sciences humaines. Son enracinement sur le terrain nourrit une vis\u00e9e pratique pouvant \u00eatre int\u00e9gr\u00e9e \u00e0 tous les moments du soin et non uniquement centr\u00e9e sur le temps de la fin de vie. De plus, son approche et son ouverture interdisciplinaires innovantes offrent un terrain f\u00e9cond pour la r\u00e9flexion sur la prise en compte des besoins spirituels tout en tenant compte des\u00a0sp\u00e9cificit\u00e9s inh\u00e9rentes \u00e0 chaque corps de m\u00e9tiers et de la question de l\u2019inter-professionnalit\u00e9.<strong><em>\u00a0<\/em><\/strong><\/p>\n<p><strong><em>Groupe de projet<br \/>\n<\/em><\/strong>Prof. Jacques Besson, professeur honoraire, FBM, UNIL, responsable acad\u00e9mique<br \/>\nProf. Pierre-Yves Brandt, directeur de l\u2019Institut de sciences sociales des religions (ISSR), FTSR, UNIL<br \/>\nKarine Laubscher, psychologue, Plateforme MS3, CHUV<br \/>\nEtienne Rochat, responsable de la Plateforme MS3, CHUV<strong><em>\u00a0<\/em><\/strong><\/p>\n<p><strong><em>R\u00e9sultats escompt\u00e9s<br \/>\n<\/em><\/strong>Permettre \u00e0 des professionnels de sant\u00e9 d\u2019augmenter significativement leurs connaissances th\u00e9oriques et pratiques dans les liens entre la spiritualit\u00e9 et la sant\u00e9, ceci tant dans leur champ disciplinaire propre que dans celui de l\u2019interdisciplinarit\u00e9.<\/p>\n<p>&nbsp;<\/p>\n<p><strong><br \/>\n<\/strong><strong>Enseignements au sein de la Haute Ecole de Sant\u00e9 Vaud (HESAV)<\/strong><strong>\u00a0<\/strong><\/p>\n<p>Collaboration entre la Haute Ecole de Sant\u00e9 Vaud (HESAV) et la Plateforme MS3.<br \/>\nElaboration d\u2019enseignements adapt\u00e9s et progressifs sur la th\u00e9matique de la spiritualit\u00e9 dans les sciences infirmi\u00e8res et dans les soins. Les \u00e9tudiant-e-s de l\u2019HESAV ont ainsi acc\u00e8s d\u2019une part aux nombreux d\u00e9veloppements effectu\u00e9s dans le pass\u00e9 relativement \u00e0 cette th\u00e9matique et d\u2019autre part aux conceptualisations r\u00e9centes permettant une inscription dans la pratique des implications de la prise en compte des besoins spirituels des patients.<\/p>\n<p><strong><em>Groupe de projet<br \/>\n<\/em><\/strong>Prof. HES Nicole Keller, responsable p\u00e9dagogique, HESAV<br \/>\nProf. HES Brigitte Kampel, HESAV<br \/>\nProf. HES Gina Sobral, HESAV<br \/>\nKarine Laubscher, psychologue, Plateforme MS3, CHUV<br \/>\nEtienne Rochat, responsable de la Plateforme MS3, CHUV<strong><em>\u00a0<\/em><\/strong><\/p>\n<p><strong><em>R\u00e9sultats escompt\u00e9s<br \/>\n<\/em><\/strong>Permettre aux \u00e9tudiants en sciences infirmi\u00e8res d\u2019\u00eatre sensibilis\u00e9-e-s et d\u2019avoir des connaissances th\u00e9oriques et pratiques dans les liens entre la spiritualit\u00e9 et les sciences infirmi\u00e8res, ceci tant dans leur champ disciplinaire propre que dans celui de l\u2019interdisciplinarit\u00e9.<br \/>\nDepuis 2015\u00a0:<br \/>\nSensibilisation de 90 minutes aux \u00e9tudiants de l\u2019ann\u00e9e prop\u00e9deutique \u00ab\u00a0sant\u00e9\u00a0\u00bb.<br \/>\nSensibilisation de 90 minutes aux \u00e9tudiantes en premi\u00e8re ann\u00e9e \u00ab\u00a0Bachelor sciences infirmi\u00e8res\u00a0\u00bb.<br \/>\nEnseignements th\u00e9orique et pratique de un jour et demi dans le Module \u00e0 option conjoint (HESAV \u2013 Haute Ecole de Sant\u00e9 La Source) sur la spiritualit\u00e9.<\/p>\n<p>&nbsp;<\/p>\n<p><strong><br \/>\n<\/strong><strong>Enseignements au sein de la Facult\u00e9 de biologie et de m\u00e9decine (FBM) de l\u2019Universit\u00e9 de Lausanne<br \/>\n<\/strong><\/p>\n<p>Collaboration entre la Facult\u00e9 de biologie et de m\u00e9decine (FBM) et la Plateforme MS3.<br \/>\nElaboration d\u2019enseignements adapt\u00e9s et progressifs sur la th\u00e9matique de la spiritualit\u00e9 en m\u00e9decine. Les \u00e9tudiants de la FBM ont ainsi acc\u00e8s d\u2019une part aux nombreux d\u00e9veloppements effectu\u00e9s dans le pass\u00e9 relativement \u00e0 cette th\u00e9matique et d\u2019autre part aux conceptualisations r\u00e9centes permettant une inscription dans la pratique des implications de la prise en compte de la dimension spirituelle des patients.<\/p>\n<p><strong><em>Groupe de projet<br \/>\n<\/em><\/strong>Prof. Pierre-Alexandre Bart, Service d\u2019immunologie et d\u2019allergie, CHUV, directeur de l\u2019Ecole de m\u00e9decine, FBM-UNIL<br \/>\nElena Martinez, psychologue, adjointe aux Humanit\u00e9s, FBM, UNIL, directrice op\u00e9rationnelle de la plateforme MS3, CHUV<br \/>\nKarine Laubscher, psychologue, Plateforme MS3, CHUV<br \/>\nEtienne Rochat, responsable de la Plateforme MS3, CHUV<\/p>\n<p><strong><em>R\u00e9sultats escompt\u00e9s<br \/>\n<\/em><\/strong>Permettre aux \u00e9tudiants de la FBM d\u2019\u00eatre sensibilis\u00e9s et d\u2019avoir des connaissances th\u00e9oriques et pratiques dans les liens entre la spiritualit\u00e9 et la m\u00e9decine, ceci dans tant dans leur champ disciplinaire propre que dans celui de l\u2019interdisciplinarit\u00e9.<br \/>\nDepuis 2015\u00a0: une heure intitul\u00e9e \u00ab\u00a0Culture, soci\u00e9t\u00e9 et spiritualit\u00e9\u00a0\u00bb aux \u00e9tudiants de 4<sup>\u00e8me<\/sup> ann\u00e9e dans le cadre des \u00ab\u00a0Cours-bloc\u00a0\u00bb, responsables\u00a0acad\u00e9miques : Prof. Peter Vollenweider et Dr David Gachoud, D\u00e9partement de m\u00e9decine, CHUV et FBM-UNIL<br \/>\nEn pr\u00e9paration : un cours \u00e0 option \u00ab\u00a0M\u00e9decine et spiritualit\u00e9\u00a0\u00bb pour les \u00e9tudiants de 3<sup>\u00e8me<\/sup> ann\u00e9e.<\/p>\n<p>&nbsp;<\/p>\n<p><strong><br \/>\n<\/strong><strong>Module de sensibilisation au mod\u00e8le STIV et \u00e0 l\u2019outil d\u2019\u00e9valuation SDAT<\/strong><strong>\u00a0<\/strong><\/p>\n<p>Collaboration entre l\u2019Aum\u00f4nerie du CHUV, le R\u00e9seau sant\u00e9 spiritualit\u00e9 (RESSPIR) et la Plateforme MS3.<br \/>\nLa production de modules d\u2019enseignement sur l\u2019int\u00e9gration de la spiritualit\u00e9 en m\u00e9decine et dans les soins est l\u2019un des buts principaux du R\u00e9seau sant\u00e9 spiritualit\u00e9 (RESSPIR). Ce module sur l\u2019\u00e9valuation de la dimension spirituelle et la qualification de la d\u00e9tresse spirituelle \u00e0 l\u2019aide du mod\u00e8le STIV\/SDAT est mis \u00e0 disposition des professionnels de sant\u00e9 du monde francophone. Il comprend une description du mod\u00e8le STIV\/SDAT, les conditions de son utilisation, les cons\u00e9quences possibles de la pr\u00e9sence d\u2019une d\u00e9tresse spirituelle chez un patient, des r\u00e9f\u00e9rences et une vid\u00e9o de d\u00e9monstration.<br \/>\nLes professionnels de sant\u00e9 ont aussi la possibilit\u00e9 de faire appel \u00e0 des personnes ressources.<\/p>\n<p><strong><em>Groupe de projet<br \/>\n<\/em><\/strong>Mario Drouin, Aun\u00f4nerie du CHUV<br \/>\nKarine Laubscher, psychologue, Plateforme MS3, CHUV<br \/>\nSerena Buchter, infirmi\u00e8re, RESSPIR, Universit\u00e9 catholique de Louvain<br \/>\nEtienne Rochat, responsable de la Plateforme MS3, CHUV<\/p>\n<p><strong><em>R\u00e9sultats escompt\u00e9s<br \/>\n<\/em><\/strong>Permettre aux professionnels de sant\u00e9 de se familiariser avec le concept de d\u00e9tresse spirituelle, ses cons\u00e9quences sur le patient, ses proches et le projet th\u00e9rapeutique.<\/p>\n<p>&nbsp;<\/p>\n<p><strong><br \/>\n<\/strong><strong>Module de sensibilisation \u00e0 l\u2019alliance th\u00e9rapeutique en m\u00e9decine g\u00e9n\u00e9rale hospitali\u00e8re et de premier recours<\/strong><strong>\u00a0<\/strong><\/p>\n<p>Collaboration entre le R\u00e9seau sant\u00e9 spiritualit\u00e9 (RESSPIR) et la Plateforme MS3.<br \/>\nLa production de modules d\u2019enseignement sur l\u2019int\u00e9gration de la spiritualit\u00e9 en m\u00e9decine et dans les soins est l\u2019un des buts principaux du R\u00e9seau sant\u00e9 spiritualit\u00e9 (RESSPIR). Ce module sur l\u2019alliance th\u00e9rapeutique est mis \u00e0 disposition des professionnels de sant\u00e9 du monde francophone. Il comprend un historique du concept d\u2019alliance th\u00e9rapeutique (notamment en psychoth\u00e9rapie et en lien avec les travaux sur l\u2019adh\u00e9sion th\u00e9rapeutique), une description des principaux constituants de l\u2019alliance th\u00e9rapeutique en lien avec <em>Working Alliance Inventory (WAI)<\/em> et des concepts issus des travaux d\u2019Etienne Rochat sur la spiritualit\u00e9 en m\u00e9decine, des r\u00e9f\u00e9rences et une vid\u00e9o de d\u00e9monstration.<br \/>\nLes professionnels de sant\u00e9 ont aussi la possibilit\u00e9 de faire appel \u00e0 des personnes ressources.<\/p>\n<p><strong><em>Groupe de projet<br \/>\n<\/em><\/strong>Etienne Rochat, responsable de la Plateforme MS3, CHUV, responsable p\u00e9dagogique<br \/>\nEmmanuelle Poncin, PhD en sciences sociales, Plateforme MS3, CHUV<br \/>\nSerena Buchter, infirmi\u00e8re, RESSPIR, Universit\u00e9 catholique de Louvain<\/p>\n<p><strong><em>R\u00e9sultats escompt\u00e9s<br \/>\n<\/em><\/strong>Permettre aux professionnels de sant\u00e9 de se familiariser avec le concept d\u2019alliance th\u00e9rapeutique et de prendre conscience des cons\u00e9quences sur le patient et le projet th\u00e9rapeutique de l\u2019avoir ou non cr\u00e9\u00e9e.<br \/>\nDepuis 2015\u00a0: module donn\u00e9 une fois \u00e0 des m\u00e9decins du D\u00e9partement de m\u00e9decine du CHUV en collaboration avec Mario Drouin de l\u2019Aum\u00f4nerie du CHUV.<\/p>\n<p>&nbsp;<\/p>\n","protected":false},"excerpt":{"rendered":"<p>La Plateforme MS3 d\u00e9veloppe ou collabore \u00e0 des projets de formation\u00a0et d\u2019enseignement sur la spiritualit\u00e9, la m\u00e9decine et les soins. Actuellement les projets de formation ou d\u2019enseignement visent \u00e0 sensibiliser les m\u00e9decins et les soignants tant dans les cursus de<\/p>\n","protected":false},"author":1001410,"featured_media":49,"parent":17,"menu_order":0,"comment_status":"closed","ping_status":"closed","template":"","meta":{"_seopress_robots_primary_cat":"","_seopress_titles_title":"","_seopress_titles_desc":"","_seopress_robots_index":"","footnotes":""},"class_list":["post-13","page","type-page","status-publish","has-post-thumbnail"],"_links":{"self":[{"href":"https:\/\/wp.unil.ch\/ms3\/wp-json\/wp\/v2\/pages\/13","targetHints":{"allow":["GET"]}}],"collection":[{"href":"https:\/\/wp.unil.ch\/ms3\/wp-json\/wp\/v2\/pages"}],"about":[{"href":"https:\/\/wp.unil.ch\/ms3\/wp-json\/wp\/v2\/types\/page"}],"author":[{"embeddable":true,"href":"https:\/\/wp.unil.ch\/ms3\/wp-json\/wp\/v2\/users\/1001410"}],"replies":[{"embeddable":true,"href":"https:\/\/wp.unil.ch\/ms3\/wp-json\/wp\/v2\/comments?post=13"}],"version-history":[{"count":0,"href":"https:\/\/wp.unil.ch\/ms3\/wp-json\/wp\/v2\/pages\/13\/revisions"}],"up":[{"embeddable":true,"href":"https:\/\/wp.unil.ch\/ms3\/wp-json\/wp\/v2\/pages\/17"}],"wp:featuredmedia":[{"embeddable":true,"href":"https:\/\/wp.unil.ch\/ms3\/wp-json\/wp\/v2\/media\/49"}],"wp:attachment":[{"href":"https:\/\/wp.unil.ch\/ms3\/wp-json\/wp\/v2\/media?parent=13"}],"curies":[{"name":"wp","href":"https:\/\/api.w.org\/{rel}","templated":true}]}}