{"id":1125,"date":"2018-05-31T16:46:29","date_gmt":"2018-05-31T14:46:29","guid":{"rendered":"http:\/\/wp.unil.ch\/ms3\/?page_id=1125"},"modified":"2018-12-20T16:39:30","modified_gmt":"2018-12-20T15:39:30","slug":"liens-utiles","status":"publish","type":"page","link":"https:\/\/wp.unil.ch\/ms3\/liens-utiles\/","title":{"rendered":"Regards sur&#8230;"},"content":{"rendered":"<p>La pr\u00e9sente rubrique renvoie :<\/p>\n<p>Aux CVs de quelques <a href=\"https:\/\/wp.unil.ch\/ms3\/liens-utiles\/cvs-de-personnalites-dans-le-domaine-de-la-spiritualite\/\" target=\"_blank\" rel=\"noopener\">personnalit\u00e9s phares<\/a> du domaine de la spiritualit\u00e9<\/p>\n<p>A de brefs <a href=\"https:\/\/wp.unil.ch\/ms3\/medias\/rencontres-3-questions-a\/\" target=\"_blank\" rel=\"noopener\">entretiens<\/a> avec divers professionnels concern\u00e9s par la question<\/p>\n<p>A quelques <a href=\"https:\/\/wp.unil.ch\/ms3\/liens-utiles\/lu-pour-vous\/\" target=\"_blank\" rel=\"noopener\">compte-rendus<\/a> de lectures.<\/p>\n","protected":false},"excerpt":{"rendered":"<p>La pr\u00e9sente rubrique renvoie : Aux CVs de quelques personnalit\u00e9s phares du domaine de la spiritualit\u00e9 A de brefs entretiens avec divers professionnels concern\u00e9s par la question A quelques compte-rendus de lectures.<\/p>\n","protected":false},"author":1001410,"featured_media":0,"parent":0,"menu_order":0,"comment_status":"closed","ping_status":"closed","template":"","meta":{"_seopress_robots_primary_cat":"","_seopress_titles_title":"","_seopress_titles_desc":"","_seopress_robots_index":"","footnotes":""},"class_list":["post-1125","page","type-page","status-publish"],"_links":{"self":[{"href":"https:\/\/wp.unil.ch\/ms3\/wp-json\/wp\/v2\/pages\/1125","targetHints":{"allow":["GET"]}}],"collection":[{"href":"https:\/\/wp.unil.ch\/ms3\/wp-json\/wp\/v2\/pages"}],"about":[{"href":"https:\/\/wp.unil.ch\/ms3\/wp-json\/wp\/v2\/types\/page"}],"author":[{"embeddable":true,"href":"https:\/\/wp.unil.ch\/ms3\/wp-json\/wp\/v2\/users\/1001410"}],"replies":[{"embeddable":true,"href":"https:\/\/wp.unil.ch\/ms3\/wp-json\/wp\/v2\/comments?post=1125"}],"version-history":[{"count":0,"href":"https:\/\/wp.unil.ch\/ms3\/wp-json\/wp\/v2\/pages\/1125\/revisions"}],"wp:attachment":[{"href":"https:\/\/wp.unil.ch\/ms3\/wp-json\/wp\/v2\/media?parent=1125"}],"curies":[{"name":"wp","href":"https:\/\/api.w.org\/{rel}","templated":true}]}}