{"id":11,"date":"2016-10-20T09:53:22","date_gmt":"2016-10-20T07:53:22","guid":{"rendered":"http:\/\/wp.unil.ch\/ms3\/?page_id=11"},"modified":"2019-01-17T15:57:19","modified_gmt":"2019-01-17T14:57:19","slug":"application-clinique","status":"publish","type":"page","link":"https:\/\/wp.unil.ch\/ms3\/prestations-services\/application-clinique\/","title":{"rendered":"Clinique"},"content":{"rendered":"<p>La Plateforme MS3 d\u00e9veloppe ou collabore \u00e0 des projets cliniques sur la spiritualit\u00e9, la m\u00e9decine et les soins.<\/p>\n<p>Actuellement les projets cliniques visent d\u2019une part \u00e0 \u00e9laborer une meilleure collaboration entre les accompagnants spirituels de l\u2019aum\u00f4nerie du CHUV\u00a0et les \u00e9quipes m\u00e9dicales et de soins et d\u2019autre part \u00e0 augmenter les connaissances et les comp\u00e9tences en spiritualit\u00e9 de l\u2019ensemble des acteurs de soins.<\/p>\n<p><strong><br \/>\n<\/strong><strong>I<\/strong><strong>nt\u00e9gration d\u2019une accompagnante spirituelle dans l\u2019\u00e9quipe mobile de soins palliatifs (EMSP) du CHUV<\/strong><\/p>\n<p>Collaboration entre le Service de soins palliatifs et de support du CHUV, les Eglises catholiques et protestantes vaudoises\u00a0et la Plateforme MS3.<br \/>\nExplorer les conditions de possibilit\u00e9s de l\u2019int\u00e9gration d\u2019une accompagnante spirituelle dans l\u2019EMSP du CHUV et d\u00e9finir les mani\u00e8res de collaborer avec les autres membres de l\u2019EMSP et les accompagnants spirituels (pasteurs \/ pr\u00eatres \/ etc.) des autres institutions (EMS etc.) et des paroisses.<br \/>\nUn poster pr\u00e9sentant ce projet a re\u00e7u le prix ASSM \u00ab\u00a0interprofessionnalit\u00e9\u00a0\u00bb en 2016.<br \/>\n<strong><br \/>\n<\/strong><strong><em>Groupe de projet<br \/>\n<\/em><\/strong>Prof. Gian Domenico Borasio, chef du Service de soins palliatifs et de support, responsable acad\u00e9mique<br \/>\nFatoumata Diawara, m\u00e9decin, Service de soins palliatifs et de support, CHUV<br \/>\nGenevi\u00e8ve Spring, Aum\u00f4nerie du CHUV, accompagnante spirituelle en charge du projet<br \/>\nAnnette Mayer, Aum\u00f4nerie du CHUV, Eglise catholique dans le canton de Vaud<br \/>\nDominique Troilo, Eglise \u00e9vang\u00e9lique r\u00e9form\u00e9e du canton de Vaud<br \/>\nFran\u00e7ois Rosselet, Eglise \u00e9vang\u00e9lique r\u00e9form\u00e9e du canton de Vaud<br \/>\nFran\u00e7ois Rouiller, responsable de l\u2019Aum\u00f4nerie du CHUV<br \/>\nEtienne Rochat, responsable de la Plateforme MS3, CHUV<\/p>\n<p><strong><em>R\u00e9sultats escompt\u00e9s<br \/>\n<\/em><\/strong>D\u00e9finition et exp\u00e9rimentation des r\u00f4les jou\u00e9s par une accompagnante spirituelle dans une EMSP travaillant hors h\u00f4pital.<br \/>\nRapport final du projet en octobre 2018.<br \/>\nPublication pr\u00e9vue courant 2019.<\/p>\n<p>&nbsp;<\/p>\n<p><strong><br \/>\n<\/strong><strong>Impact de l\u2019alliance th\u00e9rapeutique (AT) et du bien-\u00eatre spirituel sur l\u2019\u00e9volution des maladies inflammatoires chroniques rhumatologiques<\/strong><\/p>\n<p>Collaboration entre le Service de rhumatologie du CHUV et la Plateforme MS3.<br \/>\nA l\u2019aide de questionnaires valid\u00e9s, explorer les liens entre l\u2019alliance th\u00e9rapeutique (AT), le bien-\u00eatre spirituel et l\u2019\u00e9volution de deux maladies inflammatoires chroniques rhumatologiques, en particulier lors d\u2019un transfert de patients d\u2019un m\u00e9decin cadre \u00e0 un autre m\u00e9decin cadre de comp\u00e9tence identique.<br \/>\nUne premi\u00e8re \u00e9tude dans le cadre de l\u2019axe de la Plateforme <em>Alliance th\u00e9rapeutique en m\u00e9decine g\u00e9n\u00e9rale, spiritualit\u00e9 et adh\u00e9sion th\u00e9rapeutique<\/em>.<\/p>\n<p><strong><em>Groupe de projet<br \/>\n<\/em><\/strong>Dre B\u00e9reng\u00e8re Aubry-Rozier, m\u00e9decin associ\u00e9e au Service de rhumatologie, responsable acad\u00e9mique<br \/>\nDre Diana Dan, m\u00e9decin associ\u00e9e au Service de rhumatologie<br \/>\nEmmanuelle Poncin, PhD en sciences sociales, Plateforme MS3, CHUV<br \/>\nEtienne Rochat, responsable de la Plateforme MS3, CHUV<\/p>\n<p><strong><em>R\u00e9sultats escompt\u00e9s<br \/>\n<\/em><\/strong>Faisabilit\u00e9 d\u2019une telle \u00e9tude et impact positif sur la routine clinique des deux m\u00e9decins cadres.<br \/>\nPublication automne 2019.<\/p>\n<p>&nbsp;<\/p>\n<p><strong><br \/>\n<\/strong><strong>Int\u00e9gration de la spiritualit\u00e9 dans l\u2019activit\u00e9 de physioth\u00e9rapeutes du D\u00e9partement de m\u00e9decine du CHUV<\/strong><\/p>\n<p>Collaboration entre le D\u00e9partement de m\u00e9decine et la Plateforme MS3.<br \/>\nEtudier des prises en charge physioth\u00e9rapeutiques o\u00f9 la prise en compte de la dimension spirituelle du patient est n\u00e9cessaire et\/ou int\u00e9ressante.<br \/>\nCr\u00e9er une typologie relative aux mani\u00e8res d\u2019int\u00e9grer la spiritualit\u00e9 dans la prise en charge physioth\u00e9rapeutique.<br \/>\nExplorer l\u2019effet sur la pratique de cette prise en compte de la spiritualit\u00e9.<\/p>\n<p><strong><em>Groupe de projet<br \/>\n<\/em><\/strong>Etienne Rochat, responsable de la Plateforme MS3, CHUV, responsable acad\u00e9mique<br \/>\nGuillaume Roulet, physioth\u00e9rapeute chef du D\u00e9partement de m\u00e9decine<br \/>\nUn groupe de cinq physioth\u00e9rapeutes<\/p>\n<p><strong><em>R\u00e9sultats escompt\u00e9s<br \/>\n<\/em><\/strong>Pr\u00e9sentation du projet et de ses premiers r\u00e9sultats lors d\u2019un atelier du symposium de la Plateforme MS3 en octobre 2018.<br \/>\nPublication hiver 2019.<\/p>\n<p>&nbsp;<\/p>\n<p><strong><br \/>\n<\/strong><strong>Exploration des demandes des membres de l\u2019\u00e9quipe interdisciplinaire adress\u00e9es \u00e0 l\u2019accompagnante spirituelle dans l\u2019unit\u00e9 MPRH (Hospitalisation de m\u00e9decine physique et r\u00e9habilitation) du D\u00e9partement de l\u2019appareil locomoteur (DAL) du CHUV<\/strong><\/p>\n<p>Collaboration entre le DAL, l\u2019Aum\u00f4nerie et la Plateforme MS3.<br \/>\nRelecture \u00e0 l\u2019aide d\u2019une proc\u00e9dure standardis\u00e9e des demandes des soignants et des m\u00e9decins d\u2019une unit\u00e9 du DAL adress\u00e9es \u00e0 l\u2019accompagnante spirituelle.<\/p>\n<p><strong><em>Groupe de projet<br \/>\n<\/em><\/strong>Prof. Charles Bena\u00efm, chef de la Division m\u00e9decine physique et r\u00e9habilitation, responsable acad\u00e9mique<br \/>\nBrigitte Niquille, Aum\u00f4nerie du CHUV, accompagnante spirituelle en charge du projet<br \/>\nEmmanuelle Poncin, PhD en sciences sociales, Plateforme MS3, CHUV<br \/>\nEtienne Rochat, responsable de la Plateforme MS3, CHUV<\/p>\n<p><strong><em>R\u00e9sultats escompt\u00e9s<br \/>\n<\/em><\/strong>Conna\u00eetre les th\u00e8mes mobilis\u00e9s et les jeux de langage utilis\u00e9s lors des sollicitations de l\u2019accompagnante spirituelle.<br \/>\nPr\u00e9sentation du projet et de ses premiers r\u00e9sultats lors d\u2019un atelier du symposium de la Plateforme MS3 en octobre 2018.<br \/>\nPublication : article \u00ab\u00a0How do healthcare professionals construct spiritual care? A discursive analysis of referrals to spiritual caregivers\u00a0\u00bb soumis au Journal of Healthcare Chaplaincy.<\/p>\n<p>&nbsp;<\/p>\n<p><strong><br \/>\n<\/strong><strong>Int\u00e9gration d\u2019un accompagnant spirituel dans une unit\u00e9 du D\u00e9partement de m\u00e9decine (DM) du CHUV<\/strong><\/p>\n<p>Collaboration entre le DM, l\u2019Aum\u00f4nerie et la Plateforme MS3.<br \/>\nFaisabilit\u00e9 et acceptabilit\u00e9 par les membres de l\u2019\u00e9quipe interdisciplinaire d\u2019une unit\u00e9 du DM d\u2019une transmission de l\u2019accompagnant spirituel relative \u00e0 la spiritualit\u00e9 du patient \u00e0 l\u2019aide du mod\u00e8le STIV au colloque interprofessionnel quotidien.<\/p>\n<p><strong><em>Groupe de projet<br \/>\n<\/em><\/strong>Prof. Peter Vollenweider, m\u00e9decin chef au Service de m\u00e9decine interne, responsable acad\u00e9mique<br \/>\nMario Drouin, responsable de la formation \u00e0 l\u2019Aum\u00f4nerie du CHUV, accompagnant spirituel en charge du projet<br \/>\nMembres de l\u2019\u00e9quipe soignante de l\u2019Unit\u00e9 d\u2019hospitalisation du D\u00e9partement de m\u00e9decine de l\u2019h\u00f4pital de Beaumont 6<br \/>\nEtienne Rochat, responsable de la Plateforme MS3, CHUV<\/p>\n<p><strong><em>R\u00e9sultats escompt\u00e9s<br \/>\n<\/em><\/strong>Mieux conna\u00eetre l\u2019impact de l\u2019int\u00e9gration de la spiritualit\u00e9 dans le mod\u00e8le de prise en charge global des patients d\u2019une unit\u00e9 du DM.<br \/>\nRapport d\u2019activit\u00e9 automne 2019.<br \/>\nEtudes de cas.<\/p>\n<p>&nbsp;<\/p>\n<p><strong><br \/>\n<\/strong><strong>Utilisation de l\u2019ACP (approche centr\u00e9e sur la personne) dans l\u2019accompagnement spirituel<\/strong><\/p>\n<p>Collaboration entre l\u2019Aum\u00f4nerie du CHUV et la Plateforme MS3.<br \/>\nExploration d\u2019un mod\u00e8le d\u2019intervention en accompagnement spirituel inspir\u00e9 de l\u2019Approche centr\u00e9e sur la personne (ACP) de Carl R. Rogers.<br \/>\nFaisabilit\u00e9 et acceptabilit\u00e9 par les patients d\u2019un service du CHUV de l\u2019utilisation de l\u2019ACP dans l\u2019accompagnement spirituel.<\/p>\n<p><strong><em>Groupe de projet<br \/>\n<\/em><\/strong>Etienne Rochat, responsable de la Plateforme MS3, CHUV, responsable acad\u00e9mique<br \/>\nDaniel Levasseur, Aum\u00f4nerie du CHUV, accompagnant spirituel en charge du projet<br \/>\nCaroline Graap, psychologue, Service d\u2019alcoologie du CHUV<br \/>\nWeidmann Cuenoud Lise, assistante sociale, Service d\u2019alcoologie du CHUV<\/p>\n<p><strong><em>R\u00e9sultats escompt\u00e9s<br \/>\n<\/em><\/strong>Montrer qu\u2019en s\u2019annon\u00e7ant comme accompagnant spirituel (ou aum\u00f4nier), une intervention d\u00e9termin\u00e9e par l\u2019ACP am\u00e8ne la personne malade hospitalis\u00e9e\u00a01. \u00e0 nommer les d\u00e9terminants de sa dimension spirituelle, 2. \u00e0 faire savoir si cette spiritualit\u00e9 est une ressource ou non dans ce temps de maladie et d\u2019hospitalisation et 3. \u00e0 faire connaitre la mani\u00e8re dont elle utilise cette spiritualit\u00e9 comme ressource.<br \/>\nRapport d\u2019activit\u00e9 automne 2019.<br \/>\nEtudes de cas.<\/p>\n<p>&nbsp;<\/p>\n<p><strong><br \/>\n<\/strong><strong>Exploration des aspects diagnostics et pronostics et de la proc\u00e9dure d\u2019\u00e9laboration de recommandations apr\u00e8s l\u2019administration du SDAT dans plusieurs types de patient\u00e8les du CHUV<\/strong><\/p>\n<p>Collaboration entre l\u2019Aum\u00f4nerie du CHUV et la Plateforme MS3.<br \/>\nExploration de l\u2019int\u00e9r\u00eat et de la faisabilit\u00e9 de l\u2019utilisation du mod\u00e8le STIV\/SDAT, dans ses aspects diagnostics et pronostics, ainsi que de la proc\u00e9dure d\u2019\u00e9laboration de recommandations.<\/p>\n<p><strong><em>Groupe de projet<br \/>\n<\/em><\/strong>Etienne Rochat, responsable de la Plateforme MS3, CHUV, responsable acad\u00e9mique<br \/>\nGenevi\u00e8ve Spring, Aum\u00f4nerie du CHUV, accompagnante spirituelle<br \/>\nBrigitte Niquille, Aum\u00f4nerie du CHUV, accompagnante spirituelle<br \/>\nAnnie Gerber, Aum\u00f4nerie du CHUV, accompagnante spirituelle<br \/>\nEmmanuelle Maire, Aum\u00f4nerie du CHUV, accompagnante spirituelle<\/p>\n<p><strong><em>R\u00e9sultats escompt\u00e9s<br \/>\n<\/em><\/strong>Permettre aux sp\u00e9cialistes de l\u2019accompagnement spirituel d\u2019\u00e9laborer un diagnostic, un pronostic et des recommandations pour la prise en charge, relatifs \u00e0 la dimension spirituelle, de divers types de patient\u00e8les du CHUV et de les communiquer aux membres de colloques interprofessionnels.<br \/>\nRapport d\u2019activit\u00e9 automne 2019.<br \/>\nEtudes de cas.<\/p>\n","protected":false},"excerpt":{"rendered":"<p>La Plateforme MS3 d\u00e9veloppe ou collabore \u00e0 des projets cliniques sur la spiritualit\u00e9, la m\u00e9decine et les soins. Actuellement les projets cliniques visent d\u2019une part \u00e0 \u00e9laborer une meilleure collaboration entre les accompagnants spirituels de l\u2019aum\u00f4nerie du CHUV\u00a0et les \u00e9quipes<\/p>\n","protected":false},"author":1001410,"featured_media":47,"parent":17,"menu_order":0,"comment_status":"closed","ping_status":"closed","template":"","meta":{"_seopress_robots_primary_cat":"","_seopress_titles_title":"","_seopress_titles_desc":"","_seopress_robots_index":"","footnotes":""},"class_list":["post-11","page","type-page","status-publish","has-post-thumbnail"],"_links":{"self":[{"href":"https:\/\/wp.unil.ch\/ms3\/wp-json\/wp\/v2\/pages\/11","targetHints":{"allow":["GET"]}}],"collection":[{"href":"https:\/\/wp.unil.ch\/ms3\/wp-json\/wp\/v2\/pages"}],"about":[{"href":"https:\/\/wp.unil.ch\/ms3\/wp-json\/wp\/v2\/types\/page"}],"author":[{"embeddable":true,"href":"https:\/\/wp.unil.ch\/ms3\/wp-json\/wp\/v2\/users\/1001410"}],"replies":[{"embeddable":true,"href":"https:\/\/wp.unil.ch\/ms3\/wp-json\/wp\/v2\/comments?post=11"}],"version-history":[{"count":0,"href":"https:\/\/wp.unil.ch\/ms3\/wp-json\/wp\/v2\/pages\/11\/revisions"}],"up":[{"embeddable":true,"href":"https:\/\/wp.unil.ch\/ms3\/wp-json\/wp\/v2\/pages\/17"}],"wp:featuredmedia":[{"embeddable":true,"href":"https:\/\/wp.unil.ch\/ms3\/wp-json\/wp\/v2\/media\/47"}],"wp:attachment":[{"href":"https:\/\/wp.unil.ch\/ms3\/wp-json\/wp\/v2\/media?parent=11"}],"curies":[{"name":"wp","href":"https:\/\/api.w.org\/{rel}","templated":true}]}}