{"id":336,"date":"2022-12-09T10:43:29","date_gmt":"2022-12-09T09:43:29","guid":{"rendered":"https:\/\/wp.unil.ch\/moral-accounting\/?page_id=336"},"modified":"2022-12-09T10:54:18","modified_gmt":"2022-12-09T09:54:18","slug":"comptabilite-morale-a-geneve-1800-1845","status":"publish","type":"page","link":"https:\/\/wp.unil.ch\/moral-accounting\/comptabilite-morale-a-geneve-1800-1845\/","title":{"rendered":"Comptabilit\u00e9 morale \u00e0 Gen\u00e8ve (1800-1845)"},"content":{"rendered":"\n<div class=\"wp-block-query is-layout-flow wp-block-query-is-layout-flow\"><ul class=\"is-flex-container columns-3 wp-block-post-template is-layout-flow wp-block-post-template-is-layout-flow\"><li class=\"wp-block-post post-216 post type-post status-publish format-standard has-post-thumbnail category-source tag-volet3\">\n<figure style=\"width:348px;height:215px;\" class=\"wp-block-post-featured-image\"><img loading=\"lazy\" decoding=\"async\" width=\"1812\" height=\"1200\" src=\"https:\/\/wp.unil.ch\/moral-accounting\/files\/2022\/06\/Naville-XIII.jpg\" class=\"attachment-post-thumbnail size-post-thumbnail wp-post-image\" alt=\"\" style=\"height:215px;object-fit:cover;\" srcset=\"https:\/\/wp.unil.ch\/moral-accounting\/files\/2022\/06\/Naville-XIII.jpg 1812w, https:\/\/wp.unil.ch\/moral-accounting\/files\/2022\/06\/Naville-XIII-300x199.jpg 300w, https:\/\/wp.unil.ch\/moral-accounting\/files\/2022\/06\/Naville-XIII-1024x678.jpg 1024w, https:\/\/wp.unil.ch\/moral-accounting\/files\/2022\/06\/Naville-XIII-768x509.jpg 768w, https:\/\/wp.unil.ch\/moral-accounting\/files\/2022\/06\/Naville-XIII-1536x1017.jpg 1536w\" sizes=\"auto, (max-width: 1812px) 100vw, 1812px\" \/><\/figure>\n\n<div style=\"text-transform:uppercase\" class=\"taxonomy-category cat-links txt-11 wp-block-post-terms has-small-font-size\"><a href=\"https:\/\/wp.unil.ch\/moral-accounting\/category\/source\/\" rel=\"tag\">Source<\/a><\/div>\n\n<h3 class=\"entry-title wp-block-post-title has-medium-font-size\"><a href=\"https:\/\/wp.unil.ch\/moral-accounting\/journal-moral-de-1819\/\" target=\"_self\" >Journal moral de 1819<\/a><\/h3>\n\n<div class=\"posted-on wp-block-post-date has-small-font-size\"><time datetime=\"2022-06-27T09:38:53+02:00\"><a href=\"https:\/\/wp.unil.ch\/moral-accounting\/journal-moral-de-1819\/\">27 juin 2022<\/a><\/time><\/div>\n\n<div class=\"wp-block-post-excerpt\"><p class=\"wp-block-post-excerpt__excerpt\">Pour les ann\u00e9es 1819 et 1820, Fran\u00e7ois-Marc-Louis Naville (1784-1846) pasteur et Instituteur genevois con\u00e7oit deux grands journaux moraux. Apr\u00e8s plus de dix ann\u00e9es d\u2019exp\u00e9rimentation, il d\u00e9couvre le M\u00e9morial horaire de &hellip; <\/p><\/div>\n\n<a class=\"th-readmore wp-block-read-more\" href=\"https:\/\/wp.unil.ch\/moral-accounting\/journal-moral-de-1819\/\" target=\"_self\">Lire la suite<span class=\"screen-reader-text\">\u00a0: Journal moral de 1819<\/span><\/a>\n<\/li><li class=\"wp-block-post post-203 post type-post status-publish format-standard has-post-thumbnail category-source tag-volet3\">\n<figure style=\"width:348px;height:215px;\" class=\"wp-block-post-featured-image\"><img loading=\"lazy\" decoding=\"async\" width=\"1603\" height=\"1200\" src=\"https:\/\/wp.unil.ch\/moral-accounting\/files\/2022\/06\/jlv_memorial.jpg\" class=\"attachment-post-thumbnail size-post-thumbnail wp-post-image\" alt=\"\" style=\"height:215px;object-fit:cover;\" srcset=\"https:\/\/wp.unil.ch\/moral-accounting\/files\/2022\/06\/jlv_memorial.jpg 1603w, https:\/\/wp.unil.ch\/moral-accounting\/files\/2022\/06\/jlv_memorial-300x225.jpg 300w, https:\/\/wp.unil.ch\/moral-accounting\/files\/2022\/06\/jlv_memorial-1024x767.jpg 1024w, https:\/\/wp.unil.ch\/moral-accounting\/files\/2022\/06\/jlv_memorial-768x575.jpg 768w, https:\/\/wp.unil.ch\/moral-accounting\/files\/2022\/06\/jlv_memorial-1536x1150.jpg 1536w\" sizes=\"auto, (max-width: 1603px) 100vw, 1603px\" \/><\/figure>\n\n<div style=\"text-transform:uppercase\" class=\"taxonomy-category cat-links txt-11 wp-block-post-terms has-small-font-size\"><a href=\"https:\/\/wp.unil.ch\/moral-accounting\/category\/source\/\" rel=\"tag\">Source<\/a><\/div>\n\n<h3 class=\"entry-title wp-block-post-title has-medium-font-size\"><a href=\"https:\/\/wp.unil.ch\/moral-accounting\/carnet-demploi-du-temps-1815-jean-louis-vaucher\/\" target=\"_self\" >Carnet d&#8217;emploi du temps (1815) &#8211; Jean-Louis Vaucher<\/a><\/h3>\n\n<div class=\"posted-on wp-block-post-date has-small-font-size\"><time datetime=\"2022-06-27T09:34:12+02:00\"><a href=\"https:\/\/wp.unil.ch\/moral-accounting\/carnet-demploi-du-temps-1815-jean-louis-vaucher\/\">27 juin 2022<\/a><\/time><\/div>\n\n<div class=\"wp-block-post-excerpt\"><p class=\"wp-block-post-excerpt__excerpt\">Jean-Louis Vaucher (1799-1867) fut professeur de litt\u00e9rature classique \u00e0 l\u2019Acad\u00e9mie de Gen\u00e8ve de 1841 \u00e0 sa mort en 1867. D\u00e8s l\u2019ann\u00e9e 1831, il occupe la place de directeur de la &hellip; <\/p><\/div>\n\n<a class=\"th-readmore wp-block-read-more\" href=\"https:\/\/wp.unil.ch\/moral-accounting\/carnet-demploi-du-temps-1815-jean-louis-vaucher\/\" target=\"_self\">Lire la suite<span class=\"screen-reader-text\">\u00a0: Carnet d&#8217;emploi du temps (1815) &#8211; Jean-Louis Vaucher<\/span><\/a>\n<\/li><\/ul>\n\n\n\n<\/div>\n","protected":false},"excerpt":{"rendered":"","protected":false},"author":1001855,"featured_media":0,"parent":0,"menu_order":0,"comment_status":"closed","ping_status":"closed","template":"","meta":{"_seopress_robots_primary_cat":"","_seopress_titles_title":"","_seopress_titles_desc":"","_seopress_robots_index":"","footnotes":""},"class_list":["post-336","page","type-page","status-publish"],"_links":{"self":[{"href":"https:\/\/wp.unil.ch\/moral-accounting\/wp-json\/wp\/v2\/pages\/336","targetHints":{"allow":["GET"]}}],"collection":[{"href":"https:\/\/wp.unil.ch\/moral-accounting\/wp-json\/wp\/v2\/pages"}],"about":[{"href":"https:\/\/wp.unil.ch\/moral-accounting\/wp-json\/wp\/v2\/types\/page"}],"author":[{"embeddable":true,"href":"https:\/\/wp.unil.ch\/moral-accounting\/wp-json\/wp\/v2\/users\/1001855"}],"replies":[{"embeddable":true,"href":"https:\/\/wp.unil.ch\/moral-accounting\/wp-json\/wp\/v2\/comments?post=336"}],"version-history":[{"count":0,"href":"https:\/\/wp.unil.ch\/moral-accounting\/wp-json\/wp\/v2\/pages\/336\/revisions"}],"wp:attachment":[{"href":"https:\/\/wp.unil.ch\/moral-accounting\/wp-json\/wp\/v2\/media?parent=336"}],"curies":[{"name":"wp","href":"https:\/\/api.w.org\/{rel}","templated":true}]}}