{"id":330,"date":"2022-12-08T10:47:38","date_gmt":"2022-12-08T09:47:38","guid":{"rendered":"https:\/\/wp.unil.ch\/moral-accounting\/?page_id=330"},"modified":"2022-12-08T10:55:57","modified_gmt":"2022-12-08T09:55:57","slug":"advisory-board","status":"publish","type":"page","link":"https:\/\/wp.unil.ch\/moral-accounting\/equipe\/advisory-board\/","title":{"rendered":"Comit\u00e9 de recherche"},"content":{"rendered":"\n<p>Le Dr. <strong>Emmanuel Didier<\/strong> est chercheur permanent au CNRS, Centre Maurice Halbwachs, \u00e0 Paris. Il est sociologue de la statistique et sp\u00e9cialiste de l&rsquo;histoire de la recherche par sondage.<\/p>\n\n\n\n<p>La professeure <strong>Mary S. Morgan<\/strong> est professeur d&rsquo;histoire et de philosophie de l&rsquo;\u00e9conomie Albert O. Hirschman, LSE, Londres, et sp\u00e9cialiste de l&rsquo;histoire et de la philosophie de la mod\u00e9lisation et de la mesure dans les sciences sociales. La professeure Morgan a dirig\u00e9 le tr\u00e8s acclam\u00e9 projet financ\u00e9 par Leverhulme\/ESRC \u00ab\u00a0The Nature of Evidence : How Well Do &lsquo;Facts&rsquo; Travel ? (chef de projet, 2004-2009) et dirige actuellement le projet de subvention avanc\u00e9e de l&rsquo;ERC \u00ab\u00a0Narratives in Science\u00a0\u00bb.<\/p>\n\n\n\n<p>Le professeur <strong>Alexander N\u00fctzenadel<\/strong> est professeur d&rsquo;histoire \u00e9conomique \u00e0 l&rsquo;universit\u00e9 Humboldt de Berlin et coordinateur du programme prioritaire \u00ab\u00a0Exp\u00e9riences et attentes\u00a0\u00bb de la Fondation allemande pour la recherche : Fondements historiques du comportement \u00e9conomique\u00a0\u00bb (2015-2021).<\/p>\n\n\n\n<p>Le professeur <strong>Sophus Reinert<\/strong> est professeur associ\u00e9 Marvin Bower \u00e0 la Harvard Business School et sp\u00e9cialiste de l&rsquo;essor de la soci\u00e9t\u00e9 commerciale au d\u00e9but de la p\u00e9riode moderne et au si\u00e8cle des Lumi\u00e8res.<\/p>\n\n\n\n<p>Le professeur <strong>Thomas Stapleford<\/strong> est professeur associ\u00e9 en histoire des sciences \u00e0 l&rsquo;universit\u00e9 de Notre Dame, aux \u00c9tats-Unis, et sp\u00e9cialiste de l&rsquo;histoire de la statistique am\u00e9ricaine.<\/p>\n\n\n\n<p>Le professeur <strong>Chris Starmer<\/strong> est professeur d&rsquo;\u00e9conomie comportementale et exp\u00e9rimentale \u00e0 l&rsquo;universit\u00e9 de Nottingham. Il est le chercheur principal du Network for Integrated Behavioural Science, financ\u00e9 par l&rsquo;ESRC.<\/p>\n\n\n\n<p><\/p>\n","protected":false},"excerpt":{"rendered":"<p>Le Dr. Emmanuel Didier est chercheur permanent au CNRS, Centre Maurice Halbwachs, \u00e0 Paris. Il est sociologue de la statistique et sp\u00e9cialiste de l&rsquo;histoire de la recherche par sondage. La &hellip; <\/p>\n","protected":false},"author":1002463,"featured_media":0,"parent":177,"menu_order":-1,"comment_status":"closed","ping_status":"closed","template":"","meta":{"_seopress_robots_primary_cat":"","_seopress_titles_title":"","_seopress_titles_desc":"","_seopress_robots_index":"","footnotes":""},"class_list":["post-330","page","type-page","status-publish"],"_links":{"self":[{"href":"https:\/\/wp.unil.ch\/moral-accounting\/wp-json\/wp\/v2\/pages\/330","targetHints":{"allow":["GET"]}}],"collection":[{"href":"https:\/\/wp.unil.ch\/moral-accounting\/wp-json\/wp\/v2\/pages"}],"about":[{"href":"https:\/\/wp.unil.ch\/moral-accounting\/wp-json\/wp\/v2\/types\/page"}],"author":[{"embeddable":true,"href":"https:\/\/wp.unil.ch\/moral-accounting\/wp-json\/wp\/v2\/users\/1002463"}],"replies":[{"embeddable":true,"href":"https:\/\/wp.unil.ch\/moral-accounting\/wp-json\/wp\/v2\/comments?post=330"}],"version-history":[{"count":0,"href":"https:\/\/wp.unil.ch\/moral-accounting\/wp-json\/wp\/v2\/pages\/330\/revisions"}],"up":[{"embeddable":true,"href":"https:\/\/wp.unil.ch\/moral-accounting\/wp-json\/wp\/v2\/pages\/177"}],"wp:attachment":[{"href":"https:\/\/wp.unil.ch\/moral-accounting\/wp-json\/wp\/v2\/media?parent=330"}],"curies":[{"name":"wp","href":"https:\/\/api.w.org\/{rel}","templated":true}]}}