{"id":330,"date":"2022-12-08T10:47:38","date_gmt":"2022-12-08T09:47:38","guid":{"rendered":"https:\/\/wp.unil.ch\/moral-accounting\/?page_id=330"},"modified":"2022-12-08T10:55:57","modified_gmt":"2022-12-08T09:55:57","slug":"advisory-board","status":"publish","type":"page","link":"https:\/\/wp.unil.ch\/moral-accounting\/en\/equipe\/advisory-board\/","title":{"rendered":"Advisory Board"},"content":{"rendered":"<p>Dr. <strong>Emmanuel Didier<\/strong> is a permanent researcher at the CNRS, Centre Maurice Halbwachs, Paris. He is a sociologist of statistics and specialist in the history of survey research.<\/p>\n\n\n\n<p>Professor <strong>Mary S. Morgan<\/strong> is Albert O. Hirschman professor of history and philosophy of economics, LSE, London and a specialist in the history and philosophy of modelling and measurement in the social sciences. Professor Morgan directed the highly acclaimed Leverhulme\/ESRC funded project \u201cThe Nature of Evidence: How Well Do \u2018Facts\u2019 Travel?\u201d (Project Leader, 2004-9) and is currently directing the ERC Advanced Grant project \u201cNarratives in Science.\u201d<\/p>\n\n\n\n<p>Professor <strong>Alexander N\u00fctzenadel<\/strong> is a professor in economic history at the Humboldt University, Berlin, and coordinator of the German Research Foundation\u2019s Priority Program \u201cExperiences and Expectations: Historical Foundations of Economic Behaviour\u201d (2015-2021).<\/p>\n\n\n\n<p>Professor <strong>Sophus Reinert<\/strong> is the Marvin Bower associate professor at the Harvard Business School and a specialist on the rise of commercial society in the early modern period and the Enlightenment.<\/p>\n\n\n\n<p>Professor <strong>Thomas Stapleford<\/strong> est professeur associ\u00e9 en histoire des sciences \u00e0 l&rsquo;universit\u00e9 de Notre Dame, aux \u00c9tats-Unis, et sp\u00e9cialiste de l&rsquo;histoire de la statistique am\u00e9ricaine.<\/p>\n\n\n\n<p>Professor <strong>Chris Starmer<\/strong> is a professor in behavioural and experimental economics at the University of Nottingham. He is PI of the ESRC funded Network for Integrated Behavioural Science.<\/p>\n\n\n\n<p><\/p>","protected":false},"excerpt":{"rendered":"<p>Le Dr. Emmanuel Didier est chercheur permanent au CNRS, Centre Maurice Halbwachs, \u00e0 Paris. Il est sociologue de la statistique et sp\u00e9cialiste de l&rsquo;histoire de la recherche par sondage. La &hellip; <\/p>","protected":false},"author":1002463,"featured_media":0,"parent":177,"menu_order":-1,"comment_status":"closed","ping_status":"closed","template":"","meta":{"_seopress_robots_primary_cat":"","_seopress_titles_title":"","_seopress_titles_desc":"","_seopress_robots_index":"","footnotes":""},"class_list":["post-330","page","type-page","status-publish"],"_links":{"self":[{"href":"https:\/\/wp.unil.ch\/moral-accounting\/en\/wp-json\/wp\/v2\/pages\/330","targetHints":{"allow":["GET"]}}],"collection":[{"href":"https:\/\/wp.unil.ch\/moral-accounting\/en\/wp-json\/wp\/v2\/pages"}],"about":[{"href":"https:\/\/wp.unil.ch\/moral-accounting\/en\/wp-json\/wp\/v2\/types\/page"}],"author":[{"embeddable":true,"href":"https:\/\/wp.unil.ch\/moral-accounting\/en\/wp-json\/wp\/v2\/users\/1002463"}],"replies":[{"embeddable":true,"href":"https:\/\/wp.unil.ch\/moral-accounting\/en\/wp-json\/wp\/v2\/comments?post=330"}],"version-history":[{"count":0,"href":"https:\/\/wp.unil.ch\/moral-accounting\/en\/wp-json\/wp\/v2\/pages\/330\/revisions"}],"up":[{"embeddable":true,"href":"https:\/\/wp.unil.ch\/moral-accounting\/en\/wp-json\/wp\/v2\/pages\/177"}],"wp:attachment":[{"href":"https:\/\/wp.unil.ch\/moral-accounting\/en\/wp-json\/wp\/v2\/media?parent=330"}],"curies":[{"name":"wp","href":"https:\/\/api.w.org\/{rel}","templated":true}]}}