{"id":289,"date":"2022-10-17T15:09:32","date_gmt":"2022-10-17T13:09:32","guid":{"rendered":"https:\/\/wp.unil.ch\/moral-accounting\/?page_id=289"},"modified":"2022-10-24T14:22:52","modified_gmt":"2022-10-24T12:22:52","slug":"chercheur-ses-affilie-es","status":"publish","type":"page","link":"https:\/\/wp.unil.ch\/moral-accounting\/en\/equipe\/chercheur-ses-affilie-es\/","title":{"rendered":"Chercheur.ses affili\u00e9.es"},"content":{"rendered":"<div class=\"wp-block-columns is-layout-flex wp-container-core-columns-is-layout-9d6595d7 wp-block-columns-is-layout-flex\">\n<div class=\"wp-block-column is-layout-flow wp-block-column-is-layout-flow\" style=\"flex-basis:33.34%\"><div class=\"wp-block-image is-style-rounded\">\n<figure class=\"alignleft size-thumbnail\"><img alt=\"\" loading=\"lazy\" decoding=\"async\" width=\"140\" height=\"150\" src=\"https:\/\/wp.unil.ch\/moral-accounting\/files\/2022\/10\/image001-1-140x150.jpg\" class=\"wp-image-299\" \/><\/figure>\n<\/div><\/div>\n\n\n\n<div class=\"wp-block-column is-layout-flow wp-block-column-is-layout-flow\" style=\"flex-basis:33.34%\"><div class=\"wp-block-image is-style-rounded\">\n<figure class=\"alignleft size-thumbnail\"><img alt=\"\" loading=\"lazy\" decoding=\"async\" width=\"150\" height=\"150\" src=\"https:\/\/wp.unil.ch\/moral-accounting\/files\/2022\/10\/David-Philippy-1-150x150.jpg\" class=\"wp-image-307\" srcset=\"https:\/\/wp.unil.ch\/moral-accounting\/files\/2022\/10\/David-Philippy-1-150x150.jpg 150w, https:\/\/wp.unil.ch\/moral-accounting\/files\/2022\/10\/David-Philippy-1-300x300.jpg 300w, https:\/\/wp.unil.ch\/moral-accounting\/files\/2022\/10\/David-Philippy-1-12x12.jpg 12w, https:\/\/wp.unil.ch\/moral-accounting\/files\/2022\/10\/David-Philippy-1.jpg 512w\" sizes=\"auto, (max-width: 150px) 100vw, 150px\" \/><\/figure>\n<\/div><\/div>\n\n\n\n<div class=\"wp-block-column is-layout-flow wp-block-column-is-layout-flow\" style=\"flex-basis:33.33%\"><\/div>\n<\/div>\n\n\n\n<div class=\"wp-block-group\"><div class=\"wp-block-group__inner-container is-layout-flow wp-block-group-is-layout-flow\">\n<div class=\"wp-block-columns is-layout-flex wp-container-core-columns-is-layout-9d6595d7 wp-block-columns-is-layout-flex\">\n<div class=\"wp-block-column is-layout-flow wp-block-column-is-layout-flow\" style=\"flex-basis:100%\">\n<div class=\"wp-block-columns are-vertically-aligned-top is-layout-flex wp-container-core-columns-is-layout-9d6595d7 wp-block-columns-is-layout-flex\">\n<div class=\"wp-block-column is-vertically-aligned-top is-layout-flow wp-block-column-is-layout-flow\" style=\"flex-basis:100%\">\n<div class=\"wp-block-columns is-layout-flex wp-container-core-columns-is-layout-9d6595d7 wp-block-columns-is-layout-flex\">\n<div class=\"wp-block-column is-layout-flow wp-block-column-is-layout-flow\" style=\"flex-basis:100%\">\n<div class=\"wp-block-columns is-layout-flex wp-container-core-columns-is-layout-9d6595d7 wp-block-columns-is-layout-flex\">\n<div class=\"wp-block-column is-vertically-aligned-top is-layout-flow wp-block-column-is-layout-flow\" style=\"flex-basis:33.34%\">\n<p><strong>Eleonora Buono<\/strong> is postdoctoral fellow at the Laboratoire SPH, at the University of Bordeaux and Bordeaux-Montaigne. Her PhD dissertation on William Stanley Jevons's thought, completed at the University of Bologna, was awarded the prize for the best dissertation in the history of economic thought by the AISPE. Her current research aims at exploring how the concept of character was theorized in nineteenth-century British philosophy. Her research focuses on James's and John Stuart Mill's works, to understand how they conceived of the concept of character and which virtues of character they fostered.<\/p>\n<\/div>\n\n\n\n<div class=\"wp-block-column is-layout-flow wp-block-column-is-layout-flow\" style=\"flex-basis:33.34%\">\n<p><strong>David Philippy <\/strong>is an historian of economics, currently a postdoc fellow researcher at CY Cergy Paris University (AGORA center) and an associate member of the Walras-Pareto Centre. He holds a PhD in economics from the University of Lausanne (title of the dissertation: \u201cThe World Behind the Demand Curve: A History of the Economics of Consumption in the US, 1885-1934\u201d). His research mainly focuses on the history of the field called \u201cthe economics of consumption\u201d in the early 20th century US, with a particular emphasis on the crucial role played by the American home economics movement and female institutionalist economists. In his ongoing postdoc research project \u201cEconomists in the Household: A Study of American Consumption after 1923,\u201d he is interested in the epistemological debates that followed the publication of Hazel Kyrk\u2019s famous Theory of Consumption to understand how the economics of consumption transformed in the inter-war and how it shaped our modern representation of consumer\u2019s sovereignty. His latest publication \u201cEllen Richards\u2019s Home Economics Movement and the Birth of the Economics of Consumption\u201d has been published in 2021 in the Journal of the History of Economic Thought (https:\/\/doi.org\/10.1017\/S1053837220000115).<\/p>\n<\/div>\n\n\n\n<div class=\"wp-block-column is-layout-flow wp-block-column-is-layout-flow\" style=\"flex-basis:33.33%\"><\/div>\n<\/div>\n<\/div>\n<\/div>\n<\/div>\n<\/div>\n<\/div>\n<\/div>\n<\/div><\/div>\n\n\n\n<p><\/p>\n\n\n\n<p><\/p>","protected":false},"excerpt":{"rendered":"<p>Eleonora Buono est post-doctorante au Laboratoire SPH de l&rsquo;Universit\u00e9 de Bordeaux et de Bordeaux-Montaigne. Sa th\u00e8se de doctorat sur la pens\u00e9e de William Stanley Jevons, r\u00e9alis\u00e9e \u00e0 l&rsquo;Universit\u00e9 de Bologne, &hellip; <\/p>","protected":false},"author":1002463,"featured_media":0,"parent":177,"menu_order":-1,"comment_status":"closed","ping_status":"closed","template":"","meta":{"_seopress_robots_primary_cat":"","_seopress_titles_title":"","_seopress_titles_desc":"","_seopress_robots_index":"","footnotes":""},"class_list":["post-289","page","type-page","status-publish"],"_links":{"self":[{"href":"https:\/\/wp.unil.ch\/moral-accounting\/en\/wp-json\/wp\/v2\/pages\/289","targetHints":{"allow":["GET"]}}],"collection":[{"href":"https:\/\/wp.unil.ch\/moral-accounting\/en\/wp-json\/wp\/v2\/pages"}],"about":[{"href":"https:\/\/wp.unil.ch\/moral-accounting\/en\/wp-json\/wp\/v2\/types\/page"}],"author":[{"embeddable":true,"href":"https:\/\/wp.unil.ch\/moral-accounting\/en\/wp-json\/wp\/v2\/users\/1002463"}],"replies":[{"embeddable":true,"href":"https:\/\/wp.unil.ch\/moral-accounting\/en\/wp-json\/wp\/v2\/comments?post=289"}],"version-history":[{"count":0,"href":"https:\/\/wp.unil.ch\/moral-accounting\/en\/wp-json\/wp\/v2\/pages\/289\/revisions"}],"up":[{"embeddable":true,"href":"https:\/\/wp.unil.ch\/moral-accounting\/en\/wp-json\/wp\/v2\/pages\/177"}],"wp:attachment":[{"href":"https:\/\/wp.unil.ch\/moral-accounting\/en\/wp-json\/wp\/v2\/media?parent=289"}],"curies":[{"name":"wp","href":"https:\/\/api.w.org\/{rel}","templated":true}]}}