{"id":189,"date":"2022-06-27T09:25:48","date_gmt":"2022-06-27T07:25:48","guid":{"rendered":"https:\/\/wp.unil.ch\/moral-accounting\/?page_id=189"},"modified":"2022-10-17T14:31:43","modified_gmt":"2022-10-17T12:31:43","slug":"sources","status":"publish","type":"page","link":"https:\/\/wp.unil.ch\/moral-accounting\/en\/sources\/","title":{"rendered":"Sources"},"content":{"rendered":"<div class=\"wp-block-columns is-layout-flex wp-container-core-columns-is-layout-9d6595d7 wp-block-columns-is-layout-flex\">\n<div class=\"wp-block-column is-layout-flow wp-block-column-is-layout-flow\" style=\"flex-basis:25%\">\n<h3 class=\"has-text-align-right wp-block-heading\">Home Economics in the US (1870-1930)<\/h3>\n<\/div>\n\n\n\n<div class=\"wp-block-column is-layout-flow wp-block-column-is-layout-flow\" style=\"flex-basis:66.66%\">\n<div class=\"wp-block-query is-layout-flow wp-block-query-is-layout-flow\"><ul class=\"wp-block-post-template is-layout-flow wp-block-post-template-is-layout-flow\"><li class=\"wp-block-post post-200 post type-post status-publish format-standard has-post-thumbnail category-source tag-volet1\">\n\n<div class=\"wp-block-columns alignwide is-layout-flex wp-container-core-columns-is-layout-9d6595d7 wp-block-columns-is-layout-flex\">\n<div class=\"wp-block-column is-layout-flow wp-block-column-is-layout-flow\" style=\"flex-basis:25%\"><figure class=\"wp-block-post-featured-image\"><a href=\"https:\/\/wp.unil.ch\/moral-accounting\/en\/la-petite-maison-dans-la-prairie-1953-laura-ingalls-wilder\/\" target=\"_self\"  ><img loading=\"lazy\" decoding=\"async\" width=\"845\" height=\"848\" src=\"https:\/\/wp.unil.ch\/moral-accounting\/files\/2022\/06\/littlehouseinthebigwoods.jpg\" class=\"attachment-post-thumbnail size-post-thumbnail wp-post-image\" alt=\"La Petite maison dans la Prairie (1953) &#8211; Laura Ingalls Wilder\" style=\"object-fit:cover;\" srcset=\"https:\/\/wp.unil.ch\/moral-accounting\/files\/2022\/06\/littlehouseinthebigwoods.jpg 845w, https:\/\/wp.unil.ch\/moral-accounting\/files\/2022\/06\/littlehouseinthebigwoods-300x300.jpg 300w, https:\/\/wp.unil.ch\/moral-accounting\/files\/2022\/06\/littlehouseinthebigwoods-150x150.jpg 150w, https:\/\/wp.unil.ch\/moral-accounting\/files\/2022\/06\/littlehouseinthebigwoods-768x771.jpg 768w\" sizes=\"auto, (max-width: 845px) 100vw, 845px\" \/><\/a><\/figure><\/div>\n\n\n\n<div class=\"wp-block-column is-layout-flow wp-block-column-is-layout-flow\"><h2 class=\"wp-block-post-title\"><a href=\"https:\/\/wp.unil.ch\/moral-accounting\/en\/la-petite-maison-dans-la-prairie-1953-laura-ingalls-wilder\/\" target=\"_self\" >Little House in the Big Woods (1953) - Laura Ingalls Wilder<\/a><\/h2>\n\n<div class=\"wp-block-post-excerpt\"><p class=\"wp-block-post-excerpt__excerpt\">Garth Williams (American, 1912-1996), \u201cA Trip to the Store\u201d, in Little House in the Big Woods (Laura Ingalls Wilder), 1953. A moral management of household money The mercantile, a place ... <\/p><\/div><\/div>\n<\/div>\n\n<\/li><\/ul><\/div>\n\n\n\n<p><a href=\"\/moral-accounting\/en\/tag\/volet1\/\">See all sources <\/a><\/p>\n<\/div>\n<\/div>\n\n\n\n<hr class=\"wp-block-separator has-text-color has-black-color has-css-opacity has-black-background-color has-background is-style-dots\" \/>\n\n\n\n<div class=\"wp-block-columns is-layout-flex wp-container-core-columns-is-layout-9d6595d7 wp-block-columns-is-layout-flex\">\n<div class=\"wp-block-column is-layout-flow wp-block-column-is-layout-flow\" style=\"flex-basis:25%\">\n<h3 class=\"has-text-align-right wp-block-heading\">Moral Accounting in the Victorian Period (1830-1880)<\/h3>\n<\/div>\n\n\n\n<div class=\"wp-block-column is-layout-flow wp-block-column-is-layout-flow\" style=\"flex-basis:66.66%\">\n<div class=\"wp-block-query is-layout-flow wp-block-query-is-layout-flow\"><ul class=\"wp-block-post-template is-layout-flow wp-block-post-template-is-layout-flow\"><li class=\"wp-block-post post-213 post type-post status-publish format-standard has-post-thumbnail category-source tag-volet2\">\n\n<div class=\"wp-block-columns alignwide is-layout-flex wp-container-core-columns-is-layout-9d6595d7 wp-block-columns-is-layout-flex\">\n<div class=\"wp-block-column is-layout-flow wp-block-column-is-layout-flow\" style=\"flex-basis:25%\"><figure class=\"wp-block-post-featured-image\"><a href=\"https:\/\/wp.unil.ch\/moral-accounting\/en\/art-of-virtue-benjamin-franklin\/\" target=\"_self\"  ><img loading=\"lazy\" decoding=\"async\" width=\"358\" height=\"502\" src=\"https:\/\/wp.unil.ch\/moral-accounting\/files\/2022\/06\/benjamin_fanklin_temperance.png\" class=\"attachment-post-thumbnail size-post-thumbnail wp-post-image\" alt=\"Art of Virtue &#8211; Benjamin Franklin\" style=\"object-fit:cover;\" srcset=\"https:\/\/wp.unil.ch\/moral-accounting\/files\/2022\/06\/benjamin_fanklin_temperance.png 358w, https:\/\/wp.unil.ch\/moral-accounting\/files\/2022\/06\/benjamin_fanklin_temperance-214x300.png 214w\" sizes=\"auto, (max-width: 358px) 100vw, 358px\" \/><\/a><\/figure><\/div>\n\n\n\n<div class=\"wp-block-column is-layout-flow wp-block-column-is-layout-flow\"><h2 class=\"wp-block-post-title\"><a href=\"https:\/\/wp.unil.ch\/moral-accounting\/en\/art-of-virtue-benjamin-franklin\/\" target=\"_self\" >Art of Virtue &#8211; Benjamin Franklin<\/a><\/h2>\n\n<div class=\"wp-block-post-excerpt\"><p class=\"wp-block-post-excerpt__excerpt\">A famous example of a moral accounting grid stems from Benjamin Franklin\u2019s Art of Virtue. Franklin\u2019s Art of Virtue relied on a tracking device that registers moral progress in terms of self-control ... <\/p><\/div><\/div>\n<\/div>\n\n<\/li><\/ul><\/div>\n\n\n\n<p><a href=\"\/moral-accounting\/en\/tag\/volet2\/\">See all sources <\/a><\/p>\n<\/div>\n<\/div>\n\n\n\n<hr class=\"wp-block-separator has-text-color has-black-color has-css-opacity has-black-background-color has-background is-style-dots\" \/>\n\n\n\n<div class=\"wp-block-columns is-layout-flex wp-container-core-columns-is-layout-9d6595d7 wp-block-columns-is-layout-flex\">\n<div class=\"wp-block-column is-layout-flow wp-block-column-is-layout-flow\" style=\"flex-basis:25%\">\n<h3 class=\"has-text-align-right wp-block-heading\">Moral Accounting in Geneva (1800-1845)<\/h3>\n<\/div>\n\n\n\n<div class=\"wp-block-column is-layout-flow wp-block-column-is-layout-flow\" style=\"flex-basis:66.66%\">\n<div class=\"wp-block-query is-layout-flow wp-block-query-is-layout-flow\"><ul class=\"wp-block-post-template is-layout-flow wp-block-post-template-is-layout-flow\"><li class=\"wp-block-post post-216 post type-post status-publish format-standard has-post-thumbnail category-source tag-volet3\">\n\n<div class=\"wp-block-columns alignwide is-layout-flex wp-container-core-columns-is-layout-9d6595d7 wp-block-columns-is-layout-flex\">\n<div class=\"wp-block-column is-layout-flow wp-block-column-is-layout-flow\" style=\"flex-basis:25%\"><figure class=\"wp-block-post-featured-image\"><a href=\"https:\/\/wp.unil.ch\/moral-accounting\/en\/journal-moral-de-1819\/\" target=\"_self\"  ><img loading=\"lazy\" decoding=\"async\" width=\"1812\" height=\"1200\" src=\"https:\/\/wp.unil.ch\/moral-accounting\/files\/2022\/06\/Naville-XIII.jpg\" class=\"attachment-post-thumbnail size-post-thumbnail wp-post-image\" alt=\"Journal moral de 1819\" style=\"object-fit:cover;\" srcset=\"https:\/\/wp.unil.ch\/moral-accounting\/files\/2022\/06\/Naville-XIII.jpg 1812w, https:\/\/wp.unil.ch\/moral-accounting\/files\/2022\/06\/Naville-XIII-300x199.jpg 300w, https:\/\/wp.unil.ch\/moral-accounting\/files\/2022\/06\/Naville-XIII-1024x678.jpg 1024w, https:\/\/wp.unil.ch\/moral-accounting\/files\/2022\/06\/Naville-XIII-768x509.jpg 768w, https:\/\/wp.unil.ch\/moral-accounting\/files\/2022\/06\/Naville-XIII-1536x1017.jpg 1536w\" sizes=\"auto, (max-width: 1812px) 100vw, 1812px\" \/><\/a><\/figure><\/div>\n\n\n\n<div class=\"wp-block-column is-layout-flow wp-block-column-is-layout-flow\"><h2 class=\"wp-block-post-title\"><a href=\"https:\/\/wp.unil.ch\/moral-accounting\/en\/journal-moral-de-1819\/\" target=\"_self\" >Moral diary of 1819<\/a><\/h2>\n\n<div class=\"wp-block-post-excerpt\"><p class=\"wp-block-post-excerpt__excerpt\">For the years 1819 and 1820, Fran\u00e7ois-Marc-Louis Naville (1784-1846), a pastor and schoolteacher from Geneva, conceived two major moral diaries. After more than ten years of experimentation, he discovered the <em>M\u00e9morial horaire<\/em> by ... <\/p><\/div><\/div>\n<\/div>\n\n<\/li><\/ul><\/div>\n\n\n\n<p><a href=\"\/moral-accounting\/en\/tag\/volet3\/\">See all sources <\/a><\/p>\n<\/div>\n<\/div>","protected":false},"excerpt":{"rendered":"<p>Economie domestique aux Etats-Unis (1870-1930) Voir toutes les sources La comptabilit\u00e9 morale durant l&rsquo;\u00e9poque victorienne (1830-1880) Voir toutes les sources Comptabilit\u00e9 morale \u00e0 Gen\u00e8ve (1800-1845) Voir toutes les sources<\/p>","protected":false},"author":1001855,"featured_media":0,"parent":0,"menu_order":0,"comment_status":"closed","ping_status":"closed","template":"","meta":{"_seopress_robots_primary_cat":"","_seopress_titles_title":"","_seopress_titles_desc":"","_seopress_robots_index":"","footnotes":""},"class_list":["post-189","page","type-page","status-publish"],"_links":{"self":[{"href":"https:\/\/wp.unil.ch\/moral-accounting\/en\/wp-json\/wp\/v2\/pages\/189","targetHints":{"allow":["GET"]}}],"collection":[{"href":"https:\/\/wp.unil.ch\/moral-accounting\/en\/wp-json\/wp\/v2\/pages"}],"about":[{"href":"https:\/\/wp.unil.ch\/moral-accounting\/en\/wp-json\/wp\/v2\/types\/page"}],"author":[{"embeddable":true,"href":"https:\/\/wp.unil.ch\/moral-accounting\/en\/wp-json\/wp\/v2\/users\/1001855"}],"replies":[{"embeddable":true,"href":"https:\/\/wp.unil.ch\/moral-accounting\/en\/wp-json\/wp\/v2\/comments?post=189"}],"version-history":[{"count":0,"href":"https:\/\/wp.unil.ch\/moral-accounting\/en\/wp-json\/wp\/v2\/pages\/189\/revisions"}],"wp:attachment":[{"href":"https:\/\/wp.unil.ch\/moral-accounting\/en\/wp-json\/wp\/v2\/media?parent=189"}],"curies":[{"name":"wp","href":"https:\/\/api.w.org\/{rel}","templated":true}]}}