{"id":186,"date":"2022-06-27T09:25:17","date_gmt":"2022-06-27T07:25:17","guid":{"rendered":"https:\/\/wp.unil.ch\/moral-accounting\/?page_id=186"},"modified":"2022-11-17T13:24:23","modified_gmt":"2022-11-17T12:24:23","slug":"publications-activites","status":"publish","type":"page","link":"https:\/\/wp.unil.ch\/moral-accounting\/en\/publications-activites\/","title":{"rendered":"Publications \/ Activities"},"content":{"rendered":"<div class=\"wp-block-columns is-layout-flex wp-container-core-columns-is-layout-9d6595d7 wp-block-columns-is-layout-flex\">\n<div class=\"wp-block-column is-layout-flow wp-block-column-is-layout-flow\" style=\"flex-basis:75%\">\n<h2 class=\"wp-block-heading\">Publications<\/h2>\n<\/div>\n\n\n\n<div class=\"wp-block-column is-layout-flow wp-block-column-is-layout-flow\" style=\"flex-basis:200px\"><\/div>\n\n\n\n<div class=\"wp-block-column is-layout-flow wp-block-column-is-layout-flow\" style=\"flex-basis:75%\">\n<h2 class=\"wp-block-heading\">Activities<\/h2>\n<\/div>\n<\/div>\n\n\n\n<div class=\"wp-block-columns is-layout-flex wp-container-core-columns-is-layout-9d6595d7 wp-block-columns-is-layout-flex\">\n<div class=\"wp-block-column is-layout-flow wp-block-column-is-layout-flow\" style=\"flex-basis:75%\"><ul class=\"wp-block-latest-posts__list has-dates wp-block-latest-posts\"><li><a class=\"wp-block-latest-posts__post-title\" href=\"https:\/\/wp.unil.ch\/moral-accounting\/en\/harro-maas-true-grid-three-case-studies-of-moral-accounting\/\">Harro Maas, True Grid: Three case Studies of Moral Accounting<\/a><time datetime=\"2022-11-17T13:10:32+01:00\" class=\"wp-block-latest-posts__post-date\">17 November 2022<\/time><div class=\"wp-block-latest-posts__post-excerpt\">Abstract: This article examines and compares three grids that were designed to serve explicit moral accounting goals: the calculation and improvement of character. The examples... <\/div><\/li>\n<li><a class=\"wp-block-latest-posts__post-title\" href=\"https:\/\/wp.unil.ch\/moral-accounting\/en\/harro-maas-letts-calculate-moral-accounting-in-the-victorian-period\/\">Harro Maas, Lett&rsquo;s Calculate. Moral Accounting in the Victorian Period<\/a><time datetime=\"2022-11-17T13:01:43+01:00\" class=\"wp-block-latest-posts__post-date\">17 November 2022<\/time><div class=\"wp-block-latest-posts__post-excerpt\">Abstract: This essay examines the importance of an accounting culture for the rise of marginalism in Victorian England. I trace the use of accounting tools in family and private life to fend off... <\/div><\/li>\n<li><a class=\"wp-block-latest-posts__post-title\" href=\"https:\/\/wp.unil.ch\/moral-accounting\/en\/article-dans-une-revue\/\">Harro Maas, Monitoring the self: Fran\u00e7ois-Marc-Louis Naville and his moral tables<\/a><time datetime=\"2022-06-27T09:42:22+02:00\" class=\"wp-block-latest-posts__post-date\">27 June 2022<\/time><div class=\"wp-block-latest-posts__post-excerpt\">Abstract : This paper examines the self-measurement and self-tracking practices of a turn-of-the nineteenth-century Genevese pastor and pedagogical innovator, Fran\u00e7ois-Marc-Louis Naville, who extensively used Benjamin Franklin\u2019s tools of moral calculation... <\/div><\/li>\n<\/ul><\/div>\n\n\n\n<div class=\"wp-block-column is-layout-flow wp-block-column-is-layout-flow\" style=\"flex-basis:200px\"><\/div>\n\n\n\n<div class=\"wp-block-column is-layout-flow wp-block-column-is-layout-flow\" style=\"flex-basis:75%\">\n<p class=\"has-text-align-left\"><a href=\"https:\/\/wp.unil.ch\/moral-accounting\/en\/21-11-2022-sophie-cras-leconomie-au-musee-une-histoire-des-savoirs-economiques-exposes-xixe-xxie-siecle\/\">21.11.2022 \u2013 Sophie Cras, \u00ab&nbsp;L\u2019\u00e9conomie au mus\u00e9e. Une histoire des savoirs \u00e9conomiques expos\u00e9s (XIXe-XXIe si\u00e8cle)&nbsp;\u00bb<\/a>17 novembre 2022Nous avons le plaisir d\u2019accueillir Sophie Cras pour le premier s\u00e9minaire de cette ann\u00e9e acad\u00e9mique. Sophie Cras pr\u00e9sentera ses recherches r\u00e9centes sur \u00ab&nbsp;L\u2019\u00e9conomie au mus\u00e9e. Une histoire des savoirs \u00e9conomiques \u2026<\/p>\n<\/div>\n<\/div>","protected":false},"excerpt":{"rendered":"<p>Publications Activit\u00e9s 21.11.2022 \u2013 Sophie Cras, \u00ab&nbsp;L\u2019\u00e9conomie au mus\u00e9e. Une histoire des savoirs \u00e9conomiques expos\u00e9s (XIXe-XXIe si\u00e8cle)&nbsp;\u00bb17 novembre 2022Nous avons le plaisir d\u2019accueillir Sophie Cras pour le premier s\u00e9minaire de &hellip; <\/p>","protected":false},"author":1001855,"featured_media":0,"parent":0,"menu_order":0,"comment_status":"closed","ping_status":"closed","template":"","meta":{"_seopress_robots_primary_cat":"","_seopress_titles_title":"","_seopress_titles_desc":"","_seopress_robots_index":"","footnotes":""},"class_list":["post-186","page","type-page","status-publish"],"_links":{"self":[{"href":"https:\/\/wp.unil.ch\/moral-accounting\/en\/wp-json\/wp\/v2\/pages\/186","targetHints":{"allow":["GET"]}}],"collection":[{"href":"https:\/\/wp.unil.ch\/moral-accounting\/en\/wp-json\/wp\/v2\/pages"}],"about":[{"href":"https:\/\/wp.unil.ch\/moral-accounting\/en\/wp-json\/wp\/v2\/types\/page"}],"author":[{"embeddable":true,"href":"https:\/\/wp.unil.ch\/moral-accounting\/en\/wp-json\/wp\/v2\/users\/1001855"}],"replies":[{"embeddable":true,"href":"https:\/\/wp.unil.ch\/moral-accounting\/en\/wp-json\/wp\/v2\/comments?post=186"}],"version-history":[{"count":0,"href":"https:\/\/wp.unil.ch\/moral-accounting\/en\/wp-json\/wp\/v2\/pages\/186\/revisions"}],"wp:attachment":[{"href":"https:\/\/wp.unil.ch\/moral-accounting\/en\/wp-json\/wp\/v2\/media?parent=186"}],"curies":[{"name":"wp","href":"https:\/\/api.w.org\/{rel}","templated":true}]}}