{"id":177,"date":"2022-06-27T09:24:36","date_gmt":"2022-06-27T07:24:36","guid":{"rendered":"https:\/\/wp.unil.ch\/moral-accounting\/?page_id=177"},"modified":"2022-06-27T09:40:51","modified_gmt":"2022-06-27T07:40:51","slug":"equipe","status":"publish","type":"page","link":"https:\/\/wp.unil.ch\/moral-accounting\/en\/equipe\/","title":{"rendered":"Team"},"content":{"rendered":"<p><\/p>\n\n\n\n<div class=\"wp-block-columns is-layout-flex wp-container-core-columns-is-layout-9d6595d7 wp-block-columns-is-layout-flex\">\n<div class=\"wp-block-column is-layout-flow wp-block-column-is-layout-flow\">\n<figure class=\"wp-block-image size-thumbnail is-style-rounded\"><img alt=\"\" loading=\"lazy\" decoding=\"async\" width=\"150\" height=\"150\" src=\"https:\/\/wp.unil.ch\/moral-accounting\/files\/2022\/06\/hmaas-150x150.jpg\" class=\"wp-image-178\" srcset=\"https:\/\/wp.unil.ch\/moral-accounting\/files\/2022\/06\/hmaas-150x150.jpg 150w, https:\/\/wp.unil.ch\/moral-accounting\/files\/2022\/06\/hmaas-300x300.jpg 300w, https:\/\/wp.unil.ch\/moral-accounting\/files\/2022\/06\/hmaas-1024x1024.jpg 1024w, https:\/\/wp.unil.ch\/moral-accounting\/files\/2022\/06\/hmaas-768x767.jpg 768w, https:\/\/wp.unil.ch\/moral-accounting\/files\/2022\/06\/hmaas.jpg 1201w\" sizes=\"auto, (max-width: 150px) 100vw, 150px\" \/><\/figure>\n\n\n\n<p class=\"translation-block\"><strong>Harro Maas<\/strong> is Professor in History of Economics at the Walras-Pareto Center for the History of Economic and Political Thought at the University of Lausanne. He has published extensively on economic history from the Victorian period to the present day, focusing on methodological and epistemological issues. As principal investigator of the SNSF project \"Moral Accounting Matters: A history of behavioral governance, 1800-1940\", he is currently interested in how ordinary accounting tools, such as daily planners, have co-produced and rationalized consumer behavior.<\/p>\n\n\n\n<p><\/p>\n<\/div>\n\n\n\n<div class=\"wp-block-column is-layout-flow wp-block-column-is-layout-flow\">\n<figure class=\"wp-block-image size-thumbnail is-style-rounded\"><img alt=\"\" loading=\"lazy\" decoding=\"async\" width=\"150\" height=\"150\" src=\"https:\/\/wp.unil.ch\/moral-accounting\/files\/2022\/06\/vwibautlepallac-150x150.jpg\" class=\"wp-image-179\" srcset=\"https:\/\/wp.unil.ch\/moral-accounting\/files\/2022\/06\/vwibautlepallac-150x150.jpg 150w, https:\/\/wp.unil.ch\/moral-accounting\/files\/2022\/06\/vwibautlepallac-300x300.jpg 300w, https:\/\/wp.unil.ch\/moral-accounting\/files\/2022\/06\/vwibautlepallac-768x768.jpg 768w, https:\/\/wp.unil.ch\/moral-accounting\/files\/2022\/06\/vwibautlepallac.jpg 853w\" sizes=\"auto, (max-width: 150px) 100vw, 150px\" \/><\/figure>\n\n\n\n<p class=\"translation-block\"><strong>Virgil Wibaut-Le Pallac<\/strong> is an SNSF doctoral student at the University of Lausanne, working at the Walras-Pareto Center within the Institute of Political Studies. He is part of the SNSF project of Professor Harro Maas (Unil, CWP), <em>Moral accounting matters<\/em>. His research focuses on the moral uses of economic tools - graphs, accounting tables or budgets - such as the <em>M\u00e9morial horaire<\/em> of Marc-Antoine Jullien (1775-1848), in Geneva between 1796 and 1846. Combining the approach of material history and behavioral studies with a microhistorical analysis of practices and the interaction between the individual and his environment, his problematic poses the question: how do objects allow to modify behavior?<\/p>\n<\/div>\n\n\n\n<div class=\"wp-block-column is-layout-flow wp-block-column-is-layout-flow\">\n<figure class=\"wp-block-image size-thumbnail is-style-rounded\"><img alt=\"\" loading=\"lazy\" decoding=\"async\" width=\"150\" height=\"150\" src=\"https:\/\/wp.unil.ch\/moral-accounting\/files\/2022\/06\/gsoudan-150x150.jpg\" class=\"wp-image-180\" srcset=\"https:\/\/wp.unil.ch\/moral-accounting\/files\/2022\/06\/gsoudan-150x150.jpg 150w, https:\/\/wp.unil.ch\/moral-accounting\/files\/2022\/06\/gsoudan-300x300.jpg 300w, https:\/\/wp.unil.ch\/moral-accounting\/files\/2022\/06\/gsoudan-1024x1024.jpg 1024w, https:\/\/wp.unil.ch\/moral-accounting\/files\/2022\/06\/gsoudan-768x768.jpg 768w, https:\/\/wp.unil.ch\/moral-accounting\/files\/2022\/06\/gsoudan.jpg 1200w\" sizes=\"auto, (max-width: 150px) 100vw, 150px\" \/><\/figure>\n\n\n\n<p class=\"translation-block\"><strong>Gabrielle Soudan<\/strong> is an SNSF doctoral student at the Institute of Political Studies of the University of Lausanne and a member of the Walras Pareto Center for Interdisciplinary Studies of Economic and Political Thought. In the framework of the SNSF project <em>Moral Accounting Matters<\/em> led by Professor Harro Maas, she is working on her doctoral dissertation on the moral and patriotic management of American housewives' household accounts in the Progressive Era (1890-1942). Her research is rooted in the analysis of an everyday life with multiple practices and objects, ranging from women's newspapers to account books to best-selling <em>Home Economics Movement<\/em>, which are used to train young girls and later, housewives, so that they learn to keep their household accounts in a fair and balanced way.<\/p>\n<\/div>\n<\/div>\n\n\n\n<div class=\"wp-block-columns is-layout-flex wp-container-core-columns-is-layout-9d6595d7 wp-block-columns-is-layout-flex\">\n<div class=\"wp-block-column is-layout-flow wp-block-column-is-layout-flow\">\n<p><a href=\"https:\/\/wp.unil.ch\/moral-accounting\/en\/files\/2022\/06\/hmaas_cv.pdf\/\" data-type=\"URL\" target=\"_blank\" rel=\"noreferrer noopener\">Curriculum Vitae<\/a><br><a rel=\"noreferrer noopener\" href=\"https:\/\/www.unil.ch\/unisciences\/harromaas\" target=\"_blank\">Page personnelle<\/a><\/p>\n\n\n\n<p>Contact: <a href=\"mailto:harro.maas@unil.ch\">harro.maas@unil.ch<\/a><\/p>\n\n\n\n<p><\/p>\n<\/div>\n\n\n\n<div class=\"wp-block-column is-layout-flow wp-block-column-is-layout-flow\">\n<p><a href=\"https:\/\/wp.unil.ch\/moral-accounting\/en\/files\/2022\/06\/vwibautlepallac_cv.pdf\/\" target=\"_blank\" rel=\"noreferrer noopener\">Curriculum Vitae<\/a><br><a rel=\"noreferrer noopener\" href=\"https:\/\/www.unil.ch\/unisciences\/virgilwibautlepallac\" target=\"_blank\">Page personnelle<\/a><\/p>\n\n\n\n<p>Contact: <a href=\"mailto:virgil.wibaut-lepallac@unil.ch\">virgil.wibaut-lepallac@unil.ch<\/a><\/p>\n<\/div>\n\n\n\n<div class=\"wp-block-column is-layout-flow wp-block-column-is-layout-flow\">\n<p><a href=\"https:\/\/wp.unil.ch\/moral-accounting\/en\/files\/2022\/06\/gsoudan_cv.pdf\/\" data-type=\"URL\" target=\"_blank\" rel=\"noreferrer noopener\">Curriculum Vitae<\/a><br><a rel=\"noreferrer noopener\" href=\"https:\/\/www.unil.ch\/unisciences\/gabriellesoudan\" target=\"_blank\">Page personnelle<\/a><\/p>\n\n\n\n<p>Contact: <a href=\"mailto:gabrielle.soudan@unil.ch\">gabrielle.soudan@unil.ch<\/a><\/p>\n\n\n\n<p><\/p>\n<\/div>\n<\/div>","protected":false},"excerpt":{"rendered":"<p>Harro Maas est professeur d&rsquo;histoire de l&rsquo;\u00e9conomie au Centre Walras-Pareto d&rsquo;histoire de la pens\u00e9e \u00e9conomique et politique de l&rsquo;Universit\u00e9 de Lausanne. Il a publi\u00e9 de nombreux ouvrages sur l&rsquo;histoire de &hellip; <\/p>","protected":false},"author":1001855,"featured_media":0,"parent":0,"menu_order":0,"comment_status":"closed","ping_status":"closed","template":"","meta":{"_seopress_robots_primary_cat":"","_seopress_titles_title":"","_seopress_titles_desc":"","_seopress_robots_index":"","footnotes":""},"class_list":["post-177","page","type-page","status-publish"],"_links":{"self":[{"href":"https:\/\/wp.unil.ch\/moral-accounting\/en\/wp-json\/wp\/v2\/pages\/177","targetHints":{"allow":["GET"]}}],"collection":[{"href":"https:\/\/wp.unil.ch\/moral-accounting\/en\/wp-json\/wp\/v2\/pages"}],"about":[{"href":"https:\/\/wp.unil.ch\/moral-accounting\/en\/wp-json\/wp\/v2\/types\/page"}],"author":[{"embeddable":true,"href":"https:\/\/wp.unil.ch\/moral-accounting\/en\/wp-json\/wp\/v2\/users\/1001855"}],"replies":[{"embeddable":true,"href":"https:\/\/wp.unil.ch\/moral-accounting\/en\/wp-json\/wp\/v2\/comments?post=177"}],"version-history":[{"count":0,"href":"https:\/\/wp.unil.ch\/moral-accounting\/en\/wp-json\/wp\/v2\/pages\/177\/revisions"}],"wp:attachment":[{"href":"https:\/\/wp.unil.ch\/moral-accounting\/en\/wp-json\/wp\/v2\/media?parent=177"}],"curies":[{"name":"wp","href":"https:\/\/api.w.org\/{rel}","templated":true}]}}