{"id":931,"date":"2012-01-01T18:21:57","date_gmt":"2012-01-01T17:21:57","guid":{"rendered":"http:\/\/wp.unil.ch\/monumentsvaudois\/?page_id=931"},"modified":"2025-01-21T15:50:48","modified_gmt":"2025-01-21T14:50:48","slug":"tables-des-matieres","status":"publish","type":"page","link":"https:\/\/wp.unil.ch\/monumentsvaudois\/tables-des-matieres\/","title":{"rendered":"Tous les num\u00e9ros"},"content":{"rendered":"<p><strong><img alt=\"\" loading=\"lazy\" decoding=\"async\" class=\"wp-image-2979  alignleft\" src=\"https:\/\/wp.unil.ch\/monumentsvaudois\/files\/2024\/09\/MVD_14_cover_rvb150_1e_ombre.jpg\" alt=\"\" width=\"120\" height=\"168\" \/><\/strong><\/p>\n<p><strong>Monuments vaudois 14-2024<\/strong><\/p>\n<p><a href=\"https:\/\/wp.unil.ch\/monumentsvaudois\/mvd-14-2024-table-des-matieres\/\">Table des mati\u00e8res<\/a><br \/>\n<a href=\"https:\/\/wp.unil.ch\/monumentsvaudois\/category\/mvd-14-2024\">R\u00e9sum\u00e9s des articles<\/a><\/p>\n<div class=\"su-spacer\" style=\"height:20px\"><\/div>\n<strong><img alt=\"\" loading=\"lazy\" decoding=\"async\" class=\"wp-image-2979  alignleft\" src=\"https:\/\/wp.unil.ch\/monumentsvaudois\/files\/2023\/08\/Cover_Ombre-215x300.jpg\" alt=\"\" width=\"120\" height=\"168\" srcset=\"https:\/\/wp.unil.ch\/monumentsvaudois\/files\/2023\/08\/Cover_Ombre-215x300.jpg 215w, https:\/\/wp.unil.ch\/monumentsvaudois\/files\/2023\/08\/Cover_Ombre-107x150.jpg 107w, https:\/\/wp.unil.ch\/monumentsvaudois\/files\/2023\/08\/Cover_Ombre.jpg 684w\" sizes=\"auto, (max-width: 120px) 100vw, 120px\" \/><\/strong><\/p>\n<p><strong>Monuments vaudois 13-2023<\/strong><\/p>\n<p><a href=\"https:\/\/wp.unil.ch\/monumentsvaudois\/mvd-13-2023-table-des-matieres\/\">Table des mati\u00e8res<\/a><br \/>\n<a href=\"https:\/\/wp.unil.ch\/monumentsvaudois\/category\/mvd-13-2023\">R\u00e9sum\u00e9s des articles<\/a><\/p>\n<div class=\"su-spacer\" style=\"height:20px\"><\/div>\n<p><strong><img alt=\"\" loading=\"lazy\" decoding=\"async\" class=\"wp-image-2838 alignleft\" src=\"https:\/\/wp.unil.ch\/monumentsvaudois\/files\/2022\/08\/MVD12_cover_ombre-3-214x300.png\" alt=\"\" width=\"118\" height=\"165\" srcset=\"https:\/\/wp.unil.ch\/monumentsvaudois\/files\/2022\/08\/MVD12_cover_ombre-3-214x300.png 214w, https:\/\/wp.unil.ch\/monumentsvaudois\/files\/2022\/08\/MVD12_cover_ombre-3-730x1024.png 730w, https:\/\/wp.unil.ch\/monumentsvaudois\/files\/2022\/08\/MVD12_cover_ombre-3-107x150.png 107w, https:\/\/wp.unil.ch\/monumentsvaudois\/files\/2022\/08\/MVD12_cover_ombre-3-768x1077.png 768w, https:\/\/wp.unil.ch\/monumentsvaudois\/files\/2022\/08\/MVD12_cover_ombre-3.png 856w\" sizes=\"auto, (max-width: 118px) 100vw, 118px\" \/>Monuments vaudois 12-2022<br \/>\n<\/strong><a href=\"https:\/\/wp.unil.ch\/monumentsvaudois\/mvd-12-2022-table-des-matieres\">Table des mati\u00e8res<\/a><br \/>\n<a href=\"https:\/\/wp.unil.ch\/monumentsvaudois\/category\/mvd-12-2022\">R\u00e9sum\u00e9s des articles<\/a><\/p>\n<div class=\"su-spacer\" style=\"height:20px\"><\/div>\n<p><strong><img alt=\"\" loading=\"lazy\" decoding=\"async\" class=\"alignleft wp-image-2752\" src=\"https:\/\/wp.unil.ch\/monumentsvaudois\/files\/2021\/09\/MVD_11_cover_ombre-1-214x300.png\" alt=\"\" width=\"118\" height=\"165\" \/><\/strong><\/p>\n<p><strong>Monuments vaudois 11-2021<\/strong><br \/>\n<a href=\"https:\/\/wp.unil.ch\/monumentsvaudois\/numero-11\/\">Table des mati\u00e8res<\/a><br \/>\n<a href=\"https:\/\/wp.unil.ch\/monumentsvaudois\/category\/mvd-11-2021\">R\u00e9sum\u00e9s des articles<\/a><\/p>\n<div class=\"su-spacer\" style=\"height:20px\"><\/div>\n<p><strong><img alt=\"\" loading=\"lazy\" decoding=\"async\" class=\"alignleft wp-image-2579\" src=\"https:\/\/wp.unil.ch\/monumentsvaudois\/files\/2020\/08\/MVD_10_cover_ombre-107x150.jpg\" alt=\"\" width=\"118\" height=\"165\" srcset=\"https:\/\/wp.unil.ch\/monumentsvaudois\/files\/2020\/08\/MVD_10_cover_ombre-107x150.jpg 107w, https:\/\/wp.unil.ch\/monumentsvaudois\/files\/2020\/08\/MVD_10_cover_ombre-214x300.jpg 214w, https:\/\/wp.unil.ch\/monumentsvaudois\/files\/2020\/08\/MVD_10_cover_ombre-731x1024.jpg 731w, https:\/\/wp.unil.ch\/monumentsvaudois\/files\/2020\/08\/MVD_10_cover_ombre-768x1076.jpg 768w, https:\/\/wp.unil.ch\/monumentsvaudois\/files\/2020\/08\/MVD_10_cover_ombre.jpg 856w\" sizes=\"auto, (max-width: 118px) 100vw, 118px\" \/>Monuments vaudois 10-2020<br \/>\n<\/strong><a href=\"https:\/\/wp.unil.ch\/monumentsvaudois\/numero-actuel\/mvd-10-2020-table-des-matieres\/\">Table des mati\u00e8res<\/a><br \/>\n<a href=\"https:\/\/wp.unil.ch\/monumentsvaudois\/category\/mvd-10-2020\">R\u00e9sum\u00e9s des articles<\/a><\/p>\n<div class=\"su-spacer\" style=\"height:20px\"><\/div>\n<p><strong><a href=\"https:\/\/wp.unil.ch\/monumentsvaudois\/files\/2019\/11\/MVD_9_cover_cadre.png\"><img alt=\"\" loading=\"lazy\" decoding=\"async\" class=\"alignleft wp-image-2485\" src=\"https:\/\/wp.unil.ch\/monumentsvaudois\/files\/2019\/11\/MVD_9_cover_cadre-213x300.png\" alt=\"\" width=\"117\" height=\"165\" \/><\/a>Monuments vaudois 9-2019<\/strong><br \/>\n<a href=\"https:\/\/wp.unil.ch\/monumentsvaudois\/mvd-9-2019-table-des-matieres\/\">Table des mati\u00e8res<\/a><br \/>\n<a href=\"https:\/\/wp.unil.ch\/monumentsvaudois\/category\/mvd-9-2019\">R\u00e9sum\u00e9s des articles<\/a><\/p>\n<div class=\"su-spacer\" style=\"height:20px\"><\/div>\n<p><img alt=\"\" loading=\"lazy\" decoding=\"async\" class=\"alignleft wp-image-2332\" src=\"https:\/\/wp.unil.ch\/monumentsvaudois\/files\/2018\/12\/2018-Cover-212x300.jpg\" alt=\"\" width=\"117\" height=\"165\" srcset=\"https:\/\/wp.unil.ch\/monumentsvaudois\/files\/2018\/12\/2018-Cover-212x300.jpg 212w, https:\/\/wp.unil.ch\/monumentsvaudois\/files\/2018\/12\/2018-Cover-768x1085.jpg 768w, https:\/\/wp.unil.ch\/monumentsvaudois\/files\/2018\/12\/2018-Cover-725x1024.jpg 725w, https:\/\/wp.unil.ch\/monumentsvaudois\/files\/2018\/12\/2018-Cover.jpg 787w\" sizes=\"auto, (max-width: 117px) 100vw, 117px\" \/><\/p>\n<p><strong>Monuments vaudois 8-2018<\/strong><br \/>\n<a href=\"https:\/\/wp.unil.ch\/monumentsvaudois\/mvd-8-2018-table-des-matieres\/\">Table des mati\u00e8res<\/a><br \/>\n<a href=\"https:\/\/wp.unil.ch\/monumentsvaudois\/category\/mvd-8-2018\/\">R\u00e9sum\u00e9s des articles<\/a><\/p>\n<div class=\"su-spacer\" style=\"height:20px\"><\/div>\n<p><a href=\"https:\/\/wp.unil.ch\/monumentsvaudois\/mvd-7-2017-table-des-matieres\/\"><strong><img alt=\"\" loading=\"lazy\" decoding=\"async\" class=\"wp-image-2155 alignleft\" src=\"https:\/\/wp.unil.ch\/monumentsvaudois\/files\/2010\/03\/MVD7b-214x300.jpg\" alt=\"\" width=\"120\" height=\"165\" \/><\/strong><\/a><\/p>\n<p><strong>Monuments vaudois 7-2017<\/strong><br \/>\n<a href=\"https:\/\/wp.unil.ch\/monumentsvaudois\/mvd-7-2017-table-des-matieres\/\">Table des mati\u00e8res<\/a><br \/>\n<a href=\"https:\/\/wp.unil.ch\/monumentsvaudois\/category\/mvd-7-2017\/\">R\u00e9sum\u00e9s des articles<\/a><\/p>\n<div class=\"su-spacer\" style=\"height:20px\"><\/div>\n<p><a href=\"https:\/\/wp.unil.ch\/monumentsvaudois\/table-des-matieres-6-2015\/\"><strong><img alt=\"\" loading=\"lazy\" decoding=\"async\" class=\"wp-image-2123 alignleft\" src=\"https:\/\/wp.unil.ch\/monumentsvaudois\/files\/2015\/11\/MVD6-213x300.jpg\" alt=\"\" width=\"120\" height=\"166\" \/><\/strong><\/a><\/p>\n<p><strong>Monuments vaud<\/strong><strong>ois 6-2015<br \/>\n<\/strong><a title=\"MVD 5-2014 (table des mati\u00e8res)\" href=\"https:\/\/wp.unil.ch\/monumentsvaudois\/?p=2073\">Table des mati\u00e8res<\/a><br \/>\n<a href=\"https:\/\/wp.unil.ch\/monumentsvaudois\/category\/mvd-6-2015\/\">R\u00e9sum\u00e9s des articles<\/a><\/p>\n<div class=\"su-spacer\" style=\"height:20px\"><\/div>\n<p><strong><a href=\"https:\/\/wp.unil.ch\/monumentsvaudois\/mvd-5-2014-table-des-matieres\/\"><img loading=\"lazy\" decoding=\"async\" class=\"alignleft wp-image-1965\" src=\"https:\/\/wp.unil.ch\/monumentsvaudois\/files\/2014\/09\/cover5-212x300.jpg\" alt=\"cover5\" width=\"118\" height=\"162\" \/><\/a><\/strong><\/p>\n<p><strong>Monuments vaud<\/strong><strong>ois 5-2014<br \/>\n<\/strong><a title=\"MVD 5-2014 (table des mati\u00e8res)\" href=\"https:\/\/wp.unil.ch\/monumentsvaudois\/mvd-5-2014-table-des-matieres\/\">Table des mati\u00e8res<\/a><br \/>\n<a href=\"https:\/\/wp.unil.ch\/monumentsvaudois\/category\/mvd-5-2014\/\">R\u00e9sum\u00e9s des articles<\/a><\/p>\n<div class=\"su-spacer\" style=\"height:20px\"><\/div>\n<p><strong><a href=\"https:\/\/wp.unil.ch\/monumentsvaudois\/mvd-4-2013-table-des-matieres\/\"><img loading=\"lazy\" decoding=\"async\" class=\"alignleft wp-image-1922\" src=\"https:\/\/wp.unil.ch\/monumentsvaudois\/files\/2013\/09\/MVD-couv-210x300.jpg\" alt=\"MVD-couv\" width=\"121\" height=\"167\" \/><\/a><\/strong><\/p>\n<p><strong>Monuments vaudois 4-2013<br \/>\n<\/strong><a href=\"https:\/\/wp.unil.ch\/monumentsvaudois\/mvd-4-2013-table-des-matieres\/\">Table des mati\u00e8res<\/a><br \/>\n<a href=\"https:\/\/wp.unil.ch\/monumentsvaudois\/category\/mvd-4-2013\/\">R\u00e9sum\u00e9s des articles<\/a><\/p>\n<div class=\"su-spacer\" style=\"height:20px\"><\/div>\n<p><strong><a href=\"https:\/\/wp.unil.ch\/monumentsvaudois\/mvd-3-2012\/\"><img alt=\"\" loading=\"lazy\" decoding=\"async\" class=\"alignleft wp-image-1550\" src=\"https:\/\/wp.unil.ch\/monumentsvaudois\/files\/2012\/09\/MVD3-couv--211x300.jpg\" alt=\"\" width=\"123\" height=\"175\" srcset=\"https:\/\/wp.unil.ch\/monumentsvaudois\/files\/2012\/09\/MVD3-couv--211x300.jpg 211w, https:\/\/wp.unil.ch\/monumentsvaudois\/files\/2012\/09\/MVD3-couv-.jpg 565w\" sizes=\"auto, (max-width: 123px) 100vw, 123px\" \/><\/a><\/strong><\/p>\n<p><strong>Monuments vaudois 3-2012<\/strong><br \/>\n<a href=\"https:\/\/wp.unil.ch\/monumentsvaudois\/mvd-3-2012\/\">Table des mati\u00e8res<\/a><br \/>\n<a href=\"https:\/\/wp.unil.ch\/monumentsvaudois\/category\/mvd-3-2012\/\">R\u00e9sum\u00e9s des articles <\/a><\/p>\n<div class=\"su-spacer\" style=\"height:20px\"><\/div>\n<p><a href=\"https:\/\/wp.unil.ch\/monumentsvaudois\/mvd-2-2011\/\"><img alt=\"\" loading=\"lazy\" decoding=\"async\" class=\"wp-image-786 alignleft\" src=\"https:\/\/wp.unil.ch\/monumentsvaudois\/files\/2011\/11\/MVD2-couverture1-210x300.jpg\" alt=\"\" width=\"124\" height=\"171\" \/><\/a><\/p>\n<p><strong>Monuments vaudois 2-2011<br \/>\n<\/strong><a href=\"https:\/\/wp.unil.ch\/monumentsvaudois\/mvd-2-2011\/\">Table des mati\u00e8res<\/a><br \/>\n<a href=\"https:\/\/wp.unil.ch\/monumentsvaudois\/category\/mvd-2-2011\/\">R\u00e9sum\u00e9s de<\/a><a href=\"https:\/\/wp.unil.ch\/monumentsvaudois\/category\/mvd-2-2011\/\">s articles<\/a><\/p>\n<div class=\"su-spacer\" style=\"height:20px\"><\/div>\n<p><a href=\"https:\/\/wp.unil.ch\/monumentsvaudois\/mvd-1-2010\/\"><img alt=\"\" loading=\"lazy\" decoding=\"async\" class=\"wp-image-549 alignleft\" src=\"https:\/\/wp.unil.ch\/monumentsvaudois\/files\/2010\/08\/Couverture1-211x300.jpg\" alt=\"\" width=\"126\" height=\"173\" \/><\/a><\/p>\n<p><strong>Monuments vaudois 1-2010<\/strong><br \/>\n<a href=\"https:\/\/wp.unil.ch\/monumentsvaudois\/mvd-1-2010\/\">Table des mati\u00e8res<\/a><br \/>\n<a href=\"https:\/\/wp.unil.ch\/monumentsvaudois\/category\/mvd-1-2010\/\">R\u00e9sum\u00e9s des articles<\/a><\/p>\n","protected":false},"excerpt":{"rendered":"<p>Monuments vaudois 14-2024 Table des mati\u00e8res R\u00e9sum\u00e9s des articles Monuments vaudois 13-2023 Table des mati\u00e8res R\u00e9sum\u00e9s des articles Monuments vaudois 12-2022 Table des mati\u00e8res R\u00e9sum\u00e9s des articles Monuments vaudois 11-2021 Table des mati\u00e8res R\u00e9sum\u00e9s des articles Monuments vaudois 10-2020 Table<\/p>\n","protected":false},"author":228,"featured_media":0,"parent":0,"menu_order":0,"comment_status":"closed","ping_status":"closed","template":"","meta":{"_seopress_robots_primary_cat":"","_seopress_titles_title":"","_seopress_titles_desc":"","_seopress_robots_index":"","footnotes":"","_links_to":"","_links_to_target":""},"class_list":["post-931","page","type-page","status-publish"],"_links":{"self":[{"href":"https:\/\/wp.unil.ch\/monumentsvaudois\/wp-json\/wp\/v2\/pages\/931","targetHints":{"allow":["GET"]}}],"collection":[{"href":"https:\/\/wp.unil.ch\/monumentsvaudois\/wp-json\/wp\/v2\/pages"}],"about":[{"href":"https:\/\/wp.unil.ch\/monumentsvaudois\/wp-json\/wp\/v2\/types\/page"}],"author":[{"embeddable":true,"href":"https:\/\/wp.unil.ch\/monumentsvaudois\/wp-json\/wp\/v2\/users\/228"}],"replies":[{"embeddable":true,"href":"https:\/\/wp.unil.ch\/monumentsvaudois\/wp-json\/wp\/v2\/comments?post=931"}],"version-history":[{"count":6,"href":"https:\/\/wp.unil.ch\/monumentsvaudois\/wp-json\/wp\/v2\/pages\/931\/revisions"}],"predecessor-version":[{"id":3163,"href":"https:\/\/wp.unil.ch\/monumentsvaudois\/wp-json\/wp\/v2\/pages\/931\/revisions\/3163"}],"wp:attachment":[{"href":"https:\/\/wp.unil.ch\/monumentsvaudois\/wp-json\/wp\/v2\/media?parent=931"}],"curies":[{"name":"wp","href":"https:\/\/api.w.org\/{rel}","templated":true}]}}