{"id":92,"date":"2010-04-12T19:37:53","date_gmt":"2010-04-12T17:37:53","guid":{"rendered":"http:\/\/wp.unil.ch\/monumentsvaudois\/?page_id=92"},"modified":"2025-07-16T14:47:28","modified_gmt":"2025-07-16T12:47:28","slug":"consignes-pour-les-auteurs","status":"publish","type":"page","link":"https:\/\/wp.unil.ch\/monumentsvaudois\/infos-pratiques\/consignes-pour-les-auteurs\/","title":{"rendered":"Consignes pour les auteur\u00b7e\u00b7s"},"content":{"rendered":"<p>Vous aimeriez que votre article soit publi\u00e9 dans <em>Monuments vaudois\u00a0<\/em>? Merci de tenir compte des consignes suivantes.<\/p>\n<p>Pour une publication dans le num\u00e9ro 16 (parution en septembre 2026), merci de r\u00e9pondre \u00e0 l&rsquo;appel \u00e0 contributions ci-dessous avant le<strong>\u00a0<span style=\"color: #993300\">31 ao\u00fbt 2025 <\/span><\/strong>en envoyant votre proposition \u00e0 <a href=\"mailto:monumentsvaudois@gmail.com\">monumentsvaudois@gmail.com<\/a>. Vous pouvez \u00e9galement spontan\u00e9ment envoyer votre article avant octobre 2025, en fournissant les \u00e9l\u00e9ments suivants:<\/p>\n<ul>\n<li>le fichier Word de votre texte (max. 30&rsquo;000 signes, espaces et notes compris), conform\u00e9ment aux consignes r\u00e9dactionnelles (PDF ci-dessous).<\/li>\n<li>une pr\u00e9s\u00e9lection d&rsquo;images (images basse r\u00e9solution et\/ou simplement les l\u00e9gendes des images accompagn\u00e9es des cr\u00e9dits photographiques).<\/li>\n<\/ul>\n<p><em>Monuments vaudois<\/em> rembourse dans la mesure du possible les frais d&rsquo;acquisition et de publication des images, mais uniquement pour les articles retenus. Si vous ne poss\u00e9dez pas d\u00e9j\u00e0 de bonnes reproductions (300dpi, TIFF ou JPG) ou les droits ad\u00e9quats, merci d&rsquo;attendre la confirmation du Comit\u00e9 de r\u00e9daction avant d&rsquo;entreprendre des d\u00e9marches dans ce sens.<\/p>\n<p><a href=\"https:\/\/wp.unil.ch\/monumentsvaudois\/files\/2025\/07\/vers-une-ecologie-du-patrimoine_appel-a-contributions.pdf\">Monuments vaudois 16-2026 : Appel \u00e0 contributions (2026)<\/a><\/p>\n<p><a href=\"https:\/\/wp.unil.ch\/monumentsvaudois\/files\/2025\/07\/2026_consignes_aut_articles.pdf\">Consignes r\u00e9dactionnelles articles (PDF)<\/a><\/p>\n<p><a href=\"https:\/\/wp.unil.ch\/monumentsvaudois\/files\/2025\/07\/2026_consignes_aut_actus.pdf\">Consignes r\u00e9dactionnelles actualit\u00e9s (PDF)<\/a><\/p>\n<p><a href=\"https:\/\/wp.unil.ch\/monumentsvaudois\/files\/2025\/07\/2026_normes-bibliographiques.pdf\">Normes bibliographiques (PDF)<\/a><\/p>\n<p><a href=\"https:\/\/wp.unil.ch\/monumentsvaudois\/files\/2025\/07\/2026_normes_typographiques.pdf\">Normes typographiques (PDF)<\/a><\/p>\n","protected":false},"excerpt":{"rendered":"<p>Vous aimeriez que votre article soit publi\u00e9 dans Monuments vaudois\u00a0? Merci de tenir compte des consignes suivantes. Pour une publication dans le num\u00e9ro 16 (parution en septembre 2026), merci de r\u00e9pondre \u00e0 l&rsquo;appel \u00e0 contributions ci-dessous avant le\u00a031 ao\u00fbt 2025<\/p>\n","protected":false},"author":228,"featured_media":0,"parent":15,"menu_order":1,"comment_status":"closed","ping_status":"closed","template":"","meta":{"_seopress_robots_primary_cat":"","_seopress_titles_title":"","_seopress_titles_desc":"","_seopress_robots_index":"","footnotes":"","_links_to":"","_links_to_target":""},"class_list":["post-92","page","type-page","status-publish"],"_links":{"self":[{"href":"https:\/\/wp.unil.ch\/monumentsvaudois\/wp-json\/wp\/v2\/pages\/92","targetHints":{"allow":["GET"]}}],"collection":[{"href":"https:\/\/wp.unil.ch\/monumentsvaudois\/wp-json\/wp\/v2\/pages"}],"about":[{"href":"https:\/\/wp.unil.ch\/monumentsvaudois\/wp-json\/wp\/v2\/types\/page"}],"author":[{"embeddable":true,"href":"https:\/\/wp.unil.ch\/monumentsvaudois\/wp-json\/wp\/v2\/users\/228"}],"replies":[{"embeddable":true,"href":"https:\/\/wp.unil.ch\/monumentsvaudois\/wp-json\/wp\/v2\/comments?post=92"}],"version-history":[{"count":5,"href":"https:\/\/wp.unil.ch\/monumentsvaudois\/wp-json\/wp\/v2\/pages\/92\/revisions"}],"predecessor-version":[{"id":3142,"href":"https:\/\/wp.unil.ch\/monumentsvaudois\/wp-json\/wp\/v2\/pages\/92\/revisions\/3142"}],"up":[{"embeddable":true,"href":"https:\/\/wp.unil.ch\/monumentsvaudois\/wp-json\/wp\/v2\/pages\/15"}],"wp:attachment":[{"href":"https:\/\/wp.unil.ch\/monumentsvaudois\/wp-json\/wp\/v2\/media?parent=92"}],"curies":[{"name":"wp","href":"https:\/\/api.w.org\/{rel}","templated":true}]}}