{"id":39,"date":"2010-04-12T17:19:32","date_gmt":"2010-04-12T15:19:32","guid":{"rendered":"http:\/\/wp.unil.ch\/monumentsvaudois\/?page_id=39"},"modified":"2025-10-22T10:45:53","modified_gmt":"2025-10-22T08:45:53","slug":"but-et-fonctionnement","status":"publish","type":"page","link":"https:\/\/wp.unil.ch\/monumentsvaudois\/but-et-fonctionnement\/","title":{"rendered":"Buts et fonctionnement"},"content":{"rendered":"<p><strong>Th\u00e8mes abord\u00e9s<\/strong><\/p>\n<p>Les sujets abord\u00e9s se veulent volontairement vari\u00e9s et sont issus du patrimoine vaudois au sens large : histoire des monuments, restauration des monuments, architecture, peinture murale, sculpture, mobilier, vitrail, orf\u00e8vrerie, arch\u00e9ologie, publication de sources, etc.<\/p>\n<p><strong>Sections de la revue<\/strong><\/p>\n<p>Les 96 pages de la revue sont divis\u00e9es en plusieurs sections:<\/p>\n<ul>\n<li>Dossier th\u00e9matique (2-5 articles, pouvant \u00eatre li\u00e9s avec un \u00e9v\u00e9nement, un colloque, une exposition\u2026),<\/li>\n<li>Articles libres (2-5 articles),<\/li>\n<li>Ouverture (1 article \u00e0 sujet non vaudois, mais suisse),<\/li>\n<li>Actualit\u00e9s patrimoniales (derni\u00e8res d\u00e9couvertes, restaurations, monuments en danger&#8230; contributions des membres de la Section des Monuments et Sites du Canton de Vaud, de la Ville de Lausanne, etc.),<\/li>\n<li>A lire (ouvrages parus dans l&rsquo;ann\u00e9e concernant le patrimoine vaudois et suisse).<\/li>\n<\/ul>\n<p><strong>Comit\u00e9 scientifique<\/strong><\/p>\n<p>La revue est dirig\u00e9e par un comit\u00e9 scientifique compos\u00e9 de membres issus de l&rsquo;enseignement en Architecture &amp; Patrimoine, et d&rsquo;historien\u00b7ne\u00b7s de l&rsquo;art ind\u00e9pendant\u00b7e\u00b7s. Le comit\u00e9 est dirig\u00e9 par Dave L\u00fcthi, professeur \u00e0 l&rsquo;UNIL, et compos\u00e9 d&rsquo;Alexandra Ecclesia (r\u00e9daction scientifique), assistante dipl\u00f4m\u00e9e UNIL, et de Catherine Schmutz Nicod, conservatrice du Ch\u00e2teau de Nyon.<\/p>\n<p><strong>Comit\u00e9 de r\u00e9daction<\/strong><\/p>\n<p>Un comit\u00e9 de lecture se charge des questions r\u00e9dactionnelles et de la mise en page de la revue. Il est compos\u00e9 des historien\u00b7ne\u00b7s de l&rsquo;art Gilles Brodard, Guillaume Curchod, Nathalie Desarzens, Thibault Hugentobler, Adrien H\u00fcrlimann, Aline Jeandrevin, Diego Maddalena, Gilles Prod&rsquo;hom et Julie Ruppen.<\/p>\n","protected":false},"excerpt":{"rendered":"<p>Th\u00e8mes abord\u00e9s Les sujets abord\u00e9s se veulent volontairement vari\u00e9s et sont issus du patrimoine vaudois au sens large : histoire des monuments, restauration des monuments, architecture, peinture murale, sculpture, mobilier, vitrail, orf\u00e8vrerie, arch\u00e9ologie, publication de sources, etc. Sections de la<\/p>\n","protected":false},"author":220,"featured_media":0,"parent":0,"menu_order":2,"comment_status":"closed","ping_status":"closed","template":"","meta":{"_seopress_robots_primary_cat":"","_seopress_titles_title":"","_seopress_titles_desc":"","_seopress_robots_index":"","footnotes":"","_links_to":"","_links_to_target":""},"class_list":["post-39","page","type-page","status-publish"],"_links":{"self":[{"href":"https:\/\/wp.unil.ch\/monumentsvaudois\/wp-json\/wp\/v2\/pages\/39","targetHints":{"allow":["GET"]}}],"collection":[{"href":"https:\/\/wp.unil.ch\/monumentsvaudois\/wp-json\/wp\/v2\/pages"}],"about":[{"href":"https:\/\/wp.unil.ch\/monumentsvaudois\/wp-json\/wp\/v2\/types\/page"}],"author":[{"embeddable":true,"href":"https:\/\/wp.unil.ch\/monumentsvaudois\/wp-json\/wp\/v2\/users\/220"}],"replies":[{"embeddable":true,"href":"https:\/\/wp.unil.ch\/monumentsvaudois\/wp-json\/wp\/v2\/comments?post=39"}],"version-history":[{"count":4,"href":"https:\/\/wp.unil.ch\/monumentsvaudois\/wp-json\/wp\/v2\/pages\/39\/revisions"}],"predecessor-version":[{"id":3177,"href":"https:\/\/wp.unil.ch\/monumentsvaudois\/wp-json\/wp\/v2\/pages\/39\/revisions\/3177"}],"wp:attachment":[{"href":"https:\/\/wp.unil.ch\/monumentsvaudois\/wp-json\/wp\/v2\/media?parent=39"}],"curies":[{"name":"wp","href":"https:\/\/api.w.org\/{rel}","templated":true}]}}