{"id":3155,"date":"2025-09-17T11:28:03","date_gmt":"2025-09-17T09:28:03","guid":{"rendered":"https:\/\/wp.unil.ch\/monumentsvaudois\/?page_id=3155"},"modified":"2025-10-22T10:23:24","modified_gmt":"2025-10-22T08:23:24","slug":"mvd-15-2025-table-des-matieres","status":"publish","type":"page","link":"https:\/\/wp.unil.ch\/monumentsvaudois\/mvd-15-2025-table-des-matieres\/","title":{"rendered":"MVD 15 \u2013 2025 : Table des mati\u00e8res"},"content":{"rendered":"\n<h3 class=\"wp-block-heading\">Num\u00e9ro 15<\/h3>\n\n\n\n<h4 class=\"wp-block-heading\">Paru le 16 septembre 2025<\/h4>\n\n\n\n<figure class=\"wp-block-image size-large is-resized\"><img loading=\"lazy\" decoding=\"async\" width=\"725\" height=\"1024\" src=\"https:\/\/wp.unil.ch\/monumentsvaudois\/files\/2025\/09\/mvd15siteinternetportrait-725x1024.jpg\" alt=\"mvd15siteinternetportrait\" class=\"wp-image-3159\" style=\"width:251px;height:auto\" srcset=\"https:\/\/wp.unil.ch\/monumentsvaudois\/files\/2025\/09\/mvd15siteinternetportrait-725x1024.jpg 725w, https:\/\/wp.unil.ch\/monumentsvaudois\/files\/2025\/09\/mvd15siteinternetportrait-213x300.jpg 213w, https:\/\/wp.unil.ch\/monumentsvaudois\/files\/2025\/09\/mvd15siteinternetportrait-106x150.jpg 106w, https:\/\/wp.unil.ch\/monumentsvaudois\/files\/2025\/09\/mvd15siteinternetportrait-768x1084.jpg 768w, https:\/\/wp.unil.ch\/monumentsvaudois\/files\/2025\/09\/mvd15siteinternetportrait.jpg 850w\" sizes=\"auto, (max-width: 725px) 100vw, 725px\" \/><\/figure>\n\n\n\n<p class=\"has-medium-font-size\"><strong>Urbanisme<\/strong><\/p>\n\n\n\n<ul class=\"wp-block-list\">\n<li>Dave Lu\u0308thi &amp; Nathalie Desarzens : Les quartiers du Mont-d\u2019Or et de Grancy. Une autre histoire de l\u2019urbanisme lausannois (1870-1910)<\/li>\n\n\n\n<li>Gilles Prod\u2019hom : Le percement de rues commerciales. Ouverture sur la construction de Lausanne \u00e0 la Belle \u00c9poque<\/li>\n\n\n\n<li>Vanessa Diener : Le front nord de l\u2019avenue G\u00e9n\u00e9ral-Guisan \u00e0 Vevey. \u00c9tude d\u2019une op\u00e9ration de r\u00e9novation urbaine<\/li>\n\n\n\n<li>Bruno Corth\u00e9sy : 1906, l\u2019ann\u00e9e de tous les changements. L\u2019impact de l\u2019ouverture du tunnel du Simplon sur l\u2019urbanisme autour des gares ferroviaires<\/li>\n\n\n\n<li>Catherine Schmutz Nicod : Quel patrimoine pour les rives de Nyon, entre Asse et Cordon ?<\/li>\n<\/ul>\n\n\n\n<p><strong>Articles libres<\/strong><\/p>\n\n\n\n<ul class=\"wp-block-list\">\n<li>Alexandra Gallarotti : Postmodernisme \u00e0 Lausanne. Un patrimoine m\u00e9connu en qu\u00eate de l\u00e9gitimit\u00e9<\/li>\n\n\n\n<li>Louis Deltour : Les <em>Muses<\/em> de Rodolphe-!\u00e9ophile Bosshard au coll\u00e8ge de Villamont \u00e0 Lausanne. Commande publique, art mural et p\u00e9dagogie<\/li>\n<\/ul>\n\n\n\n<p><strong>Ouverture<\/strong><\/p>\n\n\n\n<ul class=\"wp-block-list\">\n<li>Aur\u00e9lien Locatelli : Henriette Grandjean et l\u2019\u00c9cole d\u2019art de La Chaux-de-Fonds. Sortir des sentiers battus du \u00ab style sapin \u00bb<\/li>\n<\/ul>\n\n\n\n<p><strong>Actualit\u00e9s du patrimoine vaudois<\/strong><\/p>\n\n\n\n<ul class=\"wp-block-list\">\n<li>Celtia Concha, Anne-Fanny Cotting, Diego Maddalena, Katia Sottas : Actualit\u00e9 de la D\u00e9l\u00e9gation \u00e0 la protection du patrimoine de la Ville de Lausanne<\/li>\n\n\n\n<li>Dave L\u00fcthi : Enseignement Architecture &amp; Patrimoine<\/li>\n<\/ul>\n","protected":false},"excerpt":{"rendered":"<p>Num\u00e9ro 15 Paru le 16 septembre 2025 Urbanisme Articles libres Ouverture Actualit\u00e9s du patrimoine vaudois<\/p>\n","protected":false},"author":1002304,"featured_media":0,"parent":0,"menu_order":0,"comment_status":"closed","ping_status":"closed","template":"","meta":{"_seopress_robots_primary_cat":"","_seopress_titles_title":"","_seopress_titles_desc":"","_seopress_robots_index":"","footnotes":"","_links_to":"","_links_to_target":""},"class_list":["post-3155","page","type-page","status-publish"],"_links":{"self":[{"href":"https:\/\/wp.unil.ch\/monumentsvaudois\/wp-json\/wp\/v2\/pages\/3155","targetHints":{"allow":["GET"]}}],"collection":[{"href":"https:\/\/wp.unil.ch\/monumentsvaudois\/wp-json\/wp\/v2\/pages"}],"about":[{"href":"https:\/\/wp.unil.ch\/monumentsvaudois\/wp-json\/wp\/v2\/types\/page"}],"author":[{"embeddable":true,"href":"https:\/\/wp.unil.ch\/monumentsvaudois\/wp-json\/wp\/v2\/users\/1002304"}],"replies":[{"embeddable":true,"href":"https:\/\/wp.unil.ch\/monumentsvaudois\/wp-json\/wp\/v2\/comments?post=3155"}],"version-history":[{"count":1,"href":"https:\/\/wp.unil.ch\/monumentsvaudois\/wp-json\/wp\/v2\/pages\/3155\/revisions"}],"predecessor-version":[{"id":3160,"href":"https:\/\/wp.unil.ch\/monumentsvaudois\/wp-json\/wp\/v2\/pages\/3155\/revisions\/3160"}],"wp:attachment":[{"href":"https:\/\/wp.unil.ch\/monumentsvaudois\/wp-json\/wp\/v2\/media?parent=3155"}],"curies":[{"name":"wp","href":"https:\/\/api.w.org\/{rel}","templated":true}]}}