{"id":2978,"date":"2023-08-30T10:14:16","date_gmt":"2023-08-30T08:14:16","guid":{"rendered":"https:\/\/wp.unil.ch\/monumentsvaudois\/?page_id=2978"},"modified":"2023-08-30T10:14:17","modified_gmt":"2023-08-30T08:14:17","slug":"mvd-13-2023-table-des-matieres","status":"publish","type":"page","link":"https:\/\/wp.unil.ch\/monumentsvaudois\/mvd-13-2023-table-des-matieres\/","title":{"rendered":"MVD 13 &#8211; 2023 : Table des mati\u00e8res"},"content":{"rendered":"\n<h3 class=\"wp-block-heading\">Num\u00e9ro 13<\/h3>\n\n\n\n<h4 class=\"wp-block-heading\">Paru le 29 ao\u00fbt 2023<\/h4>\n\n\n\n<figure class=\"wp-block-image size-full is-resized\"><img alt=\"\" decoding=\"async\" src=\"https:\/\/wp.unil.ch\/monumentsvaudois\/files\/2023\/08\/Cover_Ombre.jpg\" alt=\"\" class=\"wp-image-2979\" style=\"aspect-ratio:2\/3;object-fit:cover;width:222px\" width=\"222\" srcset=\"https:\/\/wp.unil.ch\/monumentsvaudois\/files\/2023\/08\/Cover_Ombre.jpg 684w, https:\/\/wp.unil.ch\/monumentsvaudois\/files\/2023\/08\/Cover_Ombre-215x300.jpg 215w, https:\/\/wp.unil.ch\/monumentsvaudois\/files\/2023\/08\/Cover_Ombre-107x150.jpg 107w\" sizes=\"(max-width: 684px) 100vw, 684px\" \/><\/figure>\n\n\n\n<h4 class=\"wp-block-heading\"><strong>Chalets alpins, chalets urbains&nbsp;<\/strong><\/h4>\n\n\n\n<div class=\"wp-block-group\"><div class=\"wp-block-group__inner-container is-layout-flow wp-block-group-is-layout-flow\">\n<ul class=\"wp-block-list\">\n<li>Denyse Raymond, Leysin, communaut\u00e9 paysanne. Vivre et b\u00e2tir avant l&rsquo;essor m\u00e9dical et touristique<\/li>\n\n\n\n<li>Pauline Nerfin, La balade des fr\u00e8res Spring dans le Pays de Vaud : chalets bienvenus ?&nbsp;<\/li>\n\n\n\n<li>Catherine Schmutz Nicod, Chaletisation \u00e0 l&rsquo;am\u00e9ricaine. La Violette \u00e0 Arzier<\/li>\n<\/ul>\n<\/div><\/div>\n\n\n\n<h4 class=\"wp-block-heading\"><strong>Articles libres<\/strong><\/h4>\n\n\n\n<ul class=\"wp-block-list\">\n<li>Mathias Glaus, La chronologie de la cath\u00e9drale de Lausanne. Nouvelles donn\u00e9es sur les vo\u00fbtes quadripartites de la nef<\/li>\n\n\n\n<li>Dave L\u00fcthi, L&rsquo;\u00e9glise Saint-John \u00e0 Montreux-Territet. Histoire et architecture d&rsquo;un monument import\u00e9<\/li>\n\n\n\n<li>Thibault Hugentobler, Entre&nbsp;\u00abclassicisme et modernit\u00e9\u00bb. Le d\u00e9cor int\u00e9rieur du Tribunal f\u00e9d\u00e9ral \u00e0 Lausanne&nbsp;<\/li>\n<\/ul>\n\n\n\n<h4 class=\"wp-block-heading\"><strong>Ouverture<\/strong><\/h4>\n\n\n\n<div class=\"wp-block-group\"><div class=\"wp-block-group__inner-container is-layout-flow wp-block-group-is-layout-flow\">\n<ul class=\"wp-block-list\">\n<li>Nicolas Bousser, Pierre Spicre au ch\u00e2teau Saint-Maire ? Le dossier complexe d&rsquo;un peintre dijonnais du XV<sup>e<\/sup>si\u00e8cle&nbsp;<\/li>\n<\/ul>\n<\/div><\/div>\n\n\n\n<h4 class=\"wp-block-heading\"><strong>Actualit\u00e9s du patrimoine&nbsp;<\/strong><\/h4>\n\n\n\n<div class=\"wp-block-group\"><div class=\"wp-block-group__inner-container is-layout-flow wp-block-group-is-layout-flow\">\n<ul class=\"wp-block-list\">\n<li>Alexandra Ecclesia, Vanessa Diener, Isabelle Roland, Carole Schaub, Reconsid\u00e9rer le r\u00f4le des femmes dans l&rsquo;histoire de l&rsquo;architecture (XVI<sup>e<\/sup>-XX<sup>e<\/sup>&nbsp;si\u00e8cles)&nbsp;<\/li>\n\n\n\n<li>Nicolas Meier, Architecture avec qualit\u00e9s et d\u00e9fauts : l&rsquo;\u00e9trange destin\u00e9s des \u0153uvres de Monsieur Blanchard<\/li>\n\n\n\n<li>Dave L\u00fcthi : Enseignement Architecture &amp; Patrimoine : 50 ans !&nbsp;<\/li>\n\n\n\n<li>Martine Jaquet :&nbsp;\u00abIls veulent tout mettre sous cloche ! \u2026 \u00bb<\/li>\n<\/ul>\n<\/div><\/div>\n\n\n\n<p><a href=\"https:\/\/wp.unil.ch\/monumentsvaudois\/commander\/\">Commander la revue<\/a><\/p>\n","protected":false},"excerpt":{"rendered":"<p>Num\u00e9ro 13 Paru le 29 ao\u00fbt 2023 Chalets alpins, chalets urbains&nbsp; Articles libres Ouverture Actualit\u00e9s du patrimoine&nbsp; Commander la revue<\/p>\n","protected":false},"author":1002304,"featured_media":0,"parent":0,"menu_order":0,"comment_status":"closed","ping_status":"closed","template":"","meta":{"_seopress_robots_primary_cat":"","_seopress_titles_title":"","_seopress_titles_desc":"","_seopress_robots_index":"","footnotes":"","_links_to":"","_links_to_target":""},"class_list":["post-2978","page","type-page","status-publish"],"_links":{"self":[{"href":"https:\/\/wp.unil.ch\/monumentsvaudois\/wp-json\/wp\/v2\/pages\/2978","targetHints":{"allow":["GET"]}}],"collection":[{"href":"https:\/\/wp.unil.ch\/monumentsvaudois\/wp-json\/wp\/v2\/pages"}],"about":[{"href":"https:\/\/wp.unil.ch\/monumentsvaudois\/wp-json\/wp\/v2\/types\/page"}],"author":[{"embeddable":true,"href":"https:\/\/wp.unil.ch\/monumentsvaudois\/wp-json\/wp\/v2\/users\/1002304"}],"replies":[{"embeddable":true,"href":"https:\/\/wp.unil.ch\/monumentsvaudois\/wp-json\/wp\/v2\/comments?post=2978"}],"version-history":[{"count":0,"href":"https:\/\/wp.unil.ch\/monumentsvaudois\/wp-json\/wp\/v2\/pages\/2978\/revisions"}],"wp:attachment":[{"href":"https:\/\/wp.unil.ch\/monumentsvaudois\/wp-json\/wp\/v2\/media?parent=2978"}],"curies":[{"name":"wp","href":"https:\/\/api.w.org\/{rel}","templated":true}]}}