{"id":2857,"date":"2022-08-23T09:25:45","date_gmt":"2022-08-23T07:25:45","guid":{"rendered":"https:\/\/wp.unil.ch\/monumentsvaudois\/?page_id=2857"},"modified":"2023-03-02T15:22:17","modified_gmt":"2023-03-02T14:22:17","slug":"mvd-12-2022-table-des-matieres","status":"publish","type":"page","link":"https:\/\/wp.unil.ch\/monumentsvaudois\/mvd-12-2022-table-des-matieres\/","title":{"rendered":"MVD 12 &#8211; 2022 : Table des mati\u00e8res"},"content":{"rendered":"\n<h3 class=\"wp-block-heading\">Num\u00e9ro 12<\/h3>\n\n\n\n<h4 class=\"wp-block-heading\">Paru le 31 ao\u00fbt 2022<\/h4>\n\n\n\n<figure class=\"wp-block-image size-medium\"><img alt=\"\" loading=\"lazy\" decoding=\"async\" width=\"214\" height=\"300\" src=\"https:\/\/wp.unil.ch\/monumentsvaudois\/files\/2022\/08\/MVD12_cover_ombre-3-214x300.png\" alt=\"\" class=\"wp-image-2838\" srcset=\"https:\/\/wp.unil.ch\/monumentsvaudois\/files\/2022\/08\/MVD12_cover_ombre-3-214x300.png 214w, https:\/\/wp.unil.ch\/monumentsvaudois\/files\/2022\/08\/MVD12_cover_ombre-3-730x1024.png 730w, https:\/\/wp.unil.ch\/monumentsvaudois\/files\/2022\/08\/MVD12_cover_ombre-3-107x150.png 107w, https:\/\/wp.unil.ch\/monumentsvaudois\/files\/2022\/08\/MVD12_cover_ombre-3-768x1077.png 768w, https:\/\/wp.unil.ch\/monumentsvaudois\/files\/2022\/08\/MVD12_cover_ombre-3.png 856w\" sizes=\"auto, (max-width: 214px) 100vw, 214px\" \/><\/figure>\n\n\n\n<h4 class=\"wp-block-heading\"><strong>Parcours d\u2019architectes&nbsp;<\/strong><\/h4>\n\n\n\n<div class=\"wp-block-group\"><div class=\"wp-block-group__inner-container is-layout-flow wp-block-group-is-layout-flow\">\n<ul class=\"wp-block-list\">\n<li><a href=\"https:\/\/wp.unil.ch\/monumentsvaudois\/2022\/08\/dave-luthi-de-lart-deco-au-%ef%bf%bcstyle-zorro-%ef%bf%bc-rene-delechat-un-eclectique-moderne\/\">Dave L\u00fcthi<\/a>,&nbsp;De l\u2019Art d\u00e9co au \u00ab style Zorro \u00bb. Ren\u00e9 Del\u00e9chat, un \u00e9clectique moderne<\/li>\n\n\n\n<li><a href=\"https:\/\/wp.unil.ch\/monumentsvaudois\/2022\/08\/kerralie-oeuvray-jules-clerc-et-la-percee-de-larchitecture-raisonnee-la-recherche-implacable-de-la-bonne-combinaison\/\">Kerralie Oeuvray<\/a>,&nbsp;Jules Clerc et la perc\u00e9e de l\u2019architecture raisonn\u00e9e. La recherche implacable de la \u00ab bonne combinaison \u00bb<\/li>\n\n\n\n<li><a href=\"https:\/\/wp.unil.ch\/monumentsvaudois\/2022\/08\/mona-joseph-les-villas-urbaines-de-louis-bezencenet-a-lausanne-au-tournant-du-xxe-siecle\/\">Mona Joseph<\/a>,&nbsp;Les villas urbaines de Louis Bezencenet \u00e0 Lausanne au tournant du XXe si\u00e8cle<\/li>\n\n\n\n<li><a href=\"https:\/\/wp.unil.ch\/monumentsvaudois\/2022\/08\/adrien-hurlimann-charles-mauerhofer-un-architecte-lausannois-oublie-%ef%bf%bc\/\">Adrien H\u00fcrlimann<\/a>,&nbsp;Charles Mauerhofer. Un architecte lausannois oubli\u00e9<\/li>\n\n\n\n<li><a href=\"https:\/\/wp.unil.ch\/monumentsvaudois\/2022\/08\/ludivine-proserpi-la-similipierre-et-lesprit-frederic-gilliard-et-la-restauration-de-monuments-historiques-religieux-dans-lentre-deux-guerres\/\">Ludivine Proserpi<\/a>,&nbsp;La similipierre et l\u2019esprit. Fr\u00e9d\u00e9ric Gilliard et la restauration de monuments historiques religieux dans l\u2019entre-deux-guerres<\/li>\n\n\n\n<li><a href=\"https:\/\/wp.unil.ch\/monumentsvaudois\/2022\/08\/vanessa-diener-pierre-margot-darchitecte-restaurateur-estime-a-persona-non-grata-mise-en-contexte-vaudoise-et-francaise\/\">Vanessa Diener<\/a>,&nbsp;Pierre Margot, d\u2019architecte restaurateur estim\u00e9 \u00e0 persona non grata. Mise en contexte vaudoise et fran\u00e7aise<\/li>\n<\/ul>\n<\/div><\/div>\n\n\n\n<h4 class=\"wp-block-heading\"><strong>Ouverture<\/strong><\/h4>\n\n\n\n<div class=\"wp-block-group\"><div class=\"wp-block-group__inner-container is-layout-flow wp-block-group-is-layout-flow\">\n<ul class=\"wp-block-list\">\n<li><a href=\"https:\/\/wp.unil.ch\/monumentsvaudois\/gaelle-nydegger-la-photographie-comme-outil-de-construction-de-larchitecte-rene-chapallaz-et-les-enjeux-de-la-publication\/\">Ga\u00eblle Nydegger<\/a>,&nbsp;La photographie comme outil de construction de l\u2019architecte. Ren\u00e9 Chapallaz et les enjeux de la publication<\/li>\n\n\n\n<li><a href=\"https:\/\/wp.unil.ch\/monumentsvaudois\/2022\/08\/alexandra-ecclesia-les-souvenirs-dun-architecte-aux-multiples-facettes-horace-edouard-davinet-par-lui-meme\/\">Alexandra Ecclesia<\/a>,&nbsp;Les&nbsp;<em>Souvenirs<\/em>&nbsp;d\u2019un architecte aux multiples facettes. Horace \u00c9douard Davinet par lui-m\u00eame<\/li>\n<\/ul>\n<\/div><\/div>\n\n\n\n<h4 class=\"wp-block-heading\"><strong>Actualit\u00e9s du patrimoine&nbsp;<\/strong><\/h4>\n\n\n\n<div class=\"wp-block-group\"><div class=\"wp-block-group__inner-container is-layout-flow wp-block-group-is-layout-flow\">\n<ul class=\"wp-block-list\">\n<li>Catherine Schmutz Nicod, Elena Quintela Mimet &amp; Veritsa Vuchkova,&nbsp;Sur les traces d\u2019Otto Alfred Briffod, peintre-d\u00e9corateur&nbsp;<\/li>\n\n\n\n<li>Julie Ruppen,&nbsp;Julia Bonnard : parcours d\u2019une artiste romande au tournant du XXe si\u00e8cle<\/li>\n\n\n\n<li>Abel Zuchuat,&nbsp;Le photofinish : une longue croisade vers l\u2019impartialit\u00e9 sportive<\/li>\n<\/ul>\n<\/div><\/div>\n\n\n\n<p><a href=\"https:\/\/wp.unil.ch\/monumentsvaudois\/commander\/\">Commander la revue<\/a><\/p>\n","protected":false},"excerpt":{"rendered":"<p>Num\u00e9ro 12 Paru le 31 ao\u00fbt 2022 Parcours d\u2019architectes&nbsp; Ouverture Actualit\u00e9s du patrimoine&nbsp; Commander la revue<\/p>\n","protected":false},"author":1002304,"featured_media":0,"parent":0,"menu_order":0,"comment_status":"closed","ping_status":"closed","template":"","meta":{"_seopress_robots_primary_cat":"","_seopress_titles_title":"","_seopress_titles_desc":"","_seopress_robots_index":"","footnotes":"","_links_to":"","_links_to_target":""},"class_list":["post-2857","page","type-page","status-publish"],"_links":{"self":[{"href":"https:\/\/wp.unil.ch\/monumentsvaudois\/wp-json\/wp\/v2\/pages\/2857","targetHints":{"allow":["GET"]}}],"collection":[{"href":"https:\/\/wp.unil.ch\/monumentsvaudois\/wp-json\/wp\/v2\/pages"}],"about":[{"href":"https:\/\/wp.unil.ch\/monumentsvaudois\/wp-json\/wp\/v2\/types\/page"}],"author":[{"embeddable":true,"href":"https:\/\/wp.unil.ch\/monumentsvaudois\/wp-json\/wp\/v2\/users\/1002304"}],"replies":[{"embeddable":true,"href":"https:\/\/wp.unil.ch\/monumentsvaudois\/wp-json\/wp\/v2\/comments?post=2857"}],"version-history":[{"count":0,"href":"https:\/\/wp.unil.ch\/monumentsvaudois\/wp-json\/wp\/v2\/pages\/2857\/revisions"}],"wp:attachment":[{"href":"https:\/\/wp.unil.ch\/monumentsvaudois\/wp-json\/wp\/v2\/media?parent=2857"}],"curies":[{"name":"wp","href":"https:\/\/api.w.org\/{rel}","templated":true}]}}