{"id":2660,"date":"2021-09-14T22:19:28","date_gmt":"2021-09-14T20:19:28","guid":{"rendered":"https:\/\/wp.unil.ch\/monumentsvaudois\/?page_id=2660"},"modified":"2022-08-22T16:30:43","modified_gmt":"2022-08-22T14:30:43","slug":"numero-11","status":"publish","type":"page","link":"https:\/\/wp.unil.ch\/monumentsvaudois\/numero-11\/","title":{"rendered":"MVD 11 &#8211; 2021 : Table des mati\u00e8res"},"content":{"rendered":"\n<h3 class=\"wp-block-heading\">Num\u00e9ro 11 <\/h3>\n\n\n\n<h4 class=\"wp-block-heading\">Parution le 27 ao\u00fbt 2021<\/h4>\n\n\n\n<figure class=\"wp-block-image size-full is-resized\"><img alt=\"\" loading=\"lazy\" decoding=\"async\" src=\"https:\/\/wp.unil.ch\/monumentsvaudois\/files\/2021\/09\/MVD_11_cover_ombre.png\" alt=\"\" class=\"wp-image-2687\" width=\"214\" height=\"300\" srcset=\"https:\/\/wp.unil.ch\/monumentsvaudois\/files\/2021\/09\/MVD_11_cover_ombre.png 856w, https:\/\/wp.unil.ch\/monumentsvaudois\/files\/2021\/09\/MVD_11_cover_ombre-214x300.png 214w, https:\/\/wp.unil.ch\/monumentsvaudois\/files\/2021\/09\/MVD_11_cover_ombre-731x1024.png 731w, https:\/\/wp.unil.ch\/monumentsvaudois\/files\/2021\/09\/MVD_11_cover_ombre-107x150.png 107w, https:\/\/wp.unil.ch\/monumentsvaudois\/files\/2021\/09\/MVD_11_cover_ombre-768x1076.png 768w\" sizes=\"auto, (max-width: 214px) 100vw, 214px\" \/><\/figure>\n\n\n\n<h4 class=\"wp-block-heading\"><strong>Lausanne b\u00e9ton<\/strong><\/h4>\n\n\n\n<ul class=\"wp-block-list\" id=\"block-fe8907bb-5be3-4c4d-b56e-cc8ffed1c3f7\"><li><a href=\"https:\/\/bruno-marchand-un-patrimoine-en-premiere-ligne\" data-type=\"URL\" data-id=\"bruno-marchand-un-patrimoine-en-premiere-ligne\"><strong>Bruno <\/strong><\/a><a href=\"https:\/\/wp.unil.ch\/monumentsvaudois\/2021\/09\/bruno-marchand-un-patrimoine-en-premiere-ligne\"><strong>Marchand<\/strong><\/a>, Un patrimoine en premi\u00e8re ligne. Notes sur l\u2019architecture des ann\u00e9es 1920-1975 dans le canton de Vaud<\/li><li><a href=\"https:\/\/wp.unil.ch\/monumentsvaudois\/2021\/09\/diego-maddalena-latelier-des-architectes-associes\/\"><strong>Diego Maddalena<\/strong><\/a>, L\u2019Atelier des Architectes Associ\u00e9s (1961-1976). L\u2019architecture entre la technique et le social<\/li><li><a href=\"https:\/\/wp.unil.ch\/monumentsvaudois\/2021\/09\/aline-jeandrevin-les-tours-du-valentin\/\"><strong>Aline Jeandrevin<\/strong><\/a>, Les tours du Valentin (1965-1976). Architecture brutaliste au centre de Lausanne<\/li><li><a href=\"https:\/\/wp.unil.ch\/monumentsvaudois\/2021\/09\/manon-samuel-la-bourdonnette\/\"><strong>Manon Samuel<\/strong><\/a>, La Bourdonnette. Portrait d\u2019un ensemble lausannois des Trente Glorieuses<\/li><li><a href=\"https:\/\/wp.unil.ch\/monumentsvaudois\/2021\/09\/camille-noverraz-valerie-sauterel-sophie-wolf-de-beton-et-de-verre\/\"><strong>Camille Noverraz, Val\u00e9rie Sauterel, Sophie Wolf<\/strong><\/a>, De b\u00e9ton et de verre. La dalle de verre et ses premi\u00e8res utilisations en Suisse<\/li><li><strong><a href=\"https:\/\/wp.unil.ch\/monumentsvaudois\/2021\/09\/lorena-ehrbar-andre-lasserre\/\">Lorena Ehrbar<\/a><\/strong>, \u00ab Pour un art social \u00bb. L\u2019engagement du sculpteur Andr\u00e9 Lasserre en Suisse romande<\/li><\/ul>\n\n\n\n<h4 class=\"wp-block-heading\"><strong>Ouverture<\/strong><\/h4>\n\n\n\n<ul class=\"wp-block-list\" id=\"block-fe8907bb-5be3-4c4d-b56e-cc8ffed1c3f7\"><li><a href=\"https:\/\/wp.unil.ch\/monumentsvaudois\/2021\/09\/giuliana-merlo-les-voiles-minces-en-beton-dheinz-isler\/\"><strong>Giuliana Merlo<\/strong><\/a>,&nbsp;Ic\u00f4nes de la modernit\u00e9 ou sculptures minimalistes ? Les voiles minces en b\u00e9ton d\u2019Heinz Isler<\/li><\/ul>\n\n\n\n<h4 class=\"wp-block-heading\"><strong>Actualit\u00e9s du patrimoine<\/strong><\/h4>\n\n\n\n<ul class=\"wp-block-list\"><li><strong>Dave L\u00fcthi<\/strong>, Enseignement d&rsquo;histoire de l&rsquo;architecture &amp; du patrimoine \u00e0 l&rsquo;Universit\u00e9 de Lausanne<\/li><li><strong>Catherine Schmutz Nicod, Caroline Roxana Rohrbach, Anouska Guby<\/strong>, Carri\u00e8res de constructeurs vaudois<\/li><li><strong>Le\u00efla El-Wakil<\/strong>, \u00c0 quel prix une culture du b\u00e2ti de qualit\u00e9 pour la Suisse !<\/li><li><strong>Francine Giese, Ariane Varela Braga, Katrin Kaufmann<\/strong>, Historismus.ch, le R\u00e9seau suisse de l\u2019historicisme<\/li><\/ul>\n\n\n\n<p><strong><a href=\"https:\/\/wp.unil.ch\/monumentsvaudois\/commander\/\"><span style=\"color:#016b64\" class=\"has-inline-color\">Commander la revue<\/span><\/a><\/strong><\/p>\n","protected":false},"excerpt":{"rendered":"<p>Num\u00e9ro 11 Parution le 27 ao\u00fbt 2021 Lausanne b\u00e9ton Bruno Marchand, Un patrimoine en premi\u00e8re ligne. Notes sur l\u2019architecture des ann\u00e9es 1920-1975 dans le canton de Vaud Diego Maddalena, L\u2019Atelier des Architectes Associ\u00e9s (1961-1976). L\u2019architecture entre la technique et le<\/p>\n","protected":false},"author":1002009,"featured_media":0,"parent":0,"menu_order":0,"comment_status":"closed","ping_status":"closed","template":"","meta":{"_seopress_robots_primary_cat":"","_seopress_titles_title":"","_seopress_titles_desc":"","_seopress_robots_index":"","footnotes":"","_links_to":"","_links_to_target":""},"class_list":["post-2660","page","type-page","status-publish"],"_links":{"self":[{"href":"https:\/\/wp.unil.ch\/monumentsvaudois\/wp-json\/wp\/v2\/pages\/2660","targetHints":{"allow":["GET"]}}],"collection":[{"href":"https:\/\/wp.unil.ch\/monumentsvaudois\/wp-json\/wp\/v2\/pages"}],"about":[{"href":"https:\/\/wp.unil.ch\/monumentsvaudois\/wp-json\/wp\/v2\/types\/page"}],"author":[{"embeddable":true,"href":"https:\/\/wp.unil.ch\/monumentsvaudois\/wp-json\/wp\/v2\/users\/1002009"}],"replies":[{"embeddable":true,"href":"https:\/\/wp.unil.ch\/monumentsvaudois\/wp-json\/wp\/v2\/comments?post=2660"}],"version-history":[{"count":0,"href":"https:\/\/wp.unil.ch\/monumentsvaudois\/wp-json\/wp\/v2\/pages\/2660\/revisions"}],"wp:attachment":[{"href":"https:\/\/wp.unil.ch\/monumentsvaudois\/wp-json\/wp\/v2\/media?parent=2660"}],"curies":[{"name":"wp","href":"https:\/\/api.w.org\/{rel}","templated":true}]}}