{"id":2507,"date":"2019-12-03T19:14:48","date_gmt":"2019-12-03T18:14:48","guid":{"rendered":"http:\/\/wp.unil.ch\/monumentsvaudois\/?page_id=2507"},"modified":"2025-10-22T10:30:09","modified_gmt":"2025-10-22T08:30:09","slug":"accueil-b","status":"publish","type":"page","link":"https:\/\/wp.unil.ch\/monumentsvaudois\/","title":{"rendered":""},"content":{"rendered":"\n<h3 class=\"wp-block-heading has-text-align-center\">Monuments vaudois<\/h3>\n\n\n\n<p class=\"has-text-align-center\">La revue du patrimoine artistique vaudois<\/p>\n\n\n\n<div class=\"wp-block-columns alignwide is-layout-flex wp-container-core-columns-is-layout-9d6595d7 wp-block-columns-is-layout-flex\">\n<div class=\"wp-block-column is-layout-flow wp-block-column-is-layout-flow\">\n<figure class=\"wp-block-image size-medium\"><a href=\"https:\/\/wp.unil.ch\/monumentsvaudois\/infos-pratiques\/le-comite\/\"><img alt=\"\" loading=\"lazy\" decoding=\"async\" width=\"300\" height=\"300\" src=\"https:\/\/wp.unil.ch\/monumentsvaudois\/files\/2021\/09\/Comite_1500x1500-300x300.png\" alt=\"\" class=\"wp-image-2792\" srcset=\"https:\/\/wp.unil.ch\/monumentsvaudois\/files\/2021\/09\/Comite_1500x1500-300x300.png 300w, https:\/\/wp.unil.ch\/monumentsvaudois\/files\/2021\/09\/Comite_1500x1500-150x150.png 150w, https:\/\/wp.unil.ch\/monumentsvaudois\/files\/2021\/09\/Comite_1500x1500-230x230.png 230w, https:\/\/wp.unil.ch\/monumentsvaudois\/files\/2021\/09\/Comite_1500x1500-365x365.png 365w, https:\/\/wp.unil.ch\/monumentsvaudois\/files\/2021\/09\/Comite_1500x1500.png 700w\" sizes=\"auto, (max-width: 300px) 100vw, 300px\" \/><\/a><figcaption class=\"wp-element-caption\">Le comit\u00e9<\/figcaption><\/figure>\n<\/div>\n\n\n\n<div class=\"wp-block-column is-layout-flow wp-block-column-is-layout-flow\">\n<figure class=\"wp-block-image size-medium is-style-default\"><a href=\"https:\/\/wp.unil.ch\/monumentsvaudois\/commander\/\"><img loading=\"lazy\" decoding=\"async\" width=\"279\" height=\"300\" src=\"https:\/\/wp.unil.ch\/monumentsvaudois\/files\/2010\/03\/DILPS-12-66967-279x300.jpg\" alt=\"Galerie photo\" class=\"wp-image-749\" srcset=\"https:\/\/wp.unil.ch\/monumentsvaudois\/files\/2010\/03\/DILPS-12-66967-279x300.jpg 279w, https:\/\/wp.unil.ch\/monumentsvaudois\/files\/2010\/03\/DILPS-12-66967.jpg 744w\" sizes=\"auto, (max-width: 279px) 100vw, 279px\" \/><\/a><figcaption class=\"wp-element-caption\">Commander<\/figcaption><\/figure>\n<\/div>\n\n\n\n<div class=\"wp-block-column is-layout-flow wp-block-column-is-layout-flow\">\n<figure class=\"wp-block-image size-large is-resized\"><a href=\"https:\/\/wp.unil.ch\/monumentsvaudois\/mvd-15-2025-table-des-matieres\/\"><img loading=\"lazy\" decoding=\"async\" width=\"995\" height=\"1024\" src=\"https:\/\/wp.unil.ch\/monumentsvaudois\/files\/2025\/09\/mvd15siteinternet-995x1024.jpg\" alt=\"mvd15siteinternet\" class=\"wp-image-3152\" style=\"width:292px;height:auto\" srcset=\"https:\/\/wp.unil.ch\/monumentsvaudois\/files\/2025\/09\/mvd15siteinternet-995x1024.jpg 995w, https:\/\/wp.unil.ch\/monumentsvaudois\/files\/2025\/09\/mvd15siteinternet-292x300.jpg 292w, https:\/\/wp.unil.ch\/monumentsvaudois\/files\/2025\/09\/mvd15siteinternet-146x150.jpg 146w, https:\/\/wp.unil.ch\/monumentsvaudois\/files\/2025\/09\/mvd15siteinternet-768x790.jpg 768w, https:\/\/wp.unil.ch\/monumentsvaudois\/files\/2025\/09\/mvd15siteinternet.jpg 1166w\" sizes=\"auto, (max-width: 995px) 100vw, 995px\" \/><\/a><figcaption class=\"wp-element-caption\">D\u00e9couvrez notre dernier num\u00e9ro !<\/figcaption><\/figure>\n<\/div>\n<\/div>\n\n\n\n<p>En  2009 germait l\u2019id\u00e9e dans l\u2019esprit de quelques \u00e9tudiant\u00b7e\u00b7s en Histoire de l\u2019art \u00e0 l\u2019Universit\u00e9 de Lausanne \u2013 f\u00e9ru\u00b7e\u00b7s d\u2019art r\u00e9gional mais d\u00e9\u00e7u\u00b7e\u00b7s de le voir si peu valoris\u00e9 \u2013 qu\u2019il manquait dans le canton une revue qui mette en valeur ce patrimoine unique, et qui permette \u00e0 tout\u00b7e un\u00b7e chacun\u00b7e de se tenir au courant des derni\u00e8res recherches men\u00e9es par les professionnel\u00b7le\u00b7s du domaine (historien\u00b7ne\u00b7s de l\u2019art, arch\u00e9ologues,  restaurateurs\u00b7trices, conservateurs\u00b7trices, archivistes, \u2026).<\/p>\n\n\n\n<p>Sous la houlette du Prof. Dr. Dave L\u00fcthi (Enseignement d\u2019Architecture et Patrimoine \u00e0 l\u2019Universit\u00e9 de Lausanne), ils\u00b7elles ont \u00e9t\u00e9 7 (2 doctorant\u00b7e\u00b7s, 3 \u00e9tudiant\u00b7e\u00b7s, 2 historien\u00b7ne\u00b7s de l\u2019art ind\u00e9pendant\u00b7e\u00b7s) \u00e0 avoir consacr\u00e9 leur temps libre pendant plusieurs mois, pour cr\u00e9er une revue de qualit\u00e9.<\/p>\n\n\n\n<p>C\u2019est ainsi qu\u2019en 2010, est n\u00e9e la revue annuelle&nbsp;<em>Monuments vaudois<\/em>.<\/p>\n\n\n\n<p><em>Monuments vaudois<\/em> est une plateforme de publication pour les  recherches sur le patrimoine vaudois. Les chercheurs\u00b7euses ind\u00e9pendant\u00b7e\u00b7s et  confirm\u00e9\u00b7e\u00b7s y collaborent (notamment les membres de l\u2019<a rel=\"noreferrer noopener\" href=\"https:\/\/www.arham.ch\" target=\"_blank\">Arham<\/a>),  mais \u00e9galement les personnes r\u00e9cemment dipl\u00f4m\u00e9es ayant trait\u00e9 un sujet  r\u00e9gional dans le cadre de leur m\u00e9moire (notamment en lien avec l\u2019<a href=\"https:\/\/www.unil.ch\/patrimoine\/home.html\">Enseignement Architecture &amp; Patrimoine<\/a>  de l\u2019Universit\u00e9 de Lausanne), ainsi que les \u00e9tudiant\u00b7e\u00b7s ayant r\u00e9alis\u00e9 des  recherches de qualit\u00e9 durant leur cursus universitaire. Cette revue  favorise la rel\u00e8ve en histoire de l\u2019art r\u00e9gional et l\u2019insertion des  jeunes chercheurs\u00b7euses dans le milieu professionnel des historien\u00b7ne\u00b7s de l\u2019art  et du patrimoine.<\/p>\n\n\n\n<p>L\u2019Office cantonal de la Protection des biens culturels (<a href=\"https:\/\/www.patrimoine.vd.ch\/patrimoine-bati\/proteger\/protection-des-biens-culturels\/\">PBC<\/a>) et la d\u00e9l\u00e9gation \u00e0 la conservation du patrimoine b\u00e2ti de la <a href=\"https:\/\/www.lausanne.ch\/officiel\/administration\/culture-et-developpement-urbain\/urbanisme\/a-propos\/organisation.html\">Ville de Lausanne<\/a> contribuent \u00e9galement \u00e0 la revue par des interventions li\u00e9es \u00e0 l\u2019inventaire et la conservation du patrimoine.<\/p>\n\n\n\n<p>Retrouvez la revue sur <a href=\"https:\/\/www.e-periodica.ch\/digbib\/volumes?UID=mvd-001\">e-periodica<\/a> !<\/p>\n\n\n\n<p><\/p>\n","protected":false},"excerpt":{"rendered":"<p>Monuments vaudois La revue du patrimoine artistique vaudois En 2009 germait l\u2019id\u00e9e dans l\u2019esprit de quelques \u00e9tudiant\u00b7e\u00b7s en Histoire de l\u2019art \u00e0 l\u2019Universit\u00e9 de Lausanne \u2013 f\u00e9ru\u00b7e\u00b7s d\u2019art r\u00e9gional mais d\u00e9\u00e7u\u00b7e\u00b7s de le voir si peu valoris\u00e9 \u2013 qu\u2019il manquait<\/p>\n","protected":false},"author":108,"featured_media":0,"parent":0,"menu_order":0,"comment_status":"closed","ping_status":"closed","template":"","meta":{"_seopress_robots_primary_cat":"","_seopress_titles_title":"","_seopress_titles_desc":"","_seopress_robots_index":"","footnotes":"","_links_to":"","_links_to_target":""},"class_list":["post-2507","page","type-page","status-publish"],"_links":{"self":[{"href":"https:\/\/wp.unil.ch\/monumentsvaudois\/wp-json\/wp\/v2\/pages\/2507","targetHints":{"allow":["GET"]}}],"collection":[{"href":"https:\/\/wp.unil.ch\/monumentsvaudois\/wp-json\/wp\/v2\/pages"}],"about":[{"href":"https:\/\/wp.unil.ch\/monumentsvaudois\/wp-json\/wp\/v2\/types\/page"}],"author":[{"embeddable":true,"href":"https:\/\/wp.unil.ch\/monumentsvaudois\/wp-json\/wp\/v2\/users\/108"}],"replies":[{"embeddable":true,"href":"https:\/\/wp.unil.ch\/monumentsvaudois\/wp-json\/wp\/v2\/comments?post=2507"}],"version-history":[{"count":4,"href":"https:\/\/wp.unil.ch\/monumentsvaudois\/wp-json\/wp\/v2\/pages\/2507\/revisions"}],"predecessor-version":[{"id":3171,"href":"https:\/\/wp.unil.ch\/monumentsvaudois\/wp-json\/wp\/v2\/pages\/2507\/revisions\/3171"}],"wp:attachment":[{"href":"https:\/\/wp.unil.ch\/monumentsvaudois\/wp-json\/wp\/v2\/media?parent=2507"}],"curies":[{"name":"wp","href":"https:\/\/api.w.org\/{rel}","templated":true}]}}