{"id":2337,"date":"2018-12-07T13:16:59","date_gmt":"2018-12-07T12:16:59","guid":{"rendered":"http:\/\/wp.unil.ch\/monumentsvaudois\/?page_id=2337"},"modified":"2018-12-09T11:36:06","modified_gmt":"2018-12-09T10:36:06","slug":"mvd-8-2018-table-des-matieres","status":"publish","type":"page","link":"https:\/\/wp.unil.ch\/monumentsvaudois\/mvd-8-2018-table-des-matieres\/","title":{"rendered":"MVD 8-2018 (table des mati\u00e8res)"},"content":{"rendered":"<h5><span style=\"color: #333399\">Num\u00e9ro 8<\/span><br \/>\n<span style=\"color: #333399\">Parution fin novembre 2018<\/span><\/h5>\n<p><img alt=\"\" loading=\"lazy\" decoding=\"async\" class=\"alignnone size-medium wp-image-2332\" src=\"https:\/\/wp.unil.ch\/monumentsvaudois\/files\/2018\/12\/2018-Cover-212x300.jpg\" alt=\"\" width=\"212\" height=\"300\" srcset=\"https:\/\/wp.unil.ch\/monumentsvaudois\/files\/2018\/12\/2018-Cover-212x300.jpg 212w, https:\/\/wp.unil.ch\/monumentsvaudois\/files\/2018\/12\/2018-Cover-768x1085.jpg 768w, https:\/\/wp.unil.ch\/monumentsvaudois\/files\/2018\/12\/2018-Cover-725x1024.jpg 725w, https:\/\/wp.unil.ch\/monumentsvaudois\/files\/2018\/12\/2018-Cover.jpg 787w\" sizes=\"auto, (max-width: 212px) 100vw, 212px\" \/><\/p>\n<p><strong>Quel Tell? Un h\u00e9ros national \u00e0 Lausanne<\/strong><\/p>\n<ul>\n<li><a href=\"https:\/\/wp.unil.ch\/monumentsvaudois\/2018\/12\/natacha-isoz-marie-charlotte-winterhalter-les-fresques-dernest-bieler-a-la-chapelle-de-guillaume-tell-a-lausanne-projet-a-rebondissement-et-sacralisation-du-mythe-fondateur-suisse\/\"><strong>Natacha Isoz &amp; Marie-Charlotte Winterhalter<\/strong><\/a>: <em>Les fresques d&rsquo;Ernest Bi\u00e9ler \u00e0 la chapelle de Guillaume Tell \u00e0 Lausanne. Projet \u00e0 rebondissement et sacralisation du mythe fondateur suisse<\/em><\/li>\n<li><a href=\"https:\/\/wp.unil.ch\/monumentsvaudois\/2018\/12\/mikhail-smirnov-la-chapelle-de-tell-a-lausanne-histoire-dun-monument-oublie\/\"><strong>Mikhail Smirnov<\/strong><\/a>: <em>La chapelle de Tell \u00e0 Lausanne. Histoire d&rsquo;un monument oubli\u00e9<\/em><\/li>\n<li><a href=\"https:\/\/wp.unil.ch\/monumentsvaudois\/2018\/12\/gilles-prodhom-swiss-made-les-apports-etrangers-dans-les-monuments-a-guillaume-tell\/\"><strong>Gilles Prod&rsquo;hom<\/strong><\/a>: <em>Swiss Made? Les apports \u00e9trangers dans les monuments \u00e0 Guillaume Tell<\/em><\/li>\n<\/ul>\n<p><strong>Articles libres<\/strong><\/p>\n<ul>\n<li><a href=\"https:\/\/wp.unil.ch\/monumentsvaudois\/2018\/12\/diego-maddalena-de-hermann-muthesius-a-henry-baudin-la-renaissance-de-la-maison-familiale-au-xxe-siecle-transposition-dune-theorie-architecturale\/\"><strong>Diego Maddalena<\/strong><\/a>: <em>De Hermann Muthesius \u00e0 Henry Baudin. La renaissance de la maison familiale au d\u00e9but du XXe si\u00e8cle: transposition d&rsquo;une th\u00e9orie architecturale<\/em><\/li>\n<li><a href=\"https:\/\/wp.unil.ch\/monumentsvaudois\/2018\/12\/isabelle-roland-le-chateau-den-bas-de-mex-entre-gothique-et-renaissance\/\"><strong>Isabelle Roland<\/strong><\/a>: <em>Le ch\u00e2teau d&rsquo;en bas de Mex. Entre gothique et Renaissance<\/em><\/li>\n<li><a href=\"https:\/\/wp.unil.ch\/monumentsvaudois\/2018\/12\/daniel-de-raemy-lancienne-campagne-des-bains-ou-villa-dentremonts-a-yverdon-un-hommage-au-general-humaniste-frederic-haldimand\/\"><strong>Daniel de Raemy<\/strong><\/a>: <em>L&rsquo;ancienne campagne des Bains ou villa d&rsquo;Entremonts \u00e0 Yverdon (XVIIIe-XIXe si\u00e8cles). Un hommage au g\u00e9n\u00e9ral humaniste Fr\u00e9d\u00e9ric Haldimand<\/em><\/li>\n<\/ul>\n<p><strong>Ouverture<\/strong><\/p>\n<ul>\n<li><a href=\"https:\/\/wp.unil.ch\/monumentsvaudois\/2018\/12\/philippe-boillat-les-peintures-murales-medievales-de-la-blanche-eglise-de-la-neuveville\/\"><strong>Philippe Boillat<\/strong><\/a>: <em>Les peintures murales m\u00e9di\u00e9vales de la Blanche Eglise de la Neuveville (BE)<\/em><\/li>\n<\/ul>\n<p><strong>Actualit\u00e9s du patrimoine<\/strong><\/p>\n<ul>\n<li><a href=\"https:\/\/wp.unil.ch\/monumentsvaudois\/2018\/12\/paul-bissegger-gustave-falconnier-et-ses-briques-de-verre\/\"><strong>Paul Bissegger<\/strong><\/a>: <em>Gustave Falconnier et ses \u00ab\u00a0briques\u00a0\u00bb de verre<\/em><\/li>\n<li><a href=\"https:\/\/wp.unil.ch\/monumentsvaudois\/2018\/12\/monique-fontannaz-la-pharmacie-de-saint-bernard-a-moudon\/\"><strong>Monique Fontannaz<\/strong><\/a>: <em>La pharmacie de Saint-Bernard \u00e0 Moudon<\/em><\/li>\n<\/ul>\n<p>et d&rsquo;autres contributions de <strong>Dave L\u00fcthi (Enseignement Architecture &amp; Patrimoine)<\/strong> et du <strong>comit\u00e9 de l&rsquo;ARHAM<\/strong>.<\/p>\n<p><a href=\"https:\/\/wp.unil.ch\/monumentsvaudois\/commander\/\">Commander la revue<\/a><\/p>\n","protected":false},"excerpt":{"rendered":"<p>Num\u00e9ro 8 Parution fin novembre 2018 Quel Tell? Un h\u00e9ros national \u00e0 Lausanne Natacha Isoz &amp; Marie-Charlotte Winterhalter: Les fresques d&rsquo;Ernest Bi\u00e9ler \u00e0 la chapelle de Guillaume Tell \u00e0 Lausanne. Projet \u00e0 rebondissement et sacralisation du mythe fondateur suisse Mikhail<\/p>\n","protected":false},"author":228,"featured_media":0,"parent":0,"menu_order":0,"comment_status":"closed","ping_status":"closed","template":"","meta":{"_seopress_robots_primary_cat":"","_seopress_titles_title":"","_seopress_titles_desc":"","_seopress_robots_index":"","footnotes":"","_links_to":"","_links_to_target":""},"class_list":["post-2337","page","type-page","status-publish"],"_links":{"self":[{"href":"https:\/\/wp.unil.ch\/monumentsvaudois\/wp-json\/wp\/v2\/pages\/2337","targetHints":{"allow":["GET"]}}],"collection":[{"href":"https:\/\/wp.unil.ch\/monumentsvaudois\/wp-json\/wp\/v2\/pages"}],"about":[{"href":"https:\/\/wp.unil.ch\/monumentsvaudois\/wp-json\/wp\/v2\/types\/page"}],"author":[{"embeddable":true,"href":"https:\/\/wp.unil.ch\/monumentsvaudois\/wp-json\/wp\/v2\/users\/228"}],"replies":[{"embeddable":true,"href":"https:\/\/wp.unil.ch\/monumentsvaudois\/wp-json\/wp\/v2\/comments?post=2337"}],"version-history":[{"count":0,"href":"https:\/\/wp.unil.ch\/monumentsvaudois\/wp-json\/wp\/v2\/pages\/2337\/revisions"}],"wp:attachment":[{"href":"https:\/\/wp.unil.ch\/monumentsvaudois\/wp-json\/wp\/v2\/media?parent=2337"}],"curies":[{"name":"wp","href":"https:\/\/api.w.org\/{rel}","templated":true}]}}