{"id":203,"date":"2010-05-02T11:28:31","date_gmt":"2010-05-02T09:28:31","guid":{"rendered":"http:\/\/wp.unil.ch\/monumentsvaudois\/?page_id=203"},"modified":"2025-07-16T14:48:30","modified_gmt":"2025-07-16T12:48:30","slug":"votre-article","status":"publish","type":"page","link":"https:\/\/wp.unil.ch\/monumentsvaudois\/infos-pratiques\/votre-article\/","title":{"rendered":"Envoyez-nous votre article"},"content":{"rendered":"<p><em>Monuments vaudois<\/em> est une revue publiant des articles scientifiques, sans th\u00e9matique impos\u00e9e.<\/p>\n<p>Vous souhaiteriez proposer un article pour <em>Monuments vaudois<\/em> 16 (parution en septembre 2026) ? Contactez-nous d&rsquo;ici ao\u00fbt 2025 (voir rubrique <a href=\"https:\/\/wp.unil.ch\/monumentsvaudois\/consignes-pour-auteurs\/consignes-pour-les-auteurs\/\">Consignes pour les auteur\u00b7e\u00b7s<\/a>).<\/p>\n<p><em>Monuments vaudois<\/em> a un nombre de pages limit\u00e9 ; les articles re\u00e7us seront donc publi\u00e9s dans la mesure des pages encore disponibles. Le Comit\u00e9 de r\u00e9daction se r\u00e9serve par cons\u00e9quent le droit de faire un choix parmi les articles re\u00e7us, suivant :<\/p>\n<ul>\n<li>leur qualit\u00e9 scientifique, l&rsquo;exactitude et la clart\u00e9 de l&rsquo;expression, la conformit\u00e9 aux <a href=\"https:\/\/wp.unil.ch\/monumentsvaudois\/consignes-pour-auteurs\/consignes-pour-les-auteurs\/\">consignes r\u00e9dactionnelles<\/a> de <em>Monuments vaudois<\/em>;<\/li>\n<li>l&rsquo;ordre de r\u00e9ception des articles.<\/li>\n<\/ul>\n","protected":false},"excerpt":{"rendered":"<p>Monuments vaudois est une revue publiant des articles scientifiques, sans th\u00e9matique impos\u00e9e. Vous souhaiteriez proposer un article pour Monuments vaudois 16 (parution en septembre 2026) ? Contactez-nous d&rsquo;ici ao\u00fbt 2025 (voir rubrique Consignes pour les auteur\u00b7e\u00b7s). Monuments vaudois a un<\/p>\n","protected":false},"author":228,"featured_media":0,"parent":15,"menu_order":0,"comment_status":"closed","ping_status":"closed","template":"","meta":{"_seopress_robots_primary_cat":"","_seopress_titles_title":"","_seopress_titles_desc":"","_seopress_robots_index":"","footnotes":"","_links_to":"","_links_to_target":""},"class_list":["post-203","page","type-page","status-publish"],"_links":{"self":[{"href":"https:\/\/wp.unil.ch\/monumentsvaudois\/wp-json\/wp\/v2\/pages\/203","targetHints":{"allow":["GET"]}}],"collection":[{"href":"https:\/\/wp.unil.ch\/monumentsvaudois\/wp-json\/wp\/v2\/pages"}],"about":[{"href":"https:\/\/wp.unil.ch\/monumentsvaudois\/wp-json\/wp\/v2\/types\/page"}],"author":[{"embeddable":true,"href":"https:\/\/wp.unil.ch\/monumentsvaudois\/wp-json\/wp\/v2\/users\/228"}],"replies":[{"embeddable":true,"href":"https:\/\/wp.unil.ch\/monumentsvaudois\/wp-json\/wp\/v2\/comments?post=203"}],"version-history":[{"count":2,"href":"https:\/\/wp.unil.ch\/monumentsvaudois\/wp-json\/wp\/v2\/pages\/203\/revisions"}],"predecessor-version":[{"id":3143,"href":"https:\/\/wp.unil.ch\/monumentsvaudois\/wp-json\/wp\/v2\/pages\/203\/revisions\/3143"}],"up":[{"embeddable":true,"href":"https:\/\/wp.unil.ch\/monumentsvaudois\/wp-json\/wp\/v2\/pages\/15"}],"wp:attachment":[{"href":"https:\/\/wp.unil.ch\/monumentsvaudois\/wp-json\/wp\/v2\/media?parent=203"}],"curies":[{"name":"wp","href":"https:\/\/api.w.org\/{rel}","templated":true}]}}