{"id":1792,"date":"2013-02-01T16:12:10","date_gmt":"2013-02-01T15:12:10","guid":{"rendered":"http:\/\/wp.unil.ch\/monumentsvaudois\/?page_id=1792"},"modified":"2024-09-09T16:38:26","modified_gmt":"2024-09-09T14:38:26","slug":"autres-publications","status":"publish","type":"page","link":"https:\/\/wp.unil.ch\/monumentsvaudois\/autres-publications\/","title":{"rendered":"Autres publications"},"content":{"rendered":"<h5><span style=\"color: #808080\">Num\u00e9ros hors-s\u00e9rie de Monuments vaudois<\/span><\/h5>\n<p><img alt=\"\" loading=\"lazy\" decoding=\"async\" class=\"wp-image-2991  alignleft\" src=\"https:\/\/wp.unil.ch\/monumentsvaudois\/files\/2023\/09\/MVD_HS3_cover_ombre_1-213x300.jpg\" alt=\"\" width=\"165\" height=\"232\" srcset=\"https:\/\/wp.unil.ch\/monumentsvaudois\/files\/2023\/09\/MVD_HS3_cover_ombre_1-213x300.jpg 213w, https:\/\/wp.unil.ch\/monumentsvaudois\/files\/2023\/09\/MVD_HS3_cover_ombre_1-725x1024.jpg 725w, https:\/\/wp.unil.ch\/monumentsvaudois\/files\/2023\/09\/MVD_HS3_cover_ombre_1-106x150.jpg 106w, https:\/\/wp.unil.ch\/monumentsvaudois\/files\/2023\/09\/MVD_HS3_cover_ombre_1-768x1084.jpg 768w, https:\/\/wp.unil.ch\/monumentsvaudois\/files\/2023\/09\/MVD_HS3_cover_ombre_1.jpg 850w\" sizes=\"auto, (max-width: 165px) 100vw, 165px\" \/><\/p>\n<p><em>Patrimoine b\u00e2ti et \u00e9conomie circulaire : territoire r\u00e9duit \/ temps long\u00a0<\/em><\/p>\n<p>Actes de la journ\u00e9e d&rsquo;\u00e9tude du 17 novembre 2022 (Monuments vaudois hors-s\u00e9rie 3, 2023)<\/p>\n<p>Prix: CHF 28.-<\/p>\n<p><a href=\"https:\/\/wp.unil.ch\/monumentsvaudois\/commander\/\">Commander<\/a><\/p>\n<div class=\"su-spacer\" style=\"height:20px\"><\/div>\n<p><em><img loading=\"lazy\" decoding=\"async\" class=\"wp-image-2755 alignleft\" src=\"https:\/\/wp.unil.ch\/monumentsvaudois\/files\/2021\/09\/MVD_HS2_cover_ombre-214x300.png\" alt=\"MVD-HS-2\" width=\"173\" height=\"243\" \/>Piscis Aqua. Exposition de la molasse \u00e0 l&rsquo;eau: Alt\u00e9rations et propositions<\/em><\/p>\n<p>Actes du colloque pluridisciplinaire du 29 janvier 2021 \u00e0 Lausanne (Monuments vaudois hors-s\u00e9rie 2, 2021)<\/p>\n<p>Prix: CHF 28.-<\/p>\n<p><a href=\"https:\/\/wp.unil.ch\/monumentsvaudois\/commander\/\">Commander<\/a><br \/>\n<div class=\"su-spacer\" style=\"height:20px\"><\/div>\n<p><em><a href=\"https:\/\/wp.unil.ch\/monumentsvaudois\/files\/2013\/02\/MVD-HS-1.jpg\"><img loading=\"lazy\" decoding=\"async\" class=\"alignleft wp-image-1850\" src=\"https:\/\/wp.unil.ch\/monumentsvaudois\/files\/2013\/02\/MVD-HS-1-220x300.jpg\" alt=\"MVD-HS-1\" width=\"176\" height=\"240\" srcset=\"https:\/\/wp.unil.ch\/monumentsvaudois\/files\/2013\/02\/MVD-HS-1-220x300.jpg 220w, https:\/\/wp.unil.ch\/monumentsvaudois\/files\/2013\/02\/MVD-HS-1.jpg 229w\" sizes=\"auto, (max-width: 176px) 100vw, 176px\" \/><\/a><\/em><\/p>\n<p><em>D\u00e9ontologie de la pierre. Strat\u00e9gies d\u2019intervention pour la cath\u00e9drale de Lausanne<\/em><\/p>\n<p>Actes du colloque pluridisciplinaire des 14 et 15 juin 2012 \u00e0 Lausanne (Monuments vaudois hors-s\u00e9rie 1, 2013)<\/p>\n<p>ISBN 978-2-8399-1138-2<br \/>\nPrix: CHF 28.-<\/p>\n<p>Plus d&rsquo;informations: <a href=\"https:\/\/wp.unil.ch\/monumentsvaudois\/files\/2013\/02\/MVD_HS_flyer.pdf\">flyer<\/a><br \/>\n<a href=\"https:\/\/wp.unil.ch\/monumentsvaudois\/commander\/\">Commander<\/a><br \/>\n<div class=\"su-spacer\" style=\"height:20px\"><\/div>\n<h5><span style=\"color: #808080\">Les publications de l&rsquo;Enseignement d&rsquo;Architecture &amp; Patrimoine<\/span><\/h5>\n<p>D\u00e8s les ann\u00e9es 1980, sous l&rsquo;\u00e9gide de Marcel Grandjean puis de Ga\u00ebtan Cassina et de Dave L\u00fcthi, des travaux de recherche de longue haleine ont \u00e9t\u00e9 men\u00e9s dans le cadre du s\u00e9minaire d&rsquo;histoire de l&rsquo;art r\u00e9gionale (aujourd&rsquo;hui, Enseignement d&rsquo;Architecture et Patrimoine) \u00e0 l&rsquo;Universit\u00e9 de Lausanne. Les r\u00e9sultats en ont \u00e9t\u00e9 publi\u00e9s sous la forme d&rsquo;ouvrages auxquels les \u00e9tudiant\u00b7e\u00b7s et les m\u00e9morant\u00b7e\u00b7s prennent une part active.<\/p>\n<p><img alt=\"\" loading=\"lazy\" decoding=\"async\" class=\"alignleft wp-image-2961\" src=\"https:\/\/wp.unil.ch\/monumentsvaudois\/files\/2024\/09\/ADP7-COVER.jpg\" alt=\"\" width=\"165\" height=\"224\" \/><\/p>\n<p><em>L&rsquo;Ouest lausannois \u2013 Patrimoine b\u00e2ti<\/em>, 2024<\/p>\n<p>ISBN: 978-3-03797-907-5<br \/>\nPrix: CHF 39.\u2013 (prix membres SHAS: CHF 28.\u2013)<\/p>\n<p>Plus d&rsquo;<a href=\"https:\/\/www.gsk.ch\/fr\/architecture-de-poche.html\">informations<\/a><br \/>\nPour commander: site de la <a href=\"https:\/\/shop.gsk.ch\/fr\/l-ouest-lausannois-patrimoine-bati.html\">SHAS\/GSK<\/a><\/p>\n<div class=\"su-spacer\" style=\"height:20px\"><\/div>\n<p><img alt=\"\" loading=\"lazy\" decoding=\"async\" class=\"alignleft wp-image-2961\" src=\"https:\/\/wp.unil.ch\/monumentsvaudois\/files\/2023\/08\/AdP6-221x300.jpg\" alt=\"\" width=\"165\" height=\"224\" srcset=\"https:\/\/wp.unil.ch\/monumentsvaudois\/files\/2023\/08\/AdP6-221x300.jpg 221w, https:\/\/wp.unil.ch\/monumentsvaudois\/files\/2023\/08\/AdP6-753x1024.jpg 753w, https:\/\/wp.unil.ch\/monumentsvaudois\/files\/2023\/08\/AdP6-110x150.jpg 110w, https:\/\/wp.unil.ch\/monumentsvaudois\/files\/2023\/08\/AdP6-768x1045.jpg 768w, https:\/\/wp.unil.ch\/monumentsvaudois\/files\/2023\/08\/AdP6.jpg 882w\" sizes=\"auto, (max-width: 165px) 100vw, 165px\" \/><\/p>\n<p><em>Lausanne \u2013 Ville sportive<\/em>, 2022<\/p>\n<p>ISBN: 978-3-03797-815-3<br \/>\nPrix: CHF 39.\u2013 (prix membres SHAS: CHF 28.\u2013)<\/p>\n<p>Plus d&rsquo;<a href=\"https:\/\/www.gsk.ch\/fr\/architecture-de-poche.html\">informations<\/a><br \/>\nPour commander: site de la <a href=\"https:\/\/shop.gsk.ch\/fr\/lausanne-ville-sportive.html\">SHAS\/GSK<\/a><\/p>\n<div class=\"su-spacer\" style=\"height:20px\"><\/div>\n<p><img alt=\"\" loading=\"lazy\" decoding=\"async\" class=\"alignleft wp-image-2756\" src=\"https:\/\/wp.unil.ch\/monumentsvaudois\/files\/2021\/09\/AdP4_couv_rgb-216x300.jpg\" alt=\"\" width=\"165\" height=\"230\" \/><\/p>\n<p><em>Lausanne \u2013 Banques, bureaux et commerces<\/em>, 2021<\/p>\n<p>ISBN: 978-3-03797-729-3<br \/>\nPrix: CHF 39.\u2013 (prix membres SHAS: CHF 28.\u2013)<\/p>\n<p>Plus d&rsquo;<a href=\"https:\/\/www.gsk.ch\/fr\/architecture-de-poche.html\">informations<\/a><br \/>\nPour commander: site de la <a href=\"https:\/\/shop.gsk.ch\/fr\/lausanne-banques-bureaux-et-commerces.html\">SHAS\/GSK<\/a><\/p>\n<div class=\"su-spacer\" style=\"height:20px\"><\/div>\n<p><img alt=\"\" loading=\"lazy\" decoding=\"async\" class=\"alignleft wp-image-2147\" src=\"https:\/\/wp.unil.ch\/monumentsvaudois\/files\/2013\/02\/EDL2017-1-207x300.jpg\" alt=\"\" width=\"165\" height=\"234\" \/><em>Profils d&rsquo;architectes<\/em>, 2017<\/p>\n<p>ISBN: 978-2-940331-64-2<br \/>\nPrix: CHF 22.\u2013 (prix \u00e9tudiants: CHF 20.\u2013)<\/p>\n<p>Plus d&rsquo;<a href=\"https:\/\/www.unil.ch\/edl\/home\/menuinst\/table-des-sommaires\/2015-2019\/303-20171.html\">informations<\/a><br \/>\nPour commander: site d&rsquo;<a href=\"https:\/\/www.unil.ch\/edl\/home\/menuinst\/commander\/acheter-un-numero.html\">Etudes de Lettres<\/a><\/p>\n<div class=\"su-spacer\" style=\"height:20px\"><\/div>\n<img alt=\"\" loading=\"lazy\" decoding=\"async\" class=\"alignleft wp-image-2142\" src=\"https:\/\/wp.unil.ch\/monumentsvaudois\/files\/2013\/02\/ADP-0003F-Lausanne-Les-lieux-du-sacre-224x300.jpg\" alt=\"\" width=\"164\" height=\"215\" \/><em>Lausanne \u2013 Les lieux du sacr\u00e9<\/em>, 2016<\/p>\n<p>ISBN:\u00a0978-3-03797-277-9<br \/>\nPrix: CHF 35.\u2013 (prix membres SHAS: CHF 25.\u2013)<\/p>\n<p>Plus d&rsquo;<a href=\"https:\/\/unil.ch\/patrimoine\/home\/menuinst\/publications\/lausanne---les-lieux-du-sacre.html\">informations<\/a><br \/>\nPour commander: site de la <a href=\"https:\/\/www.gsk.ch\/fr\/lausanne-les-lieux-du-sacre.html\">SHAS\/GSK<\/a><\/p>\n<div class=\"su-spacer\" style=\"height:20px\"><\/div>\n<a href=\"https:\/\/wp.unil.ch\/monumentsvaudois\/files\/2013\/02\/ADP2-COVER2_800.jpg\"><img loading=\"lazy\" decoding=\"async\" class=\"alignleft wp-image-2026\" src=\"https:\/\/wp.unil.ch\/monumentsvaudois\/files\/2013\/02\/ADP2-COVER2_800-223x300.jpg\" alt=\"ADP2-COVER2_800\" width=\"164\" height=\"215\" \/><\/a><em>Lausanne \u2013 Parcs et jardins publics<\/em>, 2014<\/p>\n<p>ISBN:\u00a0978-3-03797-127-7<br \/>\nPrix: CHF 35.\u2013 (prix membres SHAS: CHF 25.\u2013)<\/p>\n<p>Plus d&rsquo;<a href=\"https:\/\/www.unil.ch\/patrimoine\/home\/menuinst\/publications\/lausanne---parcs-et-jardins-publics.html\">informations<\/a><br \/>\nPour commander: site de la <a href=\"https:\/\/www.gsk.ch\/fr\/lausanne-%E2%80%93-parcs-et-jardins-publics.html\">SHAS\/GSK<\/a><\/p>\n<div class=\"su-spacer\" style=\"height:20px\"><\/div>\n<a href=\"https:\/\/wp.unil.ch\/monumentsvaudois\/files\/2013\/02\/metp1.jpg\"><img loading=\"lazy\" decoding=\"async\" class=\"alignleft wp-image-2025\" src=\"https:\/\/wp.unil.ch\/monumentsvaudois\/files\/2013\/02\/metp1.jpg\" alt=\"metp1\" width=\"162\" height=\"231\" \/><\/a><em>Le marbre et la poussi\u00e8re. Le patrimoine fun\u00e9raire de la Suisse romande, XIVe &#8211; XVIIIe si\u00e8cles. Vaud &#8211; Neuch\u00e2tel &#8211; Fribourg &#8211; Valais &#8211; Jura<\/em>, 2 volumes, 2013<\/p>\n<p>ISBN:\u00a0 978-2-88028-143-1 et 978-2-88028-144-x<br \/>\nPrix: CHF 90.\u2013 (les 2 volumes)<\/p>\n<p>Plus d&rsquo;<a href=\"https:\/\/www.unil.ch\/patrimoine\/home\/menuinst\/publications\/le-marbre-et-la-poussiere.html\">informations<\/a><a href=\"https:\/\/www.unil.ch\/edl\/page65525.html\"><br \/>\n<\/a>Pour commander: site des <a href=\"https:\/\/www.mcah.ch\/publications\/cahiers-darcheologie-romande\/\">Cahiers d&rsquo;arch\u00e9ologie romande<\/a><\/p>\n<div class=\"su-spacer\" style=\"height:20px\"><\/div>\n<a href=\"https:\/\/wp.unil.ch\/monumentsvaudois\/files\/2013\/01\/1-Couv-copie.jpg\"><img alt=\"\" loading=\"lazy\" decoding=\"async\" class=\"alignleft wp-image-1684\" src=\"https:\/\/wp.unil.ch\/monumentsvaudois\/files\/2013\/01\/1-Couv-copie-217x300.jpg\" alt=\"\" width=\"163\" height=\"220\" \/><\/a><em>Lausanne \u2013 les \u00e9coles<\/em>, 2012<\/p>\n<p>ISBN: \u00a0978-3-03797-081-2<br \/>\nPrix: CHF 35.\u2013 (prix membres SHAS: CHF 25.\u2013)<\/p>\n<p>Plus d&rsquo;<a href=\"https:\/\/www.unil.ch\/patrimoine\/home\/menuinst\/publications\/lausanne---les-ecoles.html\">informations<\/a><br \/>\nPour commander: site de la <a href=\"https:\/\/www.gsk.ch\/fr\/lausanne-%E2%80%93-les-ecoles.html\">SHAS\/GSK<\/a><\/p>\n<div class=\"su-spacer\" style=\"height:20px\"><\/div>\n<a href=\"https:\/\/wp.unil.ch\/monumentsvaudois\/files\/2013\/02\/clientgrand.jpg\"><img alt=\"\" loading=\"lazy\" decoding=\"async\" class=\"alignleft wp-image-1806\" src=\"https:\/\/wp.unil.ch\/monumentsvaudois\/files\/2013\/02\/clientgrand-204x300.jpg\" alt=\"\" width=\"163\" height=\"240\" srcset=\"https:\/\/wp.unil.ch\/monumentsvaudois\/files\/2013\/02\/clientgrand-204x300.jpg 204w, https:\/\/wp.unil.ch\/monumentsvaudois\/files\/2013\/02\/clientgrand.jpg 434w\" sizes=\"auto, (max-width: 163px) 100vw, 163px\" \/><\/a><em>Le client de l&rsquo;architecte. Du notable \u00e0 la soci\u00e9t\u00e9 immobili\u00e8re : les mutations du ma\u00eetre de l&rsquo;ouvrage en Suisse au XIXe si\u00e8cle<\/em>, 2010<\/p>\n<p>ISBN 978-2-940331-24-6<br \/>\nPrix: CHF 18.\u2013 (prix \u00e9tudiants: CHF 16.\u2013)<\/p>\n<p>Plus d&rsquo;<a href=\"https:\/\/www.unil.ch\/edl\/home\/menuinst\/table-des-sommaires\/2010-2014\/287-20104.html\">informations<\/a><br \/>\nPour commander: site d&rsquo;<a href=\"https:\/\/www.unil.ch\/edl\/home\/menuinst\/commander\/acheter-un-numero.html\">Etudes de Lettres<\/a><\/p>\n<div class=\"su-spacer\" style=\"height:20px\"><\/div>\n<a href=\"https:\/\/wp.unil.ch\/monumentsvaudois\/files\/2013\/02\/Edlgrand.jpg\"><img alt=\"\" loading=\"lazy\" decoding=\"async\" class=\"alignleft wp-image-1807\" src=\"https:\/\/wp.unil.ch\/monumentsvaudois\/files\/2013\/02\/Edlgrand-212x300.jpg\" alt=\"\" width=\"165\" height=\"228\" \/><\/a><em>La profession d&rsquo;architecte en Suisse Romande\u00a0 (XVIe-XXe si\u00e8cles)<\/em>, 2009<\/p>\n<p>ISBN 978-2-940331-19-2<br \/>\nPrix: CHF 18.\u2013 (prix \u00e9tudiants: CHF 16.\u2013)<\/p>\n<p>Plus d&rsquo;<a href=\"https:\/\/www.unil.ch\/edl\/home\/menuinst\/table-des-sommaires\/2005-2009\/282-20091.html\">informations<\/a><br \/>\nPour commander: site d&rsquo;<a href=\"https:\/\/www.unil.ch\/edl\/home\/menuinst\/commander\/acheter-un-numero.html\">Etudes de Lettres<\/a><\/p>\n<div class=\"su-spacer\" style=\"height:20px\"><\/div>\n<a href=\"https:\/\/wp.unil.ch\/monumentsvaudois\/files\/2013\/02\/ppp.jpg\"><img alt=\"\" loading=\"lazy\" decoding=\"async\" class=\"alignleft wp-image-1797\" src=\"https:\/\/wp.unil.ch\/monumentsvaudois\/files\/2013\/02\/ppp-202x300.jpg\" alt=\"\" width=\"162\" height=\"240\" srcset=\"https:\/\/wp.unil.ch\/monumentsvaudois\/files\/2013\/02\/ppp-202x300.jpg 202w, https:\/\/wp.unil.ch\/monumentsvaudois\/files\/2013\/02\/ppp.jpg 243w\" sizes=\"auto, (max-width: 162px) 100vw, 162px\" \/><\/a><em>Petit pr\u00e9cis patrimonial: 23 \u00e9tudes d&rsquo;histoire de l&rsquo;art offertes \u00e0 Ga\u00ebtan Cassina<\/em>, 2008<\/p>\n<p>ISBN 978-2-839904-59-9<br \/>\nPrix: CHF 42.\u2013 (au lieu de CHF 65.\u2013)<\/p>\n<p>Plus d&rsquo;<a href=\"https:\/\/www.unil.ch\/patrimoine\/home\/menuinst\/publications\/petit-precis-patrimonial.html\">informations<\/a><br \/>\nPour commander: <em>monumentsvaudois(at)gmail.com<\/em><\/p>\n","protected":false},"excerpt":{"rendered":"<p>Num\u00e9ros hors-s\u00e9rie de Monuments vaudois Patrimoine b\u00e2ti et \u00e9conomie circulaire : territoire r\u00e9duit \/ temps long\u00a0 Actes de la journ\u00e9e d&rsquo;\u00e9tude du 17 novembre 2022 (Monuments vaudois hors-s\u00e9rie 3, 2023) Prix: CHF 28.- Commander Piscis Aqua. Exposition de la molasse<\/p>\n","protected":false},"author":228,"featured_media":0,"parent":0,"menu_order":0,"comment_status":"closed","ping_status":"closed","template":"","meta":{"_seopress_robots_primary_cat":"","_seopress_titles_title":"","_seopress_titles_desc":"","_seopress_robots_index":"","footnotes":"","_links_to":"","_links_to_target":""},"class_list":["post-1792","page","type-page","status-publish"],"_links":{"self":[{"href":"https:\/\/wp.unil.ch\/monumentsvaudois\/wp-json\/wp\/v2\/pages\/1792","targetHints":{"allow":["GET"]}}],"collection":[{"href":"https:\/\/wp.unil.ch\/monumentsvaudois\/wp-json\/wp\/v2\/pages"}],"about":[{"href":"https:\/\/wp.unil.ch\/monumentsvaudois\/wp-json\/wp\/v2\/types\/page"}],"author":[{"embeddable":true,"href":"https:\/\/wp.unil.ch\/monumentsvaudois\/wp-json\/wp\/v2\/users\/228"}],"replies":[{"embeddable":true,"href":"https:\/\/wp.unil.ch\/monumentsvaudois\/wp-json\/wp\/v2\/comments?post=1792"}],"version-history":[{"count":5,"href":"https:\/\/wp.unil.ch\/monumentsvaudois\/wp-json\/wp\/v2\/pages\/1792\/revisions"}],"predecessor-version":[{"id":3045,"href":"https:\/\/wp.unil.ch\/monumentsvaudois\/wp-json\/wp\/v2\/pages\/1792\/revisions\/3045"}],"wp:attachment":[{"href":"https:\/\/wp.unil.ch\/monumentsvaudois\/wp-json\/wp\/v2\/media?parent=1792"}],"curies":[{"name":"wp","href":"https:\/\/api.w.org\/{rel}","templated":true}]}}