{"id":169,"date":"2010-04-21T12:28:21","date_gmt":"2010-04-21T10:28:21","guid":{"rendered":"http:\/\/wp.unil.ch\/monumentsvaudois\/?page_id=169"},"modified":"2025-10-22T10:36:54","modified_gmt":"2025-10-22T08:36:54","slug":"le-comite","status":"publish","type":"page","link":"https:\/\/wp.unil.ch\/monumentsvaudois\/infos-pratiques\/le-comite\/","title":{"rendered":"Le comit\u00e9"},"content":{"rendered":"<p>Dave L\u00fcthi, professeur en histoire de l&rsquo;architecture &amp; du patrimoine, UNIL<br \/>Direction du comit\u00e9<\/p>\n<p>Alexandra Ecclesia, historienne de l&rsquo;art, assistante dipl\u00f4m\u00e9e UNIL<br \/>R\u00e9daction scientifique<\/p>\n<p>Catherine Schmutz Nicod, historienne de l&rsquo;art<br \/>Comit\u00e9 scientifique<\/p>\n<p>Gilles Brodard, historien de l&rsquo;art<\/p>\n<p>Guillaume Curchod, historien de l&rsquo;art<\/p>\n<p>Nathalie Desarzens, historienne de l&rsquo;art<\/p>\n<p>Thibault Hugentobler, historien de l&rsquo;art<\/p>\n<p>Adrien H\u00fcrlimann, historien de l&rsquo;art<\/p>\n<p>Aline Jeandrevin, historienne de l&rsquo;art<\/p>\n<p>Diego Maddalena, historien de l&rsquo;art<\/p>\n<p>Gilles Prod&rsquo;hom, historien de l&rsquo;art<br \/>Graphisme<\/p>\n<p>Julie Ruppen, historienne de l&rsquo;art<\/p>\n\n<div class=\"wp-block-image\">\n<figure class=\"alignleft size-full is-resized\"><img loading=\"lazy\" decoding=\"async\" width=\"1438\" height=\"1200\" src=\"https:\/\/wp.unil.ch\/monumentsvaudois\/files\/2021\/09\/Photo-2021-09-14-23-01-13_5643_recadre-1.jpg\" alt=\"Le comit\u00e9\" class=\"wp-image-2675\" style=\"width:719px;height:600px\" srcset=\"https:\/\/wp.unil.ch\/monumentsvaudois\/files\/2021\/09\/Photo-2021-09-14-23-01-13_5643_recadre-1.jpg 1438w, https:\/\/wp.unil.ch\/monumentsvaudois\/files\/2021\/09\/Photo-2021-09-14-23-01-13_5643_recadre-1-300x250.jpg 300w, https:\/\/wp.unil.ch\/monumentsvaudois\/files\/2021\/09\/Photo-2021-09-14-23-01-13_5643_recadre-1-1024x855.jpg 1024w, https:\/\/wp.unil.ch\/monumentsvaudois\/files\/2021\/09\/Photo-2021-09-14-23-01-13_5643_recadre-1-150x125.jpg 150w, https:\/\/wp.unil.ch\/monumentsvaudois\/files\/2021\/09\/Photo-2021-09-14-23-01-13_5643_recadre-1-768x641.jpg 768w\" sizes=\"auto, (max-width: 1438px) 100vw, 1438px\" \/><\/figure>\n<\/div>","protected":false},"excerpt":{"rendered":"<p>Dave L\u00fcthi, professeur en histoire de l&rsquo;architecture &amp; du patrimoine, UNILDirection du comit\u00e9 Alexandra Ecclesia, historienne de l&rsquo;art, assistante dipl\u00f4m\u00e9e UNILR\u00e9daction scientifique Catherine Schmutz Nicod, historienne de l&rsquo;artComit\u00e9 scientifique Gilles Brodard, historien de l&rsquo;art Guillaume Curchod, historien de l&rsquo;art Nathalie<\/p>\n","protected":false},"author":228,"featured_media":633,"parent":15,"menu_order":4,"comment_status":"closed","ping_status":"closed","template":"","meta":{"_seopress_robots_primary_cat":"","_seopress_titles_title":"","_seopress_titles_desc":"","_seopress_robots_index":"","footnotes":"","_links_to":"","_links_to_target":""},"class_list":["post-169","page","type-page","status-publish","has-post-thumbnail"],"_links":{"self":[{"href":"https:\/\/wp.unil.ch\/monumentsvaudois\/wp-json\/wp\/v2\/pages\/169","targetHints":{"allow":["GET"]}}],"collection":[{"href":"https:\/\/wp.unil.ch\/monumentsvaudois\/wp-json\/wp\/v2\/pages"}],"about":[{"href":"https:\/\/wp.unil.ch\/monumentsvaudois\/wp-json\/wp\/v2\/types\/page"}],"author":[{"embeddable":true,"href":"https:\/\/wp.unil.ch\/monumentsvaudois\/wp-json\/wp\/v2\/users\/228"}],"replies":[{"embeddable":true,"href":"https:\/\/wp.unil.ch\/monumentsvaudois\/wp-json\/wp\/v2\/comments?post=169"}],"version-history":[{"count":3,"href":"https:\/\/wp.unil.ch\/monumentsvaudois\/wp-json\/wp\/v2\/pages\/169\/revisions"}],"predecessor-version":[{"id":3173,"href":"https:\/\/wp.unil.ch\/monumentsvaudois\/wp-json\/wp\/v2\/pages\/169\/revisions\/3173"}],"up":[{"embeddable":true,"href":"https:\/\/wp.unil.ch\/monumentsvaudois\/wp-json\/wp\/v2\/pages\/15"}],"wp:featuredmedia":[{"embeddable":true,"href":"https:\/\/wp.unil.ch\/monumentsvaudois\/wp-json\/wp\/v2\/media\/633"}],"wp:attachment":[{"href":"https:\/\/wp.unil.ch\/monumentsvaudois\/wp-json\/wp\/v2\/media?parent=169"}],"curies":[{"name":"wp","href":"https:\/\/api.w.org\/{rel}","templated":true}]}}