{"id":671,"date":"2022-12-07T10:11:16","date_gmt":"2022-12-07T09:11:16","guid":{"rendered":"https:\/\/wp.unil.ch\/mission-sante-societe\/?page_id=671"},"modified":"2025-07-05T16:09:43","modified_gmt":"2025-07-05T14:09:43","slug":"a-propos","status":"publish","type":"page","link":"https:\/\/wp.unil.ch\/mission-sante-societe\/a-propos\/","title":{"rendered":"A propos"},"content":{"rendered":"\n<p>Bienvenue sur notre page d\u00e9di\u00e9e \u00e0 la pr\u00e9sentation de notre r\u00e9seau ! <\/p>\n\n\n\n<p>Vous trouverez ici des informations concernant les objectifs et le fonctionnement de notre communaut\u00e9. Notre r\u00e9seau a pour mission de rassembler des repr\u00e9sentantes et repr\u00e9sentants d&rsquo;institutions et collectifs partageant des valeurs communes, dans le but d\u2019am\u00e9liorer le pouvoir d\u2019agir des citoyennes et citoyens, des patientes et patients, des proches et des professionnelles et professionels de la sant\u00e9 \u00e0 l\u2019\u00e9chelle du canton de Vaud. <\/p>\n\n\n\n<p>Nous esp\u00e9rons que cette pr\u00e9sentation vous donnera envie de rejoindre notre communaut\u00e9 et de contribuer \u00e0 son d\u00e9veloppement.<\/p>\n\n\n\n<div style=\"height:30px\" aria-hidden=\"true\" class=\"wp-block-spacer\"><\/div>\n\n\n\n<p class=\"has-large-font-size\" id=\"block-d875b614-2986-4da0-bf97-eb6d80394313\"><strong>Objectifs<\/strong><\/p>\n\n\n\n<p id=\"block-d875b614-2986-4da0-bf97-eb6d80394313\">Les membres de la Mission Sant\u00e9 et Soci\u00e9t\u00e9 (MSS) s&rsquo;engagent \u00e0 partager leurs expertises, leurs r\u00e9seaux et leurs exp\u00e9riences pour coproduire des connaissances et des pratiques qui favorisent des soins justes et \u00e9quitables pour l&rsquo;ensemble de la population.<\/p>\n\n\n\n<p id=\"block-d875b614-2986-4da0-bf97-eb6d80394313\">Les acteurs et actrices de la sant\u00e9 s&rsquo;accordent sur un constat de fragmentation et de manque de coordination du syst\u00e8me de sant\u00e9. Cette situation limite les innovations n\u00e9cessaires pour r\u00e9pondre aux besoins des professionnelles et professionnels et des usag\u00e8res et usagers.<\/p>\n\n\n\n<p id=\"block-358353e6-1e49-4a17-9ab3-51407d832cc8\">La MSS vise les objectifs suivants:<\/p>\n\n\n\n<ul id=\"block-7363c670-3fdc-450d-8a5e-302ba2cf0a9e\" class=\"wp-block-list\">\n<li><strong>Faciliter<\/strong> le dialogue et les collaborations entre patientes, patients, citoyennes, citoyens, m\u00e9decins, soignantes et soignants et \u00e9quipes de recherche;<\/li>\n\n\n\n<li><strong>R\u00e9pondre<\/strong> aux demandes institutionnelles de consultation et de participation impliquant des patientes, patients, et des citoyennes, citoyens;<\/li>\n\n\n\n<li><strong>Soutenir<\/strong> le d\u00e9veloppement d\u2019initiatives participatives et collaboratives dans le domaine de la sant\u00e9, tant du c\u00f4t\u00e9 des institutions que des associations;<\/li>\n\n\n\n<li><strong>Renforcer<\/strong> une \u00ab litt\u00e9ratie en communaut\u00e9 \u00bb pour l&rsquo;ensemble des acteurs et actrices qui vient compl\u00e9ter la litt\u00e9ratie en sant\u00e9.<\/li>\n<\/ul>\n\n\n\n<div style=\"height:30px\" aria-hidden=\"true\" class=\"wp-block-spacer\"><\/div>\n\n\n\n<p class=\"has-large-font-size\"><strong>Fonctionnement<\/strong><\/p>\n\n\n\n<p>La Mission Sant\u00e9 et Soci\u00e9t\u00e9 (MSS) est fond\u00e9e sur une gouvernance horizontale, non hi\u00e9rarchique et collaborative. <\/p>\n\n\n\n<p>La MSS est compos\u00e9e de quatre \u00e9l\u00e9ments principaux:<\/p>\n\n\n\n<ul class=\"wp-block-list\">\n<li>ses <a href=\"https:\/\/wp.unil.ch\/mission-sante-societe\/partenaires\/\" data-type=\"page\" data-id=\"167\">membres<\/a><\/li>\n\n\n\n<li>une <a href=\"https:\/\/wp.unil.ch\/mission-sante-societe\/charte\/\" data-type=\"page\" data-id=\"684\">charte<\/a> d\u00e9finissant ses valeurs et ses objectifs<\/li>\n\n\n\n<li>des <a href=\"https:\/\/wp.unil.ch\/mission-sante-societe\/ressources\/\" data-type=\"page\" data-id=\"667\">ressources<\/a> mises en commun<\/li>\n\n\n\n<li>une coordination fournie par <a href=\"https:\/\/www.unil.ch\/collaboratoire\/home.html\" target=\"_blank\" rel=\"noreferrer noopener\">Le ColLaboratoire<\/a> de l\u2019UNIL<\/li>\n<\/ul>\n\n\n\n<p>L&rsquo;assembl\u00e9e des membres d\u00e9finit les orientations strat\u00e9giques de la MSS, choisit les th\u00e9matiques des groupes de travail sp\u00e9cifiques et \u00e9change r\u00e9guli\u00e8rement sur les projets en cours.<\/p>\n\n\n\n<div style=\"height:30px\" aria-hidden=\"true\" class=\"wp-block-spacer\"><\/div>\n\n\n\n<p class=\"has-large-font-size\"><strong>Pour en savoir plus<\/strong><\/p>\n\n\n\n<p>Si vous souhaitez d\u00e9couvrir les membres qui composent notre r\u00e9seau, nous vous invitons \u00e0 cliquer sur le lien ci-dessous pour acc\u00e9der \u00e0 la liste actualis\u00e9e des partenaires de la MSS. Vous pouvez \u00e9galement lire la charte de la Mission Sant\u00e9 et Soci\u00e9t\u00e9 en cliquant sur l&rsquo;autre lien. Cette charte d\u00e9finit les valeurs et les principes qui guident notre communaut\u00e9 dans ses activit\u00e9s.<\/p>\n\n\n\n<div class=\"wp-block-columns is-layout-flex wp-container-core-columns-is-layout-9d6595d7 wp-block-columns-is-layout-flex\">\n<div class=\"wp-block-column is-layout-flow wp-block-column-is-layout-flow\">\n<div class=\"wp-block-cover is-light wp-duotone-082e54-1e73be-1\" style=\"min-height:208px;aspect-ratio:unset;\"><img alt=\"\" loading=\"lazy\" decoding=\"async\" width=\"1024\" height=\"683\" class=\"wp-block-cover__image-background wp-image-840\" alt=\"\n\" src=\"https:\/\/wp.unil.ch\/mission-sante-societe\/files\/2023\/03\/pexels-johannes-plenio-1103970-1024x683.jpg\" style=\"object-position:50% 50%\" data-object-fit=\"cover\" data-object-position=\"50% 50%\" srcset=\"https:\/\/wp.unil.ch\/mission-sante-societe\/files\/2023\/03\/pexels-johannes-plenio-1103970-1024x683.jpg 1024w, https:\/\/wp.unil.ch\/mission-sante-societe\/files\/2023\/03\/pexels-johannes-plenio-1103970-300x200.jpg 300w, https:\/\/wp.unil.ch\/mission-sante-societe\/files\/2023\/03\/pexels-johannes-plenio-1103970-768x512.jpg 768w, https:\/\/wp.unil.ch\/mission-sante-societe\/files\/2023\/03\/pexels-johannes-plenio-1103970-1536x1024.jpg 1536w, https:\/\/wp.unil.ch\/mission-sante-societe\/files\/2023\/03\/pexels-johannes-plenio-1103970-540x360.jpg 540w, https:\/\/wp.unil.ch\/mission-sante-societe\/files\/2023\/03\/pexels-johannes-plenio-1103970-1080x720.jpg 1080w, https:\/\/wp.unil.ch\/mission-sante-societe\/files\/2023\/03\/pexels-johannes-plenio-1103970.jpg 1800w\" sizes=\"auto, (max-width: 1024px) 100vw, 1024px\" \/><span aria-hidden=\"true\" class=\"wp-block-cover__background has-background-dim-30 has-background-dim\"><\/span><div class=\"wp-block-cover__inner-container is-layout-flow wp-block-cover-is-layout-flow\">\n<p class=\"has-text-align-center has-light-background-color has-text-color has-large-font-size\"><a href=\"https:\/\/wp.unil.ch\/mission-sante-societe\/partenaires\/\" data-type=\"page\" data-id=\"167\"><strong>D\u00e9couvrir la liste des membres<\/strong><\/a><\/p>\n<\/div><\/div>\n<\/div>\n\n\n\n<div class=\"wp-block-column is-layout-flow wp-block-column-is-layout-flow\">\n<div class=\"wp-block-cover is-light wp-duotone-1e73be-082e54-2\" style=\"min-height:208px;aspect-ratio:unset;\"><img alt=\"\" loading=\"lazy\" decoding=\"async\" width=\"1024\" height=\"683\" class=\"wp-block-cover__image-background wp-image-840\" alt=\"\" src=\"https:\/\/wp.unil.ch\/mission-sante-societe\/files\/2023\/03\/pexels-johannes-plenio-1103970-1024x683.jpg\" data-object-fit=\"cover\" srcset=\"https:\/\/wp.unil.ch\/mission-sante-societe\/files\/2023\/03\/pexels-johannes-plenio-1103970-1024x683.jpg 1024w, https:\/\/wp.unil.ch\/mission-sante-societe\/files\/2023\/03\/pexels-johannes-plenio-1103970-300x200.jpg 300w, https:\/\/wp.unil.ch\/mission-sante-societe\/files\/2023\/03\/pexels-johannes-plenio-1103970-768x512.jpg 768w, https:\/\/wp.unil.ch\/mission-sante-societe\/files\/2023\/03\/pexels-johannes-plenio-1103970-1536x1024.jpg 1536w, https:\/\/wp.unil.ch\/mission-sante-societe\/files\/2023\/03\/pexels-johannes-plenio-1103970-540x360.jpg 540w, https:\/\/wp.unil.ch\/mission-sante-societe\/files\/2023\/03\/pexels-johannes-plenio-1103970-1080x720.jpg 1080w, https:\/\/wp.unil.ch\/mission-sante-societe\/files\/2023\/03\/pexels-johannes-plenio-1103970.jpg 1800w\" sizes=\"auto, (max-width: 1024px) 100vw, 1024px\" \/><span aria-hidden=\"true\" class=\"wp-block-cover__background has-background-dim-30 has-background-dim\"><\/span><div class=\"wp-block-cover__inner-container is-layout-flow wp-block-cover-is-layout-flow\">\n<p class=\"has-text-align-center has-light-background-color has-text-color has-large-font-size\"><a href=\"https:\/\/wp.unil.ch\/mission-sante-societe\/charte\/\" data-type=\"page\" data-id=\"684\"><strong>Lire notre charte<\/strong><\/a><\/p>\n<\/div><\/div>\n<\/div>\n<\/div>\n\n\n\n<div style=\"height:30px\" aria-hidden=\"true\" class=\"wp-block-spacer\"><\/div>\n\n\n\n<p class=\"has-large-font-size\"><strong>Contact<\/strong><\/p>\n\n\n\n<p>Vous souhaitez nous rejoindre ou en savoir plus sur la Mission Sant\u00e9 et Soci\u00e9t\u00e9? Compl\u00e9tez le formulaire de contact en cliquant sur le bouton suivant:<\/p>\n\n\n\n<div class=\"wp-block-buttons is-layout-flex wp-block-buttons-is-layout-flex\">\n<div class=\"wp-block-button\"><a class=\"wp-block-button__link wp-element-button\" href=\"https:\/\/wp.unil.ch\/mission-sante-societe\/contact\/\">Cliquez ici !<\/a><\/div>\n<\/div>\n\n\n\n<div style=\"height:30px\" aria-hidden=\"true\" class=\"wp-block-spacer\"><\/div>\n\n\n\n<p><strong>Addresse postale<\/strong><br>Mission Sant\u00e9 et Soci\u00e9t\u00e9<br>Universit\u00e9 de Lausanne<br>Le ColLaboratoire<br>Amphip\u00f4le-332<br>CH-1015 Lausanne<\/p>\n\n\n\n<figure class=\"wp-block-image size-full is-resized\"><img alt=\"\" loading=\"lazy\" decoding=\"async\" width=\"334\" height=\"1087\" src=\"https:\/\/wp.unil.ch\/mission-sante-societe\/files\/2025\/06\/vd_logo_vertrvb.png\" alt=\"\" class=\"wp-image-1574\" style=\"width:36px;height:auto\" srcset=\"https:\/\/wp.unil.ch\/mission-sante-societe\/files\/2025\/06\/vd_logo_vertrvb.png 334w, https:\/\/wp.unil.ch\/mission-sante-societe\/files\/2025\/06\/vd_logo_vertrvb-92x300.png 92w, https:\/\/wp.unil.ch\/mission-sante-societe\/files\/2025\/06\/vd_logo_vertrvb-315x1024.png 315w\" sizes=\"auto, (max-width: 334px) 100vw, 334px\" \/><\/figure>\n\n\n<div class=\"wp-block-image\">\n<figure class=\"alignleft size-large is-resized\"><img alt=\"\" loading=\"lazy\" decoding=\"async\" width=\"1024\" height=\"620\" src=\"https:\/\/wp.unil.ch\/mission-sante-societe\/files\/2022\/12\/LeColLaboratoire-1024x620.jpg\" alt=\"\" class=\"wp-image-717\" style=\"width:201px;height:121px\" srcset=\"https:\/\/wp.unil.ch\/mission-sante-societe\/files\/2022\/12\/LeColLaboratoire-1024x620.jpg 1024w, https:\/\/wp.unil.ch\/mission-sante-societe\/files\/2022\/12\/LeColLaboratoire-300x182.jpg 300w, https:\/\/wp.unil.ch\/mission-sante-societe\/files\/2022\/12\/LeColLaboratoire-768x465.jpg 768w, https:\/\/wp.unil.ch\/mission-sante-societe\/files\/2022\/12\/LeColLaboratoire-1536x930.jpg 1536w, https:\/\/wp.unil.ch\/mission-sante-societe\/files\/2022\/12\/LeColLaboratoire-540x327.jpg 540w, https:\/\/wp.unil.ch\/mission-sante-societe\/files\/2022\/12\/LeColLaboratoire-1080x654.jpg 1080w, https:\/\/wp.unil.ch\/mission-sante-societe\/files\/2022\/12\/LeColLaboratoire.jpg 1910w\" sizes=\"auto, (max-width: 1024px) 100vw, 1024px\" \/><\/figure>\n<\/div>","protected":false},"excerpt":{"rendered":"<p>Bienvenue sur notre page d\u00e9di\u00e9e \u00e0 la pr\u00e9sentation de notre r\u00e9seau ! Vous trouverez ici des informations concernant les objectifs et le fonctionnement de notre communaut\u00e9. Notre r\u00e9seau&hellip;<\/p>\n","protected":false},"author":1002237,"featured_media":0,"parent":0,"menu_order":0,"comment_status":"closed","ping_status":"closed","template":"template-full-width.php","meta":{"_seopress_robots_primary_cat":"","_seopress_titles_title":"","_seopress_titles_desc":"","_seopress_robots_index":"","_EventAllDay":false,"_EventTimezone":"","_EventStartDate":"","_EventEndDate":"","_EventStartDateUTC":"","_EventEndDateUTC":"","_EventShowMap":false,"_EventShowMapLink":false,"_EventURL":"","_EventCost":"","_EventCostDescription":"","_EventCurrencySymbol":"","_EventCurrencyCode":"","_EventCurrencyPosition":"","_EventDateTimeSeparator":"","_EventTimeRangeSeparator":"","_EventOrganizerID":[],"_EventVenueID":[],"_OrganizerEmail":"","_OrganizerPhone":"","_OrganizerWebsite":"","_VenueAddress":"","_VenueCity":"","_VenueCountry":"","_VenueProvince":"","_VenueState":"","_VenueZip":"","_VenuePhone":"","_VenueURL":"","_VenueStateProvince":"","_VenueLat":"","_VenueLng":"","_VenueShowMap":false,"_VenueShowMapLink":false,"footnotes":""},"class_list":["post-671","page","type-page","status-publish","has-post-thumbnail"],"_links":{"self":[{"href":"https:\/\/wp.unil.ch\/mission-sante-societe\/wp-json\/wp\/v2\/pages\/671","targetHints":{"allow":["GET"]}}],"collection":[{"href":"https:\/\/wp.unil.ch\/mission-sante-societe\/wp-json\/wp\/v2\/pages"}],"about":[{"href":"https:\/\/wp.unil.ch\/mission-sante-societe\/wp-json\/wp\/v2\/types\/page"}],"author":[{"embeddable":true,"href":"https:\/\/wp.unil.ch\/mission-sante-societe\/wp-json\/wp\/v2\/users\/1002237"}],"replies":[{"embeddable":true,"href":"https:\/\/wp.unil.ch\/mission-sante-societe\/wp-json\/wp\/v2\/comments?post=671"}],"version-history":[{"count":2,"href":"https:\/\/wp.unil.ch\/mission-sante-societe\/wp-json\/wp\/v2\/pages\/671\/revisions"}],"predecessor-version":[{"id":1605,"href":"https:\/\/wp.unil.ch\/mission-sante-societe\/wp-json\/wp\/v2\/pages\/671\/revisions\/1605"}],"wp:attachment":[{"href":"https:\/\/wp.unil.ch\/mission-sante-societe\/wp-json\/wp\/v2\/media?parent=671"}],"curies":[{"name":"wp","href":"https:\/\/api.w.org\/{rel}","templated":true}]}}