{"id":167,"date":"2022-05-17T09:09:38","date_gmt":"2022-05-17T07:09:38","guid":{"rendered":"https:\/\/wp.unil.ch\/mission-sante-societe\/?page_id=167"},"modified":"2025-08-12T13:47:20","modified_gmt":"2025-08-12T11:47:20","slug":"partenaires","status":"publish","type":"page","link":"https:\/\/wp.unil.ch\/mission-sante-societe\/partenaires\/","title":{"rendered":"D\u00e9couvrir notre r\u00e9seau de partenaires"},"content":{"rendered":"\n<p>Les membres de la Mission Sant\u00e9 et Soci\u00e9t\u00e9 sont des associations, des collectifs et des institutions actives dans le Canton de Vaud qui adh\u00e8rent \u00e0 sa <a href=\"https:\/\/wp.unil.ch\/mission-sante-societe\/charte\/\" data-type=\"page\" data-id=\"684\">charte<\/a>.<\/p>\n\n\n\n<p>La Mission Sant\u00e9 et Soci\u00e9t\u00e9 regroupe des membres aux profils et expertises vari\u00e9s&#8230;<\/p>\n\n\n\n<ul class=\"wp-block-list\">\n<li>qui dispensent des soins<\/li>\n\n\n\n<li>qui forment des professionnelles et professionnels<\/li>\n\n\n\n<li>qui m\u00e8nent des recherches<\/li>\n\n\n\n<li>qui font l&rsquo;exp\u00e9rience des soins et du syst\u00e8me de sant\u00e9<\/li>\n\n\n\n<li>qui facilitent l&rsquo;am\u00e9lioration et le changement<\/li>\n\n\n\n<li>qui dirigent des organisations<\/li>\n<\/ul>\n\n\n\n<h3 class=\"wp-block-heading\">Liste des membres<\/h3>\n\n\n\n<p>Vous pouvez d\u00e9sormais d\u00e9couvrir la liste actuelle de nos membres ci-dessous. Merci de votre int\u00e9r\u00eat pour notre communaut\u00e9!<\/p>\n\n\n\n<p><strong>Collectif affili\u00e9 \u00e0 une institution de recherche et formation<\/strong><\/p>\n\n\n\n<ul class=\"wp-block-list\">\n<li><a href=\"https:\/\/www.unil.ch\/collaboratoire\/fr\/home\/menuinst\/recherche\/nos-projets-en-cours\/college-citoyen-de-co-chercheures-en-sante.html\">Le Coll\u00e8ge citoyen de co-chercheur-e-s en sant\u00e9<\/a> (UNIL)<\/li>\n<\/ul>\n\n\n\n<p><strong>Associations<\/strong><\/p>\n\n\n\n<ul class=\"wp-block-list\">\n<li><a href=\"https:\/\/www.cara.ch\/\" target=\"_blank\" rel=\"noreferrer noopener\">CARA<\/a><\/li>\n\n\n\n<li><a href=\"https:\/\/wp.unil.ch\/connaissance3\/\" target=\"_blank\" rel=\"noreferrer noopener\">Connaissance 3<\/a><\/li>\n\n\n\n<li><a href=\"https:\/\/www.diabetevaud.ch\/\" target=\"_blank\" rel=\"noreferrer noopener\">diab\u00e8tevaud<\/a><\/li>\n\n\n\n<li><a href=\"https:\/\/www.frc.ch\/\" target=\"_blank\" rel=\"noreferrer noopener\">F\u00e9d\u00e9ration Romande des Consommateurs<\/a> (FRC)<\/li>\n\n\n\n<li><a href=\"https:\/\/federationdespatients.ch\/\" target=\"_blank\" rel=\"noreferrer noopener\">F\u00e9d\u00e9ration suisse des patients, section romande<\/a> (FSP)<\/li>\n\n\n\n<li><a href=\"https:\/\/www.palliativevaud.ch\/\">palliative vaud<\/a><\/li>\n\n\n\n<li><a href=\"https:\/\/www.positiveminders.com\" target=\"_blank\" rel=\"noreferrer noopener\">PositiveMinders<\/a><\/li>\n<\/ul>\n\n\n\n<p><strong>Institutions de soin, recherche et formation<\/strong><\/p>\n\n\n\n<ul class=\"wp-block-list\">\n<li><a href=\"https:\/\/www.ecolelasource.ch\/formations\/postgrade\/cas\/coordination-soins-reseau\/\" target=\"_blank\" rel=\"noreferrer noopener\">CAS en Coordination des Soins et Travail en r\u00e9seau<\/a>, Institut et Haute Ecole de la Sant\u00e9 La Source<\/li>\n\n\n\n<li>Chaire de soins palliatifs infirmiers, <a href=\"https:\/\/www.chuv.ch\/fr\/soins-palliatifs\/spl-home\" target=\"_blank\" rel=\"noreferrer noopener\">Service de soins palliatifs et de support<\/a>, (CHUV-UNIL)<\/li>\n\n\n\n<li><a href=\"https:\/\/es-asur.ch\/accueil\" target=\"_blank\" rel=\"noreferrer noopener\">Ecole Sup\u00e9rieure d\u2019Ambulancier et de Soins d\u2019Urgence Romande<\/a> (ES ASUR)<\/li>\n\n\n\n<li><a href=\"https:\/\/heig-vd.ch\/rad\/instituts\/iide\/management-et-syst%C3%A8me-de-sant%C3%A9\" target=\"_blank\" rel=\"noreferrer noopener\">Groupe de recherche Management et Syst\u00e8me de sant\u00e9<\/a>, Haute \u00c9cole d\u2019Ing\u00e9nierie et de Gestion du Canton de Vaud (HEIG-VD)<\/li>\n\n\n\n<li><a href=\"https:\/\/hesav.ch\/\" target=\"_blank\" rel=\"noreferrer noopener\">Haute Ecole de Sant\u00e9 Vaud<\/a> (HESAV)<\/li>\n\n\n\n<li><a href=\"https:\/\/www.chuv.ch\/fr\/ihm\/ihm-home\" target=\"_blank\" rel=\"noreferrer noopener\">Institut des humanit\u00e9s en m\u00e9decine<\/a> (IHM)<\/li>\n\n\n\n<li><a href=\"https:\/\/www.unil.ch\/sciences-infirmieres\/home.html\" target=\"_blank\" rel=\"noreferrer noopener\">Institut Universitaire de formation et recherche en soins<\/a> (IUFRS)<\/li>\n\n\n\n<li><a href=\"https:\/\/www.ecolelasource.ch\/sante-mentale-psychiatrie\/\" target=\"_blank\" rel=\"noreferrer noopener\">Laboratoire d\u2019enseignement et de recherche Sant\u00e9 mentale et psychiatrie<\/a> (LER SMP), Institut et Haute Ecole de la Sant\u00e9 La Source<\/li>\n\n\n\n<li><a href=\"https:\/\/www.unil.ch\/collaboratoire\/fr\/home.html\" target=\"_blank\" rel=\"noreferrer noopener\">Le ColLaboratoire<\/a> (UNIL)<\/li>\n\n\n\n<li><a href=\"https:\/\/www.reseau-sante-region-lausanne.ch\/\" target=\"_blank\" rel=\"noreferrer noopener\">R\u00e9seau Sant\u00e9 R\u00e9gion Lausanne<\/a> (RSRL)<\/li>\n\n\n\n<li><a rel=\"noreferrer noopener\" href=\"https:\/\/www.chuv.ch\/fr\/fiches\/service-de-communication-et-de-creation-audiovisuelle\" target=\"_blank\">Service de communication et de cr\u00e9ation audiovisuelle<\/a>, Centre hospitalier universitaire vaudois (CHUV)<\/li>\n\n\n\n<li><a href=\"https:\/\/www.unisante.ch\" target=\"_blank\" rel=\"noreferrer noopener\">Unisant\u00e9<\/a><\/li>\n<\/ul>\n\n\n\n<p><strong>Administration publique<\/strong><\/p>\n\n\n\n<ul class=\"wp-block-list\">\n<li><a href=\"https:\/\/www.vd.ch\/toutes-les-autorites\/departements\/departement-de-la-sante-et-de-laction-sociale-dsas\/direction-generale-de-la-sante-dgs\" target=\"_blank\" rel=\"noreferrer noopener\">Direction g\u00e9n\u00e9rale de la sant\u00e9<\/a> (DGS), <a href=\"https:\/\/www.vd.ch\/toutes-les-autorites\/departements\/departement-de-la-sante-et-de-laction-sociale-dsas\/direction-generale-de-la-sante-dgs\/office-du-medecin-cantonal\" target=\"_blank\" rel=\"noreferrer noopener\">Office du M\u00e9decin cantonal<\/a> (OMC)<\/li>\n<\/ul>\n\n\n\n<div style=\"height:30px\" aria-hidden=\"true\" class=\"wp-block-spacer\"><\/div>\n\n\n\n<p>Vous souhaitez nous rejoindre? Compl\u00e9tez le formulaire de contact en cliquant sur le bouton suivant:<\/p>\n\n\n\n<div class=\"wp-block-buttons is-layout-flex wp-block-buttons-is-layout-flex\">\n<div class=\"wp-block-button\"><a class=\"wp-block-button__link wp-element-button\" href=\"https:\/\/wp.unil.ch\/mission-sante-societe\/contact\/\">Cliquez ici !<\/a><\/div>\n<\/div>\n\n\n\n<hr class=\"wp-block-separator has-alpha-channel-opacity\" \/>\n\n\n<h1 style=\"font-style:normal;font-weight:700;\" class=\"has-text-align-center wp-block-site-title has-medium-font-size\"><a href=\"https:\/\/wp.unil.ch\/mission-sante-societe\" target=\"_self\" rel=\"home\">Mission Sant\u00e9 et Soci\u00e9t\u00e9<\/a><\/h1>\n\n\n<div class=\"wp-block-buttons is-content-justification-center is-layout-flex wp-container-core-buttons-is-layout-16018d1d wp-block-buttons-is-layout-flex\">\n<div class=\"wp-block-button has-custom-width wp-block-button__width-100\"><a class=\"wp-block-button__link wp-element-button\" href=\"https:\/\/wp.unil.ch\/mission-sante-societe\/a-propos\/\">A propos<\/a><\/div>\n\n\n\n<div class=\"wp-block-button has-custom-width wp-block-button__width-100\"><a class=\"wp-block-button__link wp-element-button\" href=\"https:\/\/wp.unil.ch\/mission-sante-societe\/charte\/\">La charte<\/a><\/div>\n\n\n\n<div class=\"wp-block-button has-custom-width wp-block-button__width-100\"><a class=\"wp-block-button__link wp-element-button\" href=\"https:\/\/wp.unil.ch\/mission-sante-societe\/projets\/\">Nos projets<\/a><\/div>\n<\/div>\n\n\n\n<hr class=\"wp-block-separator has-alpha-channel-opacity\" \/>\n\n\n\n<figure class=\"wp-block-image size-full is-resized\"><img alt=\"\" loading=\"lazy\" decoding=\"async\" width=\"334\" height=\"1087\" src=\"https:\/\/wp.unil.ch\/mission-sante-societe\/files\/2025\/06\/vd_logo_vertrvb.png\" alt=\"\" class=\"wp-image-1574\" style=\"width:36px;height:auto\" srcset=\"https:\/\/wp.unil.ch\/mission-sante-societe\/files\/2025\/06\/vd_logo_vertrvb.png 334w, https:\/\/wp.unil.ch\/mission-sante-societe\/files\/2025\/06\/vd_logo_vertrvb-92x300.png 92w, https:\/\/wp.unil.ch\/mission-sante-societe\/files\/2025\/06\/vd_logo_vertrvb-315x1024.png 315w\" sizes=\"auto, (max-width: 334px) 100vw, 334px\" \/><\/figure>\n\n\n<div class=\"wp-block-image\">\n<figure class=\"alignleft size-large is-resized\"><img alt=\"\" loading=\"lazy\" decoding=\"async\" width=\"1024\" height=\"620\" src=\"https:\/\/wp.unil.ch\/mission-sante-societe\/files\/2022\/12\/LeColLaboratoire-1024x620.jpg\" alt=\"\" class=\"wp-image-717\" style=\"width:201px;height:121px\" srcset=\"https:\/\/wp.unil.ch\/mission-sante-societe\/files\/2022\/12\/LeColLaboratoire-1024x620.jpg 1024w, https:\/\/wp.unil.ch\/mission-sante-societe\/files\/2022\/12\/LeColLaboratoire-300x182.jpg 300w, https:\/\/wp.unil.ch\/mission-sante-societe\/files\/2022\/12\/LeColLaboratoire-768x465.jpg 768w, https:\/\/wp.unil.ch\/mission-sante-societe\/files\/2022\/12\/LeColLaboratoire-1536x930.jpg 1536w, https:\/\/wp.unil.ch\/mission-sante-societe\/files\/2022\/12\/LeColLaboratoire-540x327.jpg 540w, https:\/\/wp.unil.ch\/mission-sante-societe\/files\/2022\/12\/LeColLaboratoire-1080x654.jpg 1080w, https:\/\/wp.unil.ch\/mission-sante-societe\/files\/2022\/12\/LeColLaboratoire.jpg 1910w\" sizes=\"auto, (max-width: 1024px) 100vw, 1024px\" \/><\/figure>\n<\/div>","protected":false},"excerpt":{"rendered":"<p>Les membres de la Mission Sant\u00e9 et Soci\u00e9t\u00e9 sont des associations, des collectifs et des institutions actives dans le Canton de Vaud qui adh\u00e8rent \u00e0 sa charte. La&hellip;<\/p>\n","protected":false},"author":1002237,"featured_media":0,"parent":0,"menu_order":0,"comment_status":"closed","ping_status":"closed","template":"template-full-width.php","meta":{"_seopress_robots_primary_cat":"","_seopress_titles_title":"","_seopress_titles_desc":"","_seopress_robots_index":"","_EventAllDay":false,"_EventTimezone":"","_EventStartDate":"","_EventEndDate":"","_EventStartDateUTC":"","_EventEndDateUTC":"","_EventShowMap":false,"_EventShowMapLink":false,"_EventURL":"","_EventCost":"","_EventCostDescription":"","_EventCurrencySymbol":"","_EventCurrencyCode":"","_EventCurrencyPosition":"","_EventDateTimeSeparator":"","_EventTimeRangeSeparator":"","_EventOrganizerID":[],"_EventVenueID":[],"_OrganizerEmail":"","_OrganizerPhone":"","_OrganizerWebsite":"","_VenueAddress":"","_VenueCity":"","_VenueCountry":"","_VenueProvince":"","_VenueState":"","_VenueZip":"","_VenuePhone":"","_VenueURL":"","_VenueStateProvince":"","_VenueLat":"","_VenueLng":"","_VenueShowMap":false,"_VenueShowMapLink":false,"footnotes":""},"class_list":["post-167","page","type-page","status-publish","has-post-thumbnail"],"_links":{"self":[{"href":"https:\/\/wp.unil.ch\/mission-sante-societe\/wp-json\/wp\/v2\/pages\/167","targetHints":{"allow":["GET"]}}],"collection":[{"href":"https:\/\/wp.unil.ch\/mission-sante-societe\/wp-json\/wp\/v2\/pages"}],"about":[{"href":"https:\/\/wp.unil.ch\/mission-sante-societe\/wp-json\/wp\/v2\/types\/page"}],"author":[{"embeddable":true,"href":"https:\/\/wp.unil.ch\/mission-sante-societe\/wp-json\/wp\/v2\/users\/1002237"}],"replies":[{"embeddable":true,"href":"https:\/\/wp.unil.ch\/mission-sante-societe\/wp-json\/wp\/v2\/comments?post=167"}],"version-history":[{"count":3,"href":"https:\/\/wp.unil.ch\/mission-sante-societe\/wp-json\/wp\/v2\/pages\/167\/revisions"}],"predecessor-version":[{"id":1608,"href":"https:\/\/wp.unil.ch\/mission-sante-societe\/wp-json\/wp\/v2\/pages\/167\/revisions\/1608"}],"wp:attachment":[{"href":"https:\/\/wp.unil.ch\/mission-sante-societe\/wp-json\/wp\/v2\/media?parent=167"}],"curies":[{"name":"wp","href":"https:\/\/api.w.org\/{rel}","templated":true}]}}