{"id":1377,"date":"2024-06-19T16:09:35","date_gmt":"2024-06-19T14:09:35","guid":{"rendered":"https:\/\/wp.unil.ch\/mission-sante-societe\/?page_id=1377"},"modified":"2024-06-27T11:05:38","modified_gmt":"2024-06-27T09:05:38","slug":"nos-evenements","status":"publish","type":"page","link":"https:\/\/wp.unil.ch\/mission-sante-societe\/agenda\/nos-evenements\/","title":{"rendered":"Nos \u00e9v\u00e9nements"},"content":{"rendered":"\n<p>Vous trouvez ci-dessous l&rsquo;agenda des \u00e9v\u00e9nements du r\u00e9seau Mission Sant\u00e9 et Soci\u00e9t\u00e9. Pour voir les \u00e9v\u00e9nements organis\u00e9s par d&rsquo;autres collectifs, institutions et associations actives pour le partenariat en sant\u00e9\u00a0<a href=\"https:\/\/wp.unil.ch\/mission-sante-societe\/agenda\/evenements-de-nos-partenaires\/\">cliquez ici<\/a>.<\/p>\n\n\n<div id=\"ect-no-events\"><p>There are no upcoming events at this time<\/p><\/div>","protected":false},"excerpt":{"rendered":"<p>Vous trouvez ci-dessous l&rsquo;agenda des \u00e9v\u00e9nements du r\u00e9seau Mission Sant\u00e9 et Soci\u00e9t\u00e9. Pour voir les \u00e9v\u00e9nements organis\u00e9s par d&rsquo;autres collectifs, institutions et associations actives pour le partenariat en&hellip;<\/p>\n","protected":false},"author":1002781,"featured_media":0,"parent":1165,"menu_order":0,"comment_status":"closed","ping_status":"closed","template":"template-full-width.php","meta":{"_seopress_robots_primary_cat":"","_seopress_titles_title":"","_seopress_titles_desc":"","_seopress_robots_index":"","_EventAllDay":false,"_EventTimezone":"","_EventStartDate":"","_EventEndDate":"","_EventStartDateUTC":"","_EventEndDateUTC":"","_EventShowMap":false,"_EventShowMapLink":false,"_EventURL":"","_EventCost":"","_EventCostDescription":"","_EventCurrencySymbol":"","_EventCurrencyCode":"","_EventCurrencyPosition":"","_EventDateTimeSeparator":"","_EventTimeRangeSeparator":"","_EventOrganizerID":[],"_EventVenueID":[],"_OrganizerEmail":"","_OrganizerPhone":"","_OrganizerWebsite":"","_VenueAddress":"","_VenueCity":"","_VenueCountry":"","_VenueProvince":"","_VenueState":"","_VenueZip":"","_VenuePhone":"","_VenueURL":"","_VenueStateProvince":"","_VenueLat":"","_VenueLng":"","_VenueShowMap":false,"_VenueShowMapLink":false,"footnotes":""},"class_list":["post-1377","page","type-page","status-publish","has-post-thumbnail"],"_links":{"self":[{"href":"https:\/\/wp.unil.ch\/mission-sante-societe\/wp-json\/wp\/v2\/pages\/1377","targetHints":{"allow":["GET"]}}],"collection":[{"href":"https:\/\/wp.unil.ch\/mission-sante-societe\/wp-json\/wp\/v2\/pages"}],"about":[{"href":"https:\/\/wp.unil.ch\/mission-sante-societe\/wp-json\/wp\/v2\/types\/page"}],"author":[{"embeddable":true,"href":"https:\/\/wp.unil.ch\/mission-sante-societe\/wp-json\/wp\/v2\/users\/1002781"}],"replies":[{"embeddable":true,"href":"https:\/\/wp.unil.ch\/mission-sante-societe\/wp-json\/wp\/v2\/comments?post=1377"}],"version-history":[{"count":4,"href":"https:\/\/wp.unil.ch\/mission-sante-societe\/wp-json\/wp\/v2\/pages\/1377\/revisions"}],"predecessor-version":[{"id":1531,"href":"https:\/\/wp.unil.ch\/mission-sante-societe\/wp-json\/wp\/v2\/pages\/1377\/revisions\/1531"}],"up":[{"embeddable":true,"href":"https:\/\/wp.unil.ch\/mission-sante-societe\/wp-json\/wp\/v2\/pages\/1165"}],"wp:attachment":[{"href":"https:\/\/wp.unil.ch\/mission-sante-societe\/wp-json\/wp\/v2\/media?parent=1377"}],"curies":[{"name":"wp","href":"https:\/\/api.w.org\/{rel}","templated":true}]}}