{"id":1165,"date":"2024-04-11T11:44:59","date_gmt":"2024-04-11T09:44:59","guid":{"rendered":"https:\/\/wp.unil.ch\/mission-sante-societe\/?page_id=1165"},"modified":"2024-06-27T11:15:27","modified_gmt":"2024-06-27T09:15:27","slug":"agenda","status":"publish","type":"page","link":"https:\/\/wp.unil.ch\/mission-sante-societe\/agenda\/","title":{"rendered":"Agenda"},"content":{"rendered":"\n<p>Vous trouvez ci-dessous l&rsquo;agenda des \u00e9v\u00e9nements du r\u00e9seau Mission Sant\u00e9 et Soci\u00e9t\u00e9. Pour voir les \u00e9v\u00e9nements organis\u00e9s par d&rsquo;autres collectifs, institutions et associations actives pour le partenariat en sant\u00e9&nbsp;<a href=\"https:\/\/wp.unil.ch\/mission-sante-societe\/agenda\/evenements-de-nos-partenaires\/\">cliquez ici<\/a>.<\/p>\n\n\n<div id=\"ect-no-events\"><p>There are no upcoming events at this time<\/p><\/div>\n\n\n<div class=\"wp-block-columns are-vertically-aligned-center is-layout-flex wp-container-core-columns-is-layout-9d6595d7 wp-block-columns-is-layout-flex\">\n<div class=\"wp-block-column is-vertically-aligned-center is-layout-flow wp-block-column-is-layout-flow\" style=\"flex-basis:50%\">\n<div class=\"wp-block-buttons is-layout-flex wp-block-buttons-is-layout-flex\">\n<div class=\"wp-block-button is-style-outline is-style-outline--1\"><a class=\"wp-block-button__link wp-element-button\" href=\"https:\/\/wp.unil.ch\/mission-sante-societe\/events\/liste\/?eventDisplay=past\">\u2190 Vers les \u00e9v\u00e9nements archiv\u00e9s<\/a><\/div>\n<\/div>\n<\/div>\n\n\n\n<div class=\"wp-block-column is-vertically-aligned-center is-layout-flow wp-block-column-is-layout-flow\" style=\"flex-basis:50%\">\n<div class=\"wp-block-buttons is-layout-flex wp-block-buttons-is-layout-flex\">\n<div class=\"wp-block-button is-style-outline is-style-outline--2\"><a class=\"wp-block-button__link wp-element-button\" href=\"https:\/\/wp.unil.ch\/mission-sante-societe\/agenda\/evenements-de-nos-partenaires\/\">Vers les \u00e9v\u00e9nements de nos partenaires \u2192<\/a><\/div>\n<\/div>\n<\/div>\n<\/div>\n","protected":false},"excerpt":{"rendered":"<p>Vous trouvez ci-dessous l&rsquo;agenda des \u00e9v\u00e9nements du r\u00e9seau Mission Sant\u00e9 et Soci\u00e9t\u00e9. Pour voir les \u00e9v\u00e9nements organis\u00e9s par d&rsquo;autres collectifs, institutions et associations actives pour le partenariat en&hellip;<\/p>\n","protected":false},"author":1002237,"featured_media":0,"parent":0,"menu_order":0,"comment_status":"closed","ping_status":"closed","template":"template-full-width.php","meta":{"_seopress_robots_primary_cat":"","_seopress_titles_title":"","_seopress_titles_desc":"","_seopress_robots_index":"","_EventAllDay":false,"_EventTimezone":"","_EventStartDate":"","_EventEndDate":"","_EventStartDateUTC":"","_EventEndDateUTC":"","_EventShowMap":false,"_EventShowMapLink":false,"_EventURL":"","_EventCost":"","_EventCostDescription":"","_EventCurrencySymbol":"","_EventCurrencyCode":"","_EventCurrencyPosition":"","_EventDateTimeSeparator":"","_EventTimeRangeSeparator":"","_EventOrganizerID":[],"_EventVenueID":[],"_OrganizerEmail":"","_OrganizerPhone":"","_OrganizerWebsite":"","_VenueAddress":"","_VenueCity":"","_VenueCountry":"","_VenueProvince":"","_VenueState":"","_VenueZip":"","_VenuePhone":"","_VenueURL":"","_VenueStateProvince":"","_VenueLat":"","_VenueLng":"","_VenueShowMap":false,"_VenueShowMapLink":false,"footnotes":""},"class_list":["post-1165","page","type-page","status-publish","has-post-thumbnail"],"_links":{"self":[{"href":"https:\/\/wp.unil.ch\/mission-sante-societe\/wp-json\/wp\/v2\/pages\/1165","targetHints":{"allow":["GET"]}}],"collection":[{"href":"https:\/\/wp.unil.ch\/mission-sante-societe\/wp-json\/wp\/v2\/pages"}],"about":[{"href":"https:\/\/wp.unil.ch\/mission-sante-societe\/wp-json\/wp\/v2\/types\/page"}],"author":[{"embeddable":true,"href":"https:\/\/wp.unil.ch\/mission-sante-societe\/wp-json\/wp\/v2\/users\/1002237"}],"replies":[{"embeddable":true,"href":"https:\/\/wp.unil.ch\/mission-sante-societe\/wp-json\/wp\/v2\/comments?post=1165"}],"version-history":[{"count":4,"href":"https:\/\/wp.unil.ch\/mission-sante-societe\/wp-json\/wp\/v2\/pages\/1165\/revisions"}],"predecessor-version":[{"id":1538,"href":"https:\/\/wp.unil.ch\/mission-sante-societe\/wp-json\/wp\/v2\/pages\/1165\/revisions\/1538"}],"wp:attachment":[{"href":"https:\/\/wp.unil.ch\/mission-sante-societe\/wp-json\/wp\/v2\/media?parent=1165"}],"curies":[{"name":"wp","href":"https:\/\/api.w.org\/{rel}","templated":true}]}}