{"id":1018,"date":"2025-09-19T12:17:45","date_gmt":"2025-09-19T10:17:45","guid":{"rendered":"https:\/\/wp.unil.ch\/mission-sante-societe\/?page_id=1018"},"modified":"2025-10-20T10:51:20","modified_gmt":"2025-10-20T08:51:20","slug":"initiatives","status":"publish","type":"page","link":"https:\/\/wp.unil.ch\/mission-sante-societe\/initiatives\/","title":{"rendered":"Initiatives"},"content":{"rendered":"\n<h2 class=\"wp-block-heading\"><strong>Autres initiatives pour le partenariat patient et la d\u00e9mocratie en sant\u00e9<\/strong><\/h2>\n\n\n\n<p><\/p>\n\n\n\n<p>Cette page est d\u00e9di\u00e9e aux initiatives \u0153uvrant pour le partenariat patient et la d\u00e9mocratie en sant\u00e9. D\u00e9couvrez ci-dessous une liste d&rsquo;organisations, d&rsquo;associations et de r\u00e9seaux engag\u00e9s dans des missions similaires \u00e0 la n\u00f4tre. Ces initiatives partagent notre vision d&rsquo;am\u00e9liorer la participation des citoyennes et citoyens dans le domaine de la sant\u00e9.<\/p>\n\n\n\n<p>Des outils, guides et formations d\u00e9velopp\u00e9es par certaines de ces entit\u00e9s sont \u00e0 d\u00e9couvrir sur nos pages <a href=\"https:\/\/wp.unil.ch\/mission-sante-societe\/ressources-2\/\">Ressources<\/a><strong>.<\/strong><\/p>\n\n\n\n<p>Votre initiative n\u2019est pas encore sur la liste&nbsp;? Aidez-nous \u00e0 la mettre \u00e0 jour en nous envoyant vos suggestions au moyen du <a href=\"https:\/\/wp.unil.ch\/mission-sante-societe\/contact\/\">formulaire de contact<\/a>.<\/p>\n\n\n\n<p><\/p>\n\n\n\n<p><em><strong>VAUD<\/strong><\/em><\/p>\n\n\n\n<ul class=\"wp-block-list\">\n<li><a href=\"https:\/\/www.chuv.ch\/fr\/psychiatrie\/dp-home\/recherche\/centres-et-unites-de-recherche\/unite-de-recherche-en-psychiatrie-communautaire\">Unit\u00e9 de recherche du Service de psychiatrie communautaire<\/a>, CHUV<\/li>\n\n\n\n<li><a href=\"https:\/\/patientlab.ch\" target=\"_blank\" rel=\"noreferrer noopener\">Laboratoire des patients en oncologie<\/a>, IUFRS, FBM, HUG, Swiss Cancer Center<\/li>\n\n\n\n<li><a href=\"https:\/\/forces-sante.ch\/\" target=\"_blank\" rel=\"noreferrer noopener\">FORCES<\/a> \u2014 Formation Coproduction En Sant\u00e9, Unisant\u00e9.<\/li>\n<\/ul>\n\n\n\n<div style=\"height:0px\" aria-hidden=\"true\" class=\"wp-block-spacer\"><\/div>\n\n\n\n<p><\/p>\n\n\n\n<p><em><strong>SUISSE<\/strong><\/em> <strong><em>ROMANDE<\/em><\/strong><\/p>\n\n\n\n<ul class=\"wp-block-list\">\n<li><a href=\"https:\/\/savoirpatient.ch\/\">ASAP<\/a> \u2014 Association Savoir Patient<\/li>\n\n\n\n<li><a href=\"https:\/\/www.hug.ch\/patients-partenaires\/plateforme-pp-3p\" target=\"_blank\" rel=\"noreferrer noopener\">Plateforme Patients partenaires + 3P<\/a> (Proches, Professionnels, Public), HUG (GE).<\/li>\n\n\n\n<li><a href=\"https:\/\/recherche.hug.ch\/reseau-partenariat-en-recherche-clinique\">PartnerREC<\/a> \u2014 R\u00e9seau Partenariat en recherche clinique, HUG (GE)<\/li>\n<\/ul>\n\n\n\n<p><\/p>\n\n\n\n<p><em><strong>SUISSE<\/strong><\/em><\/p>\n\n\n\n<ul class=\"wp-block-list\">\n<li><a href=\"https:\/\/www.ppienet.ch\/\">Swiss PPIE network<\/a> \u2014 association nationale pour l\u2019implication et la participation des patient\u00b7e\u00b7s et du public dans le syst\u00e8me de sant\u00e9<\/li>\n\n\n\n<li><a href=\"https:\/\/eupati.ch\/fr\/page-daccueil\/\">EUPATI Suisse<\/a> \u2014 European Patients&rsquo; Academy on Therapeutic Innovation Switzerland<\/li>\n\n\n\n<li><a href=\"https:\/\/www.scto.ch\/fr\/patient-and-public-involvement.html\">SCTO<\/a> \u2014 Swiss Clinical Trial Organisation : offre notamment un <a href=\"https:\/\/www.scto.ch\/fr\/patient-and-public-involvement\/ppi-mapping.html\">mapping<\/a> des initiatives et projets pour l&rsquo;implication des patient\u00b7e\u00b7s et du public dans la recherche clinique et une page de <a href=\"https:\/\/www.scto.ch\/fr\/patient-and-public-involvement\/ppi-resources.html\">ressources<\/a>.<\/li>\n<\/ul>\n\n\n\n<div style=\"height:34px\" aria-hidden=\"true\" class=\"wp-block-spacer\"><\/div>\n\n\n\n<p><strong><em>INTERNATIONAL<\/em><\/strong><\/p>\n\n\n\n<ul class=\"wp-block-list\">\n<li><a href=\"https:\/\/eupati.eu\/\">EUPATI<\/a> \u2014 European Patient Academy on Therapeutic Innovation<\/li>\n\n\n\n<li><a href=\"https:\/\/www.ufpp.org\/\">UFPP<\/a> \u2014&nbsp;Union Francophone des Patients Partenaires<\/li>\n\n\n\n<li><a href=\"https:\/\/spexperience.org\/\">SPX<\/a> \u2014 Shared Patient Experience<\/li>\n\n\n\n<li><a href=\"https:\/\/univercitedusoin.eu\/category\/alliance-sans-frontieres-pour-le-partenariat-de-soin-avec-le-patient\/\">Alliance sans fronti\u00e8res pour le partenariat de soin avec le.s patient.e.s<\/a> : offre notamment un <a href=\"https:\/\/univercitedusoin.eu\/le-repertoire-des-membres-et-equipes-de-lalliance-sans-frontieres-pour-le-partenariat-de-soin-avec-le-patient\/\">r\u00e9pertoire<\/a><\/li>\n\n\n\n<li><a href=\"https:\/\/patient-engagement.eu\/\">Patient Engagement Resource Centre<\/a><\/li>\n\n\n\n<li><a href=\"https:\/\/ceppp.ca\/a-propos\/\">CEPPP<\/a> \u2014 Centre d\u2019excellence sur le partenariat avec les patients et le public (CA)<\/li>\n\n\n\n<li><a href=\"https:\/\/alliance-pep-sante.assoconnect.com\/\" target=\"_blank\" rel=\"noreferrer noopener\">Alliance PEP Sant\u00e9<\/a> \u2014 Plateforme d&rsquo;Engagement dans le&nbsp;Partenariat (FR)<\/li>\n\n\n\n<li><a href=\"https:\/\/ci3p.univ-cotedazur.fr\/\">CI3P<\/a> \u2014 Centre d&rsquo;Innovation du partenariat avec les patients et le public (FR)<\/li>\n\n\n\n<li><a href=\"https:\/\/partenariat-en-sante.org\/centre-operationnel-partenariat-sante\/\" target=\"_blank\" rel=\"noreferrer noopener\">Centre Op\u00e9rationnel du Partenariat en Sant\u00e9<\/a> (FR)<\/li>\n\n\n\n<li><a href=\"https:\/\/www.partenariatpepsante.com\">Plateforme Nationale du Partenariat en Sant\u00e9<\/a> (FR)<\/li>\n\n\n\n<li><a href=\"https:\/\/www.medecine-culture.org\">Maison de la M\u00e9decine et de la Culture<\/a> (FR)<\/li>\n\n\n\n<li><a href=\"https:\/\/savoirs-patients.assoconnect.com\/page\/957680-le-partenariat-en-sante\">Savoirs Patients<\/a> (FR)<\/li>\n\n\n\n<li><a href=\"https:\/\/www.nihr.ac.uk\/\">National Institute for Health and Care Research<\/a> (UK)<\/li>\n<\/ul>\n\n\n\n<p><\/p>\n\n\n\n<p>Voir la <a href=\"https:\/\/participation-citoyenne-sante.gogocarto.fr\/map#\/carte\/@46.33,2.50,6z?cat=all\" target=\"_blank\" rel=\"noreferrer noopener\">carte interactive<\/a> <em>(en construction)<\/em><\/p>\n\n\n\n<p><\/p>\n\n\n\n<p><\/p>\n\n\n\n<p>Votre initiative n\u2019est pas encore sur la liste&nbsp;? Aidez-nous \u00e0 mettre \u00e0 jour cette liste en nous envoyant vos suggestions au moyen du <a href=\"https:\/\/wp.unil.ch\/mission-sante-societe\/contact\/\">formulaire de contact<\/a>.<\/p>\n\n\n\n<p><\/p>\n","protected":false},"excerpt":{"rendered":"<p>Autres initiatives pour le partenariat patient et la d\u00e9mocratie en sant\u00e9 Cette page est d\u00e9di\u00e9e aux initiatives \u0153uvrant pour le partenariat patient et la d\u00e9mocratie en sant\u00e9. D\u00e9couvrez&hellip;<\/p>\n","protected":false},"author":1002237,"featured_media":0,"parent":0,"menu_order":0,"comment_status":"closed","ping_status":"closed","template":"template-full-width.php","meta":{"_seopress_robots_primary_cat":"","_seopress_titles_title":"","_seopress_titles_desc":"","_seopress_robots_index":"","_EventAllDay":false,"_EventTimezone":"","_EventStartDate":"","_EventEndDate":"","_EventStartDateUTC":"","_EventEndDateUTC":"","_EventShowMap":false,"_EventShowMapLink":false,"_EventURL":"","_EventCost":"","_EventCostDescription":"","_EventCurrencySymbol":"","_EventCurrencyCode":"","_EventCurrencyPosition":"","_EventDateTimeSeparator":"","_EventTimeRangeSeparator":"","_EventOrganizerID":[],"_EventVenueID":[],"_OrganizerEmail":"","_OrganizerPhone":"","_OrganizerWebsite":"","_VenueAddress":"","_VenueCity":"","_VenueCountry":"","_VenueProvince":"","_VenueState":"","_VenueZip":"","_VenuePhone":"","_VenueURL":"","_VenueStateProvince":"","_VenueLat":"","_VenueLng":"","_VenueShowMap":false,"_VenueShowMapLink":false,"footnotes":""},"class_list":["post-1018","page","type-page","status-publish","has-post-thumbnail"],"_links":{"self":[{"href":"https:\/\/wp.unil.ch\/mission-sante-societe\/wp-json\/wp\/v2\/pages\/1018","targetHints":{"allow":["GET"]}}],"collection":[{"href":"https:\/\/wp.unil.ch\/mission-sante-societe\/wp-json\/wp\/v2\/pages"}],"about":[{"href":"https:\/\/wp.unil.ch\/mission-sante-societe\/wp-json\/wp\/v2\/types\/page"}],"author":[{"embeddable":true,"href":"https:\/\/wp.unil.ch\/mission-sante-societe\/wp-json\/wp\/v2\/users\/1002237"}],"replies":[{"embeddable":true,"href":"https:\/\/wp.unil.ch\/mission-sante-societe\/wp-json\/wp\/v2\/comments?post=1018"}],"version-history":[{"count":4,"href":"https:\/\/wp.unil.ch\/mission-sante-societe\/wp-json\/wp\/v2\/pages\/1018\/revisions"}],"predecessor-version":[{"id":1761,"href":"https:\/\/wp.unil.ch\/mission-sante-societe\/wp-json\/wp\/v2\/pages\/1018\/revisions\/1761"}],"wp:attachment":[{"href":"https:\/\/wp.unil.ch\/mission-sante-societe\/wp-json\/wp\/v2\/media?parent=1018"}],"curies":[{"name":"wp","href":"https:\/\/api.w.org\/{rel}","templated":true}]}}