{"id":41,"date":"2017-01-25T17:19:35","date_gmt":"2017-01-25T16:19:35","guid":{"rendered":"http:\/\/wp.unil.ch\/microfilm\/?page_id=41"},"modified":"2017-11-14T14:37:50","modified_gmt":"2017-11-14T13:37:50","slug":"photographie-et-technologies-de-linformation","status":"publish","type":"page","link":"https:\/\/wp.unil.ch\/microfilm\/photographie-et-technologies-de-linformation\/","title":{"rendered":"Photographie et technologies de l\u2019information"},"content":{"rendered":"<div id=\"conference2017\">\n16-17 novembre 2017<br \/>\nUniversit\u00e9 de Lausanne<\/p>\n<p>Les photographies tendent \u00e0 exister en masse. \u00c9l\u00e9ments moteurs de la consommation de masse, elles ont, d\u00e8s l\u2019invention du m\u00e9dium, amen\u00e9 l\u2019industrie \u00e0 d\u00e9velopper de multiples instruments pour acc\u00e9l\u00e9rer la production, le stockage et la diffusion des images, de la bobine de film \u00e0 la carte m\u00e9moire, des appareils de petit format aux cam\u00e9ras num\u00e9riques, en passant par la chronophotographie, le b\u00e9linographe, l\u2019impression rotative, etc. En parall\u00e8le, nombre de techniques et de standards ont d\u00fb \u00eatre mis au point ou adapt\u00e9s \u00e0 la photographie pour g\u00e9rer, organiser et tirer parti de collections sans cesse croissantes\u00a0: on peut penser aux catalogues iconographiques, aux registres, aux fichiers, aux syst\u00e8mes de classification de biblioth\u00e8ques, aux banques d\u2019images, aux algorithmes, ou aux divers instruments de juxtaposition d\u2019images comme les planches-contact ou les atlas. Dans certains cas, la photographie peut y constituer l\u2019objet m\u00eame de la collection, dans d\u2019autres, elle agit plut\u00f4t comme l\u2019outil permettant de rassembler et de donner acc\u00e8s \u00e0 des mat\u00e9riaux provenant de sources tr\u00e8s diverses, comme c\u2019est le cas avec le microfilm, par exemple. Aujourd\u2019hui, la nouvelle \u00ab\u00a0indicialit\u00e9\u00a0\u00bb de la photographie num\u00e9rique (Andr\u00e9 Gunthert) fournit des outils suppl\u00e9mentaires pour saisir les images et associer des donn\u00e9es \u00e0 elles, et pour offrir ainsi de nouveaux moyens de g\u00e9rer et de donner acc\u00e8s \u00e0 de grandes quantit\u00e9s d\u2019images dans l\u2019espoir de g\u00e9n\u00e9rer de nouveaux savoirs \u00e0 partir d\u2019elles.<\/p>\n<p><img decoding=\"async\" src=\"https:\/\/wp.unil.ch\/microfilm\/files\/2017\/01\/EK_Annual-Report_1952_mod-e1504033318512.jpg\"><span class=\"small\">Eastman Kodak Company Annual Report, 1952. George Eastman Museum, Rochester.<\/span><\/p>\n<p><a href=\"https:\/\/www.dropbox.com\/s\/p8cfae5q2vzqbqw\/Livre_Photography%20and%20Information%20Technology_web.pdf?dl=1\"><img decoding=\"async\" class=\"conference2017\" src=\"https:\/\/wp.unil.ch\/microfilm\/files\/2017\/11\/Flyer_A5_Photography-and-Information-Technology_v7.png\"><\/a><\/p>\n<p>Le programme complet peut \u00eatre t\u00e9l\u00e9charg\u00e9 <a href=\"https:\/\/www.dropbox.com\/s\/p8cfae5q2vzqbqw\/Livre_Photography%20and%20Information%20Technology_web.pdf?dl=1\">\u00e0 cette adresse<\/a>.<\/p>\n<p>Le colloque est organis\u00e9 par Estelle Blaschke, Olivier Lugon et Davide Nerini dans le cadre du projet de recherche FNS \u00ab\u00a0<a href=\"https:\/\/wp.unil.ch\/microfilm\/\">Toute la culture du monde sur pellicule\u00a0: essor et imaginaire du microfilm des ann\u00e9es 1920 aux ann\u00e9es 1950<\/a>\u00a0\u00bb.<\/div>\n","protected":false},"excerpt":{"rendered":"<p>16-17 novembre 2017 Universit\u00e9 de Lausanne Les photographies tendent \u00e0 exister en masse. \u00c9l\u00e9ments moteurs de la consommation de masse, elles ont, d\u00e8s l\u2019invention du m\u00e9dium, amen\u00e9 l\u2019industrie \u00e0 d\u00e9velopper de multiples instruments pour acc\u00e9l\u00e9rer la production, le stockage et<\/p>\n","protected":false},"author":1041,"featured_media":0,"parent":0,"menu_order":0,"comment_status":"closed","ping_status":"closed","template":"","meta":{"_seopress_robots_primary_cat":"","_seopress_titles_title":"","_seopress_titles_desc":"","_seopress_robots_index":"","footnotes":""},"class_list":["post-41","page","type-page","status-publish"],"_links":{"self":[{"href":"https:\/\/wp.unil.ch\/microfilm\/wp-json\/wp\/v2\/pages\/41","targetHints":{"allow":["GET"]}}],"collection":[{"href":"https:\/\/wp.unil.ch\/microfilm\/wp-json\/wp\/v2\/pages"}],"about":[{"href":"https:\/\/wp.unil.ch\/microfilm\/wp-json\/wp\/v2\/types\/page"}],"author":[{"embeddable":true,"href":"https:\/\/wp.unil.ch\/microfilm\/wp-json\/wp\/v2\/users\/1041"}],"replies":[{"embeddable":true,"href":"https:\/\/wp.unil.ch\/microfilm\/wp-json\/wp\/v2\/comments?post=41"}],"version-history":[{"count":0,"href":"https:\/\/wp.unil.ch\/microfilm\/wp-json\/wp\/v2\/pages\/41\/revisions"}],"wp:attachment":[{"href":"https:\/\/wp.unil.ch\/microfilm\/wp-json\/wp\/v2\/media?parent=41"}],"curies":[{"name":"wp","href":"https:\/\/api.w.org\/{rel}","templated":true}]}}