{"id":2,"date":"2017-01-13T11:10:03","date_gmt":"2017-01-13T10:10:03","guid":{"rendered":"http:\/\/wp.unil.ch\/microfilm\/?page_id=2"},"modified":"2025-10-09T10:00:44","modified_gmt":"2025-10-09T08:00:44","slug":"toute-la-culture-du-monde-sur-pellicule","status":"publish","type":"page","link":"https:\/\/wp.unil.ch\/microfilm\/","title":{"rendered":"Histoire du microfilm, 1920-1980"},"content":{"rendered":"\n<p class=\"introduction\">Durant des d\u00e9cennies avant l\u2019av\u00e8nement de l\u2019\u00e9lectronique, le microfilm a suscit\u00e9 les espoirs d\u2019une rel\u00e8ve du papier comme support d\u2019accumulation et de diffusion am\u00e9lior\u00e9es du savoir gr\u00e2ce au traitement et \u00e0 la conservation de vastes quantit\u00e9s de documents textuels et visuels, au service des biblioth\u00e8ques, des institutions publiques et des entreprises. C\u2019est largement \u00e0 travers lui que s\u2019est ainsi jou\u00e9e la transition entre la mat\u00e9rialit\u00e9 du papier et la suppos\u00e9e immat\u00e9rialit\u00e9 du num\u00e9rique : l\u2019\u00e9tude de son histoire, celle d\u2019un \u00ab\u00a0cha\u00eenon manquant\u00a0\u00bb entre l\u2019\u00e8re du livre et la culture num\u00e9rique, s\u2019av\u00e8re par l\u00e0 essentielle pour saisir la pr\u00e9histoire des \u00ab digital humanities \u00bb.<\/p>\n\n\n\n<h2 class=\"wp-block-heading\" id=\"acte1\">Acte I, 1920-1950<\/h2>\n\n\n\n<h3 class=\"wp-block-heading\">Toute la culture du monde sur pellicule :<br>essor et imaginaire du microfilm<\/h3>\n\n\n\n<p>Des ann\u00e9es 1920 aux ann\u00e9es 1950, d\u2019importants d\u00e9veloppements technologiques, de forts investissements financiers et d\u2019intenses discussions font na\u00eetre de grands espoirs quant \u00e0 l\u2019avenir de la documentation gr\u00e2ce \u00e0 ce nouveau support. Le microfilm, aussi appel\u00e9 \u00ab\u00a0photographie fonctionnelle\u00a0\u00bb ou \u00ab\u00a0textuelle\u00a0\u00bb \u00e0 l&rsquo;\u00e9poque, semblait promettre pour cela une efficacit\u00e9 in\u00e9gal\u00e9e, une r\u00e9duction des co\u00fbts de production et de stockage, ainsi que l\u2019acc\u00e8s \u00e0 des informations plus nombreuses ou peu accessibles avant lui.<\/p>\n\n\n\n<p><img decoding=\"async\" src=\"https:\/\/wp.unil.ch\/microfilm\/files\/2017\/01\/8d05575u.jpg\"><span class=\"small\">Royden Nixon, \u00ab Developing microfilm \u00bb, Washington, D.C., 1942. <a href=\"https:\/\/www.loc.gov\/item\/owi2001006400\/PP\/\" target=\"_blank\" rel=\"noopener noreferrer\">Library of Congress<\/a><\/span><\/p>\n\n\n\n<p>Si l\u2019histoire du microfilm a ses racines en Europe, c\u2019est aux \u00c9tats-Unis que la technologie va \u00eatre d\u00e9velopp\u00e9e sous la forme de vastes programmes de reproduction de livres et de journaux, de manuscrits et d\u2019images. Par le biais d\u2019une \u00e9troite collaboration entre institutions publiques et industrie photographique, les Etats-Unis aspiraient \u00e0 dominer une technologie ayant le potentiel de changer la fa\u00e7on dont l\u2019information serait \u00e0 l\u2019avenir collect\u00e9e, trait\u00e9e et partag\u00e9e au niveau mondial.<\/p>\n\n\n\n<p><img decoding=\"async\" src=\"https:\/\/wp.unil.ch\/microfilm\/files\/2017\/01\/Picture3-copy.png\"><span class=\"small\">LOT 1525 (d\u00e9tail), microfilm\u00e9 le 16 janvier 1945. <a href=\"https:\/\/www.loc.gov\/pictures\/collection\/coll\/item\/2004678504\/\" target=\"_blank\" rel=\"noreferrer noopener\">Library of Congress<\/a><\/span><\/p>\n\n\n\n<p>Ce projet de recherche explorera les multiples vecteurs technologiques, culturels, \u00e9conomiques et politiques qui ont agi sur l\u2019essor du microfilm. On examinera des projets concrets men\u00e9s avant, durant et apr\u00e8s la Deuxi\u00e8me Guerre mondiale, ainsi que les r\u00e9seaux personnels, institutionnels, les \u00e9changes transnationaux ayant contribu\u00e9 \u00e0 cet essor, en particulier \u00e0 travers la coop\u00e9ration internationale mise en place dans le cadre de l\u2019UNESCO apr\u00e8s la guerre.<\/p>\n\n\n\n<p>L\u2019histoire du microfilm condense un imaginaire remontant aux fondements de la photographie : le r\u00eave de tout collectionner, de permettre l\u2019acc\u00e8s \u00e0 des archives visuelles illimit\u00e9es et de conf\u00e9rer aux objets mat\u00e9riels la mobilit\u00e9 de leur reproduction. Si le microfilm est ainsi partie prenante de l\u2019histoire de la photographie, son \u00e9tude est susceptible d\u2019apporter tout autant aux sciences de l\u2019information et des biblioth\u00e8ques, \u00e0 l\u2019histoire culturelle des m\u00e9dias et des sciences, et de mieux comprendre par l\u00e0 certains grands enjeux de la soci\u00e9t\u00e9 de l\u2019information actuelle.<\/p>\n\n\n\n<h2 class=\"wp-block-heading\" id=\"acte2\">Acte II, 1950-1980<\/h2>\n\n\n\n<h3 class=\"wp-block-heading\">Au seuil du num\u00e9rique :<br>microformes et syst\u00e8mes automatis\u00e9s de recherche des images<\/h3>\n\n\n\n<p>En se focalisant sur les ann\u00e9es 1950 aux ann\u00e9es 1980, ce second projet de recherche s\u2019int\u00e9resse aux multiples instruments d\u00e9velopp\u00e9s par les industries photographiques et informatiques pour acc\u00e9der \u00e0 ces \u00ab micro-images \u00bb, leur associer des donn\u00e9es et pour offrir ainsi de nouveaux moyens de g\u00e9rer et de donner acc\u00e8s \u00e0 des quantit\u00e9s in\u00e9dites d\u2019images. Il explore l\u2019\u00e9volution des appareils de \u00ab lecture m\u00e9canique \u00bb sur \u00e9cran, leur rapport \u00e0 l\u2019informatisation de la soci\u00e9t\u00e9 et \u00e0 la transformation de l\u2019espace des biblioth\u00e8ques et des bureaux. Pour cela, il examine diff\u00e9rents projets concrets de reproduction de masse dans leur interaction avec des dispositifs \u00e9lectroniques. Si la microphotographie a suscit\u00e9 de grands espoirs quant \u00e0 l\u2019avenir immat\u00e9riel de la documentation et \u00e0 la d\u00e9mocratisation de l\u2019information et du savoir, le projet s\u2019interroge aussi sur les limites du m\u00e9dium face \u00e0 l\u2019essor de l\u2019ordinateur, qui le rel\u00e9guera au statut \u00ab passif \u00bb d\u2019outil de conservation plut\u00f4t que de diffusion des informations.<\/p>\n\n\n\n<p><img decoding=\"async\" src=\"https:\/\/wp.unil.ch\/microfilm\/files\/2018\/12\/0971244120.jpg\"><span class=\"small\">Carte perfor\u00e9e avec illustration, tir\u00e9e de Elizabeth M. Lewis, \u00ab A Graphic Catalog Index \u00bb, <em>American Documentation<\/em>, vol. 20, no 3, 1969, p. 242.<\/span><\/p>\n\n\n\n<p>Au croisement des sciences de l\u2019information, de l\u2019histoire culturelle des m\u00e9dias et des sciences, ce projet propose une histoire \u00e9largie de la photographie comme technologie de l\u2019information et une contribution \u00e0 l\u2019\u00e9criture de l\u2019histoire des humanit\u00e9s num\u00e9riques.<\/p>\n\n\n\n<h2 class=\"wp-block-heading\" id=\"equipe\">\u00c9quipe<\/h2>\n\n\n\n<ul class=\"wp-block-list\">\n<li><a href=\"https:\/\/applicationspub.unil.ch\/interpub\/noauth\/php\/Un\/UnPers.php?PerNum=1173720\" target=\"_blank\" rel=\"noopener noreferrer\">Estelle Blaschke<\/a> (Unil, Centre SHC, chercheuse Senior)<\/li>\n\n\n\n<li><a href=\"https:\/\/applicationspub.unil.ch\/interpub\/noauth\/php\/Un\/UnPers.php?PerNum=60218\" target=\"_blank\" rel=\"noopener noreferrer\">Olivier Lugon<\/a> (Unil, Centre SHC et Section d&rsquo;histoire et esth\u00e9tique du cin\u00e9ma, professeur)<\/li>\n\n\n\n<li><a href=\"https:\/\/applicationspub.unil.ch\/interpub\/noauth\/php\/Un\/UnPers.php?PerNum=1066403\" target=\"_blank\" rel=\"noopener noreferrer\">Davide Nerini<\/a> (Unil, Centre SHC, doctorant)<\/li>\n<\/ul>\n\n\n\n<p>Le projet de recherche est rattach\u00e9 au <a href=\"https:\/\/www.unil.ch\/shc\/home.html\" target=\"_blank\" rel=\"noopener noreferrer\">Centre des sciences historiques de la culture<\/a>, Facult\u00e9 des lettres, UNIL<\/p>\n\n\n\n<h2 class=\"wp-block-heading\" id=\"publications\">Publications<\/h2>\n\n\n\n<ul class=\"wp-block-list\">\n<li>Estelle Blaschke, \u00ab&nbsp;Bilder orten. Welt Orden. Geotagging und die Fotografie&nbsp;\u00bb, in Felix Hoffmann et Kathrin Sch\u00f6negg (dir.), <em>Return to Sender. Utopien und Grenzen zirkulierender Bilder<\/em>, G\u00f6ttingen, Steidl, 2021 (\u00e0 para\u00eetre)<\/li>\n\n\n\n<li>Estelle Blaschke, \u00ab&nbsp;Diskrete Operationen: Formen pr\u00e4emptiver Bildzensur in der KI-gest\u00fctzten Fotografie&nbsp;\u00bb, <em>Bildwelten des Wissens. Jahrbuch f\u00fcr Bildkritik 16<\/em> (dir. Katja M\u00fcller-Helle), 2020 (\u00e0 para\u00eetre)<\/li>\n\n\n\n<li>Estelle Blaschke, <a href=\"https:\/\/doi.org\/10.1162\/greya00270\" target=\"_blank\" rel=\"noopener noreferrer\">\u00ab&nbsp;From Microform to Drawing Bot: The Photographic Image as Data&nbsp;\u00bb<\/a>, <em>Grey Room<\/em> 75, Spring 2019: 63\u201380<\/li>\n\n\n\n<li>Olivier Lugon, <em>Nicolas Bouvier iconographe<\/em>, Gollion\/Gen\u00e8ve, Infolio\/Biblioth\u00e8que de Gen\u00e8ve, 2019<\/li>\n\n\n\n<li><a href=\"https:\/\/www.transbordeur.ch\/fr\/2019\/\" target=\"_blank\" rel=\"noreferrer noopener\">Dossier \u00ab\u00a0C\u00e2ble, copie, code. Photographie et technologies de l\u2019information\u00a0\u00bb<\/a>, <em>Transbordeur<\/em> (dir. Estelle Blaschke et Davide Nerini), n. 3, 2019, pp. 6-145<\/li>\n<\/ul>\n\n\n<p><iframe loading=\"lazy\" title=\"\u00c9tudier la photographie dans sa quantit\u00e9\" width=\"720\" height=\"405\" src=\"https:\/\/www.youtube.com\/embed\/p3EBhSwWgxQ?feature=oembed\" frameborder=\"0\" allow=\"accelerometer; autoplay; clipboard-write; encrypted-media; gyroscope; picture-in-picture; web-share\" referrerpolicy=\"strict-origin-when-cross-origin\" allowfullscreen><\/iframe><\/p>\n\n\n\n<p><span class=\"small\">Vid\u00e9o de pr\u00e9sentation de l&rsquo;ouvrage avec Estelle Blaschke et Davide Nerini. L&rsquo;int\u00e9gralit\u00e9 de l&rsquo;article d&rsquo;introduction est accessible <\/span><a href=\"https:\/\/www.transbordeur.ch\/fr\/2019\/introduction-vers-limage-augmentee\/\" target=\"_blank\" rel=\"noreferrer noopener\">en ligne<\/a>.<\/p>\n\n\n\n<ul class=\"wp-block-list\">\n<li>Estelle Blaschke, \u00ab&nbsp;Installed for your protection. Mikrofilm als Medium der B\u00fcrokratie&nbsp;\u00bb, <em>Archiv f\u00fcr Mediengeschichte<\/em> (ed. Friedrich Balke, Bernhard Siegert, Joseph Vogl)<\/li>\n\n\n\n<li>Estelle Blaschke, <a href=\"https:\/\/www.fotogeschichte.info\/index.php?id=791\" target=\"_blank\" rel=\"noreferrer noopener\">\u00ab Die Geschichte des Mikrofilms (1920er bis 1950er Jahre) \u00bb<\/a>, <em>Fotogeschichte : Beitr\u00e4ge zur Geschichte und \u00c4sthetik der Fotografie<\/em>, 140, \u00e9t\u00e9 2016<\/li>\n<\/ul>\n\n\n\n<h2 class=\"wp-block-heading\" id=\"colloques\">Colloques<\/h2>\n\n\n\n<ul class=\"wp-block-list\">\n<li><a data-wplink-edit=\"true\" href=\"https:\/\/wp.unil.ch\/microfilm\/photographie-et-technologies-de-linformation\/\">Photographie et technologies de l&rsquo;information<\/a>, Universit\u00e9 de Lausanne, 16-17 novembre 2017<\/li>\n\n\n\n<li><a data-wplink-edit=\"true\" href=\"https:\/\/www.unil.ch\/cin\/files\/live\/sites\/cin\/files\/shared\/EVENEMENTS\/Colloque_Exposer_Savoirs_Photographie%202016\/Flyer_A5_ColloqueExposerLesSavoirs_UNIL.pdf\" target=\"_blank\" rel=\"noopener noreferrer\">Exposer les savoirs par la photographie: entre p\u00e9dagogie et communication de masse<\/a>, Universit\u00e9 de Lausanne, 17-18 novembre 2016<\/li>\n\n\n\n<li><a href=\"https:\/\/unil.ch\/shc\/files\/live\/sites\/shc\/files\/Depliant-Colloque-UNIGE-UNIL-05.11.2015.pdf\" target=\"_blank\" rel=\"noreferrer noopener\">\u00c0 l&rsquo;image du monde: mus\u00e9es et collections de documentation visuelle et sonore autour de 1900<\/a>, Universit\u00e9 de Lausanne et Universit\u00e9 de Gen\u00e8ve, 5-6 novembre 2015<\/li>\n<\/ul>\n\n\n\n<h2 class=\"wp-block-heading\" id=\"interventions\">Interventions<\/h2>\n\n\n\n<ul class=\"wp-block-list\">\n<li>La photographie, avec ou sans le capitalisme, Institut national d\u2019histoire de l\u2019art (INHA), Paris, 18\u201319 d\u00e9cembre 2018<\/li>\n\n\n\n<li>Welche Bilder finden im digitalen Zeitalter den Weg in die Medien?, Museum f\u00fcr Kunst und Gewerbe, Hamburg, 21 octobre 2018<\/li>\n\n\n\n<li><a href=\"https:\/\/eikones.philhist.unibas.ch\/fileadmin\/user_upload\/eikones\/Dokumente\/Ausschreibungen__Events__etc\/plakat_rechts_korrigiert.pdf\" target=\"_blank\" rel=\"noopener noreferrer\">Media of Exactitude in the Humanities, Arts, and Sciences<\/a>, Universit\u00e4t Basel, Eikones Forum, B\u00e2le, 4\u20136 octobre 2018<\/li>\n\n\n\n<li><a href=\"https:\/\/www.khi.fi.it\/de\/aktuelles\/veranstaltungen\/2018\/09\/estelle-blaschke-the-datafication-of-images.php\" target=\"_blank\" rel=\"noopener noreferrer\">Digital Materialities. Digital Practices and the Photographic Archive<\/a>, Kunsthistorisches Institut in Florenz, Max-Planck-Institut, 12 septembre 2018<\/li>\n\n\n\n<li><a href=\"https:\/\/web.archive.org\/web\/20200504085145\/https:\/\/mediamargins.org\/\">Media History from the Margins<\/a>, Monte Verit\u00e0, 19-24 ao\u00fbt 2018<\/li>\n\n\n\n<li><a href=\"https:\/\/camemoria.hypotheses.org\/\">Camera Memoria<\/a>, Universit\u00e9 Paris-Diderot, 19 janvier 2018<\/li>\n\n\n\n<li><a href=\"https:\/\/wp.unil.ch\/microfilm\/photographie-et-technologies-de-linformation\/\">Photographie et technologies de l&rsquo;information<\/a>, Universit\u00e9 de Lausanne, 16-17 novembre 2017<\/li>\n\n\n\n<li>Images and Text Reproduced \u2013 XIth International IAWIS\/AIERTI Conference, Universit\u00e9 de Lausanne, 10-14 juillet 2017<\/li>\n\n\n\n<li>The Place of Photography, University of Oxford, 20-21 avril 2017<\/li>\n\n\n\n<li>Workshop Kolleg Forschergruppe BildEvidenz, Freie Universit\u00e4t Berlin, 2 d\u00e9cembre 2016<\/li>\n\n\n\n<li>Exposer les savoirs par la photographie: entre p\u00e9dagogie et communication de masse, Universit\u00e9 de Lausanne, 17-18 novembre 2016<\/li>\n\n\n\n<li><a href=\"https:\/\/www.khist.uzh.ch\/de\/chairs\/bildende\/tgf\/Projekte_Publikationen\/gop.html\" target=\"_blank\" rel=\"noopener noreferrer\">Geography of Photography. Made in Germany?<\/a>, Universit\u00e4t Z\u00fcrich, 20 octobre 2016<\/li>\n\n\n\n<li><a href=\"https:\/\/www.historyofhumanities.org\/previous-meetings\/baltimore-2016-meeting\/\" target=\"_blank\" rel=\"noreferrer noopener\">The Making of Humanities V<\/a>, Society for the History of Humanities, Johns Hopkins University, Baltimore 5-7 octobre 2016<\/li>\n\n\n\n<li><a href=\"https:\/\/www.co-berlin.org\/node\/701\" target=\"_blank\" rel=\"noreferrer noopener\">Allmacht Algorithmus?<\/a>, Europ\u00e4ischer Monat der Fotografie, CO Berlin Foundation, 30 septembre 2016<\/li>\n\n\n\n<li><a href=\"https:\/\/easst.net\/issue\/easst-review-volume-354-december-2016\/\" target=\"_blank\" rel=\"noopener noreferrer\">Science and Technology by Other Means<\/a>, 4S\/EASST Conference (Society for Social Studies of Science and European Association for the Study of Science and Technology), Convention Center, Barcelona, 31 ao\u00fbt-2 septembre 2016<\/li>\n\n\n\n<li>Der kostbare Augenblick. Massenfotos, \u00d6konomie und das Versprechen von Dauer (II), Universit\u00e4t Luzern, 12-13 mai 2016<\/li>\n\n\n\n<li>\u00c0 l&rsquo;image du monde: mus\u00e9e et collections de documentation visuelle et sonore autour de 1900, Universit\u00e9 de Lausanne et Universit\u00e9 de Gen\u00e8ve, 5-6 novembre 2015<\/li>\n\n\n\n<li><a href=\"https:\/\/www.americanart.si.edu\/research\/symposia\/2015\/terra\/\" target=\"_blank\" rel=\"noreferrer noopener\">Shifting Terrain: Mapping Transnational American Art History<\/a>, Smithsonian American Art Museum, 16-17 octobre 2015<\/li>\n\n\n\n<li><a href=\"https:\/\/www.unilu.ch\/fileadmin\/fakultaeten\/ksf\/institute\/kwi\/dok\/Kann_man_das_wegwerfen.pdf\" target=\"_blank\" rel=\"noopener noreferrer\">Kann man das wegwerfen? Fotografie, Ged\u00e4chtnis, \u00d6konomie (I)<\/a>, Universit\u00e4t Luzern, 24-25 septembre 2015<\/li>\n\n\n\n<li>Probleme der Corpusbildung, Fotografisches Dispositiv, Hochschule der Bildenden K\u00fcnste Braunschweig, 21 mai 2015<\/li>\n\n\n\n<li><a href=\"https:\/\/www.ryerson.ca\/ric\/lectures\/symposium15\/\" target=\"_blank\" rel=\"noreferrer noopener\">Photo Historians. A New Generation?<\/a>, Ryerson University, 25-27 mars 2015<\/li>\n\n\n\n<li>Colloquium de la Chaire de l&rsquo;histoire des sciences, Eidgen\u00f6ssische Technische Universit\u00e4t Z\u00fcrich, 9 mars 2015<\/li>\n\n\n\n<li><a href=\"https:\/\/www.kulturtechnik.hu-berlin.de\/de\/content\/hybrid-photography-intermedial-practices-sciences-and-humanities-conference-humboldt-universitat-zu-berlin\/\" target=\"_blank\" rel=\"noopener noreferrer\">Hybrid photography. Intermedial Practices in Sciences and Humanities<\/a>, Humboldt-Universit\u00e4t zu Berlin, Berlin, 19-21 f\u00e9vrier 2015<\/li>\n<\/ul>\n\n\n\n<p><\/p>\n","protected":false},"excerpt":{"rendered":"<p>Durant des d\u00e9cennies avant l\u2019av\u00e8nement de l\u2019\u00e9lectronique, le microfilm a suscit\u00e9 les espoirs d\u2019une rel\u00e8ve du papier comme support d\u2019accumulation et de diffusion am\u00e9lior\u00e9es du savoir gr\u00e2ce au traitement et \u00e0 la conservation de vastes quantit\u00e9s de documents textuels et<\/p>\n","protected":false},"author":1041,"featured_media":0,"parent":0,"menu_order":0,"comment_status":"closed","ping_status":"closed","template":"","meta":{"_seopress_robots_primary_cat":"","_seopress_titles_title":"","_seopress_titles_desc":"","_seopress_robots_index":"","footnotes":""},"class_list":["post-2","page","type-page","status-publish"],"_links":{"self":[{"href":"https:\/\/wp.unil.ch\/microfilm\/wp-json\/wp\/v2\/pages\/2","targetHints":{"allow":["GET"]}}],"collection":[{"href":"https:\/\/wp.unil.ch\/microfilm\/wp-json\/wp\/v2\/pages"}],"about":[{"href":"https:\/\/wp.unil.ch\/microfilm\/wp-json\/wp\/v2\/types\/page"}],"author":[{"embeddable":true,"href":"https:\/\/wp.unil.ch\/microfilm\/wp-json\/wp\/v2\/users\/1041"}],"replies":[{"embeddable":true,"href":"https:\/\/wp.unil.ch\/microfilm\/wp-json\/wp\/v2\/comments?post=2"}],"version-history":[{"count":5,"href":"https:\/\/wp.unil.ch\/microfilm\/wp-json\/wp\/v2\/pages\/2\/revisions"}],"predecessor-version":[{"id":344,"href":"https:\/\/wp.unil.ch\/microfilm\/wp-json\/wp\/v2\/pages\/2\/revisions\/344"}],"wp:attachment":[{"href":"https:\/\/wp.unil.ch\/microfilm\/wp-json\/wp\/v2\/media?parent=2"}],"curies":[{"name":"wp","href":"https:\/\/api.w.org\/{rel}","templated":true}]}}