{"id":66,"date":"2017-01-26T16:14:32","date_gmt":"2017-01-26T15:14:32","guid":{"rendered":"http:\/\/wp.unil.ch\/microfilm\/?page_id=66"},"modified":"2025-10-09T09:58:04","modified_gmt":"2025-10-09T07:58:04","slug":"encapsulating-world-culture-the-rise-and-the-imaginary-of-microfilm-1920s-to-1950s","status":"publish","type":"page","link":"https:\/\/wp.unil.ch\/microfilm\/en\/","title":{"rendered":"History of Microfilm (1920s to 1980s)"},"content":{"rendered":"\n<p class=\"introduction\">Long before the advent of the digital, microfilm held the promise of replacing paper as a means of information storage and knowledge diffusion thanks to the processing and preservation of vast amounts of textual and visual material in the service of libraries, public institutions, and businesses. It was mainly through microfilm that the transition between the materiality of paper and the presumed \u201cimmateriality\u201d of the digital took form: its study as a missing link between the world of paper and the digital culture, is indeed vital for the writing of the prehistory of the digital humanities.<\/p>\n\n\n\n<h2 class=\"wp-block-heading\" id=\"part1\">Part 1 (1920s to 1950s)<\/h2>\n\n\n\n<h3 class=\"wp-block-heading\">Encapsulating World Culture:<br>The Rise and the Imaginary of Microfilm<\/h3>\n\n\n\n<p>Between the 1920s and the 1950s, the technological developments in photography, combined with important financial investments and intensive debates, gave rise to great expectations in microfilm as a means of modern documentation. Also referred to as \u201cfunctional\u201d or \u201ctextual photography\u201d, microfilm promised unparalleled efficiency, the reduction of production and storage costs and the possibility of making available more, or previously inaccessible visual and textual information.<\/p>\n\n\n\n<p><img decoding=\"async\" src=\"https:\/\/wp.unil.ch\/microfilm\/files\/2017\/01\/8d05575u.jpg\"><span class=\"small\">Royden Nixon, \u00ab Developing microfilm \u00bb, Washington, D.C., 1942. <a href=\"https:\/\/www.loc.gov\/item\/owi2001006400\/PP\/\" target=\"_blank\" rel=\"noopener noreferrer\">Library of Congress<\/a><\/span><\/p>\n\n\n\n<p>While the modern history of microfilm is rooted in Europe, the technology was further elaborated and applied in the United States in form of large-scale copying programs for books, newspapers, manuscripts as well as images. In a close collaboration between public and research institutions and the photographic industry, the United States aspired to take lead in the hope to monopolize on a technology that had the potential of changing the ways in which information was collected, processed and shared on a \u201cglobal\u201d scale.<\/p>\n\n\n\n<p><img decoding=\"async\" src=\"https:\/\/wp.unil.ch\/microfilm\/files\/2017\/01\/Picture3-copy.png\"><span class=\"small\">LOT 1525 (d\u00e9tail), microfilm\u00e9 le 16 janvier 1945. <a href=\"https:\/\/www.loc.gov\/pictures\/collection\/coll\/item\/2004678504\/\" target=\"_blank\" rel=\"noreferrer noopener\">Library of Congress<\/a><\/span><\/p>\n\n\n\n<p>This research project explores the technological, cultural, economic and political vectors that led to the rise of microfilm. It examines concrete microfilming projects of textual and pictorial material before, during and after World War II and studies the networks of people and institutions that advanced the development of microfilm, as well as the transnational discussions and international cooperation in the context of UNESCO in the immediate post-war period.<\/p>\n\n\n\n<p>The history of microfilm ties into the medium\u2019s imaginaries present since the invention of photography: the dream of \u2018collecting everything\u2019, of providing access to vast archives and of rendering material objects mobile by means of their reproduction. While the history of microfilm is an inherent part of the history of photography, its study also provides important insights relevant to other disciplines, such as library and information sciences, media history and the history of science. It furthermore helps understanding recent developments and the challenges faced by today\u2019s information society.<\/p>\n\n\n\n<h2 class=\"wp-block-heading\" id=\"part1\">Part 2 (1950s to 1980s)<\/h2>\n\n\n\n<h3 class=\"wp-block-heading\">On the Verge of the Computer Age:<br>Microphotography and Image Retrieval Systems<\/h3>\n\n\n\n<p>Focussing on the period between the 1950s to 1980s, this second research project addresses the multiples tools developed by the photographic industry and the computer industry, which aimed at improving the management and retrieval of the ever-growing amounts of \u201cmicro-images\u201d. It studies the different ways of adding machine-readable data to the images, the progress of the \u201cmechanical reading\u201d on screen as well as the impact of the micro-technology on the spatial conception of libraries and offices, and information society, in general. For this, the research encompasses the study of specific projects of mass reproduction in interaction with different types of electronic devices. The micro-technology sparked great expectations in the intangible future of documentation and the democratization of information and knowledge. While the project explores the cultural history of these imaginaries, it also questions the limits of the photographic medium during the rise of the computer age, in which photography acquired a rather passive role as a storage and preservation medium rather than one of information diffusion.<\/p>\n\n\n\n<p><img decoding=\"async\" src=\"https:\/\/wp.unil.ch\/microfilm\/files\/2018\/12\/0971244120.jpg\"><span class=\"small\">Carte perfore?e avec illustration, tire?e de Elizabeth M. Lewis, \u00ab A Graphic Catalog Index \u00bb, <em>American Documentation<\/em>, vol. 20, no 3, 1969, p. 242.<\/span><\/p>\n\n\n\n<p>Bridging information studies and the cultural history of media and science, this research project proposes a extended history of photography as information technology and contributes to the writing of the history of digital humanities.<\/p>\n\n\n\n<h2 class=\"wp-block-heading\">Team<\/h2>\n\n\n\n<ul class=\"wp-block-list\">\n<li><a href=\"https:\/\/applicationspub.unil.ch\/interpub\/noauth\/php\/Un\/UnPers.php?PerNum=1173720\" target=\"_blank\" rel=\"noopener noreferrer\">Estelle Blaschke<\/a> (Unil, Centre SHC, chercheuse Senior)<\/li>\n\n\n\n<li><a href=\"https:\/\/applicationspub.unil.ch\/interpub\/noauth\/php\/Un\/UnPers.php?PerNum=60218\" target=\"_blank\" rel=\"noopener noreferrer\">Olivier Lugon<\/a> (Unil, Centre SHC et Section d&#8217;histoire et esth\u00e9tique du cin\u00e9ma, professeur)<\/li>\n\n\n\n<li><a href=\"https:\/\/applicationspub.unil.ch\/interpub\/noauth\/php\/Un\/UnPers.php?PerNum=1066403\" target=\"_blank\" rel=\"noopener noreferrer\">Davide Nerini<\/a> (Unil, Centre SHC, doctorant)<\/li>\n<\/ul>\n\n\n\n<p>Le projet de recherche est rattach\u00e9 au <a href=\"https:\/\/www.unil.ch\/shc\/home.html\" target=\"_blank\" rel=\"noopener noreferrer\">Centre des sciences historiques de la culture<\/a>, Facult\u00e9 des lettres, UNIL<\/p>\n\n\n\n<h2 class=\"wp-block-heading\">Publications<\/h2>\n\n\n\n<ul class=\"wp-block-list\">\n<li><a href=\"https:\/\/www.transbordeur.ch\/fr\/2019\/\">Dossier \u00ab C\u00e2ble, copie, code. Photographie et technologies de l\u2019information \u00bb<\/a>, <em>Transbordeur<\/em> (dir. Estelle Blaschke et Davide Nerini), n. 3, 2019, pp. 6-145.<\/li>\n<\/ul>\n\n\n<p><iframe loading=\"lazy\" title=\"\u00c9tudier la photographie dans sa quantit\u00e9\" width=\"720\" height=\"405\" src=\"https:\/\/www.youtube.com\/embed\/p3EBhSwWgxQ?feature=oembed\" frameborder=\"0\" allow=\"accelerometer; autoplay; clipboard-write; encrypted-media; gyroscope; picture-in-picture; web-share\" referrerpolicy=\"strict-origin-when-cross-origin\" allowfullscreen><\/iframe><\/p>\n\n\n\n<h2 class=\"wp-block-heading\"><span class=\"small\">Vid\u00e9eo de pr\u00e9sentation de l&#8217;ouvrage avec Estelle Blaschke et Davide Nerini.<\/span><\/h2>\n\n\n\n<ul class=\"wp-block-list\">\n<li>\u00ab Installed for your protection. Mikrofilm als Medium der B\u00fcrokratie \u00bb, <em>Archiv f\u00fcr Mediengeschichte<\/em> (ed. Friedrich Balke, Bernhard Siegert, Joseph Vogl)<\/li>\n\n\n\n<li><a href=\"https:\/\/www.fotogeschichte.info\/index.php?id=791\" target=\"_blank\" rel=\"noreferrer noopener\">\u00ab Die Geschichte des Mikrofilms (1920er bis 1950er Jahre) \u00bb<\/a>, <em>Fotogeschichte : Beitr\u00e4ge zur Geschichte und \u00c4sthetik der Fotografie<\/em>, 140, \u00e9t\u00e9 2016<\/li>\n<\/ul>\n\n\n\n<h2 class=\"wp-block-heading\">Conferences<\/h2>\n\n\n\n<ul class=\"wp-block-list\">\n<li>\n<ul class=\"wp-block-list\">\n<li><a href=\"https:\/\/wp.unil.ch\/microfilm\/en\/photography-and-information-technology\/\">Photographie et technologies de l&#8217;information<\/a>, Universit\u00e9 de Lausanne, 16-17 novembre 2017<\/li>\n\n\n\n<li><a href=\"https:\/\/www.unil.ch\/cin\/files\/live\/sites\/cin\/files\/shared\/EVENEMENTS\/Colloque_Exposer_Savoirs_Photographie%202016\/Flyer_A5_ColloqueExposerLesSavoirs_UNIL.pdf\" target=\"_blank\" rel=\"noopener noreferrer\">Exposer les savoirs par la photographie: entre p\u00e9dagogie et communication de masse<\/a>, Universit\u00e9 de Lausanne, 17-18 novembre 2016<\/li>\n\n\n\n<li><a href=\"https:\/\/unil.ch\/shc\/files\/live\/sites\/shc\/files\/Depliant-Colloque-UNIGE-UNIL-05.11.2015.pdf\" target=\"_blank\" rel=\"noreferrer noopener\">\u00c0 l&#8217;image du monde: mus\u00e9es et collections de documentation visuelle et sonore autour de 1900<\/a>, Universit\u00e9 de Lausanne et Universit\u00e9 de Gen\u00e8ve, 5-6 novembre 2015<\/li>\n<\/ul>\n<\/li>\n<\/ul>\n\n\n\n<h2 class=\"wp-block-heading\">Papers<\/h2>\n\n\n\n<ul class=\"wp-block-list\">\n<li>La photographie, avec ou sans le capitalisme, Institut national d\u2019histoire de l\u2019art (INHA), Paris, December 18\u201319, 2018<\/li>\n\n\n\n<li>Welche Bilder finden im digitalen Zeitalter den Weg in die Medien?, Museum f\u00fcr Kunst und Gewerbe, Hamburg, October 21, 2018<\/li>\n\n\n\n<li><a href=\"https:\/\/eikones.philhist.unibas.ch\/fileadmin\/user_upload\/eikones\/Dokumente\/Ausschreibungen__Events__etc\/plakat_rechts_korrigiert.pdf\" target=\"_blank\" rel=\"noopener noreferrer\">Media of Exactitude in the Humanities, Arts, and Sciences<\/a>, Universit\u00e4t Basel, Eikones Forum, B\u00e2le, October 4\u20136, 2018<\/li>\n\n\n\n<li><a href=\"https:\/\/www.khi.fi.it\/de\/aktuelles\/veranstaltungen\/2018\/09\/estelle-blaschke-the-datafication-of-images.php\" target=\"_blank\" rel=\"noopener noreferrer\">Digital Materialities. Digital Practices and the Photographic Archive<\/a>, Kunsthistorisches Institut in Florenz, Max-Planck-Institut, September 12, 2018<\/li>\n\n\n\n<li><a href=\"https:\/\/web.archive.org\/web\/20200504085145\/https:\/\/mediamargins.org\/\">Media History from the Margins<\/a>, Monte Verit\u00e0, August 19-24, 2018<\/li>\n\n\n\n<li><a href=\"https:\/\/camemoria.hypotheses.org\/\">Camera Memoria<\/a>, Universit\u00e9 Paris-Diderot, January 19, 2018<\/li>\n\n\n\n<li><a href=\"https:\/\/wp.unil.ch\/microfilm\/en\/photography-and-information-technology\/\">Photographie et technologies de l&#8217;information<\/a>, Universit\u00e9 de Lausanne, 16-17 novembre 2017<\/li>\n\n\n\n<li>Images and Text Reproduced \u2013 XIth International IAWIS\/AIERTI Conference, Universit\u00e9 de Lausanne, 10-14 juillet 2017<\/li>\n\n\n\n<li>The Place of Photography, University of Oxford, 20\u201321 avril 2017<\/li>\n\n\n\n<li>Workshop Kolleg Forschergruppe BildEvidenz, Freie Universit\u00e4t Berlin, 2 d\u00e9cembre 2016<\/li>\n\n\n\n<li>Exposer les savoirs par la photographie: entre p\u00e9dagogie et communication de masse, Universit\u00e9 de Lausanne, 17-18 novembre 2016<\/li>\n\n\n\n<li><a href=\"https:\/\/www.khist.uzh.ch\/de\/chairs\/bildende\/tgf\/Projekte_Publikationen\/gop.html\" target=\"_blank\" rel=\"noopener noreferrer\">Geography of Photography. Made in Germany?<\/a>, Universit\u00e4t Z\u00fcrich, 20 octobre 2016<\/li>\n\n\n\n<li><a href=\"https:\/\/www.historyofhumanities.org\/previous-meetings\/baltimore-2016-meeting\/\" target=\"_blank\" rel=\"noreferrer noopener\">The Making of Humanities V<\/a>, Society for the History of Humanities, Johns Hopkins University, Baltimore 5\u20137 octobre 2016<\/li>\n\n\n\n<li><a href=\"https:\/\/www.co-berlin.org\/node\/701\" target=\"_blank\" rel=\"noreferrer noopener\">Allmacht Algorithmus?<\/a>, Europ\u00e4ischer Monat der Fotografie, CO Berlin Foundation, 30 septembre 2016<\/li>\n\n\n\n<li><a href=\"https:\/\/easst.net\/issue\/easst-review-volume-354-december-2016\/\" target=\"_blank\" rel=\"noopener noreferrer\">Science and Technology by Other Means<\/a>, 4S\/EASST Conference (Society for Social Studies of Science and European Association for the Study of Science and Technology), Convention Center, Barcelona, 31 ao\u00fbt-2 septembre 2016<\/li>\n\n\n\n<li>Der kostbare Augenblick. Massenfotos, \u00d6konomie und das Versprechen von Dauer (II), Universit\u00e4t Luzern, 12-13 mai 2016<\/li>\n\n\n\n<li>\u00c0 l&#8217;image du monde: mus\u00e9e et collections de documentation visuelle et sonore autour de 1900, Universit\u00e9 de Lausanne et Universit\u00e9 de Gen\u00e8ve, 5-6 novembre 2015<\/li>\n\n\n\n<li><a href=\"https:\/\/www.americanart.si.edu\/research\/symposia\/2015\/terra\/\" target=\"_blank\" rel=\"noreferrer noopener\">Shifting Terrain: Mapping Transnational American Art History<\/a>, Smithsonian American Art Museum, 16\u201317 octobre 2015<\/li>\n\n\n\n<li><a href=\"https:\/\/www.unilu.ch\/fileadmin\/fakultaeten\/ksf\/institute\/kwi\/dok\/Kann_man_das_wegwerfen.pdf\" target=\"_blank\" rel=\"noopener noreferrer\">Kann man das wegwerfen? Fotografie, Ged\u00e4chtnis, \u00d6konomie (I)<\/a>, Universit\u00e4t Luzern, 24\u201325 septembre 2015<\/li>\n\n\n\n<li>Probleme der Corpusbildung, Fotografisches Dispositiv, Hochschule der Bildenden K\u00fcnste Braunschweig, 21 mai 2015<\/li>\n\n\n\n<li><a href=\"https:\/\/www.ryerson.ca\/ric\/lectures\/symposium15\/\" target=\"_blank\" rel=\"noreferrer noopener\">Photo Historians. A New Generation?<\/a>, Ryerson University, 25\u201327 mars 2015<\/li>\n\n\n\n<li>Colloquium de la Chaire de l&#8217;histoire des sciences, Eidgen\u00f6ssische Technische Universit\u00e4t Z\u00fcrich, 9 mars 2015<\/li>\n\n\n\n<li><a href=\"https:\/\/www.kulturtechnik.hu-berlin.de\/de\/content\/hybrid-photography-intermedial-practices-sciences-and-humanities-conference-humboldt-universitat-zu-berlin\/\" target=\"_blank\" rel=\"noopener noreferrer\">Hybrid photography. Intermedial Practices in Sciences and Humanities<\/a>, Humboldt-Universit\u00e4t zu Berlin, Berlin, 19-21 f\u00e9vrier 2015<\/li>\n<\/ul>\n","protected":false},"excerpt":{"rendered":"<p>Long before the advent of the digital, microfilm held the promise of replacing paper as a means of information storage and knowledge diffusion thanks to the processing and preservation of vast amounts of textual and visual material in the service<\/p>\n","protected":false},"author":1041,"featured_media":0,"parent":0,"menu_order":0,"comment_status":"closed","ping_status":"closed","template":"","meta":{"_seopress_robots_primary_cat":"","_seopress_titles_title":"","_seopress_titles_desc":"","_seopress_robots_index":"","footnotes":""},"class_list":["post-66","page","type-page","status-publish"],"_links":{"self":[{"href":"https:\/\/wp.unil.ch\/microfilm\/en\/wp-json\/wp\/v2\/pages\/66","targetHints":{"allow":["GET"]}}],"collection":[{"href":"https:\/\/wp.unil.ch\/microfilm\/en\/wp-json\/wp\/v2\/pages"}],"about":[{"href":"https:\/\/wp.unil.ch\/microfilm\/en\/wp-json\/wp\/v2\/types\/page"}],"author":[{"embeddable":true,"href":"https:\/\/wp.unil.ch\/microfilm\/en\/wp-json\/wp\/v2\/users\/1041"}],"replies":[{"embeddable":true,"href":"https:\/\/wp.unil.ch\/microfilm\/en\/wp-json\/wp\/v2\/comments?post=66"}],"version-history":[{"count":5,"href":"https:\/\/wp.unil.ch\/microfilm\/en\/wp-json\/wp\/v2\/pages\/66\/revisions"}],"predecessor-version":[{"id":341,"href":"https:\/\/wp.unil.ch\/microfilm\/en\/wp-json\/wp\/v2\/pages\/66\/revisions\/341"}],"wp:attachment":[{"href":"https:\/\/wp.unil.ch\/microfilm\/en\/wp-json\/wp\/v2\/media?parent=66"}],"curies":[{"name":"wp","href":"https:\/\/api.w.org\/{rel}","templated":true}]}}