{"id":217,"date":"2019-06-06T14:06:17","date_gmt":"2019-06-06T12:06:17","guid":{"rendered":"http:\/\/wp.unil.ch\/mial\/?page_id=217"},"modified":"2022-05-10T11:21:55","modified_gmt":"2022-05-10T09:21:55","slug":"alumni","status":"publish","type":"page","link":"https:\/\/wp.unil.ch\/mial\/team\/alumni\/","title":{"rendered":"Alumni"},"content":{"rendered":"<ul>\n<li><a href=\"https:\/\/www.linkedin.com\/in\/francesco-la-rosa\/\" target=\"_blank\" rel=\"noopener\">Francesco La Rosa<\/a>, PhD student (2018-2022), LTS5, Swiss Federal Institute of Technology Lausanne EPFL, Switzerland<\/li>\n<li><a href=\"https:\/\/www.linkedin.com\/in\/thomas-yu-3bb149b0\/\" target=\"_blank\" rel=\"noopener\">Thomas Yu<\/a>, PhD student (2018-2022), LTS5, Swiss Federal Institute of Technology Lausanne EPFL, Switzerland<\/li>\n<li><a href=\"https:\/\/www.linkedin.com\/in\/crisaguilera\/\" target=\"_blank\" rel=\"noopener\">Cristina Aguilera<\/a>, Bachelor student (2021), Universitat Polit\u00e8cnica de Catalunya, Spain<\/li>\n<li><a href=\"https:\/\/www.linkedin.com\/in\/imen-ben-mahmoud-279260174\/?originalSubdomain=ch\" target=\"_blank\" rel=\"noopener\">Imen Ben Mahmoud<\/a>, Master student (2021), Swiss Federal Institute of Technology Lausanne EPFL, Switzerland<\/li>\n<li><a href=\"https:\/\/www.linkedin.com\/in\/barquerogerman\/\" target=\"_blank\" rel=\"noopener\">Germ\u00e1n Barquero<\/a>, Bachelor student (2019-2020), Universitat de Barcelona, Spain &amp; Internship, CHUV, Switzerland<\/li>\n<li class=\"inline t-24 t-black t-normal break-words\"><a href=\"https:\/\/www.linkedin.com\/in\/mj-fartaria\/\">M\u00e1rio Jo\u00e3o Fartaria<\/a>, PhD student (2014-2018), MIAL, Faculty of Biology and Medicine, Lausanne University, Switzerland<\/li>\n<li><a href=\"https:\/\/www.linkedin.com\/in\/pierre-deman-15631513b\/\">Pierre Deman<\/a>, Senior software engineer (2017-2018), MIAL, Faculty of Biology and Medicine, Lausanne University, Switzerland<\/li>\n<li><a href=\"https:\/\/www.linkedin.com\/in\/huu-giao-nguyen-03266951\/\">Huu-Giao Nguyen<\/a>, Affiliated senior scientist (2016-2019), ARTORG, University of Bern &amp; Paul Scherrer Institute, Switzerland<\/li>\n<li><a href=\"https:\/\/www.linkedin.com\/in\/elena-najdenovska-37349514a\/\">Elena Najdenovska<\/a>, Master &amp; PhD student (2012-2019), MIAL, Faculty of Biology and Medicine, Lausanne University, Switzerland<\/li>\n<li><a href=\"https:\/\/www.linkedin.com\/in\/constantin-tulea\u0219c\u0103-md-phd-fmh-2b9b9984\/\">Constantin Tuleasca<\/a>, Affiliated MD-PhD student (2014-2018), Neurosurgery Service and Gamma Knife Center, Lausanne University Hospital<\/li>\n<li><a href=\"https:\/\/www.linkedin.com\/in\/sebastientourbier\/\">S\u00e9bastien Tourbier<\/a>, PhD student (2012-2016), MIAL, Faculty of Biology and Medicine, Lausanne University, Switzerland<\/li>\n<li><a href=\"https:\/\/www.linkedin.com\/in\/carlosciller\/?originalSubdomain=ch\">Carlos Ciller<\/a>, PhD student (2013-2017),\u00a0MIAL, Faculty of Biology and Medicine, Lausanne University, Switzerland<\/li>\n<li>Martina Gianoni, Master student (2012-2014), Faculty of Biology and Medicine, University of Lausanne, Switzerland<\/li>\n<li><a href=\"https:\/\/www.linkedin.com\/in\/michael-r%C3%BCegsegger-9138a4b9\">Michael R\u00fcegsegger<\/a>, Affiliated PhD student (2010-2014), ARTORG, University of Bern, Switzerland<\/li>\n<li><a href=\"https:\/\/iict.heig-vd.ch\/team\/show\/13\/cuisenaire-olivier\/\">Olivier Cuisenaire<\/a>, Senior Scientist (2012-2014), MIAL, Faculty of Biology and Medicine, Lausanne University, Switzerland<\/li>\n<li><a href=\"https:\/\/scholar.google.com\/citations?user=9pSK04MAAAAJ&amp;hl=en\">Xavier Bresson<\/a>, Senior Scientist (2013-2014), MIAL, Faculty of Biology and Medicine, Lausanne University, Switzerland<\/li>\n<li><a href=\"https:\/\/www.linkedin.com\/in\/s\u00e9bastien-gelin-45991867\/\">S\u00e9bastien Gelin<\/a>, Master student (2012-2013), University of Bern, Switzerland<\/li>\n<li><a href=\"https:\/\/www.linkedin.com\/in\/eduard-vilaplana-mart%C3%ADnez-87b41a42?authType=NAME_SEARCH&amp;authToken=MjFg\">Eduard Vilaplana<\/a>, Exchange student (2011-2012), Universitat Polit\u00e8cnica de Catalunya, Spain<\/li>\n<li><a href=\"https:\/\/profiles.stanford.edu\/oscar-esteban-sanz-dranguet\">Oscar Esteban<\/a>, Affiliated PhD student (2011-2012), BIT, Universidad Politecnica de Madrid, Spain<\/li>\n<li><a href=\"https:\/\/www.linkedin.com\/in\/rapha\u00ebl-burgener-7558b833\/\">Rapha\u00ebl Burgener<\/a>, Master student (2010-2011), \u00c9cole Polytechnique F\u00e9d\u00e9rale de Lausanne<\/li>\n<li><a href=\"https:\/\/users.utcluj.ro\/~ancac\/\">Anca Ciurte<\/a>, Exchange PhD student (2010-2011), University of Cluj, Romania<\/li>\n<li><a href=\"https:\/\/www.linkedin.com\/in\/mariano-cabezas-grebol-4292a623?\">Mariano Cabezas Grebol<\/a>, Affilitated PhD student (2010-2011), VICORB, University of Girona, Spain<\/li>\n<\/ul>\n","protected":false},"excerpt":{"rendered":"<p>Francesco La Rosa, PhD student (2018-2022), LTS5, Swiss Federal Institute of Technology Lausanne EPFL, Switzerland Thomas Yu, PhD student (2018-2022), LTS5, Swiss Federal Institute of Technology Lausanne EPFL, Switzerland Cristina Aguilera, Bachelor student (2021), Universitat Polit\u00e8cnica de Catalunya, Spain Imen<\/p>\n","protected":false},"author":1001937,"featured_media":0,"parent":153,"menu_order":0,"comment_status":"closed","ping_status":"closed","template":"","meta":{"_seopress_robots_primary_cat":"","_seopress_titles_title":"","_seopress_titles_desc":"","_seopress_robots_index":"","footnotes":""},"class_list":["post-217","page","type-page","status-publish"],"_links":{"self":[{"href":"https:\/\/wp.unil.ch\/mial\/wp-json\/wp\/v2\/pages\/217","targetHints":{"allow":["GET"]}}],"collection":[{"href":"https:\/\/wp.unil.ch\/mial\/wp-json\/wp\/v2\/pages"}],"about":[{"href":"https:\/\/wp.unil.ch\/mial\/wp-json\/wp\/v2\/types\/page"}],"author":[{"embeddable":true,"href":"https:\/\/wp.unil.ch\/mial\/wp-json\/wp\/v2\/users\/1001937"}],"replies":[{"embeddable":true,"href":"https:\/\/wp.unil.ch\/mial\/wp-json\/wp\/v2\/comments?post=217"}],"version-history":[{"count":0,"href":"https:\/\/wp.unil.ch\/mial\/wp-json\/wp\/v2\/pages\/217\/revisions"}],"up":[{"embeddable":true,"href":"https:\/\/wp.unil.ch\/mial\/wp-json\/wp\/v2\/pages\/153"}],"wp:attachment":[{"href":"https:\/\/wp.unil.ch\/mial\/wp-json\/wp\/v2\/media?parent=217"}],"curies":[{"name":"wp","href":"https:\/\/api.w.org\/{rel}","templated":true}]}}