{"id":1799,"date":"2024-02-12T10:10:07","date_gmt":"2024-02-12T09:10:07","guid":{"rendered":"https:\/\/wp.unil.ch\/mial\/?page_id=1799"},"modified":"2026-02-06T14:36:58","modified_gmt":"2026-02-06T13:36:58","slug":"pedro-macias-gordaliza","status":"publish","type":"page","link":"https:\/\/wp.unil.ch\/mial\/team\/pedro-macias-gordaliza\/","title":{"rendered":"Pedro Mac\u00edas Gordaliza"},"content":{"rendered":"\n<div class=\"wp-block-media-text is-stacked-on-mobile\" style=\"grid-template-columns:23% auto\"><figure class=\"wp-block-media-text__media\"><img alt=\"\" loading=\"lazy\" decoding=\"async\" width=\"520\" height=\"678\" src=\"https:\/\/wp.unil.ch\/mial\/files\/2023\/10\/pic.jpg\" alt=\"\" class=\"wp-image-1817 size-full\" srcset=\"https:\/\/wp.unil.ch\/mial\/files\/2023\/10\/pic.jpg 520w, https:\/\/wp.unil.ch\/mial\/files\/2023\/10\/pic-230x300.jpg 230w\" sizes=\"auto, (max-width: 520px) 100vw, 520px\" \/><\/figure><div class=\"wp-block-media-text__content\">\n<p><strong>CIBM staff member<\/strong><\/p>\n\n\n\n<p>Faculty of Biology and Medicine, University of Lausanne<br><br><strong>Affiliations<br><\/strong>CIBM Center for Biomedical Imaging<br>Radiology Department, University of Lausanne (UNIL) and Lausanne University Hospital (CHUV)<br><br><strong>Contact<br><\/strong><em>Email:<\/em> pedro (dot) maciasgordaliza (at) unil (dot) ch<br><em>Postal address<\/em>: Centre de Recherche en Radiologie (BIO02), Rue du Bugnon 46, CH-1011 Lausanne<br><em>Office<\/em>: Route de la Corniche 10,\u00a0 CH-1010 Lausanne<\/p>\n<\/div><\/div>\n\n\n\n<p><strong>Short Bio<\/strong><br>Pedro Macias Gordaliza obtained his BSc in Telecommunication engineering from Universidad Carlos III de Madrid (UC3M). After graduating in 2010, he worked for four years as a data scientist in the telecommunication industry in Spain and the UK.<br>In 2014 he started a new position as a research engineer in the UC3M and Gregorio Mara\u00f1\u00f3n hospital lab (Laboratorio de Imagen M\u00e9dica, LIM) to develop image processing algorithms for disease prediction and quantification for several medical imaging modalities (i.e., MRI, US, PET-CT). During this period, in 2018, he obtained his MSc in Advanced Artificial Intelligence from the UNED.<br>In 2022 Pedro completed his PhD in Biomedical Engineering under Arrate Mu\u00f1oz Barrutia&#8217;s and Juan Jos\u00e9 Vaquero&#8217;s supervision, defending the PhD thesis entitled: &#8220;<em>Computer-Aided Assessment of Tuberculosis with Radiological Imaging: From rule-based methods to Deep Learning<\/em>&#8220;.&nbsp;The work proposes several methods to translationally assess the disease in mouse, macaque and human models of Tuberculosis.<br>Pedro joined the CIBM SP CHUV-UNIL team headed by Meritxell Bach Cuadra as a postdoctoral researcher in October 2022. His research focuses on Domain Adaptation for brain imaging analysis and its links with uncertainty prediction and causal representation learning.<\/p>\n\n\n\n<p><strong>Keywords<\/strong><br>Domain Adaptation, Causality, Explainability, Deep Learning, MRI, Brain Imaging, Medical Image Analysis.<\/p>\n","protected":false},"excerpt":{"rendered":"<p>CIBM staff member Faculty of Biology and Medicine, University of Lausanne AffiliationsCIBM Center for Biomedical ImagingRadiology Department, University of Lausanne (UNIL) and Lausanne University Hospital (CHUV) ContactEmail: pedro (dot) maciasgordaliza (at) unil (dot) chPostal address: Centre de Recherche en Radiologie<\/p>\n","protected":false},"author":1002604,"featured_media":0,"parent":153,"menu_order":0,"comment_status":"closed","ping_status":"closed","template":"","meta":{"_seopress_robots_primary_cat":"","_seopress_titles_title":"","_seopress_titles_desc":"","_seopress_robots_index":"","footnotes":""},"class_list":["post-1799","page","type-page","status-publish"],"_links":{"self":[{"href":"https:\/\/wp.unil.ch\/mial\/wp-json\/wp\/v2\/pages\/1799","targetHints":{"allow":["GET"]}}],"collection":[{"href":"https:\/\/wp.unil.ch\/mial\/wp-json\/wp\/v2\/pages"}],"about":[{"href":"https:\/\/wp.unil.ch\/mial\/wp-json\/wp\/v2\/types\/page"}],"author":[{"embeddable":true,"href":"https:\/\/wp.unil.ch\/mial\/wp-json\/wp\/v2\/users\/1002604"}],"replies":[{"embeddable":true,"href":"https:\/\/wp.unil.ch\/mial\/wp-json\/wp\/v2\/comments?post=1799"}],"version-history":[{"count":5,"href":"https:\/\/wp.unil.ch\/mial\/wp-json\/wp\/v2\/pages\/1799\/revisions"}],"predecessor-version":[{"id":2007,"href":"https:\/\/wp.unil.ch\/mial\/wp-json\/wp\/v2\/pages\/1799\/revisions\/2007"}],"up":[{"embeddable":true,"href":"https:\/\/wp.unil.ch\/mial\/wp-json\/wp\/v2\/pages\/153"}],"wp:attachment":[{"href":"https:\/\/wp.unil.ch\/mial\/wp-json\/wp\/v2\/media?parent=1799"}],"curies":[{"name":"wp","href":"https:\/\/api.w.org\/{rel}","templated":true}]}}