{"id":762,"date":"2017-10-05T16:37:58","date_gmt":"2017-10-05T14:37:58","guid":{"rendered":"http:\/\/wp.unil.ch\/metis\/?page_id=762"},"modified":"2022-01-27T14:32:21","modified_gmt":"2022-01-27T13:32:21","slug":"en-vedette","status":"publish","type":"page","link":"https:\/\/wp.unil.ch\/metis\/en-vedette\/","title":{"rendered":"Metis Doctoral School 2021"},"content":{"rendered":"<h4 style=\"text-align: center\"><strong>Spectacle et spectaculaire \u00e0 l&#8217;\u00e8re contemporaine<\/strong><\/h4>\n<h4 style=\"text-align: center\"><strong>Spectacle and the spectacular in the contemporary era<\/strong><\/h4>\n<h5 style=\"text-align: center\"><strong>Universit\u00e9 de Lausanne | University of Lausanne, Switzerland<\/strong><\/h5>\n<h5 style=\"text-align: center\"><strong>8-12 November 2021<\/strong><\/h5>\n<p style=\"text-align: center\"><div id=\"metaslider-id-4308\" style=\"max-width: 800px;\" class=\"ml-slider-3-107-0 metaslider metaslider-responsive metaslider-4308 ml-slider ms-theme-default\" role=\"region\" aria-label=\"Metis Doctoral School 2021\" data-height=\"600\" data-width=\"800\">\n    <div id=\"metaslider_container_4308\">\n        <ul id='metaslider_4308' class='rslides'>\n            <li aria-roledescription='slide' aria-labelledby='slide-0'><img loading=\"lazy\" decoding=\"async\" src=\"https:\/\/wp.unil.ch\/metis\/files\/2021\/12\/IMG-20211112-WA0001-800x600.jpg\" height=\"600\" width=\"800\" alt=\"\" class=\"slider-4308 slide-4310 msDefaultImage\" \/><\/li>\n        <\/ul>\n        \n    <\/div>\n<\/div><\/p>\n\n\n<p><strong><a href=\"https:\/\/wp.unil.ch\/metis\/files\/2021\/11\/Ecole-dautomne-METIS-2021_Programme.pdf\" target=\"_blank\" rel=\"noreferrer noopener\">Programme [PDF]<\/a><\/strong><\/p>\n\n\n\n<p><a href=\"https:\/\/wp.unil.ch\/metis\/files\/2021\/06\/CFP_METIS-Doctoral-School-2021.FR_ENG.pdf\" target=\"_blank\" rel=\"noreferrer noopener\"><strong>Appel \u00e0 communications | Call for papers [PDF]<\/strong><\/a><\/p>\n\n\n<p><a href=\"https:\/\/rec.unil.ch\/permalink\/v1261c9965603a753dln\/iframe\/\" target=\"_blank\" rel=\"noopener\"><strong>Conf\u00e9rence (audio) de Jean-Claude Yon (Ecole Pratique des Hautes Etudes, Paris): &#8220;Spectacles et presse en France au XIXe si\u00e8cle: les liaisons dangereuses&#8221;<\/strong><\/a><\/p>\n<h4 style=\"text-align: left\"><strong>P<\/strong><strong>articipants&#8217; reviews<\/strong><\/h4>\n<p><strong><a href=\"https:\/\/wp.unil.ch\/metis\/files\/2021\/12\/COURAT-review-Metis-2021.pdf\" target=\"_blank\" rel=\"noopener\">Romy COURAT (Universit\u00e9 Paris-Saclay\/UVSQ)<\/a><\/strong><\/p>\n<p><strong><a href=\"https:\/\/wp.unil.ch\/metis\/files\/2021\/12\/Synthese_METIS_F.Crehalet.pdf\" target=\"_blank\" rel=\"noopener\">Fr\u00e9d\u00e9ric CREHALET (Universit\u00e9 Paris-Saclay\/UVSQ)<\/a><\/strong><\/p>\n<p><strong><a href=\"https:\/\/wp.unil.ch\/metis\/files\/2021\/12\/synthese-METIS-Grelli.pdf\" target=\"_blank\" rel=\"noopener\">Alessandro GRELLI (Universit\u00e0 di Padova, Universit\u00e0 Ca&#8217; Foscari di Venezia)<\/a><\/strong><\/p>\n<p><strong><a href=\"https:\/\/wp.unil.ch\/metis\/files\/2021\/12\/L.Ehrbar_ReviewMETIS2021.pdf\" target=\"_blank\" rel=\"noopener\">Lorena EHRBAR (Universit\u00e9 de Lausanne)<\/a><\/strong><\/p>\n<p><strong><a href=\"https:\/\/wp.unil.ch\/metis\/files\/2021\/12\/E.Heuser_synthese.pdf\" target=\"_blank\" rel=\"noopener\">Elisa HEUSER (University of T\u00fcbingen)<\/a><\/strong><\/p>\n<p><strong><a href=\"https:\/\/wp.unil.ch\/metis\/files\/2021\/12\/Claudio-Monopoli-METIS-Synthese.pdf\" target=\"_blank\" rel=\"noopener\">Claudio MONOPOLI (Universit\u00e0 di Padova, Universit\u00e0 Ca&#8217; Foscari di Venezia, Universit\u00e0 di Verona)<\/a><\/strong><\/p>\n<p><strong><a href=\"https:\/\/wp.unil.ch\/metis\/files\/2022\/01\/Quin_Spectacle-et-spectaculaire_PubliNet.pdf\" target=\"_blank\" rel=\"noopener\">Marie-Charlotte QUIN (Universit\u00e9 de Lausanne\/Universit\u00e9 de Strasbourg)<\/a><\/strong><\/p>","protected":false},"excerpt":{"rendered":"<p>Spectacle et spectaculaire \u00e0 l&#8217;\u00e8re contemporaine Spectacle and the spectacular in the contemporary era Universit\u00e9 de Lausanne | University of Lausanne, Switzerland 8-12 November 2021 Programme [PDF] Appel \u00e0 communications &hellip; <\/p>\n","protected":false},"author":1001537,"featured_media":0,"parent":0,"menu_order":0,"comment_status":"closed","ping_status":"closed","template":"","meta":{"_seopress_robots_primary_cat":"","_seopress_titles_title":"","_seopress_titles_desc":"","_seopress_robots_index":"","footnotes":""},"class_list":["post-762","page","type-page","status-publish"],"_links":{"self":[{"href":"https:\/\/wp.unil.ch\/metis\/wp-json\/wp\/v2\/pages\/762","targetHints":{"allow":["GET"]}}],"collection":[{"href":"https:\/\/wp.unil.ch\/metis\/wp-json\/wp\/v2\/pages"}],"about":[{"href":"https:\/\/wp.unil.ch\/metis\/wp-json\/wp\/v2\/types\/page"}],"author":[{"embeddable":true,"href":"https:\/\/wp.unil.ch\/metis\/wp-json\/wp\/v2\/users\/1001537"}],"replies":[{"embeddable":true,"href":"https:\/\/wp.unil.ch\/metis\/wp-json\/wp\/v2\/comments?post=762"}],"version-history":[{"count":0,"href":"https:\/\/wp.unil.ch\/metis\/wp-json\/wp\/v2\/pages\/762\/revisions"}],"wp:attachment":[{"href":"https:\/\/wp.unil.ch\/metis\/wp-json\/wp\/v2\/media?parent=762"}],"curies":[{"name":"wp","href":"https:\/\/api.w.org\/{rel}","templated":true}]}}