{"id":439,"date":"2017-06-19T14:02:49","date_gmt":"2017-06-19T12:02:49","guid":{"rendered":"http:\/\/wp.unil.ch\/metis\/?page_id=439"},"modified":"2022-01-14T23:52:50","modified_gmt":"2022-01-14T22:52:50","slug":"lien","status":"publish","type":"page","link":"https:\/\/wp.unil.ch\/metis\/lien\/","title":{"rendered":"Resources"},"content":{"rendered":"<h3>Projects<\/h3>\n<ul>\n<li><a href=\"https:\/\/archiverlepresent.org\/\" target=\"_blank\" rel=\"noopener noreferrer\">Archiver le pr\u00e9sent: Imaginaire de l&#8217;exhaustivit\u00e9 dans les productions culturelles contemporaines<\/a><\/li>\n<li><a href=\"https:\/\/def19.hypotheses.org\/\" target=\"_blank\" rel=\"noopener noreferrer\">Dictionnaire des \u00e9diteurs fran\u00e7ais du XIXe si\u00e8cle<\/a><\/li>\n<li><a href=\"https:\/\/griahal.hypotheses.org\/\" target=\"_blank\" rel=\"noopener noreferrer\">Groupe de Recherche Interdisciplinaire sur les Antilles Hispaniques et l&#8217;Am\u00e9rique Latine<\/a><\/li>\n<li><a href=\"https:\/\/wp.unil.ch\/microfilm\/\" target=\"_blank\" rel=\"noopener noreferrer\">Histoire du microfilm, 1920-1980<\/a><\/li>\n<li><a href=\"https:\/\/impresso-project.ch\/\" target=\"_blank\" rel=\"noopener noreferrer\">Impresso &#8211; Media monitoring of the past. Mining 200 years of historical newspapers<\/a><\/li>\n<li><a href=\"https:\/\/www.numapresse.org\/\" target=\"_blank\" rel=\"noopener noreferrer\">Numapresse &#8211; Du papier \u00e0 l&#8217;\u00e9cran: mutations culturelles, transferts g\u00e9n\u00e9riques, po\u00e9tiques m\u00e9diatiques de la presse<\/a><\/li>\n<li><a href=\"https:\/\/parolesdhistoire.fr\/\" target=\"_blank\" rel=\"home noopener noreferrer\">Paroles d&#8217;histoire: Un podcast consacr\u00e9 \u00e0 l&#8217;actualit\u00e9 des livres, de la recherche et des d\u00e9bats en histoire<\/a><\/li>\n<li><a href=\"https:\/\/wp.unil.ch\/tvelargie\/\" target=\"_blank\" rel=\"noopener noreferrer\">Projet &#8220;Au-del\u00e0 du service public &#8211; Pour une histoire \u00e9largie de la t\u00e9l\u00e9vision en Suisse, 1960-2000&#8221;<\/a><\/li>\n<li><a href=\"https:\/\/publictionnaire.huma-num.fr\/\" target=\"_blank\" rel=\"noopener\">Publictionnaire &#8211; Dictionnaire encyclop\u00e9dique et critique des publics<\/a><\/li>\n<li><a href=\"https:\/\/wp.unil.ch\/microfilm\/\" target=\"_blank\" rel=\"noopener noreferrer\">Toute la culture du monde sur pellicule: essor et imaginaire du microfilm des ann\u00e9es 1920 aux ann\u00e9es 1950<\/a><\/li>\n<li><a href=\"https:\/\/tracs.hypotheses.org\/\" target=\"_blank\" rel=\"noopener noreferrer\">Transatlantic Cultures &#8211; A Digital Platform for Transatlantic Cultural History. 1700 to now<\/a><\/li>\n<li><a href=\"https:\/\/www.unige.ch\/visualcontagions\/\" target=\"_blank\" rel=\"noopener\">Visuel Contagions. Arts, Images and Cultural Globalisation<\/a><\/li>\n<\/ul>\n<h3>Resources and Networks<\/h3>\n<ul>\n<li><a href=\"https:\/\/hal.archives-ouvertes.fr\/CHCSC\" target=\"_blank\" rel=\"noopener noreferrer\">Archives en lignes du Centre CHCSC<\/a><\/li>\n<li><a href=\"https:\/\/arip.hypotheses.org\/?fbclid=IwAR16a_RDcLRy1XL99J7U8UNahcAHqwd4Kh_khB8rXcAtjlHT_HELkpnfAyE\" target=\"_blank\" rel=\"noopener noreferrer\">ARIP (Association de recherche sur l&#8217;image photographique)<\/a><\/li>\n<li><a href=\"https:\/\/arthist.net\/\" target=\"_blank\" rel=\"noopener noreferrer\">ART HIST &#8211; Network for Art History<\/a><\/li>\n<li><a href=\"https:\/\/printscholars.org\/\" target=\"_blank\" rel=\"noopener\">Association of Print Scholars<\/a><\/li>\n<li><a href=\"https:\/\/www.adhc.asso.fr\/\" target=\"_blank\" rel=\"noopener noreferrer\">Association pour le D\u00e9veloppement de l&#8217;Histoire Culturelle<\/a><\/li>\n<li><a href=\"https:\/\/lpcm.hypotheses.org\/\" target=\"_blank\" rel=\"noopener noreferrer\">Association internationale des chercheurs en \u00ab Litt\u00e9ratures populaires et culture m\u00e9diatique \u00bb \/ International Research Association in Popular Literature and Media Culture<\/a><\/li>\n<li><a href=\"https:\/\/www.blackwellreference.com\/public\/subject?discipline=cultural-studies&amp;id=cultural-studies\" target=\"_blank\" rel=\"noopener noreferrer\">Blackwell Reference Online<\/a><\/li>\n<li><a href=\"https:\/\/culturahistorica.org\/\" target=\"_blank\" rel=\"noopener noreferrer\">Cultura Historica<\/a><\/li>\n<li><a href=\"https:\/\/b2d.chcsc.uvsq.fr\/pmb\/opac_css\/\" target=\"_blank\" rel=\"noopener noreferrer\">Culturhisto &#8211; la base de donn\u00e9es en histoire culturelle<\/a><\/li>\n<li><a href=\"https:\/\/www.espr-it.eu\/\" target=\"_blank\" rel=\"noopener noreferrer\">ESPRit &#8211; European Society for Periodical Research<\/a><\/li>\n<li><a href=\"https:\/\/iamhist.net\/\" target=\"_blank\" rel=\"noopener noreferrer\">The International Association for Media and History<\/a><\/li>\n<li><a href=\"https:\/\/medianostalgia.org\" target=\"_blank\" rel=\"noopener noreferrer\">International Media and Nostalgia Network (IMNN)<\/a><\/li>\n<li><a href=\"https:\/\/www.culthist.net\/\" target=\"_blank\" rel=\"noopener noreferrer\">International Society for Cultural History<\/a><\/li>\n<li><a href=\"https:\/\/wp.unil.ch\/labelettres\/\" target=\"_blank\" rel=\"noopener noreferrer\">Labelettres, les publications des chercheuses et chercheurs de la Facult\u00e9 des Lettres de l&#8217;UNIL<\/a><\/li>\n<li><a href=\"https:\/\/www.medias19.org\/\" target=\"_blank\" rel=\"noopener noreferrer\">M\u00e9dias 19<\/a><\/li>\n<li><a href=\"https:\/\/www.mediaarthistory.org\/\" target=\"_blank\" rel=\"noopener noreferrer\">Media Art History<\/a><\/li>\n<li><a href=\"https:\/\/www.normmanetwork.com\/\" target=\"_blank\" rel=\"noopener\">Network of Research: Movies, Magazines and Audiences<\/a><\/li>\n<li><a href=\"https:\/\/www.retronews.fr\/\" target=\"_blank\" rel=\"noopener noreferrer\">RETRONEWS, le site de presse de la BNF<\/a><\/li>\n<li><a href=\"https:\/\/oralhistory.ch\/web\/\" target=\"_blank\" rel=\"noopener noreferrer\">R\u00e9seau suisse d&#8217;histoire orale<\/a><\/li>\n<li><a href=\"https:\/\/www.sissco.it\/\" target=\"_blank\" rel=\"noopener noreferrer\">SISSCO &#8211; Societ\u00e0 italiana per lo studio della storia contemporanea<\/a><\/li>\n<li><a href=\"https:\/\/www.histoiredesmedias.com\/\" target=\"_blank\" rel=\"noopener noreferrer\">Soci\u00e9t\u00e9 pour l&#8217;Histoire des M\u00e9dias<\/a><\/li>\n<li><a href=\"https:\/\/www.thalim.cnrs.fr\" target=\"_blank\" rel=\"noopener noreferrer\">THALIM &#8211; UMR Th\u00e9orie et histoire des arts et des litt\u00e9ratures de la modernit\u00e9 XIXe-XXIe si\u00e8cles<\/a><\/li>\n<li><a href=\"https:\/\/transfopresschcsc.wixsite.com\/transfopress\" target=\"_blank\" rel=\"noopener noreferrer\">TRANSFOPRESS &#8211; Transnational network for the study of foreign language press<\/a><\/li>\n<\/ul>\n","protected":false},"excerpt":{"rendered":"<p>Projects Archiver le pr\u00e9sent: Imaginaire de l&#8217;exhaustivit\u00e9 dans les productions culturelles contemporaines Dictionnaire des \u00e9diteurs fran\u00e7ais du XIXe si\u00e8cle Groupe de Recherche Interdisciplinaire sur les Antilles Hispaniques et l&#8217;Am\u00e9rique Latine &hellip; <\/p>\n","protected":false},"author":1001537,"featured_media":0,"parent":0,"menu_order":0,"comment_status":"closed","ping_status":"closed","template":"","meta":{"_seopress_robots_primary_cat":"","_seopress_titles_title":"","_seopress_titles_desc":"","_seopress_robots_index":"","footnotes":""},"class_list":["post-439","page","type-page","status-publish"],"_links":{"self":[{"href":"https:\/\/wp.unil.ch\/metis\/wp-json\/wp\/v2\/pages\/439","targetHints":{"allow":["GET"]}}],"collection":[{"href":"https:\/\/wp.unil.ch\/metis\/wp-json\/wp\/v2\/pages"}],"about":[{"href":"https:\/\/wp.unil.ch\/metis\/wp-json\/wp\/v2\/types\/page"}],"author":[{"embeddable":true,"href":"https:\/\/wp.unil.ch\/metis\/wp-json\/wp\/v2\/users\/1001537"}],"replies":[{"embeddable":true,"href":"https:\/\/wp.unil.ch\/metis\/wp-json\/wp\/v2\/comments?post=439"}],"version-history":[{"count":0,"href":"https:\/\/wp.unil.ch\/metis\/wp-json\/wp\/v2\/pages\/439\/revisions"}],"wp:attachment":[{"href":"https:\/\/wp.unil.ch\/metis\/wp-json\/wp\/v2\/media?parent=439"}],"curies":[{"name":"wp","href":"https:\/\/api.w.org\/{rel}","templated":true}]}}