{"id":3579,"date":"2021-02-03T21:45:36","date_gmt":"2021-02-03T20:45:36","guid":{"rendered":"https:\/\/wp.unil.ch\/metis\/?page_id=3579"},"modified":"2021-10-12T19:51:12","modified_gmt":"2021-10-12T17:51:12","slug":"metis-summer-school-sept2018","status":"publish","type":"page","link":"https:\/\/wp.unil.ch\/metis\/summerschools\/metis-summer-school-sept2018\/","title":{"rendered":"Metis Summer School 2018"},"content":{"rendered":"\n<h3 class=\"has-text-align-center wp-block-heading\">\u201cMass Culture: new approaches, new issues (19th-20th centuries)\u201d<\/h3>\n\n\n<h4 style=\"text-align: center\">3-7 September 2018<\/h4>\n<h4 style=\"text-align: center\">Universities of Versailles and Saint-Quentin-en-Yvelines<\/h4>\n\n\n<p>The Centro interuniversitario di storia culturale (University of Padua), the Centre des sciences historiques de la culture (University of Lausanne) and the CHCSC, united within the Metis network, are at the origin of the summer school which was organised from 3 to 7 September 2018 in Versailles\/Saint-Quentin-en-Yvelines. After the 2016 edition of the summer school devoted to the links between the media and politics from the French Revolution to the present day, the theme proposed this year was &#8220;Mass culture: new approaches, new challenges (19th-21st century)&#8221;. The aim was to examine, in a comparative and transnational approach, the sources, archives and innovative approaches that enabled to question the notion of mass culture as an object of history.<\/p>\n\n\n<div id=\"metaslider-id-605\" style=\"max-width: 800px;\" class=\"ml-slider-3-107-0 metaslider metaslider-responsive metaslider-605 ml-slider ms-theme-default\" role=\"region\" aria-label=\"summer school versailles\" data-height=\"600\" data-width=\"800\">\n    <div id=\"metaslider_container_605\">\n        <ul id='metaslider_605' class='rslides'>\n            <li aria-roledescription='slide' aria-labelledby='slide-0'><img loading=\"lazy\" decoding=\"async\" src=\"https:\/\/wp.unil.ch\/metis\/files\/2018\/09\/Flyer-METIS-SS-eng-800x600.jpeg\" height=\"600\" width=\"800\" alt=\"\" class=\"slider-605 slide-1522 msDefaultImage\" title=\"Flyer METIS SS eng\" \/><\/li>\n            <li style='display: none;' aria-roledescription='slide' aria-labelledby='slide-1'><img loading=\"lazy\" decoding=\"async\" src=\"https:\/\/wp.unil.ch\/metis\/files\/2018\/10\/img-1.jpg\" height=\"600\" width=\"800\" alt=\"\" class=\"slider-605 slide-1481 msDefaultImage\" \/><\/li>\n            <li style='display: none;' aria-roledescription='slide' aria-labelledby='slide-2'><img loading=\"lazy\" decoding=\"async\" src=\"https:\/\/wp.unil.ch\/metis\/files\/2018\/10\/img.2.jpg\" height=\"600\" width=\"800\" alt=\"\" class=\"slider-605 slide-1484 msDefaultImage\" \/><\/li>\n            <li style='display: none;' aria-roledescription='slide' aria-labelledby='slide-3'><img loading=\"lazy\" decoding=\"async\" src=\"https:\/\/wp.unil.ch\/metis\/files\/2018\/11\/Versailles.jpg\" height=\"600\" width=\"800\" alt=\"\" class=\"slider-605 slide-1816 msDefaultImage\" \/><\/li>\n            <li style='display: none;' aria-roledescription='slide' aria-labelledby='slide-4'><img loading=\"lazy\" decoding=\"async\" src=\"https:\/\/wp.unil.ch\/metis\/files\/2018\/11\/FV-JYV.jpg\" height=\"600\" width=\"800\" alt=\"\" class=\"slider-605 slide-1824 msDefaultImage\" \/><\/li>\n            <li style='display: none;' aria-roledescription='slide' aria-labelledby='slide-5'><img loading=\"lazy\" decoding=\"async\" src=\"https:\/\/wp.unil.ch\/metis\/files\/2018\/11\/Musicologie.jpg\" height=\"600\" width=\"800\" alt=\"\" class=\"slider-605 slide-1826 msDefaultImage\" \/><\/li>\n            <li style='display: none;' aria-roledescription='slide' aria-labelledby='slide-6'><img loading=\"lazy\" decoding=\"async\" src=\"https:\/\/wp.unil.ch\/metis\/files\/2018\/11\/Ariadna.jpg\" height=\"600\" width=\"800\" alt=\"\" class=\"slider-605 slide-1823 msDefaultImage\" \/><\/li>\n            <li style='display: none;' aria-roledescription='slide' aria-labelledby='slide-7'><img loading=\"lazy\" decoding=\"async\" src=\"https:\/\/wp.unil.ch\/metis\/files\/2018\/11\/Roxane.jpg\" height=\"600\" width=\"800\" alt=\"\" class=\"slider-605 slide-1828 msDefaultImage\" \/><\/li>\n            <li style='display: none;' aria-roledescription='slide' aria-labelledby='slide-8'><img loading=\"lazy\" decoding=\"async\" src=\"https:\/\/wp.unil.ch\/metis\/files\/2018\/11\/Restau-Versailles.jpg\" height=\"600\" width=\"800\" alt=\"\" class=\"slider-605 slide-1827 msDefaultImage\" \/><\/li>\n            <li style='display: none;' aria-roledescription='slide' aria-labelledby='slide-9'><img loading=\"lazy\" decoding=\"async\" src=\"https:\/\/wp.unil.ch\/metis\/files\/2018\/11\/HUmour-et-culture-de-masse.jpg\" height=\"600\" width=\"800\" alt=\"\" class=\"slider-605 slide-1812 msDefaultImage\" \/><\/li>\n            <li style='display: none;' aria-roledescription='slide' aria-labelledby='slide-10'><img loading=\"lazy\" decoding=\"async\" src=\"https:\/\/wp.unil.ch\/metis\/files\/2018\/11\/discussion-cine\u0301ma.jpg\" height=\"600\" width=\"800\" alt=\"\" class=\"slider-605 slide-1814 msDefaultImage\" \/><\/li>\n            <li style='display: none;' aria-roledescription='slide' aria-labelledby='slide-11'><img loading=\"lazy\" decoding=\"async\" src=\"https:\/\/wp.unil.ch\/metis\/files\/2018\/11\/Jeta.jpg\" height=\"600\" width=\"800\" alt=\"\" class=\"slider-605 slide-1825 msDefaultImage\" \/><\/li>\n        <\/ul>\n        \n    <\/div>\n<\/div>\n\n\n\n<p><\/p>\n\n\n\n<h3 class=\"wp-block-heading\">Participants&#8217; reviews<\/h3>\n\n\n\n<p><a href=\"https:\/\/wp.unil.ch\/metis\/files\/2019\/04\/ABAZI_Metis.pdf\" target=\"_blank\" rel=\"noreferrer noopener\">Jeta ABAZI (Universit\u00e4t Leipzig)<\/a><\/p>\n\n\n\n<p><a href=\"https:\/\/wp.unil.ch\/metis\/files\/2019\/04\/ENDRIGHETTI_Metis.pdf\" target=\"_blank\" rel=\"noreferrer noopener\">Francesca ENDRIGHETTI (Universit\u00e0 di Padova)<\/a><\/p>\n\n\n\n<p><a href=\"https:\/\/wp.unil.ch\/metis\/files\/2019\/04\/FROMENTEZE_Metis.pdf\" target=\"_blank\" rel=\"noreferrer noopener\">Emilie FROMENTEZE (Universit\u00e9 de Versailles Saint-Quentin-en-Yvelines)<\/a><\/p>\n\n\n\n<p><a href=\"https:\/\/wp.unil.ch\/metis\/files\/2019\/04\/GOUPIL_Metis.pdf\" target=\"_blank\" rel=\"noreferrer noopener\">Marie GOUPIL (Universit\u00e9 Paris 1)<\/a><\/p>\n\n\n\n<p><a href=\"https:\/\/wp.unil.ch\/metis\/files\/2019\/04\/GRAY_Metis.pdf\" target=\"_blank\" rel=\"noreferrer noopener\">Roxane GRAY (Universit\u00e9 de Lausanne \/ UVSQ)<\/a><\/p>\n\n\n\n<p><a href=\"https:\/\/wp.unil.ch\/metis\/files\/2019\/04\/MENDOZA_Metis.pdf\" target=\"_blank\" rel=\"noreferrer noopener\">Irene MENDOZA MARTIN (Universidad Complutense de Madrid)<\/a><\/p>\n\n\n\n<p><a href=\"https:\/\/wp.unil.ch\/metis\/files\/2019\/04\/PACCAUD_Metis.pdf\" target=\"_blank\" rel=\"noreferrer noopener\">Emmanuelle PACCAUD (Universit\u00e9 de Lausanne)<\/a><\/p>\n\n\n\n<p><a href=\"https:\/\/wp.unil.ch\/metis\/files\/2019\/04\/PAJERO_Metis.pdf\" target=\"_blank\" rel=\"noreferrer noopener\">Michele PAJERO (Universit\u00e0 di Pisa)<\/a><\/p>\n\n\n\n<p><a href=\"https:\/\/wp.unil.ch\/metis\/files\/2019\/04\/PUCHENKINA_Metis.pdf\" target=\"_blank\" rel=\"noreferrer noopener\">Nataliya PUCHENKINA (Universit\u00e9 Fran\u00e7ois-Rabelais de Tours)<\/a><\/p>\n\n\n\n<p><a href=\"https:\/\/wp.unil.ch\/metis\/files\/2019\/04\/RICHERT_Metis.pdf\" target=\"_blank\" rel=\"noreferrer noopener\">T\u00e9rence RICHERT (Universit\u00e9 Bordeaux-Montaigne)<\/a><\/p>\n\n\n\n<p><\/p>\n\n\n\n<h3 class=\"wp-block-heading\"><strong>Programme&nbsp;<\/strong><\/h3>\n\n\n\n<p><strong>Lundi&nbsp;3&nbsp;septembre&nbsp;apr\u00e8s-midi<\/strong>&nbsp;<strong>(UVSQ,&nbsp;47&nbsp;bd&nbsp;Vauban&nbsp;78047&nbsp;Guyancourt,&nbsp;salle&nbsp;524)<\/strong><\/p>\n\n\n\n<p>14h-14h30 <strong>Accueil<\/strong><\/p>\n\n\n\n<p>14h30<strong>&nbsp;Introduction<\/strong>&nbsp;(J.-C.&nbsp;Yon,&nbsp;C.&nbsp;Moine)<\/p>\n\n\n\n<p>15h00-18h00 <strong>Enjeux&nbsp;de&nbsp;l\u2019industrie&nbsp;musicale<\/strong><\/p>\n\n\n\n<p>15h00-15h45&nbsp;:&nbsp;Ferdinando&nbsp;FASCE&nbsp;(Universit\u00e0&nbsp;di&nbsp;Genova),<em>&nbsp;The&nbsp;Beatles&nbsp;and&nbsp;the&nbsp;Long&nbsp;\u201968.&nbsp;Music,<br>popular&nbsp;culture,&nbsp;and&nbsp;social&nbsp;change<\/em><\/p>\n\n\n\n<p>15h45-16h15&nbsp;:&nbsp;discussion<\/p>\n\n\n\n<p>16h15-16h30&nbsp;:&nbsp;pause<\/p>\n\n\n\n<p>16h30-17h30&nbsp;:&nbsp;Philippe&nbsp;GUMPLOWICZ&nbsp;(UEVE\/Paris&nbsp;Saclay)&nbsp;en&nbsp;dialogue&nbsp;avec&nbsp;Bruno<br>GUERMONPREZ&nbsp;(Responsable&nbsp;radio&nbsp;Universal&nbsp;Production&nbsp;Music,&nbsp;Universal&nbsp;Music&nbsp;France)<\/p>\n\n\n\n<p>17h30-18h00&nbsp;:&nbsp;discussion<\/p>\n\n\n\n<p><strong>Mardi&nbsp;4&nbsp;septembre<\/strong>&nbsp;<strong>(UVSQ,&nbsp;47&nbsp;bd&nbsp;Vauban&nbsp;78047&nbsp;Guyancourt,&nbsp;salle&nbsp;524)<\/strong><\/p>\n\n\n\n<p>9h30-10h00 <strong>Accueil<\/strong><\/p>\n\n\n\n<p>10h-12h30 <strong>Edition&nbsp;et&nbsp;culture&nbsp;de&nbsp;masse<\/strong><\/p>\n\n\n\n<p>10h15-11h&nbsp;:&nbsp;Jean-Yves&nbsp;MOLLIER&nbsp;(UVSQ),&nbsp;<em>Les&nbsp;pr\u00e9mices&nbsp;de&nbsp;la&nbsp;culture&nbsp;de&nbsp;masse&nbsp;en&nbsp;France&nbsp;\u00e0&nbsp;la<br>Belle&nbsp;Epoque<\/em><\/p>\n\n\n\n<p>11h-11h15&nbsp;:&nbsp;discussion<\/p>\n\n\n\n<p>11h15-12h00&nbsp;:&nbsp;Nathalie&nbsp;DIETSCHY&nbsp;(UNIL),&nbsp;<em>Images&nbsp;de&nbsp;masse&nbsp;et&nbsp;livres&nbsp;d\u2019artistes&nbsp;:&nbsp;approches<br>\u201cpost-photographiques\u201d&nbsp;et&nbsp;images&nbsp;digitales<\/em><\/p>\n\n\n\n<p>12h-12h30&nbsp;:&nbsp;discussion<\/p>\n\n\n\n<p>-12h30-13h30&nbsp;<strong>D\u00e9jeuner<\/strong><\/p>\n\n\n\n<p>13h30-16h00 <strong>Atelier&nbsp;1<\/strong><\/p>\n\n\n\n<p>Emmanuelle&nbsp;PACCAUD&nbsp;(UNIL),&nbsp;<em>La&nbsp;presse&nbsp;magazine&nbsp;selon&nbsp;Cond\u00e9&nbsp;M.&nbsp;Nast&nbsp;:&nbsp;influences&nbsp;et<br>confluences&nbsp;autour&nbsp;de&nbsp;Vogue&nbsp;et&nbsp;Vanity&nbsp;Fair&nbsp;(1910-1920)<\/em><\/p>\n\n\n\n<p>Ariadna&nbsp;LORENZO&nbsp;SUNYER&nbsp;(UNIL\/Uni&nbsp;Gijona),<em>The&nbsp;illustrated&nbsp;lecture&nbsp;in&nbsp;the&nbsp;Eameses\u2019<br>projects&nbsp;:&nbsp;Rethinking&nbsp;lecturing&nbsp;in&nbsp;the&nbsp;mass&nbsp;media&nbsp;culture<\/em><\/p>\n\n\n\n<p>Emilie&nbsp;FROMENTEZE&nbsp;(UVSQ),&nbsp;<em>France-Soir,&nbsp;un&nbsp;quotidien&nbsp;populaire&nbsp;qui&nbsp;parle&nbsp;\u00e0&nbsp;tous&nbsp;!<\/em><\/p>\n\n\n\n<p>17h00-18h00 <strong>Visite&nbsp;de&nbsp;St-Quentin-en-Yvelines<\/strong>&nbsp;par&nbsp;Jean-Dominique&nbsp;Gladieu&nbsp;(Mus\u00e9e&nbsp;de&nbsp;la&nbsp;Ville)<\/p>\n\n\n\n<p><strong>Mercredi&nbsp;5&nbsp;septembre&nbsp;(Universit\u00e9&nbsp;Inter-\u00c2ges,&nbsp;6&nbsp;Impasse&nbsp;des&nbsp;Gendarmes&nbsp;78000&nbsp;Versailles)<\/strong><\/p>\n\n\n\n<p>10h00-12h30 : <strong>Visite&nbsp;du&nbsp;Ch\u00e2teau&nbsp;de&nbsp;Versailles<\/strong>&nbsp;par&nbsp;Mathieu&nbsp;da&nbsp;Vinha<br>(&nbsp;Centre&nbsp;de&nbsp;recherche&nbsp;du&nbsp;ch\u00e2teau&nbsp;de&nbsp;Versailles)<\/p>\n\n\n\n<p>12h30-13h30 <strong>D\u00e9jeuner<\/strong><\/p>\n\n\n\n<p>14h-17h30 <strong>Atelier&nbsp;2<\/strong><\/p>\n\n\n\n<p>Marie&nbsp;GOUPIL&nbsp;LUCAS&nbsp;FONTAINE&nbsp;(Univ.&nbsp;Paris1),&nbsp;<em>Une&nbsp;gen\u00e8se&nbsp;de&nbsp;la&nbsp;chanson&nbsp;fran\u00e7aise&nbsp;du&nbsp;XXe&nbsp;si\u00e8cle<br>:&nbsp;enjeux&nbsp;et&nbsp;m\u00e9thodes&nbsp;d\u2019une&nbsp;histoire&nbsp;de&nbsp;la&nbsp;chanson&nbsp;\u00ab&nbsp;r\u00e9aliste&nbsp;\u00bb<\/em><\/p>\n\n\n\n<p>Terence&nbsp;RICHERT&nbsp;(Univ.&nbsp;Bordeaux),<em>&nbsp;La&nbsp;stand-up&nbsp;comedy&nbsp;aux&nbsp;Etats-Unis,&nbsp;entre&nbsp;spectacle<br>vivant&nbsp;intimiste&nbsp;et&nbsp;divertissement&nbsp;de&nbsp;masse&nbsp;:&nbsp;diffusion,&nbsp;r\u00e9ception&nbsp;et&nbsp;disruption<\/em><\/p>\n\n\n\n<p>15h30-16h00&nbsp;:&nbsp;pause<\/p>\n\n\n\n<p>Francesca&nbsp;ENDRIGHETTI&nbsp;(Univ.&nbsp;Padua),<em>&nbsp;Ecrire&nbsp;\u00e0&nbsp;Famiglia&nbsp;Cristiana.&nbsp;Une&nbsp;paroisse&nbsp;de<br>papier&nbsp;dans&nbsp;des&nbsp;temps&nbsp;qui&nbsp;changent&nbsp;(1965-1983).<\/em><\/p>\n\n\n\n<p>Jeta&nbsp;ABAZI&nbsp;GASHI&nbsp;(Univ.&nbsp;Leipzig),&nbsp;<em>Secularity&nbsp;in&nbsp;the&nbsp;Online&nbsp;News&nbsp;(Albania&nbsp;and&nbsp;Kosovo)<\/em><\/p>\n\n\n\n<p>17h30-18h30 <strong>Conf\u00e9rence&nbsp;<\/strong><\/p>\n\n\n\n<p>Denis&nbsp;VERDIER-MAGNEAU&nbsp;(Directeur&nbsp;du&nbsp;D\u00e9veloppement&nbsp;Culturel&nbsp;du&nbsp;Ch\u00e2teau&nbsp;de<br>Versailles),<em>&nbsp;Le&nbsp;ch\u00e2teau<br>de&nbsp;Versailles&nbsp;et&nbsp;le&nbsp;tourisme&nbsp;de&nbsp;masse<\/em><\/p>\n\n\n\n<p><strong>Jeudi&nbsp;6&nbsp;septembre<\/strong>&nbsp;<strong>(Universit\u00e9&nbsp;Inter-\u00c2ges,&nbsp;6&nbsp;Impasse&nbsp;des&nbsp;Gendarmes&nbsp;78000&nbsp;Versailles)<\/strong><\/p>\n\n\n\n<p>9h30-10h00 <strong>Accueil<\/strong><\/p>\n\n\n\n<p>10h-13h00 <strong>Du&nbsp;cin\u00e9ma&nbsp;des&nbsp;premiers&nbsp;temps&nbsp;au&nbsp;7e&nbsp;art<\/strong><\/p>\n\n\n\n<p>10h15-11h00&nbsp;:&nbsp;Valentine&nbsp;Robert&nbsp;(UNIL),&nbsp;<em>L\u2019\u0153uvre&nbsp;d\u2019art&nbsp;\u00e0&nbsp;l\u2019\u00e8re&nbsp;de&nbsp;la<br>reproduction&nbsp;de&nbsp;masse<\/em><\/p>\n\n\n\n<p>11h00-11h30&nbsp;:&nbsp;discussion<\/p>\n\n\n\n<p>11h30-12h15&nbsp;:&nbsp;Stefano&nbsp;PISU&nbsp;(Univ&nbsp;de&nbsp;Cagliari\/Univ.&nbsp;de&nbsp;Roma&nbsp;Tre),&nbsp;<em>Mobiliser&nbsp;et&nbsp;\u00e9tudier&nbsp;les<br>masses:&nbsp;les&nbsp;spectateurs&nbsp;de&nbsp;cin\u00e9ma&nbsp;dans&nbsp;l\u2019URSS&nbsp;des&nbsp;ann\u00e9es&nbsp;1920&nbsp;et&nbsp;1930<\/em><\/p>\n\n\n\n<p>12h15-13h00&nbsp;:&nbsp;discussion&nbsp;g\u00e9n\u00e9rale<\/p>\n\n\n\n<p>13h00-14h00 <strong>D\u00e9jeuner<\/strong><\/p>\n\n\n\n<p>14h-17h30 <strong>Atelier&nbsp;3<\/strong><\/p>\n\n\n\n<p>Irene&nbsp;MENDOZA&nbsp;MART\u00cdN&nbsp;(Univ.&nbsp;Complutense),&nbsp;<em>How&nbsp;to&nbsp;reach&nbsp;the&nbsp;glory.&nbsp;Spanish<br>actresses&nbsp;and&nbsp;celebrity&nbsp;at&nbsp;the&nbsp;beginning&nbsp;of&nbsp;the&nbsp;20th&nbsp;century<\/em><\/p>\n\n\n\n<p>Nataliya&nbsp;PUCHENKINA&nbsp;(Univ.&nbsp;Tours),&nbsp;<em>La&nbsp;r\u00e9ception&nbsp;du&nbsp;cin\u00e9ma&nbsp;sovi\u00e9tique<br>en&nbsp;France&nbsp;(ann\u00e9es&nbsp;1920&nbsp;et&nbsp;1930)<\/em><\/p>\n\n\n\n<p>15h30-16h00&nbsp;pause<\/p>\n\n\n\n<p>Michele&nbsp;PAJERO&nbsp;(Univ.&nbsp;Pisa),&nbsp;<em>Propaganda,&nbsp;new&nbsp;media&nbsp;and&nbsp;public&nbsp;opinion&nbsp;:&nbsp;shaping&nbsp;Italian<br>emigrants\u2019&nbsp;identity&nbsp;in&nbsp;wartime&nbsp;(WWI&nbsp;and&nbsp;beyond)<\/em><\/p>\n\n\n\n<p>Roxane&nbsp;GRAY&nbsp;(UNIL),&nbsp;<em>Espaces&nbsp;d\u2019innovations&nbsp;et&nbsp;marges&nbsp;de&nbsp;cr\u00e9ativit\u00e9<br>dans&nbsp;les&nbsp;institutions&nbsp;t\u00e9l\u00e9visuelles.&nbsp;Les&nbsp;r\u00e9alisateurs&nbsp;\u00e0&nbsp;la&nbsp;T\u00e9l\u00e9vision&nbsp;Suisse<br>Romande&nbsp;dans&nbsp;les&nbsp;ann\u00e9es&nbsp;1970<\/em><\/p>\n\n\n\n<p><strong>Vendredi&nbsp;7&nbsp;septembre&nbsp;matin<\/strong>&nbsp;<strong>(Universit\u00e9&nbsp;Inter-\u00c2ges,&nbsp;6&nbsp;Impasse&nbsp;des&nbsp;Gendarmes&nbsp;78000&nbsp;Versailles)<\/strong><\/p>\n\n\n\n<p>9h30-10h00 <strong>Accueil<\/strong><\/p>\n\n\n\n<p>10h-12h30 <strong>Le&nbsp;syst\u00e8me&nbsp;m\u00e9diatique&nbsp;mondialis\u00e9&nbsp;de&nbsp;l\u2019information<\/strong><\/p>\n\n\n\n<p>Projection&nbsp;de&nbsp;1936.&nbsp;<em>L\u2019Affaire&nbsp;Lindbergh<\/em>&nbsp;(Arte\/INA,&nbsp;26&nbsp;min.,&nbsp;2011)<\/p>\n\n\n\n<p>Discussion&nbsp;avec&nbsp;Paul&nbsp;Aron&nbsp;(ULB)&nbsp;et&nbsp;Claude&nbsp;Mussou&nbsp;(INAth\u00e8que)<\/p>\n\n\n\n<p>12h30-13h30 <strong>Conclusions&nbsp;et&nbsp;cl\u00f4ture&nbsp;de&nbsp;l\u2019\u00e9cole&nbsp;d\u2019\u00e9t\u00e9<\/strong><\/p>\n","protected":false},"excerpt":{"rendered":"<p>\u201cMass Culture: new approaches, new issues (19th-20th centuries)\u201d 3-7 September 2018 Universities of Versailles and Saint-Quentin-en-Yvelines The Centro interuniversitario di storia culturale (University of Padua), the Centre des sciences historiques &hellip; <\/p>\n","protected":false},"author":1001537,"featured_media":0,"parent":1537,"menu_order":0,"comment_status":"closed","ping_status":"closed","template":"","meta":{"_seopress_robots_primary_cat":"","_seopress_titles_title":"","_seopress_titles_desc":"","_seopress_robots_index":"","footnotes":""},"class_list":["post-3579","page","type-page","status-publish"],"_links":{"self":[{"href":"https:\/\/wp.unil.ch\/metis\/wp-json\/wp\/v2\/pages\/3579","targetHints":{"allow":["GET"]}}],"collection":[{"href":"https:\/\/wp.unil.ch\/metis\/wp-json\/wp\/v2\/pages"}],"about":[{"href":"https:\/\/wp.unil.ch\/metis\/wp-json\/wp\/v2\/types\/page"}],"author":[{"embeddable":true,"href":"https:\/\/wp.unil.ch\/metis\/wp-json\/wp\/v2\/users\/1001537"}],"replies":[{"embeddable":true,"href":"https:\/\/wp.unil.ch\/metis\/wp-json\/wp\/v2\/comments?post=3579"}],"version-history":[{"count":0,"href":"https:\/\/wp.unil.ch\/metis\/wp-json\/wp\/v2\/pages\/3579\/revisions"}],"up":[{"embeddable":true,"href":"https:\/\/wp.unil.ch\/metis\/wp-json\/wp\/v2\/pages\/1537"}],"wp:attachment":[{"href":"https:\/\/wp.unil.ch\/metis\/wp-json\/wp\/v2\/media?parent=3579"}],"curies":[{"name":"wp","href":"https:\/\/api.w.org\/{rel}","templated":true}]}}