{"id":3573,"date":"2021-02-03T21:33:54","date_gmt":"2021-02-03T20:33:54","guid":{"rendered":"https:\/\/wp.unil.ch\/metis\/?page_id=3573"},"modified":"2021-02-09T22:13:45","modified_gmt":"2021-02-09T21:13:45","slug":"metis-summer-school-2016","status":"publish","type":"page","link":"https:\/\/wp.unil.ch\/metis\/summerschools\/metis-summer-school-2016\/","title":{"rendered":"Metis Summer School 2016"},"content":{"rendered":"<h3 style=\"text-align: center\">&#8220;Communicating Politics. Media, Communication, Activism from the French Revolution to the present&#8221;<\/h3>\n<h4 style=\"text-align: center\"><strong>19th September &#8211; 24th September 2016<\/strong><\/h4>\n<h4 style=\"text-align: center\"><strong>University of Padova, Italy<\/strong><\/h4>\n<p>The Summer School aimed at creating an international and highly qualified learning environment, which allowed participants to be actively involved in workshops and seminars and to experiment innovative ways of collaborative learning under the supervision of re-known academics and experts from different Universities and Research Centres.<\/p>\n<p>The Summer School was promoted by the University of Padova \u2013 Department of Historical and Geographic Sciences and the Ancient World, Italy and is offered in cooperation with the University of Paris &#8211; Versailles St. Quentin, France. The initiative has been designed in the framework of the existing cooperation activities that partner institutions have undertaken in the field of cultural history. The course was held in Padova, Italy, and lasted one week.<\/p>\n<p style=\"text-align: center\"><div id=\"metaslider-id-1350\" style=\"max-width: 800px;\" class=\"ml-slider-3-107-0 metaslider metaslider-responsive metaslider-1350 ml-slider ms-theme-default\" role=\"region\" aria-label=\"Photos de groupe\" data-height=\"600\" data-width=\"800\">\n    <div id=\"metaslider_container_1350\">\n        <ul id='metaslider_1350' class='rslides'>\n            <li aria-roledescription='slide' aria-labelledby='slide-0'><img loading=\"lazy\" decoding=\"async\" src=\"https:\/\/wp.unil.ch\/metis\/files\/2021\/02\/SC_Padova2016_Pic2.jpg\" height=\"600\" width=\"800\" alt=\"\" class=\"slider-1350 slide-3612 msDefaultImage\" \/><\/li>\n            <li style='display: none;' aria-roledescription='slide' aria-labelledby='slide-1'><img loading=\"lazy\" decoding=\"async\" src=\"https:\/\/wp.unil.ch\/metis\/files\/2021\/02\/SC_Padova2016_Pic1.jpg\" height=\"600\" width=\"800\" alt=\"\" class=\"slider-1350 slide-3610 msDefaultImage\" title=\"SC_Padova2016_Pic1\" \/><\/li>\n        <\/ul>\n        \n    <\/div>\n<\/div><\/p>\n<p><a href=\"https:\/\/wp.unil.ch\/metis\/files\/2021\/02\/Programme_06092016.pdf\" target=\"_blank\" rel=\"noopener\">Programme [PDF]<\/a><\/p>\n<p><a href=\"https:\/\/www.dissgea.unipd.it\/communicating.politics.2016\" target=\"_blank\" rel=\"noopener\">Event website<\/a><\/p>\n<p><a href=\"https:\/\/wp.unil.ch\/metis\/files\/2021\/02\/Teaching-Staff-CV.pdf\" target=\"_blank\" rel=\"noopener\">Teaching staff<\/a><\/p>\n\n\n<h3 class=\"wp-block-heading\"><strong>Programme&nbsp;<\/strong><\/h3>\n\n\n\n<p><strong>Monday 19th September <\/strong><\/p>\n\n\n\n<p><strong>9.00-11.00 <\/strong>Participants welcome and registration | Introductory Lectures&nbsp;: Jean Claude <strong>YON<\/strong>, <em>Le th\u00e9\u00e2tre, une affaire politique en France au XIXe si\u00e8cle <\/em>| Carlotta <strong>SORBA<\/strong>, <em>Theater, theatricality and politics in XIX century Europe<\/em><\/p>\n\n\n\n<p><strong>11.00-11.30 BREAK<\/strong><\/p>\n\n\n\n<p><strong>11.30 \u2013 13.00<\/strong> Reading groups: <em>The Media System in the Long XIX Century<\/em><\/p>\n\n\n\n<p><strong>13.00 \u2013 14.30<\/strong> <strong>LUNCH<\/strong><\/p>\n\n\n\n<p><strong>14.30 \u2013 16.00<\/strong>  Case Studies and Laboratory withAlessio <strong>PETRIZZO<\/strong> and Elena <strong>BACCHIN <\/strong>| Giulio <strong>TATASCIORE<\/strong>, <em>La terra promessa dei briganti. Storia di un immaginario (1782-1876)<\/em> | Fabiana <strong>LICCIARDI<\/strong>, <em>Echi nei Theater-Kino-Variet\u00e9 di un confine in guerra: Trieste 1914-1918<\/em><\/p>\n\n\n\n<p><strong>16.00 \u2013 16.30<\/strong> <strong>BREAK<\/strong><\/p>\n\n\n\n<p><strong>16.30-18.00<\/strong> Visit to the University historic building <em>Palazzo Bo<\/em> and its <em>Anatomical Theatre<\/em><\/p>\n\n\n\n<p><strong>Tuesday 19th September<\/strong><\/p>\n\n\n\n<p><strong>9.00-11.00<\/strong> Introductory Lectures&nbsp;: Fran\u00e7ois <strong>VALLOTTON<\/strong>, <em>Edition et engagement politique&nbsp;: cartographie d\u2019un champ de recherche <\/em>| Philippe <strong>KAENEL<\/strong>, <em>Society on the move&nbsp;:&nbsp;an&nbsp;Iconology&nbsp;of&nbsp;<\/em> <em>fin-de-si\u00e8cle urban wandering&nbsp;(as seen by<\/em> <em>Jules Adler and&nbsp;Th.-A. Steinlen)<\/em><\/p>\n\n\n\n<p><strong>11.00-11.30 BREAK<\/strong><\/p>\n\n\n\n<p><strong>11.30 \u2013 13.00<\/strong> Reading groups: <em>The Media System in the Long XIX Century<\/em><\/p>\n\n\n\n<p><strong>13.00 \u2013 14.30 LUNCH<\/strong><\/p>\n\n\n\n<p><strong>14.30-16.00<\/strong> Case Studies and Laboratory with Gian Luca <strong>FRUCI<\/strong> and Sandro <strong>MORACHIOLI<\/strong> | Pol <strong>DALMAU PALET<\/strong>, <em>Press and Politics in Modern Spain. The case of the God\u00f3 family and the founding of La Vanguardia<\/em> | Giulio <strong>ARGENIO<\/strong>, <em>Mass Media in American Science Fiction Magazines: the Case of \u201cGalaxy Science Fiction\u201d<\/em><\/p>\n\n\n\n<p><strong>16.00 \u2013 16.30<\/strong> <strong>BREAK<\/strong><\/p>\n\n\n\n<p><strong>6.30-18.00<\/strong> Katarzyna <strong>MATUL<\/strong>, <em>La l\u00e9gitimation culturelle de l\u2019affiche apr\u00e8s 1945 <\/em>| Jessica Lynn <strong>HARRIS<\/strong>, <em>Exporting Mrs. Consumer: The American Woman in Italian Culture, 1945-1975<\/em><\/p>\n\n\n\n<p><strong>Wednesday 21st September<\/strong><\/p>\n\n\n\n<p><strong>9.00-13.00 <\/strong>WORKSHOP: <em>Political objects in Nineteenth-Century Europe<\/em> |<\/p>\n\n\n\n<p>Chair: Enrico <strong>FRANCIA<\/strong> | Speakers: Rolf <strong>REICHARDT<\/strong>, Gianenrico <strong>BERNASCONI<\/strong>, Roberto <strong>BALZANI<\/strong>, Maria <strong>LOUSADA<\/strong><\/p>\n\n\n\n<p><strong>13.00 \u2013 14.30<\/strong> <strong>LUNCH<\/strong><\/p>\n\n\n\n<p>14.00-18.00 Visit to the <em>Museum of &nbsp;precinema<\/em> and the <em>Botanical Garden<\/em><\/p>\n\n\n\n<p><strong>Thursday 22nd September<\/strong><\/p>\n\n\n\n<p><strong>9.00-11.00<\/strong> Introductory Lectures&nbsp;: Caroline <strong>MOINE<\/strong>, <em>Ecrire l\u2019histoire des festivals internationaux de cin\u00e9ma&nbsp;: au c\u0153ur des relations entre cin\u00e9ma et politique<\/em>| Alberto Mario <strong>BANTI<\/strong>, <em>Rock narratives and politics<\/em><\/p>\n\n\n\n<p><strong>11.00-11.30 BREAK<\/strong><\/p>\n\n\n\n<p><strong>11.30-13.00 <\/strong>Cinema, Archives and Sources Chair: Alessandro <strong>FACCIOLI<\/strong> | Speakers: Michela <strong>ZEGNA<\/strong>, <em>La Cineteca del Comune di Bologna<\/em> | Paolo <strong>SIMONI<\/strong>, <em>L\u2019Archivio Nazionale dei film di famiglia<\/em><\/p>\n\n\n\n<p><strong>13.00 \u2013 14.30<\/strong> <strong>LUNCH<\/strong><\/p>\n\n\n\n<p><strong>14.30-16.00<\/strong> Case Studies and Laboratory withAlessandro <strong>FACCIOLI<\/strong>,&nbsp; Damiano <strong>GAROFALO<\/strong> | Boris <strong>RUZIC<\/strong>, <em>The Gaze Behind the Screen: Perception of Images in Media Texts<\/em> | Dunja <strong>JELENKOVIC<\/strong>, <em>The Cultural and Political History of the Yugoslav Documentary and Short Film Festival 1954-2004. From Yugoslav Socialism to Serbian Nationalism.<\/em><\/p>\n\n\n\n<p><strong>16.00 \u2013 16.30<\/strong> <strong>BREAK<\/strong><\/p>\n\n\n\n<p><strong>16.30-18.00<\/strong> Johanna <strong>AMAR<\/strong>, <em>La m\u00e9diatisation des premiers festivals de musique pop fran\u00e7ais et italiens en 1970 : repr\u00e9senter les cultures contestataires <\/em>| Ivan <strong>PAGLIARO<\/strong>, <em>Il PCI e la popular music. Ascesa e declino del partito pedagogo, 1943-1991<\/em>.<\/p>\n\n\n\n<p><strong>Friday 23rd September<\/strong><\/p>\n\n\n\n<p><strong>9.00-11.00<\/strong> Introductory Lectures&nbsp;: Fran\u00e7ois <strong>ROBINET<\/strong><em>, Les interventions militaires fran\u00e7aises en Afrique (1994-2014) : des usages strat\u00e9giques des narrations m\u00e9diatiques<\/em> | Ferdinando <strong>FASCE<\/strong>, <em>As if he were a patent medicine. The Rise and Development of Political Consulting in Twentieth Century U.S.<\/em><\/p>\n\n\n\n<p><strong>11.00-11.30 BREAK<\/strong><\/p>\n\n\n\n<p><strong>11.30-13.00<\/strong> Radio and Television Sources. Chair: Caroline <strong>MOINE <\/strong>| Speakers: Nelly <strong>VALSANGIACOMO<\/strong>, <em>Sources radiot\u00e9l\u00e9visuelle pour l&#8217;histoire&nbsp;contemporaine: le cas des&nbsp;migrations<\/em>| Raffaela <strong>PERIN<\/strong>, <em>Sources pour une histoire de Radio Vatican dans la Seconde Guerre Mondiale<\/em><\/p>\n\n\n\n<p><strong>13.00 \u2013 14.30 LUNCH<\/strong><\/p>\n\n\n\n<p><strong>14.30-16.00<\/strong> Case Studies and Laboratory withDamiano <strong>GAROFALO<\/strong>, Federico <strong>MAZZINI<\/strong> | Alexander <strong>GOLOVLEV<\/strong>, <em>Comparative analysis of Soviet and French musical promotion in occupied Austria after World War II<\/em> | Ascanio <strong>CECCO<\/strong><em> Les expositions organis\u00e9es par l\u2019administration am\u00e9ricaine en Europe, entre 1949 et 1952.<\/em> <\/p>\n\n\n\n<p><strong>16.00 \u2013 16.30<\/strong> <strong>BREAK<\/strong><\/p>\n\n\n\n<p><strong>16.30-18.00 <\/strong>Cyril <strong>MICHAUD<\/strong>, <em>Le R\u00e9armement moral en Suisse (1945-1965) : implantation, r\u00e9seau et militance d&#8217;un mouvement politico-religieux anticommuniste <\/em>| Christophe <strong>KEROSLIAN<\/strong>, <em>Etude sur l\u2019\u00e9volution des strat\u00e9gies communicationnelles du P.C.F. \u00e0 la fin des ann\u00e9es 1960<\/em><\/p>\n\n\n\n<p><strong>Saturday 24th September<\/strong><\/p>\n\n\n\n<p><strong>9.00-11.00<\/strong> Case Studies and Laboratory on Collective memory and mediawith Mirco <strong>CARRATTIERI<\/strong> | Costanza <strong>CALABRETTA<\/strong>, <em>Rivoluzione pacifica e Unit\u00e0. Celebrazioni nella Germania riunificata (1990-2014)<\/em><\/p>\n\n\n\n<p><strong>11.00-11.30 BREAK<\/strong><\/p>\n\n\n\n<p>Franziska <strong>KOLS<\/strong>, <em>War crimes in the collective memory. The trials for nazi massacres in Italy after 1994 from a German-Italian perspective<\/em> | Maria Luisa <strong>MIRAGLIA<\/strong>, <em>Politiche di segregazione tra Kosovo e Sud Africa <\/em>|<\/p>\n\n\n\n<p><strong>11.30-14.30 <\/strong>Students present their contribution to a Summer School blog | Award of diplomas<\/p>\n","protected":false},"excerpt":{"rendered":"<p>&#8220;Communicating Politics. Media, Communication, Activism from the French Revolution to the present&#8221; 19th September &#8211; 24th September 2016 University of Padova, Italy The Summer School aimed at creating an international &hellip; <\/p>\n","protected":false},"author":1001537,"featured_media":0,"parent":1537,"menu_order":0,"comment_status":"closed","ping_status":"closed","template":"","meta":{"_seopress_robots_primary_cat":"","_seopress_titles_title":"","_seopress_titles_desc":"","_seopress_robots_index":"","footnotes":""},"class_list":["post-3573","page","type-page","status-publish"],"_links":{"self":[{"href":"https:\/\/wp.unil.ch\/metis\/wp-json\/wp\/v2\/pages\/3573","targetHints":{"allow":["GET"]}}],"collection":[{"href":"https:\/\/wp.unil.ch\/metis\/wp-json\/wp\/v2\/pages"}],"about":[{"href":"https:\/\/wp.unil.ch\/metis\/wp-json\/wp\/v2\/types\/page"}],"author":[{"embeddable":true,"href":"https:\/\/wp.unil.ch\/metis\/wp-json\/wp\/v2\/users\/1001537"}],"replies":[{"embeddable":true,"href":"https:\/\/wp.unil.ch\/metis\/wp-json\/wp\/v2\/comments?post=3573"}],"version-history":[{"count":0,"href":"https:\/\/wp.unil.ch\/metis\/wp-json\/wp\/v2\/pages\/3573\/revisions"}],"up":[{"embeddable":true,"href":"https:\/\/wp.unil.ch\/metis\/wp-json\/wp\/v2\/pages\/1537"}],"wp:attachment":[{"href":"https:\/\/wp.unil.ch\/metis\/wp-json\/wp\/v2\/media?parent=3573"}],"curies":[{"name":"wp","href":"https:\/\/api.w.org\/{rel}","templated":true}]}}