{"id":1537,"date":"2018-10-03T15:20:44","date_gmt":"2018-10-03T13:20:44","guid":{"rendered":"http:\/\/wp.unil.ch\/metis\/?page_id=1537"},"modified":"2021-06-23T14:25:27","modified_gmt":"2021-06-23T12:25:27","slug":"summerschools","status":"publish","type":"page","link":"https:\/\/wp.unil.ch\/metis\/summerschools\/","title":{"rendered":"Doctoral Schools"},"content":{"rendered":"<p><strong><a href=\"https:\/\/wp.unil.ch\/metis\/files\/2021\/05\/il_570xN.886702344_bvo1.jpg\"><img alt=\"\" loading=\"lazy\" decoding=\"async\" class=\"alignleft  wp-image-3923\" src=\"https:\/\/wp.unil.ch\/metis\/files\/2021\/05\/il_570xN.886702344_bvo1.jpg\" alt=\"\" width=\"285\" height=\"213\" \/><\/a>Ecole d&#8217;automne du r\u00e9seau Metis 2021 | Metis Doctoral School 2021<\/strong><\/p>\n<p><em style=\"font-size: inherit\"><strong>Spectacle et spectaculaire \u00e0 l&#8217;\u00e8re contemporaine<\/strong><\/em><\/p>\n<p><em><strong>Spectacle and the spectacular in the contemporary era<\/strong><\/em><\/p>\n<p><strong>Universit\u00e9 de Lausanne | University of Lausanne, Switzerland<\/strong><\/p>\n<p><strong>8-12 November 2021<\/strong><\/p>\n<p><a href=\"https:\/\/wp.unil.ch\/metis\/files\/2021\/06\/CFP_METIS-Doctoral-School-2021.FR_ENG.pdf\" target=\"_blank\" rel=\"noopener\"><strong>Appel \u00e0 communications | Call for papers [PDF]<\/strong><\/a><\/p>\n","protected":false},"excerpt":{"rendered":"<p>Ecole d&#8217;automne du r\u00e9seau Metis 2021 | Metis Doctoral School 2021 Spectacle et spectaculaire \u00e0 l&#8217;\u00e8re contemporaine Spectacle and the spectacular in the contemporary era Universit\u00e9 de Lausanne | University &hellip; <\/p>\n","protected":false},"author":1001537,"featured_media":0,"parent":0,"menu_order":0,"comment_status":"closed","ping_status":"closed","template":"","meta":{"_seopress_robots_primary_cat":"","_seopress_titles_title":"","_seopress_titles_desc":"","_seopress_robots_index":"","footnotes":""},"class_list":["post-1537","page","type-page","status-publish"],"_links":{"self":[{"href":"https:\/\/wp.unil.ch\/metis\/wp-json\/wp\/v2\/pages\/1537","targetHints":{"allow":["GET"]}}],"collection":[{"href":"https:\/\/wp.unil.ch\/metis\/wp-json\/wp\/v2\/pages"}],"about":[{"href":"https:\/\/wp.unil.ch\/metis\/wp-json\/wp\/v2\/types\/page"}],"author":[{"embeddable":true,"href":"https:\/\/wp.unil.ch\/metis\/wp-json\/wp\/v2\/users\/1001537"}],"replies":[{"embeddable":true,"href":"https:\/\/wp.unil.ch\/metis\/wp-json\/wp\/v2\/comments?post=1537"}],"version-history":[{"count":0,"href":"https:\/\/wp.unil.ch\/metis\/wp-json\/wp\/v2\/pages\/1537\/revisions"}],"wp:attachment":[{"href":"https:\/\/wp.unil.ch\/metis\/wp-json\/wp\/v2\/media?parent=1537"}],"curies":[{"name":"wp","href":"https:\/\/api.w.org\/{rel}","templated":true}]}}