{"id":324,"date":"2024-08-16T11:26:03","date_gmt":"2024-08-16T09:26:03","guid":{"rendered":"https:\/\/wp.unil.ch\/metabolomics\/?page_id=324"},"modified":"2025-07-14T08:29:58","modified_gmt":"2025-07-14T06:29:58","slug":"rebecca-borreggine","status":"publish","type":"page","link":"https:\/\/wp.unil.ch\/metabolomics\/team-members\/rebecca-borreggine\/","title":{"rendered":"R\u00e9becca Borreggine"},"content":{"rendered":"\n<p><strong>Research Technician<\/strong><\/p>\n\n\n<div class=\"wp-block-image\">\n<figure class=\"aligncenter size-large\"><img alt=\"img 20250505 wa0009[1]\" loading=\"lazy\" decoding=\"async\" width=\"1024\" height=\"768\" src=\"https:\/\/wp.unil.ch\/metabolomics\/files\/2025\/07\/img-20250505-wa00091-1024x768.jpg\" alt=\"\" class=\"wp-image-1163\" srcset=\"https:\/\/wp.unil.ch\/metabolomics\/files\/2025\/07\/img-20250505-wa00091-1024x768.jpg 1024w, https:\/\/wp.unil.ch\/metabolomics\/files\/2025\/07\/img-20250505-wa00091-300x225.jpg 300w, https:\/\/wp.unil.ch\/metabolomics\/files\/2025\/07\/img-20250505-wa00091-768x576.jpg 768w, https:\/\/wp.unil.ch\/metabolomics\/files\/2025\/07\/img-20250505-wa00091-1536x1153.jpg 1536w, https:\/\/wp.unil.ch\/metabolomics\/files\/2025\/07\/img-20250505-wa00091-540x405.jpg 540w, https:\/\/wp.unil.ch\/metabolomics\/files\/2025\/07\/img-20250505-wa00091-1080x811.jpg 1080w, https:\/\/wp.unil.ch\/metabolomics\/files\/2025\/07\/img-20250505-wa00091.jpg 1599w\" sizes=\"auto, (max-width: 1024px) 100vw, 1024px\" \/><\/figure>\n<\/div>\n\n\n<p class=\"has-text-align-center\">R\u00e9becca joined the Metabolomics Platform at UNIL in October 2019 as a reserch technician. She gained her expertise in gas and in liquid chromatography coupled to mass spectrometry while working as a laboratory chemist at the Institut universsitaire romand de Sant\u00e9 au Travail (IST) and at the Centre universitaire romand de m\u00e9decine l\u00e9gale (CURLM). She holds a laboratory chemist diploma (Certificat f\u00e9d\u00e9ral de capacit\u00e9 &#8211; CFC) from Ecole professionnelle intercantonale de la chimie (l&#8217;EPIC) in Monthey, Switzerland.<\/p>\n\n\n\n<p><\/p>\n","protected":false},"excerpt":{"rendered":"<p>Research Technician R\u00e9becca joined the Metabolomics Platform at UNIL in October 2019 as a reserch technician. She gained her expertise in gas and in liquid chromatography coupled to&hellip;<\/p>\n","protected":false},"author":1002824,"featured_media":0,"parent":170,"menu_order":0,"comment_status":"closed","ping_status":"closed","template":"template-full-width.php","meta":{"_seopress_robots_primary_cat":"","_seopress_titles_title":"","_seopress_titles_desc":"","_seopress_robots_index":"","footnotes":""},"class_list":["post-324","page","type-page","status-publish","has-post-thumbnail"],"_links":{"self":[{"href":"https:\/\/wp.unil.ch\/metabolomics\/wp-json\/wp\/v2\/pages\/324","targetHints":{"allow":["GET"]}}],"collection":[{"href":"https:\/\/wp.unil.ch\/metabolomics\/wp-json\/wp\/v2\/pages"}],"about":[{"href":"https:\/\/wp.unil.ch\/metabolomics\/wp-json\/wp\/v2\/types\/page"}],"author":[{"embeddable":true,"href":"https:\/\/wp.unil.ch\/metabolomics\/wp-json\/wp\/v2\/users\/1002824"}],"replies":[{"embeddable":true,"href":"https:\/\/wp.unil.ch\/metabolomics\/wp-json\/wp\/v2\/comments?post=324"}],"version-history":[{"count":4,"href":"https:\/\/wp.unil.ch\/metabolomics\/wp-json\/wp\/v2\/pages\/324\/revisions"}],"predecessor-version":[{"id":1164,"href":"https:\/\/wp.unil.ch\/metabolomics\/wp-json\/wp\/v2\/pages\/324\/revisions\/1164"}],"up":[{"embeddable":true,"href":"https:\/\/wp.unil.ch\/metabolomics\/wp-json\/wp\/v2\/pages\/170"}],"wp:attachment":[{"href":"https:\/\/wp.unil.ch\/metabolomics\/wp-json\/wp\/v2\/media?parent=324"}],"curies":[{"name":"wp","href":"https:\/\/api.w.org\/{rel}","templated":true}]}}