{"id":937,"date":"2023-01-24T21:33:50","date_gmt":"2023-01-24T20:33:50","guid":{"rendered":"https:\/\/wp.unil.ch\/medicaments-sous-controle\/?page_id=937"},"modified":"2023-05-26T12:26:39","modified_gmt":"2023-05-26T10:26:39","slug":"cantonal-data","status":"publish","type":"page","link":"https:\/\/wp.unil.ch\/medicaments-sous-controle\/projet\/cantonal-data\/","title":{"rendered":"Cantonal Data"},"content":{"rendered":"\n<p>Entre 2020 et 2022 nous avons men\u00e9 des entretiens avec les M\u00e9decins cantonaux et Pharmaciens cantonaux. Ci-dessous nous pr\u00e9sentons une s\u00e9lection de donn\u00e9es interactives.   <\/p>\n\n\n\n<h2 class=\"wp-block-heading\">Carnets \u00e0 souche<\/h2>\n\n\n\n<p>Article publi\u00e9 ici: <a rel=\"noreferrer noopener\" href=\"https:\/\/smw.ch\/index.php\/smw\/announcement\/view\/60\" target=\"_blank\">https:\/\/smw.ch\/index.php\/smw\/announcement\/view\/60<\/a> <\/p>\n\n\n\n<!-- iframe plugin v.6.0 wordpress.org\/plugins\/iframe\/ -->\n<iframe loading=\"lazy\" src=\"https:\/\/public.tableau.com\/views\/Betm-Rezeptblcke\/Blatt2?:language=fr-FR&#038;:display_count=n&#038;:origin=viz_share_link?:showVizHome=no&#038;:embed=true\" width=\"100%\" height=\"500\" scrolling=\"yes\" class=\"iframe-class\" frameborder=\"0\"><\/iframe>\n\n\n\n\n<h2 class=\"wp-block-heading\">R\u00e8glementation des traitements agonistes opio\u00efdes<\/h2>\n\n\n\n<h2 class=\"wp-block-heading\">Mesures de contr\u00f4le<\/h2>\n\n\n\n<!-- iframe plugin v.6.0 wordpress.org\/plugins\/iframe\/ -->\n<iframe loading=\"lazy\" src=\"https:\/\/public.tableau.com\/views\/PharmaJournalDaten\/Betm-Kontrolle?:language=fr-FR&#038;:display_count=n&#038;:origin=viz_share_link?:showVizHome=no&#038;:embed=true\" width=\"100%\" height=\"500\" scrolling=\"yes\" class=\"iframe-class\" frameborder=\"0\"><\/iframe>\n\n\n\n\n<h2 class=\"wp-block-heading\">Notifications de l&rsquo;usage Off-label <\/h2>\n\n\n\n<p> <\/p>\n","protected":false},"excerpt":{"rendered":"<p>Entre 2020 et 2022 nous avons men\u00e9 des entretiens avec les M\u00e9decins cantonaux et Pharmaciens cantonaux. Ci-dessous nous pr\u00e9sentons une s\u00e9lection de donn\u00e9es interactives. Carnets \u00e0 souche Article publi\u00e9 ici: https:\/\/smw.ch\/index.php\/smw\/announcement\/view\/60 R\u00e8glementation des traitements agonistes opio\u00efdes Mesures de contr\u00f4le Notifications de l&rsquo;usage Off-label<\/p>\n","protected":false},"author":1002117,"featured_media":953,"parent":266,"menu_order":0,"comment_status":"closed","ping_status":"closed","template":"templates\/template-cover.php","meta":{"_seopress_robots_primary_cat":"","_seopress_titles_title":"","_seopress_titles_desc":"","_seopress_robots_index":"","footnotes":""},"class_list":["post-937","page","type-page","status-publish","has-post-thumbnail"],"_links":{"self":[{"href":"https:\/\/wp.unil.ch\/medicaments-sous-controle\/wp-json\/wp\/v2\/pages\/937","targetHints":{"allow":["GET"]}}],"collection":[{"href":"https:\/\/wp.unil.ch\/medicaments-sous-controle\/wp-json\/wp\/v2\/pages"}],"about":[{"href":"https:\/\/wp.unil.ch\/medicaments-sous-controle\/wp-json\/wp\/v2\/types\/page"}],"author":[{"embeddable":true,"href":"https:\/\/wp.unil.ch\/medicaments-sous-controle\/wp-json\/wp\/v2\/users\/1002117"}],"replies":[{"embeddable":true,"href":"https:\/\/wp.unil.ch\/medicaments-sous-controle\/wp-json\/wp\/v2\/comments?post=937"}],"version-history":[{"count":0,"href":"https:\/\/wp.unil.ch\/medicaments-sous-controle\/wp-json\/wp\/v2\/pages\/937\/revisions"}],"up":[{"embeddable":true,"href":"https:\/\/wp.unil.ch\/medicaments-sous-controle\/wp-json\/wp\/v2\/pages\/266"}],"wp:featuredmedia":[{"embeddable":true,"href":"https:\/\/wp.unil.ch\/medicaments-sous-controle\/wp-json\/wp\/v2\/media\/953"}],"wp:attachment":[{"href":"https:\/\/wp.unil.ch\/medicaments-sous-controle\/wp-json\/wp\/v2\/media?parent=937"}],"curies":[{"name":"wp","href":"https:\/\/api.w.org\/{rel}","templated":true}]}}