{"id":6,"date":"2019-11-28T16:00:19","date_gmt":"2019-11-28T15:00:19","guid":{"rendered":"http:\/\/wp.unil.ch\/medicaments-sous-controle\/?page_id=6"},"modified":"2021-04-21T15:49:03","modified_gmt":"2021-04-21T13:49:03","slug":"home","status":"publish","type":"page","link":"https:\/\/wp.unil.ch\/medicaments-sous-controle\/","title":{"rendered":"Bienvenue"},"content":{"rendered":"\n<p class=\"has-text-align-center has-larger-font-size\">sur le site du projet de recherche<\/p>\n\n\n\n<h2 class=\"has-text-align-center wp-block-heading\"><strong>R\u00e8glementation des m\u00e9dicaments contenant des substances soumises \u00e0 contr\u00f4l<\/strong>e (stup\u00e9fiants)<\/h2>\n\n\n\n<p class=\"has-text-align-center has-larger-font-size\">financ\u00e9 par <\/p>\n\n\n\n<div class=\"wp-block-image\"><figure class=\"aligncenter\"><img decoding=\"async\" src=\"https:\/\/bynder-public-eu-central-1.s3.amazonaws.com\/media\/1718F56C-FC6D-4EC6-A4528727DF34343B\/7E2118CA-6DA6-4148-87D1A3576A2362D7\/webimage-0023E433-8898-4345-9BBBD32B58CF2AEF.png\" alt=\"SNF-Logo, farbig, transparent, f\u00fcr hellen Hintergrund (Web+Office)\" \/><\/figure><\/div>\n\n\n\n<p>Projet FNS <a href=\"https:\/\/p3.snf.ch\/project-182477\" data-type=\"URL\" data-id=\"https:\/\/p3.snf.ch\/project-182477\">no 182477<\/a><\/p>\n","protected":false},"excerpt":{"rendered":"<p>sur le site du projet de recherche R\u00e8glementation des m\u00e9dicaments contenant des substances soumises \u00e0 contr\u00f4le (stup\u00e9fiants) financ\u00e9 par Projet FNS no 182477<\/p>\n","protected":false},"author":1002117,"featured_media":307,"parent":0,"menu_order":0,"comment_status":"closed","ping_status":"closed","template":"templates\/template-cover.php","meta":{"_seopress_robots_primary_cat":"","_seopress_titles_title":"","_seopress_titles_desc":"","_seopress_robots_index":"","footnotes":""},"class_list":["post-6","page","type-page","status-publish","has-post-thumbnail"],"_links":{"self":[{"href":"https:\/\/wp.unil.ch\/medicaments-sous-controle\/wp-json\/wp\/v2\/pages\/6","targetHints":{"allow":["GET"]}}],"collection":[{"href":"https:\/\/wp.unil.ch\/medicaments-sous-controle\/wp-json\/wp\/v2\/pages"}],"about":[{"href":"https:\/\/wp.unil.ch\/medicaments-sous-controle\/wp-json\/wp\/v2\/types\/page"}],"author":[{"embeddable":true,"href":"https:\/\/wp.unil.ch\/medicaments-sous-controle\/wp-json\/wp\/v2\/users\/1002117"}],"replies":[{"embeddable":true,"href":"https:\/\/wp.unil.ch\/medicaments-sous-controle\/wp-json\/wp\/v2\/comments?post=6"}],"version-history":[{"count":0,"href":"https:\/\/wp.unil.ch\/medicaments-sous-controle\/wp-json\/wp\/v2\/pages\/6\/revisions"}],"wp:featuredmedia":[{"embeddable":true,"href":"https:\/\/wp.unil.ch\/medicaments-sous-controle\/wp-json\/wp\/v2\/media\/307"}],"wp:attachment":[{"href":"https:\/\/wp.unil.ch\/medicaments-sous-controle\/wp-json\/wp\/v2\/media?parent=6"}],"curies":[{"name":"wp","href":"https:\/\/api.w.org\/{rel}","templated":true}]}}