{"id":330,"date":"2020-08-07T15:42:59","date_gmt":"2020-08-07T13:42:59","guid":{"rendered":"http:\/\/wp.unil.ch\/medicaments-sous-controle\/?page_id=330"},"modified":"2023-01-24T21:46:44","modified_gmt":"2023-01-24T20:46:44","slug":"documents","status":"publish","type":"page","link":"https:\/\/wp.unil.ch\/medicaments-sous-controle\/projet\/documents\/","title":{"rendered":"Glossaire et questionnaires"},"content":{"rendered":"\n<h2 class=\"wp-block-heading\">Glossaire<\/h2>\n\n\n\n<div data-wp-interactive=\"core\/file\" class=\"wp-block-file\"><object data-wp-bind--hidden=\"!state.hasPdfPreview\" hidden class=\"wp-block-file__embed\" data=\"https:\/\/wp.unil.ch\/medicaments-sous-controle\/files\/2022\/02\/glossaire_FR.pdf\" type=\"application\/pdf\" style=\"width:100%;height:600px\" aria-label=\"Contenu embarqu\u00e9 glossaire_FR.\"><\/object><a id=\"wp-block-file--media-c749e42d-b0e0-44fd-9815-447c9e7d5428\" href=\"https:\/\/wp.unil.ch\/medicaments-sous-controle\/files\/2022\/02\/glossaire_FR.pdf\">glossaire_FR<\/a><a href=\"https:\/\/wp.unil.ch\/medicaments-sous-controle\/files\/2022\/02\/glossaire_FR.pdf\" class=\"wp-block-file__button wp-element-button\" download aria-describedby=\"wp-block-file--media-c749e42d-b0e0-44fd-9815-447c9e7d5428\">T\u00e9l\u00e9charger<\/a><\/div>\n\n\n\n<h2 class=\"wp-block-heading\">Questionnaires<\/h2>\n\n\n\n<p>Un des aspects du projet de recherche consiste en l&rsquo;analyse des l\u00e9gislations cantonales en mati\u00e8re de contr\u00f4le des substances soumises \u00e0 contr\u00f4le.  Dans ce cadre nous menons des entretiens semi-dirig\u00e9s avec les M\u00e9decins et Pharmaciens cantonaux.<\/p>\n\n\n\n<p>Nous pr\u00e9voyons \u00e9galement de mener une enqu\u00eate aupr\u00e8s de m\u00e9decins et pharmaciens \u00e0 l&rsquo;aide du questionnaire suivant.<\/p>\n\n\n\n<ul class=\"wp-block-list\">\n<li><a href=\"https:\/\/fr.surveymonkey.com\/r\/2SDR57F\">Questionnaire &#8211; Vignettes<\/a><\/li>\n<\/ul>\n\n\n\n<h2 class=\"wp-block-heading\"><\/h2>\n\n\n\n<p><\/p>\n","protected":false},"excerpt":{"rendered":"<p>Glossaire Questionnaires Un des aspects du projet de recherche consiste en l&rsquo;analyse des l\u00e9gislations cantonales en mati\u00e8re de contr\u00f4le des substances soumises \u00e0 contr\u00f4le. Dans ce cadre nous menons des entretiens semi-dirig\u00e9s avec les M\u00e9decins et Pharmaciens cantonaux. Nous pr\u00e9voyons \u00e9galement de mener une enqu\u00eate aupr\u00e8s de m\u00e9decins et pharmaciens \u00e0 l&rsquo;aide du questionnaire suivant.<\/p>\n","protected":false},"author":1002117,"featured_media":334,"parent":266,"menu_order":1,"comment_status":"closed","ping_status":"closed","template":"templates\/template-cover.php","meta":{"_seopress_robots_primary_cat":"","_seopress_titles_title":"","_seopress_titles_desc":"","_seopress_robots_index":"","footnotes":""},"class_list":["post-330","page","type-page","status-publish","has-post-thumbnail"],"_links":{"self":[{"href":"https:\/\/wp.unil.ch\/medicaments-sous-controle\/wp-json\/wp\/v2\/pages\/330","targetHints":{"allow":["GET"]}}],"collection":[{"href":"https:\/\/wp.unil.ch\/medicaments-sous-controle\/wp-json\/wp\/v2\/pages"}],"about":[{"href":"https:\/\/wp.unil.ch\/medicaments-sous-controle\/wp-json\/wp\/v2\/types\/page"}],"author":[{"embeddable":true,"href":"https:\/\/wp.unil.ch\/medicaments-sous-controle\/wp-json\/wp\/v2\/users\/1002117"}],"replies":[{"embeddable":true,"href":"https:\/\/wp.unil.ch\/medicaments-sous-controle\/wp-json\/wp\/v2\/comments?post=330"}],"version-history":[{"count":0,"href":"https:\/\/wp.unil.ch\/medicaments-sous-controle\/wp-json\/wp\/v2\/pages\/330\/revisions"}],"up":[{"embeddable":true,"href":"https:\/\/wp.unil.ch\/medicaments-sous-controle\/wp-json\/wp\/v2\/pages\/266"}],"wp:featuredmedia":[{"embeddable":true,"href":"https:\/\/wp.unil.ch\/medicaments-sous-controle\/wp-json\/wp\/v2\/media\/334"}],"wp:attachment":[{"href":"https:\/\/wp.unil.ch\/medicaments-sous-controle\/wp-json\/wp\/v2\/media?parent=330"}],"curies":[{"name":"wp","href":"https:\/\/api.w.org\/{rel}","templated":true}]}}