{"id":253,"date":"2020-07-14T22:48:21","date_gmt":"2020-07-14T20:48:21","guid":{"rendered":"http:\/\/wp.unil.ch\/medicaments-sous-controle\/?page_id=253"},"modified":"2025-05-01T15:49:49","modified_gmt":"2025-05-01T13:49:49","slug":"publications","status":"publish","type":"page","link":"https:\/\/wp.unil.ch\/medicaments-sous-controle\/projet\/publications\/","title":{"rendered":"Publications"},"content":{"rendered":"\n<h2 class=\"wp-block-heading\">Articles publi\u00e9s<\/h2>\n\n\n\n<p>SNSF Research Group \u201cMedicines under control\u201d, C<a href=\"https:\/\/smw.ch\/index.php\/smw\/article\/view\/4094\/6214\">ould the North American opioid crisis hit Switzerand<\/a>, Swiss Medical Weekly, 2025\/155, p. 4094<\/p>\n\n\n\n<p>JUNOD Val\u00e9rie\/BAUD Carole-Anne\/SIMON Olivier, Quand un soignant peut-il ou doit-il signaler ? Papillonnons ensemble \u00e0 travers le CC, la LStup et le CP, in Rashid Bahar\/Yvan Jeanneret (\u00e9d.), <a href=\"https:\/\/www.schulthess.com\/buchshop\/detail\/ISBN-9783725589968\/Bahar-Rashid-Hrsg.-Jeanneret-Yvan-Hrsg.\/Leffet-papillon?srsltid=AfmBOoqIwuy7qSqfeG_eImaWxMzAuVbuqf-HGku2LP_NVWyyYY5kKTy7\">L&rsquo;effet papillon &#8211; M\u00e9langes en l&rsquo;honneur de Nicolas Jeandin<\/a>, Gen\u00e8ve\/Zurich 2025<\/p>\n\n\n\n<p>BAUD Carole-Anne\/JUNOD Val\u00e9rie\/ROUGEMONT-BUCKING Ansgar\/DUFFOUR Catherine, <a href=\"https:\/\/lsr.recht.ch\/de\/artikel\/01lsr0125auf\/un-medecin-peut-il-sauto-prescrire\">Un m\u00e9decin peut-il s&rsquo;autoprescrire<\/a>, Life Science Recht 1\/2025<br><\/p>\n\n\n\n<p>JUNOD Val\u00e9rie\/BEURIOT St\u00e9phanie\/BAUD Carole-Anne\/S CHMITT-KOOPMANN Caroline\/ANDRADE Sara\/SIMON Olivier, Contrats th\u00e9rapeutiques &#8211; Une pratique probl\u00e9matique, in Thomas G\u00e4chter\/Gunhild Godenzi\/Julian Mausbach\/Margot Michel\/Sina Staudinger-F\u00fcrer (\u00e9d.), Entwicklungen im Medizinrecht \u2013 Vom klassischen Arztrecht<br>zu One Health- Festschrift f\u00fcr Brigitte Tag, Berne 2024, p. 243-266<\/p>\n\n\n\n<div data-wp-interactive=\"core\/file\" class=\"wp-block-file\"><object data-wp-bind--hidden=\"!state.hasPdfPreview\" hidden class=\"wp-block-file__embed\" data=\"https:\/\/wp.unil.ch\/medicaments-sous-controle\/files\/2024\/11\/Junod-et-al_aus_FS_Tag_Brigitte-1.pdf\" type=\"application\/pdf\" style=\"width:100%;height:600px\" aria-label=\"Contenu embarqu\u00e9 Junod et al_aus_FS_Tag_Brigitte-1.\"><\/object><a id=\"wp-block-file--media-8219614e-4bd5-4531-bcaa-3c3c73d1682b\" href=\"https:\/\/wp.unil.ch\/medicaments-sous-controle\/files\/2024\/11\/Junod-et-al_aus_FS_Tag_Brigitte-1.pdf\">Junod et al_aus_FS_Tag_Brigitte-1<\/a><a href=\"https:\/\/wp.unil.ch\/medicaments-sous-controle\/files\/2024\/11\/Junod-et-al_aus_FS_Tag_Brigitte-1.pdf\" class=\"wp-block-file__button wp-element-button\" download aria-describedby=\"wp-block-file--media-8219614e-4bd5-4531-bcaa-3c3c73d1682b\">T\u00e9l\u00e9charger<\/a><\/div>\n\n\n\n<p>WEHRLI Elodie\/JUNOD Val\u00e9rie\/BAUD Carole-Anne, <a href=\"https:\/\/jusletter.weblaw.ch\/fr\/juslissues\/2024\/1203\/le-drug-checking-en-_8c56fa1d7b.html\">Le Drug checking en Suisse : L\u2019autorisation administrative &amp; l\u2019illic\u00e9it\u00e9 p\u00e9nale<\/a>, Jusletter 1. Juli 2024 <\/p>\n\n\n\n<p>WEHRLI Elodie\/BAUD Carole-Anne\/JUNOD Val\u00e9rie, L<a href=\"https:\/\/jusletter.weblaw.ch\/fr\/juslissues\/2024\/1203\/le-drug-checking-en-_285e9b8c99.html\">e Drug checking en Suisse : Aper\u00e7u des pratiques cantonales,<\/a> Jusletter 1. Juli 2024<\/p>\n\n\n\n<p>BEURIOT St\u00e9phanie\/JUNOD Val\u00e9rie\/BAUD Carole-Anne, <a href=\"https:\/\/jusletter.weblaw.ch\/fr\/juslissues\/2024\/1198\/suicide-assiste---le_1128bec964.html__ONCE&amp;login=false\">Suicide assist\u00e9 : Le Code p\u00e9nal suffit-il <\/a>?, Jusletter 27 mai 2024 <\/p>\n\n\n\n<p>SCHMITT-KOOPMANN Caroline, BAUD Carole-Anne, BEURIOT St\u00e9phanie, JUNOD Val\u00e9rie, BROERS Barbara, SIMON Olivier, C<a href=\"https:\/\/smw.ch\/index.php\/smw\/article\/view\/3629\">antonal opioid agonist treatment authorisation systems \u2013 a mixed-method qualitative investigation, <\/a>Swiss Medical Weekly, 154(6), 3629 <\/p>\n\n\n\n<p>BAUD Carole-Anne\/JUNOD Val\u00e9rie\/BROERS Barbara\/ARMENGAUD Jean-Baptiste\/KAYSER Bengt, Mesures anti-dopage: inadapt\u00e9es pour les sportifs mineurs?, Causa Sport 3\/2023, p. 9-39<\/p>\n\n\n\n<div data-wp-interactive=\"core\/file\" class=\"wp-block-file\"><object data-wp-bind--hidden=\"!state.hasPdfPreview\" hidden class=\"wp-block-file__embed\" data=\"https:\/\/wp.unil.ch\/medicaments-sous-controle\/files\/2024\/11\/Causa-Sport-3_2023-BAUD-et-al.pdf\" type=\"application\/pdf\" style=\"width:100%;height:600px\" aria-label=\"Contenu embarqu\u00e9 Causa Sport 3_2023 BAUD et al.\"><\/object><a id=\"wp-block-file--media-41860781-df02-44fb-9f11-45604bdd2b4d\" href=\"https:\/\/wp.unil.ch\/medicaments-sous-controle\/files\/2024\/11\/Causa-Sport-3_2023-BAUD-et-al.pdf\">Causa Sport 3_2023 BAUD et al<\/a><a href=\"https:\/\/wp.unil.ch\/medicaments-sous-controle\/files\/2024\/11\/Causa-Sport-3_2023-BAUD-et-al.pdf\" class=\"wp-block-file__button wp-element-button\" download aria-describedby=\"wp-block-file--media-41860781-df02-44fb-9f11-45604bdd2b4d\">T\u00e9l\u00e9charger<\/a><\/div>\n\n\n\n<p>SCHMITT-KOOPMANN Caroline\/BAUD Carole-Anne\/JUNOD Val\u00e9rie\/SIMON Olivier, Loi sur les stup\u00e9fiants &#8211; grande diversit\u00e9 cantonale dans la mise en oeuvre, PharmaJournal 5\/2023<\/p>\n\n\n\n<div data-wp-interactive=\"core\/file\" class=\"wp-block-file\"><object data-wp-bind--hidden=\"!state.hasPdfPreview\" hidden class=\"wp-block-file__embed\" data=\"https:\/\/wp.unil.ch\/medicaments-sous-controle\/files\/2023\/06\/pJ_5-2023_f_LStup_Diversite-cantonale.pdf\" type=\"application\/pdf\" style=\"width:100%;height:600px\" aria-label=\"Contenu embarqu\u00e9 pJ_5-2023_f_LStup_Diversite-cantonale.\"><\/object><a id=\"wp-block-file--media-14b9f141-1abc-49cb-85a1-1c8553004adc\" href=\"https:\/\/wp.unil.ch\/medicaments-sous-controle\/files\/2023\/06\/pJ_5-2023_f_LStup_Diversite-cantonale.pdf\">pJ_5-2023_f_LStup_Diversite-cantonale<\/a><a href=\"https:\/\/wp.unil.ch\/medicaments-sous-controle\/files\/2023\/06\/pJ_5-2023_f_LStup_Diversite-cantonale.pdf\" class=\"wp-block-file__button wp-element-button\" download aria-describedby=\"wp-block-file--media-14b9f141-1abc-49cb-85a1-1c8553004adc\">T\u00e9l\u00e9charger<\/a><\/div>\n\n\n\n<p>ARMENGAUD Jean-Baptiste\/BAUD Carole-Anne\/BROERS Barbara\/Guillod Line\/HASSELGARD-ROWE Jennifer\/JUNOD Val\u00e9rie\/PERRIN David\/SIMON Olivier, Drogues : mineur-e-s et r\u00e9duction des risques ?, Revue M\u00e9dicale Suisse 2023, 9, no. 830, 1127\u20131131. <a href=\"https:\/\/doi.org\/10.53738\/REVMED.2023.19.830.1127\">https:\/\/doi.org\/10.53738\/REVMED.2023.19.830.1127<\/a><\/p>\n\n\n\n<p>BAUD Carole-Anne\/BROERS Barbara\/JUNOD Val\u00e9rie\/MICHAUD Laurent\/PAUTEX Sophie\/SIMON Olivier, Suicide assist\u00e9 : un besoin de clarification, Revue M\u00e9dicale Suisse 2023, 9, no. 830, 1141\u20131145. <a href=\"https:\/\/doi.org\/10.53738\/REVMED.2023.19.830.1141\">https:\/\/doi.org\/10.53738\/REVMED.2023.19.830.1141<\/a><\/p>\n\n\n\n<p>JUNOD Val\u00e9rie, Assistance au suicide et prescription de pentobarbital : 2e round, Revue M\u00e9dicale Suisse 2023, 9, no. 830, 1146\u20131147. <a href=\"https:\/\/doi.org\/10.53738\/REVMED.2023.19.830.1146\">https:\/\/doi.org\/10.53738\/REVMED.2023.19.830.1146<\/a><\/p>\n\n\n\n<p>BAUD Carole-Anne\/JUNOD Val\u00e9rie\/BEURIOT St\u00e9phanie\/SCHMITT-KOOPMANN Caroline\/ANDRADE Sara\/SIMON Olivier, Contrats th\u00e9rapeutiques et traitements agonistes opio\u00efdes : juridiquement et \u00e9thiquement discutables, Revue Medicale Suisse 2023, 9, no. 830, 1132\u20131135. <a href=\"https:\/\/doi.org\/10.53738\/REVMED.2023.19.830.1132\">https:\/\/doi.org\/10.53738\/REVMED.2023.19.830.1132<\/a><\/p>\n\n\n\n<p>ARN Aline\/SCHMITT-KOOPMANN Caroline\/ANEX Adrien\/SIMON Olivier, Benzodiaz\u00e9pines et \u00e2ge avanc\u00e9 : d\u00e9fis de la prescription et de la d\u00e9prescription, Revue M\u00e9dicale Suisse 2023, 9, no. 830, 1136\u20131140. <a href=\"https:\/\/doi.org\/10.53738\/REVMED.2023.19.830.1136\">https:\/\/doi.org\/10.53738\/REVMED.2023.19.830.1136<\/a><\/p>\n\n\n\n<p>JUNOD Val\u00e9rie\/BAUD Carole-Anne Baud\/SCHMITT-KOOPMANN Caroline\/DEVAUD Jean-Christophe\/BONNARD Margaux\/PAUTEX Sophie\/BROERS Barbara\/SIMON Olivier, <a rel=\"noreferrer noopener\" href=\"https:\/\/smw.ch\/index.php\/smw\/announcement\/view\/60\" target=\"_blank\">Why are we still using counterfoil prescription pads?<\/a>, Swiss Medical Weekly 11.03.2023<\/p>\n\n\n\n<p>BAUD Carole-Anne\/JUNOD Val\u00e9rie\/SCHMITT-KOOPMANN Caroline\/SIMON Olivier, <a rel=\"noreferrer noopener\" href=\"https:\/\/jusletter.weblaw.ch\/fr\/juslissues\/2023\/1140\/role-des-cantons-en-_6d593f126e.html#toc\" target=\"_blank\">R\u00f4le des cantons en mati\u00e8re de traitements de la d\u00e9pendance,<\/a> Jusletter 30 janvier 2023<\/p>\n\n\n\n<p>JUNOD Val\u00e9rie\/BAUD Carole-Anne\/BROERS Barbara\/SCHMITT-KOOPMANN Caroline\/BAMERT Laura\/SIMON Olivier, <a href=\"https:\/\/www.revmed.ch\/revue-medicale-suisse\/2022\/revue-medicale-suisse-787\/conduite-sous-l-emprise-de\">Conduite sous l\u2019emprise de\u2026<em> <\/em><\/a>,Revue M\u00e9dicale Suisse, 787, 22 juin 2022, p. 1244-1247.<\/p>\n\n\n\n<p>BAUD Carole-Anne\/JUNOD Val\u00e9rie\/BROERS Barbara\/SCHMITT-KOOPMANN Caroline\/SIMON Olivier, <a href=\"https:\/\/lsr.recht.ch\/fr\/artikel\/01lsr0222auf\/deux-arrets-du-tribunal-federal-sur-la-prescription-label-de-stupefiants-et\" target=\"_blank\" rel=\"noreferrer noopener\">Deux arr\u00eats du Tribunal f\u00e9d\u00e9ral sur la prescription \u00ab off-label \u00bb de stup\u00e9fiants et psychotropes,<\/a> Life Science Recht 2022\/2, p. 69<\/p>\n\n\n\n<p>SCHMITT-KOOPMANN Caroline\/BAUD Carole-Anne\/JUNOD Val\u00e9rie\/SIMON Olivier, <a href=\"https:\/\/www.frontiersin.org\/article\/10.3389\/fpsyt.2022.882299\" data-type=\"URL\" data-id=\"https:\/\/www.frontiersin.org\/article\/10.3389\/fpsyt.2022.882299\" target=\"_blank\" rel=\"noreferrer noopener\">Switzerland\u2019s Dependence on a Diamorphine Monopoly<\/a>, Frontiers in Psychiatry 2022, 13, 882299 https:\/\/doi.org\/10.3389\/fpsyt.2022.882299<\/p>\n\n\n\n<p>JUNOD Val\u00e9rie\/BAUD Carole-Anne\/SIMON Olivier\/ARMENGAUD Jean-Baptiste, <a rel=\"noreferrer noopener\" href=\"https:\/\/www.paediatrieschweiz.ch\/fr\/mon-enfant-fume-t-il-du-cannabis\/\" target=\"_blank\">Mon enfant fume-t-il du cannabis\u00a0? Du m\u00e9susage des tests urinaires,<\/a> Paediatrica 10.03.2022<\/p>\n\n\n\n<p>JUNOD Val\u00e9rie\/BAUD Carole-Anne\/BROERS Barbara\/SCHMITT-KOOPMANN Caroline\/SIMON Olivier, <a href=\"https:\/\/bullmed.ch\/article\/doi\/bms.2022.20422\" target=\"_blank\" rel=\"noreferrer noopener\">Traitement de la d\u00e9pendance aux opio\u00efdes: tests urinaires l\u00e9gitimes? Prise de position destin\u00e9e aux professionnels de la sant\u00e9,<\/a>  Bulletin des m\u00e9decins suisses 2022, 103(10), p. 324-327.<\/p>\n\n\n\n<p>SCHMITT-KOOPMANN Caroline\/BAUD Carole-Anne\/JUNOD Val\u00e9rie\/SIMON Olivier,<a href=\"https:\/\/www.mdpi.com\/1660-4601\/18\/24\/13164\"> Switzerland\u2019s Narcotics Regulation Jungle: Off-Label Use, Counterfoil Prescriptions, and Opioid Agonist Therapy in the French-Speaking Cantons, <\/a>International Journal of Environmental Research and Public Health 2021, 18, 13164. https:\/\/doi.org\/10.3390\/ijerph182413164 <\/p>\n\n\n\n<p>JUNOD Val\u00e9rie\/BAUD Carole-Anne\/BROERS Barbara\/SCHMITT-KOOPMANN Caroline\/SIMON Olivier, <a href=\"https:\/\/sui-generis.ch\/article\/view\/sg.197\">Tests urinaires dans le traitement m\u00e9dical de la d\u00e9pendance aux opio\u00efdes : Fin d\u2019une pratique anachronique ?<\/a>, sui generis 2021<\/p>\n\n\n\n<p>JUNOD Val\u00e9rie\/BAUD Carole-Anne\/BROERS Barbara\/PAUTEX Sophie\/SCHMITT-KOOPMANN Caroline\/ DEVAUD Jean-Christophe\/SIMON Olivier, <a href=\"https:\/\/lsr.recht.ch\/fr\/artikel\/04lsr0421auf\/ruptures-dapprovisionnement-de-medicaments-sous-controle\" target=\"_blank\" rel=\"noreferrer noopener\">Ruptures d\u2019Approvisionnement de M\u00e9dicaments sous Contr\u00f4le &#8211; Peut mieux faire?<\/a>, Life Science Recht 4\/2021, p. 225\u2013243<\/p>\n\n\n\n<p>JUNOD Val\u00e9rie\/BAUD Carole-Anne\/SIMON Olivier\/BROERS Barbara\/VANDENBERGHE Frederik\/SIMON Olivier, <a href=\"https:\/\/www.revmed.ch\/revue-medicale-suisse\/2021\/revue-medicale-suisse-742\/benzodiazepines-addiction-et-autorisation-cantonale-cadre-juridique-et-implications-cliniques\" target=\"_blank\" rel=\"noreferrer noopener\">Benzodiaz\u00e9pines, addiction et autorisation cantonale : cadre juridique et implications cliniques<\/a>, Revue M\u00e9dicale Suisse 742, 9 juin 2021<\/p>\n\n\n\n<p>JUNOD Val\u00e9rie\/SIMON Olivier\/BROERS Barbara\/SCHOLTEN Willem\/BAUD Carole-Anne, <a href=\"https:\/\/jusletter.weblaw.ch\/fr\/juslissues\/2021\/1053\/stupefiants--definit_892a431db8.html\" data-type=\"URL\" data-id=\"https:\/\/jusletter.weblaw.ch\/fr\/juslissues\/2021\/1053\/stupefiants--definit_892a431db8.html\" target=\"_blank\" rel=\"noreferrer noopener\">Stup\u00e9fiants : D\u00e9finition et Classification<\/a>&#8211; Le Labyrinthe de la LStup a-t-il une issue?, Jusletter 1er f\u00e9vrier 2021<\/p>\n\n\n\n<div class=\"wp-block-file\"><a id=\"wp-block-file--media-f7261293-1b9e-416c-a38d-48e3e5ef1345\" href=\"https:\/\/wp.unil.ch\/medicaments-sous-controle\/files\/2021\/03\/Jusletter_stupefiants-definit_892a431db8_de.pdf\">Stup\u00e9fiants: D\u00e9finition et Classification<\/a><a href=\"https:\/\/wp.unil.ch\/medicaments-sous-controle\/files\/2021\/03\/Jusletter_stupefiants-definit_892a431db8_de.pdf\" class=\"wp-block-file__button wp-element-button\" download aria-describedby=\"wp-block-file--media-f7261293-1b9e-416c-a38d-48e3e5ef1345\">T\u00e9l\u00e9charger<\/a><\/div>\n\n\n\n<p>JUNOD Val\u00e9rie\/SIMON Olivier, <a href=\"https:\/\/archive-ouverte.unige.ch\/unige:131253\">Abdyusheva and Others v. Russia: a Sadly Missed Opportunity<\/a>,<em> <\/em>Strasbourg Observers 8 janvier\/2020.<\/p>\n\n\n\n<p>JUNOD Val\u00e9rie, <a href=\"https:\/\/archive-ouverte.unige.ch\/unige:131251\">Cannabis utilis\u00e9 \u00e0 des fins non-m\u00e9dicales: Feu vert pour des essais pilotes cibl\u00e9s?<\/a>, <em> <\/em>sui generis 2018.<\/p>\n\n\n\n<p>JUNOD Val\u00e9rie\/WOLFF Hans\/SCHOLTEN Willem\/NOVET Baptiste\/GREIFINGER Robert\/DICKSON Cheryl\/SIMON Olivier, <a href=\"https:\/\/archive-ouverte.unige.ch\/unige:134031\">Methadone versus torture: The perspective of the European Court of Human Rights<\/a>, <em> <\/em>Heroin Addiction and Related Clinical Problems 1\/2018, p. 31-36.<\/p>\n\n\n\n<p>SIMON Olivier\/STAMM Ren\u00e9\/H\u00c4MMIG Robert\/SCHOLTEN Willem\/AEBERHARD Rodolphe\/DICKSON Cheryl\/JUNOD Val\u00e9rie, <a href=\"https:\/\/archive-ouverte.unige.ch\/unige:131250\">Moderniser les conditions-cadres des traitements m\u00e9dicamenteux du syndrome de d\u00e9pendance aux opio\u00efdes<\/a>,<em> <\/em>Revue m\u00e9dicale suisse 610\/2018, p. 1169-1175.<\/p>\n\n\n\n<h2 class=\"wp-block-heading\"><\/h2>\n\n\n\n<p><\/p>\n\n\n\n<p><\/p>\n","protected":false},"excerpt":{"rendered":"<p>Articles publi\u00e9s SNSF Research Group \u201cMedicines under control\u201d, Could the North American opioid crisis hit Switzerand, Swiss Medical Weekly, 2025\/155, p. 4094 JUNOD Val\u00e9rie\/BAUD Carole-Anne\/SIMON Olivier, Quand un soignant peut-il ou doit-il signaler ? Papillonnons ensemble \u00e0 travers le CC, la LStup et le CP, in Rashid Bahar\/Yvan Jeanneret (\u00e9d.), L&rsquo;effet papillon &#8211; M\u00e9langes en [&hellip;]<\/p>\n","protected":false},"author":1002117,"featured_media":190,"parent":266,"menu_order":0,"comment_status":"closed","ping_status":"closed","template":"templates\/template-cover.php","meta":{"_seopress_robots_primary_cat":"","_seopress_titles_title":"","_seopress_titles_desc":"","_seopress_robots_index":"","footnotes":""},"class_list":["post-253","page","type-page","status-publish","has-post-thumbnail"],"_links":{"self":[{"href":"https:\/\/wp.unil.ch\/medicaments-sous-controle\/wp-json\/wp\/v2\/pages\/253","targetHints":{"allow":["GET"]}}],"collection":[{"href":"https:\/\/wp.unil.ch\/medicaments-sous-controle\/wp-json\/wp\/v2\/pages"}],"about":[{"href":"https:\/\/wp.unil.ch\/medicaments-sous-controle\/wp-json\/wp\/v2\/types\/page"}],"author":[{"embeddable":true,"href":"https:\/\/wp.unil.ch\/medicaments-sous-controle\/wp-json\/wp\/v2\/users\/1002117"}],"replies":[{"embeddable":true,"href":"https:\/\/wp.unil.ch\/medicaments-sous-controle\/wp-json\/wp\/v2\/comments?post=253"}],"version-history":[{"count":5,"href":"https:\/\/wp.unil.ch\/medicaments-sous-controle\/wp-json\/wp\/v2\/pages\/253\/revisions"}],"predecessor-version":[{"id":1250,"href":"https:\/\/wp.unil.ch\/medicaments-sous-controle\/wp-json\/wp\/v2\/pages\/253\/revisions\/1250"}],"up":[{"embeddable":true,"href":"https:\/\/wp.unil.ch\/medicaments-sous-controle\/wp-json\/wp\/v2\/pages\/266"}],"wp:featuredmedia":[{"embeddable":true,"href":"https:\/\/wp.unil.ch\/medicaments-sous-controle\/wp-json\/wp\/v2\/media\/190"}],"wp:attachment":[{"href":"https:\/\/wp.unil.ch\/medicaments-sous-controle\/wp-json\/wp\/v2\/media?parent=253"}],"curies":[{"name":"wp","href":"https:\/\/api.w.org\/{rel}","templated":true}]}}